{"id":9724,"date":"2025-02-03T13:39:40","date_gmt":"2025-02-03T12:39:40","guid":{"rendered":"https:\/\/agora.xtec.cat\/escolaestelguinardo\/?page_id=9724"},"modified":"2025-10-20T13:09:47","modified_gmt":"2025-10-20T11:09:47","slug":"reptes-i-espais","status":"publish","type":"page","link":"https:\/\/agora.xtec.cat\/escolaestelguinardo\/trets-didentitat\/reptes-i-espais\/","title":{"rendered":"Reptes i espais"},"content":{"rendered":"<p><span style=\"font-weight: 400;\">L&#8217;objectiu principal de l&#8217;aprenentatge basat en reptes \u00e9s aconseguir una educaci\u00f3 m\u00e9s activa i pr\u00e0ctica perqu\u00e8 l&#8217;alumnat augmenti el seu potencial i desenvolupi les seves capacitats, en concret, potenciar la creativitat, la col\u00b7laboraci\u00f3, la comunicaci\u00f3, la resoluci\u00f3 de problemes i el pensament cr\u00edtic.<\/span><\/p>\n<p><span style=\"font-weight: 400;\">A la nostra escola ens hem centrat en treballar el coneixement del medi amb aquesta metodologia. Cada cicle ha dissenyats una s\u00e8rie de\u00a0 6 propostes interdisciplin\u00e0ries per treballar els continguts d\u2019aquesta \u00e0rea.\u00a0<\/span><\/p>\n<p><span style=\"font-weight: 400;\">Els temes treballats a reptes s\u00f3n els seg\u00fcents:<\/span><\/p>\n<table style=\"width: 100%; height: 253px;\">\n<tbody>\n<tr style=\"height: 23px;\">\n<td style=\"height: 23px; text-align: center;\"><b>1R CICLE (1R I 2N)<\/b><\/td>\n<td style=\"height: 23px; text-align: center;\"><b>2N CICLE (3R I 4T)<\/b><\/td>\n<td style=\"height: 23px; text-align: center;\"><b>3R CICLE (5\u00c8 I 6\u00c8)\u00a0<\/b><\/td>\n<\/tr>\n<tr style=\"height: 230px;\">\n<td style=\"height: 230px;\">\n<ol>\n<li style=\"font-weight: 400;\" aria-level=\"1\"><span style=\"font-weight: 400;\">Calendari<\/span><\/li>\n<li style=\"font-weight: 400;\" aria-level=\"1\"><span style=\"font-weight: 400;\">ODS<\/span><\/li>\n<li style=\"font-weight: 400;\" aria-level=\"1\"><span style=\"font-weight: 400;\">El pas del temps<\/span><\/li>\n<li style=\"font-weight: 400;\" aria-level=\"1\"><span style=\"font-weight: 400;\">Els \u00e9ssers vius<\/span><\/li>\n<li aria-level=\"1\">Alimentaci\u00f3 saludable<\/li>\n<li aria-level=\"1\">M\u00e0quines simples<\/li>\n<\/ol>\n<\/td>\n<td style=\"height: 230px;\">\n<ol>\n<li style=\"font-weight: 400;\" aria-level=\"1\"><span style=\"font-weight: 400;\">Animals vertebrats<\/span><\/li>\n<li style=\"font-weight: 400;\" aria-level=\"1\"><span style=\"font-weight: 400;\">El cicle de l\u2019aigua<\/span><\/li>\n<li style=\"font-weight: 400;\" aria-level=\"1\"><span style=\"font-weight: 400;\">Les plantes.<\/span><\/li>\n<li style=\"font-weight: 400;\" aria-level=\"1\"><span style=\"font-weight: 400;\">Barcelona.<\/span><\/li>\n<li style=\"font-weight: 400;\" aria-level=\"1\"><span style=\"font-weight: 400;\">L\u2019aparell locomotor.\u00a0<\/span><\/li>\n<li style=\"font-weight: 400;\" aria-level=\"1\"><span style=\"font-weight: 400;\">L\u2019Univers<\/span><\/li>\n<\/ol>\n<\/td>\n<td style=\"height: 230px;\">\n<ol>\n<li style=\"font-weight: 400;\" aria-level=\"1\"><span style=\"font-weight: 400;\">El cos hum\u00e0\u00a0<\/span><\/li>\n<li style=\"font-weight: 400;\" aria-level=\"1\"><span style=\"font-weight: 400;\">Animals invertebrats<\/span><\/li>\n<li style=\"font-weight: 400;\" aria-level=\"1\"><span style=\"font-weight: 400;\">Agents geol\u00f2gics<\/span><\/li>\n<li style=\"font-weight: 400;\" aria-level=\"1\"><span style=\"font-weight: 400;\">Fonts d\u2019energia<\/span><\/li>\n<li style=\"font-weight: 400;\" aria-level=\"1\"><span style=\"font-weight: 400;\">La mat\u00e8ria<\/span><\/li>\n<li style=\"font-weight: 400;\" aria-level=\"1\"><span style=\"font-weight: 400;\">Hist\u00f2ria<\/span><\/li>\n<\/ol>\n<\/td>\n<\/tr>\n<\/tbody>\n<\/table>\n","protected":false},"excerpt":{"rendered":"<p>L&#8217;objectiu principal de l&#8217;aprenentatge basat en reptes \u00e9s aconseguir una educaci\u00f3 m\u00e9s activa i pr\u00e0ctica perqu\u00e8 l&#8217;alumnat augmenti el seu [&hellip;]<\/p>\n","protected":false},"author":1,"featured_media":0,"parent":9697,"menu_order":0,"comment_status":"closed","ping_status":"closed","template":"","meta":{"_bbp_topic_count":0,"_bbp_reply_count":0,"_bbp_total_topic_count":0,"_bbp_total_reply_count":0,"_bbp_voice_count":0,"_bbp_anonymous_reply_count":0,"_bbp_topic_count_hidden":0,"_bbp_reply_count_hidden":0,"_bbp_forum_subforum_count":0,"site-sidebar-layout":"default","site-content-layout":"","ast-site-content-layout":"default","site-content-style":"default","site-sidebar-style":"default","ast-global-header-display":"","ast-banner-title-visibility":"","ast-main-header-display":"","ast-hfb-above-header-display":"","ast-hfb-below-header-display":"","ast-hfb-mobile-header-display":"","site-post-title":"","ast-breadcrumbs-content":"","ast-featured-img":"","footer-sml-layout":"","theme-transparent-header-meta":"default","adv-header-id-meta":"","stick-header-meta":"","header-above-stick-meta":"","header-main-stick-meta":"","header-below-stick-meta":"","astra-migrate-meta-layouts":"set","ast-page-background-enabled":"default","ast-page-background-meta":{"desktop":{"background-color":"var(--ast-global-color-4)","background-image":"","background-repeat":"repeat","background-position":"center center","background-size":"auto","background-attachment":"scroll","background-type":"","background-media":"","overlay-type":"","overlay-color":"","overlay-opacity":"","overlay-gradient":""},"tablet":{"background-color":"","background-image":"","background-repeat":"repeat","background-position":"center center","background-size":"auto","background-attachment":"scroll","background-type":"","background-media":"","overlay-type":"","overlay-color":"","overlay-opacity":"","overlay-gradient":""},"mobile":{"background-color":"","background-image":"","background-repeat":"repeat","background-position":"center center","background-size":"auto","background-attachment":"scroll","background-type":"","background-media":"","overlay-type":"","overlay-color":"","overlay-opacity":"","overlay-gradient":""}},"ast-content-background-meta":{"desktop":{"background-color":"var(--ast-global-color-5)","background-image":"","background-repeat":"repeat","background-position":"center center","background-size":"auto","background-attachment":"scroll","background-type":"","background-media":"","overlay-type":"","overlay-color":"","overlay-opacity":"","overlay-gradient":""},"tablet":{"background-color":"var(--ast-global-color-5)","background-image":"","background-repeat":"repeat","background-position":"center center","background-size":"auto","background-attachment":"scroll","background-type":"","background-media":"","overlay-type":"","overlay-color":"","overlay-opacity":"","overlay-gradient":""},"mobile":{"background-color":"var(--ast-global-color-5)","background-image":"","background-repeat":"repeat","background-position":"center center","background-size":"auto","background-attachment":"scroll","background-type":"","background-media":"","overlay-type":"","overlay-color":"","overlay-opacity":"","overlay-gradient":""}},"footnotes":""},"class_list":["post-9724","page","type-page","status-publish","hentry"],"post_mailing_queue_ids":[],"_links":{"self":[{"href":"https:\/\/agora.xtec.cat\/escolaestelguinardo\/wp-json\/wp\/v2\/pages\/9724","targetHints":{"allow":["GET"]}}],"collection":[{"href":"https:\/\/agora.xtec.cat\/escolaestelguinardo\/wp-json\/wp\/v2\/pages"}],"about":[{"href":"https:\/\/agora.xtec.cat\/escolaestelguinardo\/wp-json\/wp\/v2\/types\/page"}],"author":[{"embeddable":true,"href":"https:\/\/agora.xtec.cat\/escolaestelguinardo\/wp-json\/wp\/v2\/users\/1"}],"replies":[{"embeddable":true,"href":"https:\/\/agora.xtec.cat\/escolaestelguinardo\/wp-json\/wp\/v2\/comments?post=9724"}],"version-history":[{"count":6,"href":"https:\/\/agora.xtec.cat\/escolaestelguinardo\/wp-json\/wp\/v2\/pages\/9724\/revisions"}],"predecessor-version":[{"id":9993,"href":"https:\/\/agora.xtec.cat\/escolaestelguinardo\/wp-json\/wp\/v2\/pages\/9724\/revisions\/9993"}],"up":[{"embeddable":true,"href":"https:\/\/agora.xtec.cat\/escolaestelguinardo\/wp-json\/wp\/v2\/pages\/9697"}],"wp:attachment":[{"href":"https:\/\/agora.xtec.cat\/escolaestelguinardo\/wp-json\/wp\/v2\/media?parent=9724"}],"curies":[{"name":"wp","href":"https:\/\/api.w.org\/{rel}","templated":true}]}}