{"id":9708,"date":"2025-02-03T13:32:57","date_gmt":"2025-02-03T12:32:57","guid":{"rendered":"https:\/\/agora.xtec.cat\/escolaestelguinardo\/?page_id=9708"},"modified":"2025-02-03T13:39:30","modified_gmt":"2025-02-03T12:39:30","slug":"suport-educatiu-personalitzat-sep","status":"publish","type":"page","link":"https:\/\/agora.xtec.cat\/escolaestelguinardo\/trets-didentitat\/suport-educatiu-personalitzat-sep\/","title":{"rendered":"Projectes de treball"},"content":{"rendered":"<p><span style=\"font-weight: 400;\">A l\u2019escola des dels 3 anys fins a 6\u00e8 de prim\u00e0ria organitzem determinats continguts a partir de projectes.<\/span><\/p>\n<p><span style=\"font-weight: 400;\">Els projectes de treball es basen en la concepci\u00f3 constructivista del proc\u00e9s d\u2019ensenyar i aprendre. Per aix\u00f2, s\u00f3n els mateixos alumnes els qui <\/span><b>pensen, raonen, argumenten i decideixen<\/b><span style=\"font-weight: 400;\"> entre tots el tema que volen treballar i aprofundir.<\/span><\/p>\n<p><span style=\"font-weight: 400;\">A partir d\u2019aqu\u00ed, es procura que el treball els serveixi per aprendre estrat\u00e8gies, per buscar informaci\u00f3 en diferents fonts, organitzar-la, comunicar-la i posteriorment, poder-ho aplicar en altres contextos.<\/span><\/p>\n<p><span style=\"font-weight: 400;\">Les principals actituds que es potencien s\u00f3n: <\/span><b>curiositat, ganes d\u2019aprendre, il\u00b7lusi\u00f3 per comunicar el que volem i el que sabem, ser cr\u00edtics, reflexius, creatius i actius<\/b><span style=\"font-weight: 400;\"> en el propi proc\u00e9s d\u2019aprenentatge.<\/span><\/p>\n<p><span style=\"font-weight: 400;\">Un cop finalitzats els projectes es comparteixen entre l\u2019alumnat de diferents cicles.<\/span><\/p>\n<p><span style=\"font-weight: 400;\">A totes les classes es treballa un projecte com\u00fa triat entre tots els infants de l\u2019aula i a 5\u00e8 i 6\u00e8 s\u2019afegeix tamb\u00e9 un projecte individual que t\u00e9 com a posada en com\u00fa un format de confer\u00e8ncia.\u00a0<\/span><\/p>\n<p><span style=\"font-weight: 400;\">En aquest apartat, la col\u00b7laboraci\u00f3 de les fam\u00edlies en l\u2019acompanyament dels infants per la realitzaci\u00f3 del projecte com\u00fa \u00e9s molt important. <\/span><\/p>\n","protected":false},"excerpt":{"rendered":"<p>A l\u2019escola des dels 3 anys fins a 6\u00e8 de prim\u00e0ria organitzem determinats continguts a partir de projectes. Els projectes [&hellip;]<\/p>\n","protected":false},"author":1,"featured_media":0,"parent":9697,"menu_order":0,"comment_status":"closed","ping_status":"closed","template":"","meta":{"_bbp_topic_count":0,"_bbp_reply_count":0,"_bbp_total_topic_count":0,"_bbp_total_reply_count":0,"_bbp_voice_count":0,"_bbp_anonymous_reply_count":0,"_bbp_topic_count_hidden":0,"_bbp_reply_count_hidden":0,"_bbp_forum_subforum_count":0,"site-sidebar-layout":"default","site-content-layout":"","ast-site-content-layout":"default","site-content-style":"default","site-sidebar-style":"default","ast-global-header-display":"","ast-banner-title-visibility":"","ast-main-header-display":"","ast-hfb-above-header-display":"","ast-hfb-below-header-display":"","ast-hfb-mobile-header-display":"","site-post-title":"","ast-breadcrumbs-content":"","ast-featured-img":"","footer-sml-layout":"","theme-transparent-header-meta":"default","adv-header-id-meta":"","stick-header-meta":"","header-above-stick-meta":"","header-main-stick-meta":"","header-below-stick-meta":"","astra-migrate-meta-layouts":"set","ast-page-background-enabled":"default","ast-page-background-meta":{"desktop":{"background-color":"var(--ast-global-color-4)","background-image":"","background-repeat":"repeat","background-position":"center center","background-size":"auto","background-attachment":"scroll","background-type":"","background-media":"","overlay-type":"","overlay-color":"","overlay-opacity":"","overlay-gradient":""},"tablet":{"background-color":"","background-image":"","background-repeat":"repeat","background-position":"center center","background-size":"auto","background-attachment":"scroll","background-type":"","background-media":"","overlay-type":"","overlay-color":"","overlay-opacity":"","overlay-gradient":""},"mobile":{"background-color":"","background-image":"","background-repeat":"repeat","background-position":"center center","background-size":"auto","background-attachment":"scroll","background-type":"","background-media":"","overlay-type":"","overlay-color":"","overlay-opacity":"","overlay-gradient":""}},"ast-content-background-meta":{"desktop":{"background-color":"var(--ast-global-color-5)","background-image":"","background-repeat":"repeat","background-position":"center center","background-size":"auto","background-attachment":"scroll","background-type":"","background-media":"","overlay-type":"","overlay-color":"","overlay-opacity":"","overlay-gradient":""},"tablet":{"background-color":"var(--ast-global-color-5)","background-image":"","background-repeat":"repeat","background-position":"center center","background-size":"auto","background-attachment":"scroll","background-type":"","background-media":"","overlay-type":"","overlay-color":"","overlay-opacity":"","overlay-gradient":""},"mobile":{"background-color":"var(--ast-global-color-5)","background-image":"","background-repeat":"repeat","background-position":"center center","background-size":"auto","background-attachment":"scroll","background-type":"","background-media":"","overlay-type":"","overlay-color":"","overlay-opacity":"","overlay-gradient":""}},"footnotes":""},"class_list":["post-9708","page","type-page","status-publish","hentry"],"post_mailing_queue_ids":[],"_links":{"self":[{"href":"https:\/\/agora.xtec.cat\/escolaestelguinardo\/wp-json\/wp\/v2\/pages\/9708","targetHints":{"allow":["GET"]}}],"collection":[{"href":"https:\/\/agora.xtec.cat\/escolaestelguinardo\/wp-json\/wp\/v2\/pages"}],"about":[{"href":"https:\/\/agora.xtec.cat\/escolaestelguinardo\/wp-json\/wp\/v2\/types\/page"}],"author":[{"embeddable":true,"href":"https:\/\/agora.xtec.cat\/escolaestelguinardo\/wp-json\/wp\/v2\/users\/1"}],"replies":[{"embeddable":true,"href":"https:\/\/agora.xtec.cat\/escolaestelguinardo\/wp-json\/wp\/v2\/comments?post=9708"}],"version-history":[{"count":3,"href":"https:\/\/agora.xtec.cat\/escolaestelguinardo\/wp-json\/wp\/v2\/pages\/9708\/revisions"}],"predecessor-version":[{"id":9725,"href":"https:\/\/agora.xtec.cat\/escolaestelguinardo\/wp-json\/wp\/v2\/pages\/9708\/revisions\/9725"}],"up":[{"embeddable":true,"href":"https:\/\/agora.xtec.cat\/escolaestelguinardo\/wp-json\/wp\/v2\/pages\/9697"}],"wp:attachment":[{"href":"https:\/\/agora.xtec.cat\/escolaestelguinardo\/wp-json\/wp\/v2\/media?parent=9708"}],"curies":[{"name":"wp","href":"https:\/\/api.w.org\/{rel}","templated":true}]}}