{"id":9671,"date":"2025-02-03T13:25:22","date_gmt":"2025-02-03T12:25:22","guid":{"rendered":"https:\/\/agora.xtec.cat\/escolaestelguinardo\/?page_id=9671"},"modified":"2025-02-03T13:27:14","modified_gmt":"2025-02-03T12:27:14","slug":"teatre","status":"publish","type":"page","link":"https:\/\/agora.xtec.cat\/escolaestelguinardo\/familia-escola-alumnat\/teatre\/","title":{"rendered":"Teatre"},"content":{"rendered":"<p><span style=\"font-weight: 400;\">Entenem\u00a0 el teatre\u00a0 com un dels trets d\u2019identitat de l\u2019escola Estel-Guinard\u00f3. El teatre ens ajuda a treballar molts aspectes, tant curriculars com personals, que tenen una important aplicaci\u00f3 pr\u00e0ctica en el futur dels nostres infants.\u00a0<\/span><\/p>\n<p><span style=\"font-weight: 400;\">Per aquest motiu, el teatre est\u00e0 present des d\u2019Educaci\u00f3 Infantil (3 anys) fins a 6\u00e8 de Prim\u00e0ria (12 anys). A infantil el teatre es troba dins de l\u2019espai de comunicaci\u00f3 i joc simb\u00f2lic. Quan els infants passen a la prim\u00e0ria ja comencen a realitzar representacions teatrals organitzades seguint un gui\u00f3. Aquestes representacions poden ser en llengua catalana, castellana i\/o anglesa.<\/span><\/p>\n<p><span style=\"font-weight: 400;\">A 6\u00e8 es dedica una tarda a la setmana, amb l\u2019assessorament d\u2019un especialista en teatre, en qu\u00e8 l&#8217;alumnat prepara una obra elaborada i professional. El dia de l\u2019estrena l\u2019escola s\u2019obre a tota\u00a0 la comunitat escolar i dona lloc a una cita especial de retrobament d\u2019ex-alumnes, alumnat i fam\u00edlies.<\/span><\/p>\n","protected":false},"excerpt":{"rendered":"<p>Entenem\u00a0 el teatre\u00a0 com un dels trets d\u2019identitat de l\u2019escola Estel-Guinard\u00f3. El teatre ens ajuda a treballar molts aspectes, tant [&hellip;]<\/p>\n","protected":false},"author":1,"featured_media":0,"parent":9666,"menu_order":0,"comment_status":"closed","ping_status":"closed","template":"","meta":{"_bbp_topic_count":0,"_bbp_reply_count":0,"_bbp_total_topic_count":0,"_bbp_total_reply_count":0,"_bbp_voice_count":0,"_bbp_anonymous_reply_count":0,"_bbp_topic_count_hidden":0,"_bbp_reply_count_hidden":0,"_bbp_forum_subforum_count":0,"site-sidebar-layout":"default","site-content-layout":"","ast-site-content-layout":"default","site-content-style":"default","site-sidebar-style":"default","ast-global-header-display":"","ast-banner-title-visibility":"","ast-main-header-display":"","ast-hfb-above-header-display":"","ast-hfb-below-header-display":"","ast-hfb-mobile-header-display":"","site-post-title":"","ast-breadcrumbs-content":"","ast-featured-img":"","footer-sml-layout":"","theme-transparent-header-meta":"default","adv-header-id-meta":"","stick-header-meta":"","header-above-stick-meta":"","header-main-stick-meta":"","header-below-stick-meta":"","astra-migrate-meta-layouts":"set","ast-page-background-enabled":"default","ast-page-background-meta":{"desktop":{"background-color":"var(--ast-global-color-4)","background-image":"","background-repeat":"repeat","background-position":"center center","background-size":"auto","background-attachment":"scroll","background-type":"","background-media":"","overlay-type":"","overlay-color":"","overlay-opacity":"","overlay-gradient":""},"tablet":{"background-color":"","background-image":"","background-repeat":"repeat","background-position":"center center","background-size":"auto","background-attachment":"scroll","background-type":"","background-media":"","overlay-type":"","overlay-color":"","overlay-opacity":"","overlay-gradient":""},"mobile":{"background-color":"","background-image":"","background-repeat":"repeat","background-position":"center center","background-size":"auto","background-attachment":"scroll","background-type":"","background-media":"","overlay-type":"","overlay-color":"","overlay-opacity":"","overlay-gradient":""}},"ast-content-background-meta":{"desktop":{"background-color":"var(--ast-global-color-5)","background-image":"","background-repeat":"repeat","background-position":"center center","background-size":"auto","background-attachment":"scroll","background-type":"","background-media":"","overlay-type":"","overlay-color":"","overlay-opacity":"","overlay-gradient":""},"tablet":{"background-color":"var(--ast-global-color-5)","background-image":"","background-repeat":"repeat","background-position":"center center","background-size":"auto","background-attachment":"scroll","background-type":"","background-media":"","overlay-type":"","overlay-color":"","overlay-opacity":"","overlay-gradient":""},"mobile":{"background-color":"var(--ast-global-color-5)","background-image":"","background-repeat":"repeat","background-position":"center center","background-size":"auto","background-attachment":"scroll","background-type":"","background-media":"","overlay-type":"","overlay-color":"","overlay-opacity":"","overlay-gradient":""}},"footnotes":""},"class_list":["post-9671","page","type-page","status-publish","hentry"],"post_mailing_queue_ids":[],"_links":{"self":[{"href":"https:\/\/agora.xtec.cat\/escolaestelguinardo\/wp-json\/wp\/v2\/pages\/9671","targetHints":{"allow":["GET"]}}],"collection":[{"href":"https:\/\/agora.xtec.cat\/escolaestelguinardo\/wp-json\/wp\/v2\/pages"}],"about":[{"href":"https:\/\/agora.xtec.cat\/escolaestelguinardo\/wp-json\/wp\/v2\/types\/page"}],"author":[{"embeddable":true,"href":"https:\/\/agora.xtec.cat\/escolaestelguinardo\/wp-json\/wp\/v2\/users\/1"}],"replies":[{"embeddable":true,"href":"https:\/\/agora.xtec.cat\/escolaestelguinardo\/wp-json\/wp\/v2\/comments?post=9671"}],"version-history":[{"count":2,"href":"https:\/\/agora.xtec.cat\/escolaestelguinardo\/wp-json\/wp\/v2\/pages\/9671\/revisions"}],"predecessor-version":[{"id":9686,"href":"https:\/\/agora.xtec.cat\/escolaestelguinardo\/wp-json\/wp\/v2\/pages\/9671\/revisions\/9686"}],"up":[{"embeddable":true,"href":"https:\/\/agora.xtec.cat\/escolaestelguinardo\/wp-json\/wp\/v2\/pages\/9666"}],"wp:attachment":[{"href":"https:\/\/agora.xtec.cat\/escolaestelguinardo\/wp-json\/wp\/v2\/media?parent=9671"}],"curies":[{"name":"wp","href":"https:\/\/api.w.org\/{rel}","templated":true}]}}