{"id":9655,"date":"2025-02-03T13:19:35","date_gmt":"2025-02-03T12:19:35","guid":{"rendered":"https:\/\/agora.xtec.cat\/escolaestelguinardo\/?page_id=9655"},"modified":"2025-06-17T13:08:13","modified_gmt":"2025-06-17T11:08:13","slug":"cultura-digital","status":"publish","type":"page","link":"https:\/\/agora.xtec.cat\/escolaestelguinardo\/projecte-educatiu-de-centre\/estrategia-digital-de-centre\/cultura-digital\/","title":{"rendered":"Cultura digital"},"content":{"rendered":"\n<p>Aqu\u00ed trobareu el pla d&#8217;acollida i comunicaci\u00f3 digital del centre aix\u00ed com la carta de comprom\u00eds que han de signar les fam\u00edlies amb infant al tercer cicle de l&#8217;educaci\u00f3 prim\u00e0ria abans de poder treballar amb el port\u00e0til cedit pel Departament d&#8217;Educaci\u00f3.<\/p>\n\n\n\n<div data-wp-interactive=\"core\/file\" class=\"wp-block-file\"><object data-wp-bind--hidden=\"!state.hasPdfPreview\" hidden class=\"wp-block-file__embed\" data=\"https:\/\/agora.xtec.cat\/escolaestelguinardo\/wp-content\/uploads\/usu2428\/2025\/06\/Pla-dacollida-i-comunicacio-digital-1.pdf\" type=\"application\/pdf\" style=\"width:100%;height:600px\" aria-label=\"Incrustaci\u00f3 del fitxer Pla d&#039;acollida i comunicaci\u00f3 digital.\"><\/object><a id=\"wp-block-file--media-5b7bc591-d84a-49ea-9448-6903e6bb6d4d\" href=\"https:\/\/agora.xtec.cat\/escolaestelguinardo\/wp-content\/uploads\/usu2428\/2025\/06\/Pla-dacollida-i-comunicacio-digital-1.pdf\">Pla d&#8217;acollida i comunicaci\u00f3 digital<\/a><a href=\"https:\/\/agora.xtec.cat\/escolaestelguinardo\/wp-content\/uploads\/usu2428\/2025\/06\/Pla-dacollida-i-comunicacio-digital-1.pdf\" class=\"wp-block-file__button wp-element-button\" download aria-describedby=\"wp-block-file--media-5b7bc591-d84a-49ea-9448-6903e6bb6d4d\">Baixa<\/a><\/div>\n\n\n\n<div data-wp-interactive=\"core\/file\" class=\"wp-block-file\"><object data-wp-bind--hidden=\"!state.hasPdfPreview\" hidden class=\"wp-block-file__embed\" data=\"https:\/\/agora.xtec.cat\/escolaestelguinardo\/wp-content\/uploads\/usu2428\/2025\/06\/CARTA-COMPROMIS-ALUMNAT-1.pdf\" type=\"application\/pdf\" style=\"width:100%;height:600px\" aria-label=\"Incrustaci\u00f3 del fitxer Carta comprom\u00eds alumnat.\"><\/object><a id=\"wp-block-file--media-7344e13e-fc5c-4c68-8388-cc02e32737a6\" href=\"https:\/\/agora.xtec.cat\/escolaestelguinardo\/wp-content\/uploads\/usu2428\/2025\/06\/CARTA-COMPROMIS-ALUMNAT-1.pdf\">Carta comprom\u00eds alumnat<\/a><a href=\"https:\/\/agora.xtec.cat\/escolaestelguinardo\/wp-content\/uploads\/usu2428\/2025\/06\/CARTA-COMPROMIS-ALUMNAT-1.pdf\" class=\"wp-block-file__button wp-element-button\" download aria-describedby=\"wp-block-file--media-7344e13e-fc5c-4c68-8388-cc02e32737a6\">Baixa<\/a><\/div>\n\n\n\n<p><\/p>\n","protected":false},"excerpt":{"rendered":"<p>Aqu\u00ed trobareu el pla d&#8217;acollida i comunicaci\u00f3 digital del centre aix\u00ed com la carta de comprom\u00eds que han de signar [&hellip;]<\/p>\n","protected":false},"author":1,"featured_media":0,"parent":9650,"menu_order":0,"comment_status":"closed","ping_status":"closed","template":"","meta":{"_bbp_topic_count":0,"_bbp_reply_count":0,"_bbp_total_topic_count":0,"_bbp_total_reply_count":0,"_bbp_voice_count":0,"_bbp_anonymous_reply_count":0,"_bbp_topic_count_hidden":0,"_bbp_reply_count_hidden":0,"_bbp_forum_subforum_count":0,"site-sidebar-layout":"default","site-content-layout":"","ast-site-content-layout":"default","site-content-style":"default","site-sidebar-style":"default","ast-global-header-display":"","ast-banner-title-visibility":"","ast-main-header-display":"","ast-hfb-above-header-display":"","ast-hfb-below-header-display":"","ast-hfb-mobile-header-display":"","site-post-title":"","ast-breadcrumbs-content":"","ast-featured-img":"","footer-sml-layout":"","theme-transparent-header-meta":"default","adv-header-id-meta":"","stick-header-meta":"","header-above-stick-meta":"","header-main-stick-meta":"","header-below-stick-meta":"","astra-migrate-meta-layouts":"set","ast-page-background-enabled":"default","ast-page-background-meta":{"desktop":{"background-color":"var(--ast-global-color-4)","background-image":"","background-repeat":"repeat","background-position":"center center","background-size":"auto","background-attachment":"scroll","background-type":"","background-media":"","overlay-type":"","overlay-color":"","overlay-opacity":"","overlay-gradient":""},"tablet":{"background-color":"","background-image":"","background-repeat":"repeat","background-position":"center center","background-size":"auto","background-attachment":"scroll","background-type":"","background-media":"","overlay-type":"","overlay-color":"","overlay-opacity":"","overlay-gradient":""},"mobile":{"background-color":"","background-image":"","background-repeat":"repeat","background-position":"center center","background-size":"auto","background-attachment":"scroll","background-type":"","background-media":"","overlay-type":"","overlay-color":"","overlay-opacity":"","overlay-gradient":""}},"ast-content-background-meta":{"desktop":{"background-color":"var(--ast-global-color-5)","background-image":"","background-repeat":"repeat","background-position":"center center","background-size":"auto","background-attachment":"scroll","background-type":"","background-media":"","overlay-type":"","overlay-color":"","overlay-opacity":"","overlay-gradient":""},"tablet":{"background-color":"var(--ast-global-color-5)","background-image":"","background-repeat":"repeat","background-position":"center center","background-size":"auto","background-attachment":"scroll","background-type":"","background-media":"","overlay-type":"","overlay-color":"","overlay-opacity":"","overlay-gradient":""},"mobile":{"background-color":"var(--ast-global-color-5)","background-image":"","background-repeat":"repeat","background-position":"center center","background-size":"auto","background-attachment":"scroll","background-type":"","background-media":"","overlay-type":"","overlay-color":"","overlay-opacity":"","overlay-gradient":""}},"footnotes":""},"class_list":["post-9655","page","type-page","status-publish","hentry"],"post_mailing_queue_ids":[],"_links":{"self":[{"href":"https:\/\/agora.xtec.cat\/escolaestelguinardo\/wp-json\/wp\/v2\/pages\/9655","targetHints":{"allow":["GET"]}}],"collection":[{"href":"https:\/\/agora.xtec.cat\/escolaestelguinardo\/wp-json\/wp\/v2\/pages"}],"about":[{"href":"https:\/\/agora.xtec.cat\/escolaestelguinardo\/wp-json\/wp\/v2\/types\/page"}],"author":[{"embeddable":true,"href":"https:\/\/agora.xtec.cat\/escolaestelguinardo\/wp-json\/wp\/v2\/users\/1"}],"replies":[{"embeddable":true,"href":"https:\/\/agora.xtec.cat\/escolaestelguinardo\/wp-json\/wp\/v2\/comments?post=9655"}],"version-history":[{"count":3,"href":"https:\/\/agora.xtec.cat\/escolaestelguinardo\/wp-json\/wp\/v2\/pages\/9655\/revisions"}],"predecessor-version":[{"id":9988,"href":"https:\/\/agora.xtec.cat\/escolaestelguinardo\/wp-json\/wp\/v2\/pages\/9655\/revisions\/9988"}],"up":[{"embeddable":true,"href":"https:\/\/agora.xtec.cat\/escolaestelguinardo\/wp-json\/wp\/v2\/pages\/9650"}],"wp:attachment":[{"href":"https:\/\/agora.xtec.cat\/escolaestelguinardo\/wp-json\/wp\/v2\/media?parent=9655"}],"curies":[{"name":"wp","href":"https:\/\/api.w.org\/{rel}","templated":true}]}}