{"id":9632,"date":"2025-02-03T13:11:34","date_gmt":"2025-02-03T12:11:34","guid":{"rendered":"https:\/\/agora.xtec.cat\/escolaestelguinardo\/?page_id=9632"},"modified":"2025-10-20T13:19:10","modified_gmt":"2025-10-20T11:19:10","slug":"equip-escola-24-25","status":"publish","type":"page","link":"https:\/\/agora.xtec.cat\/escolaestelguinardo\/escola\/equip-escola-24-25\/","title":{"rendered":"Equip escola 25-26"},"content":{"rendered":"<p><strong><span id=\"page3R_mcid2\" class=\"markedContent\"><span dir=\"ltr\" role=\"presentation\">EQUIP DE GESTI\u00d3<\/span><\/span><\/strong><span id=\"page3R_mcid3\" class=\"markedContent\"><br role=\"presentation\" \/><span dir=\"ltr\" role=\"presentation\"><em>Direcci\u00f3<\/em>:\u00a0<\/span><\/span><span id=\"page3R_mcid4\" class=\"markedContent\">Cristina G\u00f3mez<br role=\"presentation\" \/><span dir=\"ltr\" role=\"presentation\"><em>Cap d&#8217;estudis:<\/em> Marina Rodr\u00edguez<\/span><\/span><span id=\"page3R_mcid5\" class=\"markedContent\"><br role=\"presentation\" \/><span dir=\"ltr\" role=\"presentation\"><em>Secretari<\/em>: Enric Mitats<\/span><\/span><\/p>\n<p><span id=\"page3R_mcid7\" class=\"markedContent\"><br role=\"presentation\" \/><strong><span dir=\"ltr\" role=\"presentation\">EDUCACI\u00d3 INFANTIL<\/span><\/strong><\/span><\/p>\n<table style=\"height: 371px; width: 100%; border-collapse: collapse; border-color: #000000;\">\n<tbody>\n<tr style=\"height: 53px;\">\n<td style=\"width: 50%; height: 53px; border-color: #000000; background-color: #f2dd22; text-align: left;\"><strong><span id=\"page3R_mcid8\" class=\"markedContent\"><span dir=\"ltr\" role=\"presentation\">Classe Groga<\/span><\/span><\/strong><\/td>\n<td style=\"width: 50%; height: 53px;\"><strong><span id=\"page3R_mcid8\" class=\"markedContent\"><span dir=\"ltr\" role=\"presentation\">Bego\u00f1a T.<\/span><\/span><\/strong><\/td>\n<\/tr>\n<tr style=\"height: 53px;\">\n<td style=\"width: 50%; height: 53px; border-color: #000000; background-color: #fc7600; text-align: left;\"><strong><span id=\"page3R_mcid10\" class=\"markedContent\"><span dir=\"ltr\" role=\"presentation\">Classe Taronja<\/span><\/span><\/strong><\/td>\n<td style=\"width: 50%; height: 53px;\"><strong><span id=\"page3R_mcid10\" class=\"markedContent\"><span dir=\"ltr\" role=\"presentation\">Noem\u00ed S.<\/span><\/span><span id=\"page3R_mcid11\" class=\"markedContent\"><br role=\"presentation\" \/><\/span><\/strong><\/td>\n<\/tr>\n<tr style=\"height: 53px;\">\n<td style=\"width: 50%; height: 53px; border-color: #000000; background-color: #66ff00; text-align: left;\"><strong><span id=\"page3R_mcid12\" class=\"markedContent\"><span dir=\"ltr\" role=\"presentation\">Classe Verda<\/span><\/span><\/strong><\/td>\n<td style=\"width: 50%; height: 53px;\"><strong><span id=\"page3R_mcid12\" class=\"markedContent\"><span dir=\"ltr\" role=\"presentation\">M\u00edriam L.<\/span><\/span><\/strong><\/td>\n<\/tr>\n<tr style=\"height: 53px;\">\n<td style=\"width: 50%; height: 53px; border-color: #000000; background-color: #46e8d8; text-align: left;\"><strong><span id=\"page3R_mcid14\" class=\"markedContent\"><span dir=\"ltr\" role=\"presentation\">Classe Blava<\/span><\/span><\/strong><\/td>\n<td style=\"width: 50%; height: 53px;\"><strong><span id=\"page3R_mcid14\" class=\"markedContent\"><span dir=\"ltr\" role=\"presentation\">Raquel A.<\/span><\/span><span id=\"page3R_mcid15\" class=\"markedContent\"><br role=\"presentation\" \/><\/span><\/strong><\/td>\n<\/tr>\n<tr style=\"height: 53px;\">\n<td style=\"width: 50%; height: 53px; border-color: #000000; background-color: #f25757; text-align: left;\"><strong><span id=\"page3R_mcid17\" class=\"markedContent\"><span dir=\"ltr\" role=\"presentation\">T\u00e8cnica d\u2019Ed. Infantil<\/span><\/span><\/strong><\/td>\n<td style=\"width: 50%; height: 53px;\"><strong><span id=\"page3R_mcid17\" class=\"markedContent\"><span dir=\"ltr\" role=\"presentation\">Joana N.<\/span><\/span><\/strong><\/td>\n<\/tr>\n<tr style=\"height: 53px;\">\n<td style=\"width: 50%; height: 53px; background-color: #6180f2; text-align: left;\"><strong><span id=\"page3R_mcid18\" class=\"markedContent\"><span dir=\"ltr\" role=\"presentation\">Angl\u00e8s<\/span><\/span><\/strong><\/td>\n<td style=\"width: 50%; height: 53px;\"><strong><span id=\"page3R_mcid18\" class=\"markedContent\"><span dir=\"ltr\" role=\"presentation\">Marina R.<\/span><\/span><\/strong><\/td>\n<\/tr>\n<tr style=\"height: 53px;\">\n<td style=\"width: 50%; border-color: #000000; background-color: #aa7acc; height: 53px; text-align: left;\"><strong><span id=\"page3R_mcid19\" class=\"markedContent\"><span dir=\"ltr\" role=\"presentation\">M\u00fasica<\/span><\/span><\/strong><\/td>\n<td style=\"width: 50%; height: 53px;\"><strong><span id=\"page3R_mcid19\" class=\"markedContent\"><span dir=\"ltr\" role=\"presentation\">Maria B.<\/span><\/span><\/strong><\/td>\n<\/tr>\n<\/tbody>\n<\/table>\n<p><strong><span id=\"page3R_mcid22\" class=\"markedContent\"><span dir=\"ltr\" role=\"presentation\">EDUCACI\u00d3 PRIM\u00c0RIA<\/span><\/span><\/strong><span id=\"page3R_mcid23\" class=\"markedContent\"><\/span><\/p>\n<p><span class=\"markedContent\"><strong><span dir=\"ltr\" role=\"presentation\">1r Cicle<\/span><\/strong><\/span><\/p>\n<table style=\"height: 211px; width: 100%; border-collapse: collapse; border-color: #000000;\">\n<tbody>\n<tr style=\"height: 52px;\">\n<td style=\"width: 50%; height: 52px;\"><span id=\"page3R_mcid24\" class=\"markedContent\"><span dir=\"ltr\" role=\"presentation\"><em>1r Prim\u00e0ria<\/em><\/span><\/span><\/td>\n<td style=\"width: 50%; height: 52px;\"><span id=\"page3R_mcid25\" class=\"markedContent\">Elisenda G.<br role=\"presentation\" \/><\/span><\/td>\n<\/tr>\n<tr style=\"height: 53px;\">\n<td style=\"width: 50%; height: 53px;\"><span id=\"page3R_mcid26\" class=\"markedContent\"><span dir=\"ltr\" role=\"presentation\"><em>2n Prim\u00e0ria<\/em><\/span><\/span><\/td>\n<td style=\"width: 50%; height: 53px;\"><span id=\"page3R_mcid26\" class=\"markedContent\"><span dir=\"ltr\" role=\"presentation\"><span id=\"page3R_mcid24\" class=\"markedContent\">Rosa M. C.<\/span><\/span><\/span><span id=\"page3R_mcid27\" class=\"markedContent\"><br role=\"presentation\" \/><\/span><\/td>\n<\/tr>\n<tr style=\"height: 53px;\">\n<td style=\"width: 50%; height: 53px;\"><span id=\"page3R_mcid28\" class=\"markedContent\"><span dir=\"ltr\" role=\"presentation\"><em>Suport 1r cicle<\/em><\/span><\/span><\/td>\n<td style=\"width: 50%; height: 53px;\"><span id=\"page3R_mcid28\" class=\"markedContent\"><span dir=\"ltr\" role=\"presentation\">Marina R.<\/span><\/span><\/td>\n<\/tr>\n<tr style=\"height: 53px;\">\n<td style=\"width: 50%; height: 53px;\"><span id=\"page3R_mcid29\" class=\"markedContent\"><span dir=\"ltr\" role=\"presentation\"><em>Angl\u00e8s 1r cicle<\/em><\/span><\/span><\/td>\n<td style=\"width: 50%; height: 53px;\"><span id=\"page3R_mcid29\" class=\"markedContent\"><span dir=\"ltr\" role=\"presentation\">Marina R. \/ Tania B.<\/span><\/span><\/td>\n<\/tr>\n<\/tbody>\n<\/table>\n<p><b>2n Cicle<\/b><\/p>\n<table style=\"width: 100%; border-collapse: collapse; border-style: solid; border-color: #000000;\">\n<tbody>\n<tr style=\"border-color: #000000;\">\n<td style=\"width: 50%;\"><span id=\"page3R_mcid33\" class=\"markedContent\"><span dir=\"ltr\" role=\"presentation\"><em>3r Prim\u00e0ria<\/em><\/span><\/span><\/td>\n<td style=\"width: 50%;\"><span id=\"page3R_mcid33\" class=\"markedContent\"><span dir=\"ltr\" role=\"presentation\">Gemma C i Emili S.<\/span><\/span><\/td>\n<\/tr>\n<tr>\n<td style=\"width: 50%;\"><span id=\"page3R_mcid35\" class=\"markedContent\"><span dir=\"ltr\" role=\"presentation\"><em>4t Prim\u00e0ria<\/em><\/span><\/span><\/td>\n<td style=\"width: 50%;\"><span id=\"page3R_mcid35\" class=\"markedContent\"><span dir=\"ltr\" role=\"presentation\">Elena A.<\/span><\/span><span id=\"page3R_mcid36\" class=\"markedContent\"><\/span><span id=\"page3R_mcid37\" class=\"markedContent\"><\/span><\/td>\n<\/tr>\n<tr>\n<td style=\"width: 50%;\"><span id=\"page3R_mcid37\" class=\"markedContent\"><span dir=\"ltr\" role=\"presentation\"><em>Suport 2n cicle<\/em><\/span><\/span><\/td>\n<td style=\"width: 50%;\"><span id=\"page3R_mcid37\" class=\"markedContent\"><span dir=\"ltr\" role=\"presentation\">Cristina G.<\/span><\/span><\/td>\n<\/tr>\n<tr>\n<td style=\"width: 50%;\"><span id=\"page3R_mcid38\" class=\"markedContent\"><span dir=\"ltr\" role=\"presentation\"><em>Angl\u00e8s 2n cicle<\/em><\/span><\/span><\/td>\n<td style=\"width: 50%;\"><span id=\"page3R_mcid38\" class=\"markedContent\"><span dir=\"ltr\" role=\"presentation\">Elena A. \/ Tania B.<\/span><\/span><span id=\"page3R_mcid40\" class=\"markedContent\"><\/span><\/td>\n<\/tr>\n<\/tbody>\n<\/table>\n<p><span id=\"page3R_mcid41\" class=\"markedContent\"><b>3r Cicle<\/b><\/span><\/p>\n<table style=\"border-collapse: collapse; width: 100%;\">\n<tbody>\n<tr>\n<td style=\"width: 50%;\"><span id=\"page3R_mcid41\" class=\"markedContent\"><span dir=\"ltr\" role=\"presentation\"><em>5\u00e8 Prim\u00e0ria<\/em><\/span><\/span><\/td>\n<td style=\"width: 50%;\"><span id=\"page3R_mcid41\" class=\"markedContent\"><span dir=\"ltr\" role=\"presentation\">Raquel Ll.<\/span><\/span><span id=\"page3R_mcid42\" class=\"markedContent\"><br role=\"presentation\" \/><\/span><\/td>\n<\/tr>\n<tr>\n<td style=\"width: 50%;\"><span id=\"page3R_mcid43\" class=\"markedContent\"><span dir=\"ltr\" role=\"presentation\"><em>6\u00e8 Prim\u00e0ria<\/em><\/span><\/span><\/td>\n<td style=\"width: 50%;\"><span id=\"page3R_mcid41\" class=\"markedContent\"><span dir=\"ltr\" role=\"presentation\">Enric M.<\/span><\/span><span id=\"page3R_mcid42\" class=\"markedContent\"><\/span><\/td>\n<\/tr>\n<tr>\n<td style=\"width: 50%;\"><span id=\"page3R_mcid37\" class=\"markedContent\"><span dir=\"ltr\" role=\"presentation\"><em>Suport 3r cicle<\/em><\/span><\/span><\/td>\n<td style=\"width: 50%;\"><span id=\"page3R_mcid37\" class=\"markedContent\"><span dir=\"ltr\" role=\"presentation\">Maria B.<\/span><\/span><span id=\"page3R_mcid38\" class=\"markedContent\"><br role=\"presentation\" \/><\/span><\/td>\n<\/tr>\n<tr>\n<td style=\"width: 50%;\"><span id=\"page3R_mcid38\" class=\"markedContent\"><span dir=\"ltr\" role=\"presentation\"><em>Angl\u00e8s 3r cicle<\/em><\/span><\/span><\/td>\n<td style=\"width: 50%;\"><span id=\"page3R_mcid38\" class=\"markedContent\"><span dir=\"ltr\" role=\"presentation\">Raquel Ll. \/ Tania B.<\/span><\/span><\/td>\n<\/tr>\n<\/tbody>\n<\/table>\n<p><span id=\"page3R_mcid48\" class=\"markedContent\"><span dir=\"ltr\" role=\"presentation\"><strong>Especialistes<\/strong>:<\/span><\/span><span id=\"page3R_mcid49\" class=\"markedContent\"><br role=\"presentation\" \/><span dir=\"ltr\" role=\"presentation\"><em>M\u00fasica<\/em>&#8230;&#8230;&#8230;&#8230;&#8230;&#8230;&#8230;&#8230;&#8230;&#8230;. Maria B.<\/span><\/span><span id=\"page3R_mcid50\" class=\"markedContent\"><br role=\"presentation\" \/><span dir=\"ltr\" role=\"presentation\"><em>Educaci\u00f3 F\u00edsica<\/em> &#8230;&#8230;&#8230;&#8230;&#8230;.. Emili S. i Enric M.<\/span><\/span><span id=\"page3R_mcid51\" class=\"markedContent\"><br role=\"presentation\" \/><span dir=\"ltr\" role=\"presentation\"><em>Educaci\u00f3 Especial<\/em>&#8230;&#8230;&#8230;&#8230;&#8230;&#8230; Anna D.<\/span><\/span><span id=\"page3R_mcid52\" class=\"markedContent\"><br role=\"presentation\" \/><span dir=\"ltr\" role=\"presentation\"><em>Vetlladora<\/em>&#8230;&#8230;&#8230;&#8230;&#8230;&#8230;&#8230;&#8230;. Maria L.<\/span><\/span><span id=\"page3R_mcid53\" class=\"markedContent\"><br role=\"presentation\" \/><span dir=\"ltr\" role=\"presentation\"><em>Biblioteca<\/em> &#8230;&#8230;&#8230;&#8230;&#8230;&#8230;&#8230;&#8230;&#8230;. Maria M.<\/span><\/span><span id=\"page3R_mcid54\" class=\"markedContent\"><br role=\"presentation\" \/><span dir=\"ltr\" role=\"presentation\"><em>Equip d\u2019Assessorament Psicopedag\u00f2gic(EAP):<\/em> Andrea<\/span><\/span><span id=\"page3R_mcid55\" class=\"markedContent\"><br role=\"presentation\" \/><em><span dir=\"ltr\" role=\"presentation\">Coordinaci\u00f3 ed. infantil i 1r cicle<\/span><\/em><span dir=\"ltr\" role=\"presentation\"><em>.<\/em>&#8230;&#8230;&#8230;Raquel A.<\/span><\/span><span id=\"page3R_mcid56\" class=\"markedContent\"><br role=\"presentation\" \/><em><span dir=\"ltr\" role=\"presentation\">Coordinaci\u00f3 2n i 3r cicle<\/span><\/em><span dir=\"ltr\" role=\"presentation\">&#8230;&#8230;&#8230;&#8230; Maria B.<\/span><\/span><\/p>\n<p><span id=\"page3R_mcid41\" class=\"markedContent\"><b>Equip SIEI<\/b><br role=\"presentation\" \/><i>Mestra: <\/i>Ana N.<\/span><\/p>\n<p><em>Educadora<\/em>: Paula S.<\/p>\n","protected":false},"excerpt":{"rendered":"<p>EQUIP DE GESTI\u00d3Direcci\u00f3:\u00a0Cristina G\u00f3mezCap d&#8217;estudis: Marina Rodr\u00edguezSecretari: Enric Mitats EDUCACI\u00d3 INFANTIL Classe Groga Bego\u00f1a T. Classe Taronja Noem\u00ed S. Classe [&hellip;]<\/p>\n","protected":false},"author":1,"featured_media":0,"parent":9626,"menu_order":0,"comment_status":"closed","ping_status":"closed","template":"","meta":{"_bbp_topic_count":0,"_bbp_reply_count":0,"_bbp_total_topic_count":0,"_bbp_total_reply_count":0,"_bbp_voice_count":0,"_bbp_anonymous_reply_count":0,"_bbp_topic_count_hidden":0,"_bbp_reply_count_hidden":0,"_bbp_forum_subforum_count":0,"site-sidebar-layout":"default","site-content-layout":"","ast-site-content-layout":"default","site-content-style":"default","site-sidebar-style":"default","ast-global-header-display":"","ast-banner-title-visibility":"","ast-main-header-display":"","ast-hfb-above-header-display":"","ast-hfb-below-header-display":"","ast-hfb-mobile-header-display":"","site-post-title":"","ast-breadcrumbs-content":"","ast-featured-img":"","footer-sml-layout":"","theme-transparent-header-meta":"default","adv-header-id-meta":"","stick-header-meta":"","header-above-stick-meta":"","header-main-stick-meta":"","header-below-stick-meta":"","astra-migrate-meta-layouts":"set","ast-page-background-enabled":"default","ast-page-background-meta":{"desktop":{"background-color":"var(--ast-global-color-4)","background-image":"","background-repeat":"repeat","background-position":"center center","background-size":"auto","background-attachment":"scroll","background-type":"","background-media":"","overlay-type":"","overlay-color":"","overlay-opacity":"","overlay-gradient":""},"tablet":{"background-color":"","background-image":"","background-repeat":"repeat","background-position":"center center","background-size":"auto","background-attachment":"scroll","background-type":"","background-media":"","overlay-type":"","overlay-color":"","overlay-opacity":"","overlay-gradient":""},"mobile":{"background-color":"","background-image":"","background-repeat":"repeat","background-position":"center center","background-size":"auto","background-attachment":"scroll","background-type":"","background-media":"","overlay-type":"","overlay-color":"","overlay-opacity":"","overlay-gradient":""}},"ast-content-background-meta":{"desktop":{"background-color":"var(--ast-global-color-5)","background-image":"","background-repeat":"repeat","background-position":"center center","background-size":"auto","background-attachment":"scroll","background-type":"","background-media":"","overlay-type":"","overlay-color":"","overlay-opacity":"","overlay-gradient":""},"tablet":{"background-color":"var(--ast-global-color-5)","background-image":"","background-repeat":"repeat","background-position":"center center","background-size":"auto","background-attachment":"scroll","background-type":"","background-media":"","overlay-type":"","overlay-color":"","overlay-opacity":"","overlay-gradient":""},"mobile":{"background-color":"var(--ast-global-color-5)","background-image":"","background-repeat":"repeat","background-position":"center center","background-size":"auto","background-attachment":"scroll","background-type":"","background-media":"","overlay-type":"","overlay-color":"","overlay-opacity":"","overlay-gradient":""}},"footnotes":""},"class_list":["post-9632","page","type-page","status-publish","hentry"],"post_mailing_queue_ids":[],"_links":{"self":[{"href":"https:\/\/agora.xtec.cat\/escolaestelguinardo\/wp-json\/wp\/v2\/pages\/9632","targetHints":{"allow":["GET"]}}],"collection":[{"href":"https:\/\/agora.xtec.cat\/escolaestelguinardo\/wp-json\/wp\/v2\/pages"}],"about":[{"href":"https:\/\/agora.xtec.cat\/escolaestelguinardo\/wp-json\/wp\/v2\/types\/page"}],"author":[{"embeddable":true,"href":"https:\/\/agora.xtec.cat\/escolaestelguinardo\/wp-json\/wp\/v2\/users\/1"}],"replies":[{"embeddable":true,"href":"https:\/\/agora.xtec.cat\/escolaestelguinardo\/wp-json\/wp\/v2\/comments?post=9632"}],"version-history":[{"count":5,"href":"https:\/\/agora.xtec.cat\/escolaestelguinardo\/wp-json\/wp\/v2\/pages\/9632\/revisions"}],"predecessor-version":[{"id":9996,"href":"https:\/\/agora.xtec.cat\/escolaestelguinardo\/wp-json\/wp\/v2\/pages\/9632\/revisions\/9996"}],"up":[{"embeddable":true,"href":"https:\/\/agora.xtec.cat\/escolaestelguinardo\/wp-json\/wp\/v2\/pages\/9626"}],"wp:attachment":[{"href":"https:\/\/agora.xtec.cat\/escolaestelguinardo\/wp-json\/wp\/v2\/media?parent=9632"}],"curies":[{"name":"wp","href":"https:\/\/api.w.org\/{rel}","templated":true}]}}