{"id":8097,"date":"2022-11-08T10:39:53","date_gmt":"2022-11-08T09:39:53","guid":{"rendered":"https:\/\/agora.xtec.cat\/escolaespronceda\/?page_id=8097"},"modified":"2025-01-29T11:53:53","modified_gmt":"2025-01-29T10:53:53","slug":"aula-dacollida","status":"publish","type":"page","link":"https:\/\/agora.xtec.cat\/escolaespronceda\/aula-dacollida\/","title":{"rendered":"Aula d&#8217;acollida"},"content":{"rendered":"\r\n\t<div class=\"slideshow_container slideshow_container_style-light\" style=\"height: 500px; \" data-slideshow-id=\"10513\" data-style-name=\"style-light\" data-style-version=\"2.3.1\" >\r\n\r\n\t\t\t\t\t<div class=\"slideshow_loading_icon\"><\/div>\r\n\t\t\r\n\t\t<div class=\"slideshow_content\" style=\"display: none;\">\r\n\r\n\t\t\t<div class=\"slideshow_view\">\r\n\t\t\t\t<div class=\"slideshow_slide slideshow_slide_image\">\r\n\t\t\t\t\t\t\t\t\t\t\t<img src=\"https:\/\/agora.xtec.cat\/escolaespronceda\/wp-content\/uploads\/usu1464\/2025\/01\/photo_2025-01-29_11-48-56.jpg\" alt=\"photo_2025-01-29_11-48-56\" width=\"960\" height=\"1280\" \/>\r\n\t\t\t\t\t\t\t\t\t\t<div class=\"slideshow_description_box slideshow_transparent\">\r\n\t\t\t\t\t\t<div class=\"slideshow_title\">photo_2025-01-29_11-48-56<\/div>\t\t\t\t\t\t\t\t\t\t\t<\/div>\r\n\t\t\t\t<\/div>\r\n\r\n\t\t\t\t\t\t<div style=\"clear: both;\"><\/div><\/div><div class=\"slideshow_view\">\r\n\t\t\t\t<div class=\"slideshow_slide slideshow_slide_image\">\r\n\t\t\t\t\t\t\t\t\t\t\t<img src=\"https:\/\/agora.xtec.cat\/escolaespronceda\/wp-content\/uploads\/usu1464\/2025\/01\/photo_2025-01-29_11-48-57.jpg\" alt=\"photo_2025-01-29_11-48-57\" width=\"960\" height=\"1280\" \/>\r\n\t\t\t\t\t\t\t\t\t\t<div class=\"slideshow_description_box slideshow_transparent\">\r\n\t\t\t\t\t\t<div class=\"slideshow_title\">photo_2025-01-29_11-48-57<\/div>\t\t\t\t\t\t\t\t\t\t\t<\/div>\r\n\t\t\t\t<\/div>\r\n\r\n\t\t\t\t\t\t<div style=\"clear: both;\"><\/div><\/div><div class=\"slideshow_view\">\r\n\t\t\t\t<div class=\"slideshow_slide slideshow_slide_image\">\r\n\t\t\t\t\t\t\t\t\t\t\t<img src=\"https:\/\/agora.xtec.cat\/escolaespronceda\/wp-content\/uploads\/usu1464\/2025\/01\/photo_2025-01-29_11-48-57-3.jpg\" alt=\"photo_2025-01-29_11-48-57 (3)\" width=\"960\" height=\"1280\" \/>\r\n\t\t\t\t\t\t\t\t\t\t<div class=\"slideshow_description_box slideshow_transparent\">\r\n\t\t\t\t\t\t<div class=\"slideshow_title\">photo_2025-01-29_11-48-57 (3)<\/div>\t\t\t\t\t\t\t\t\t\t\t<\/div>\r\n\t\t\t\t<\/div>\r\n\r\n\t\t\t\t\t\t<div style=\"clear: both;\"><\/div><\/div><div class=\"slideshow_view\">\r\n\t\t\t\t<div class=\"slideshow_slide slideshow_slide_image\">\r\n\t\t\t\t\t\t\t\t\t\t\t<img src=\"https:\/\/agora.xtec.cat\/escolaespronceda\/wp-content\/uploads\/usu1464\/2025\/01\/photo_2025-01-29_11-48-57-2.jpg\" alt=\"photo_2025-01-29_11-48-57 (2)\" width=\"960\" height=\"1280\" \/>\r\n\t\t\t\t\t\t\t\t\t\t<div class=\"slideshow_description_box slideshow_transparent\">\r\n\t\t\t\t\t\t<div class=\"slideshow_title\">photo_2025-01-29_11-48-57 (2)<\/div>\t\t\t\t\t\t\t\t\t\t\t<\/div>\r\n\t\t\t\t<\/div>\r\n\r\n\t\t\t\t\t\t<div style=\"clear: both;\"><\/div><\/div><div class=\"slideshow_view\">\r\n\t\t\t\t<div class=\"slideshow_slide slideshow_slide_image\">\r\n\t\t\t\t\t\t\t\t\t\t\t<img src=\"https:\/\/agora.xtec.cat\/escolaespronceda\/wp-content\/uploads\/usu1464\/2025\/01\/photo_2025-01-29_11-48-56-2.jpg\" alt=\"photo_2025-01-29_11-48-56 (2)\" width=\"960\" height=\"1280\" \/>\r\n\t\t\t\t\t\t\t\t\t\t<div class=\"slideshow_description_box slideshow_transparent\">\r\n\t\t\t\t\t\t<div class=\"slideshow_title\">photo_2025-01-29_11-48-56 (2)<\/div>\t\t\t\t\t\t\t\t\t\t\t<\/div>\r\n\t\t\t\t<\/div>\r\n\r\n\t\t\t\t\t\t<div style=\"clear: both;\"><\/div><\/div>\r\n\t\t<\/div>\r\n\r\n\t\t<div class=\"slideshow_controlPanel slideshow_transparent\" style=\"display: none;\"><ul><li class=\"slideshow_togglePlay\" data-play-text=\"Visualitza\" data-pause-text=\"Pausa\"><\/li><\/ul><\/div>\r\n\r\n\t\t<div class=\"slideshow_button slideshow_previous slideshow_transparent\" role=\"button\" data-previous-text=\"Anterior\" style=\"display: none;\"><\/div>\r\n\t\t<div class=\"slideshow_button slideshow_next slideshow_transparent\" role=\"button\" data-next-text=\"Seg\u00fcent\" style=\"display: none;\"><\/div>\r\n\r\n\t\t<div class=\"slideshow_pagination\" style=\"display: none;\" data-go-to-text=\"V\u00e9s a la diapositiva\"><div class=\"slideshow_pagination_center\"><\/div><\/div>\r\n\r\n\t\t<!-- WordPress Slideshow Version 2.3.1 -->\r\n\r\n\t\t\t<\/div>\r\n\r\n\n<p>L&#8217;Escola Espronceda de Sabadell \u00e9s un centre d&#8217;educaci\u00f3 prim\u00e0ria comprom\u00e8s amb la integraci\u00f3 dels alumnes nouvinguts. Per facilitar aquesta adaptaci\u00f3, el centre disposa d&#8217;una aula d&#8217;acollida, un espai dedicat a atendre les necessitats espec\u00edfiques dels infants que s&#8217;incorporen al sistema educatiu catal\u00e0 procedents d&#8217;altres pa\u00efsos o contextos culturals. Aquest recurs permet als alumnes adquirir les compet\u00e8ncies ling\u00fc\u00edstiques i culturals necess\u00e0ries per a una integraci\u00f3 exitosa tant a nivell acad\u00e8mic com social.<\/p>\n<p>L&#8217;aula d&#8217;acollida de l&#8217;Escola Espronceda ofereix un entorn segur i acollidor on els alumnes poden desenvolupar habilitats comunicatives en catal\u00e0 i castell\u00e0, alhora que coneixen les tradicions i costums locals. Mitjan\u00e7ant activitats did\u00e0ctiques adaptades, es promou la participaci\u00f3 activa dels estudiants en la comunitat escolar, fomentant el respecte per la diversitat i la conviv\u00e8ncia intercultural. Aquest enfocament integral facilita que els alumnes nouvinguts se sentin part de l&#8217;escola i puguin progressar en el seu aprenentatge juntament amb els seus companys.<\/p>\n","protected":false},"excerpt":{"rendered":"<p>\t\t\t\t\t\tphoto_2025-01-29_11-48-56\t\t\t\t\t\t\t\t\t\t\t<\/p>\n<p>\t\t\t\t\t\tphoto_2025-01-29_11-48-57\t\t\t\t\t\t\t\t\t\t\t<\/p>\n<p>\t\t\t\t\t\tphoto_2025-01-29_11-48-57 (3)\t\t\t\t\t\t\t\t\t\t\t<\/p>\n<p>\t\t\t\t\t\tphoto_2025-01-29_11-48-57 (2)\t\t\t\t\t\t\t\t\t\t\t<\/p>\n<p>\t\t\t\t\t\tphoto_2025-01-29_11-48-56 (2)\t\t\t\t\t\t\t\t\t\t\t<\/p>\n<ul>\n<li class=\"slideshow_togglePlay\" data-play-text=\"Visualitza\" data-pause-text=\"Pausa\"><\/li>\n<\/ul>\n<p>L&#8217;Escola Espronceda de Sabadell \u00e9s un centre d&#8217;educaci\u00f3 prim\u00e0ria comprom\u00e8s amb la integraci\u00f3 dels alumnes nouvinguts. Per facilitar aquesta adaptaci\u00f3, el centre disposa d&#8217;una aula d&#8217;acollida, un espai dedicat a atendre les necessitats espec\u00edfiques dels infants que s&#8217;incorporen al&hellip;  <a href=\"https:\/\/agora.xtec.cat\/escolaespronceda\/aula-dacollida\/\" title=\"Read Aula d&#8217;acollida\">Llegeix m\u00e9s\u00bb<\/a><\/p>\n","protected":false},"author":1,"featured_media":0,"parent":0,"menu_order":0,"comment_status":"closed","ping_status":"closed","template":"","meta":{"_bbp_topic_count":0,"_bbp_reply_count":0,"_bbp_total_topic_count":0,"_bbp_total_reply_count":0,"_bbp_voice_count":0,"_bbp_anonymous_reply_count":0,"_bbp_topic_count_hidden":0,"_bbp_reply_count_hidden":0,"_bbp_forum_subforum_count":0,"footnotes":""},"class_list":["post-8097","page","type-page","status-publish","hentry"],"post_mailing_queue_ids":[],"_links":{"self":[{"href":"https:\/\/agora.xtec.cat\/escolaespronceda\/wp-json\/wp\/v2\/pages\/8097","targetHints":{"allow":["GET"]}}],"collection":[{"href":"https:\/\/agora.xtec.cat\/escolaespronceda\/wp-json\/wp\/v2\/pages"}],"about":[{"href":"https:\/\/agora.xtec.cat\/escolaespronceda\/wp-json\/wp\/v2\/types\/page"}],"author":[{"embeddable":true,"href":"https:\/\/agora.xtec.cat\/escolaespronceda\/wp-json\/wp\/v2\/users\/1"}],"replies":[{"embeddable":true,"href":"https:\/\/agora.xtec.cat\/escolaespronceda\/wp-json\/wp\/v2\/comments?post=8097"}],"version-history":[{"count":2,"href":"https:\/\/agora.xtec.cat\/escolaespronceda\/wp-json\/wp\/v2\/pages\/8097\/revisions"}],"predecessor-version":[{"id":10519,"href":"https:\/\/agora.xtec.cat\/escolaespronceda\/wp-json\/wp\/v2\/pages\/8097\/revisions\/10519"}],"wp:attachment":[{"href":"https:\/\/agora.xtec.cat\/escolaespronceda\/wp-json\/wp\/v2\/media?parent=8097"}],"curies":[{"name":"wp","href":"https:\/\/api.w.org\/{rel}","templated":true}]}}