{"id":4786,"date":"2020-03-24T18:05:15","date_gmt":"2020-03-24T17:05:15","guid":{"rendered":"http:\/\/agora.xtec.cat\/escolaespronceda\/?page_id=4786"},"modified":"2020-03-30T15:23:47","modified_gmt":"2020-03-30T13:23:47","slug":"altres-recursos","status":"publish","type":"page","link":"https:\/\/agora.xtec.cat\/escolaespronceda\/altres-recursos\/","title":{"rendered":"Altres Recursos"},"content":{"rendered":"<div style=\"width: 100%;\">\n<div style=\"position: relative; padding-bottom: 56.25%; padding-top: 0; height: 0;\">\n<div style=\"width: 100%;\">\n<div style=\"position: relative; padding-bottom: 56.25%; padding-top: 0; height: 0;\">\n<div style=\"width: 100%;\">\n<div style=\"position: relative; padding-bottom: 56.25%; padding-top: 0; height: 0;\"><iframe loading=\"lazy\" src=\"https:\/\/view.genial.ly\/5e7a4909f9dc210d8ad3380c\" width=\"1200px\" height=\"675px\" frameborder=\"0\"><\/iframe><\/div>\n<\/div>\n<\/div>\n<\/div>\n<\/div>\n<\/div>\n<p>&nbsp;<\/p>\n<p>&nbsp;<\/p>\n<p>&nbsp;<\/p>\n<p>&nbsp;<\/p>\n<p>&nbsp;<\/p>\n<p>&nbsp;<\/p>\n<p><span style=\"text-decoration: underline;\"><strong><a id=\"semblaria\"><\/a>Que us semblaria anar de col\u00f2nies sense sortir de casa??<\/strong><\/span><\/p>\n<p>Rosa dels Vents, aprofitant que totes les fam\u00edlies han d&#8217;estar confinades a casa, ha creat unes col\u00f2nies a domicili!!<\/p>\n<p>Han preparat una planificaci\u00f3 d&#8217;activitats per tot el dia, pels nens i nenes i tamb\u00e9 per a les fam\u00edlies!<\/p>\n<p>Al seg\u00fcent enlla\u00e7 trobareu tota la informaci\u00f3 de les activitats que es faran:\u00a0\u00a0<a href=\"https:\/\/coloniesdestiu.rosadelsvents.es\/colonies-daventura\/colonies-a-casa\/\">COL\u00d2NIES A CASA<\/a><\/p>\n<p>Les activitats les podreu seguir a trav\u00e9s de Youtube, clicant al seg\u00fcent enlla\u00e7:\u00a0\u00a0<a href=\"https:\/\/www.youtube.com\/watch?v=GojNmCIhRF0\">ACTIVITATS COL\u00d2NIES A CASA (ROSA DELS VENTS)<\/a><\/p>\n<p><span style=\"text-decoration: underline;\"><strong><a id=\"monstruo\"><\/a>El monstruo de colores i el coronavirus<\/strong><\/span><\/p>\n<div style=\"width: 1920px;\" class=\"wp-video\"><!--[if lt IE 9]><script>document.createElement('video');<\/script><![endif]-->\n<video class=\"wp-video-shortcode\" id=\"video-4786-1\" width=\"1920\" height=\"1080\" preload=\"metadata\" controls=\"controls\"><source type=\"video\/mp4\" src=\"https:\/\/agora.xtec.cat\/escolaespronceda\/wp-content\/uploads\/usu1464\/2020\/03\/VID-20200324-WA0045.mp4?_=1\" \/><a href=\"https:\/\/agora.xtec.cat\/escolaespronceda\/wp-content\/uploads\/usu1464\/2020\/03\/VID-20200324-WA0045.mp4\">https:\/\/agora.xtec.cat\/escolaespronceda\/wp-content\/uploads\/usu1464\/2020\/03\/VID-20200324-WA0045.mp4<\/a><\/video><\/div>\n<p>&nbsp;<\/p>\n<p><span style=\"text-decoration: underline;\"><strong><a id=\"LLIBRES\"><\/a>LLIBRES I PEL\u00b7L\u00cdCULES<\/strong><\/span><\/p>\n<p>Aqu\u00ed trobareu enlla\u00e7os a diferents p\u00e0gines que ofereixen recursos gratu\u00efts perqu\u00e8 pogueu passar-ho millor els dies que estiguem a casa!<\/p>\n<p><a href=\"https:\/\/biblioteques.gencat.cat\/ca\/biblioteques\/catalegs\/eBiblio\/\"><span style=\"text-decoration: underline;\">eBiblioCat<\/span><\/a>: Plataforma de pr\u00e9stec de llibres per a tots els usuaris de les biblioteques p\u00fabliques de Catalunya. Tamb\u00e9 tenen pel\u00b7l\u00edcules.<\/p>\n<p><a href=\"https:\/\/www.bebesymas.com\/libros-infantiles\/quedate-casa-100-libros-electronicos-gratis-ninos-lean-durante-cuarentena\">M\u00e9s de 100 llibres electr\u00f2nics en castell\u00e0 perqu\u00e8 els nens i nenes llegeixin a casa.<\/a><\/p>\n<p>&nbsp;<\/p>\n<p>&nbsp;<\/p>\n","protected":false},"excerpt":{"rendered":"<p>&nbsp;<br \/>\n&nbsp;<br \/>\n&nbsp;<br \/>\n&nbsp;<br \/>\n&nbsp;<br \/>\n&nbsp;<br \/>\n<a id=\"semblaria\"><\/a>Que us semblaria anar de col\u00f2nies sense sortir de casa??<br \/>\nRosa dels Vents, aprofitant que totes les fam\u00edlies han d&#8217;estar confinades a casa, ha creat unes col\u00f2nies a domicili!!<br \/>\nHan preparat una planificaci\u00f3 d&#8217;activitats per tot el dia, pels nens i nenes i tamb\u00e9 per a&hellip;  <a href=\"https:\/\/agora.xtec.cat\/escolaespronceda\/altres-recursos\/\" title=\"Read Altres Recursos\">Llegeix m\u00e9s\u00bb<\/a><\/p>\n","protected":false},"author":1,"featured_media":0,"parent":0,"menu_order":0,"comment_status":"closed","ping_status":"closed","template":"","meta":{"_bbp_topic_count":0,"_bbp_reply_count":0,"_bbp_total_topic_count":0,"_bbp_total_reply_count":0,"_bbp_voice_count":0,"_bbp_anonymous_reply_count":0,"_bbp_topic_count_hidden":0,"_bbp_reply_count_hidden":0,"_bbp_forum_subforum_count":0,"footnotes":""},"class_list":["post-4786","page","type-page","status-publish","hentry"],"post_mailing_queue_ids":[],"_links":{"self":[{"href":"https:\/\/agora.xtec.cat\/escolaespronceda\/wp-json\/wp\/v2\/pages\/4786","targetHints":{"allow":["GET"]}}],"collection":[{"href":"https:\/\/agora.xtec.cat\/escolaespronceda\/wp-json\/wp\/v2\/pages"}],"about":[{"href":"https:\/\/agora.xtec.cat\/escolaespronceda\/wp-json\/wp\/v2\/types\/page"}],"author":[{"embeddable":true,"href":"https:\/\/agora.xtec.cat\/escolaespronceda\/wp-json\/wp\/v2\/users\/1"}],"replies":[{"embeddable":true,"href":"https:\/\/agora.xtec.cat\/escolaespronceda\/wp-json\/wp\/v2\/comments?post=4786"}],"version-history":[{"count":3,"href":"https:\/\/agora.xtec.cat\/escolaespronceda\/wp-json\/wp\/v2\/pages\/4786\/revisions"}],"predecessor-version":[{"id":4875,"href":"https:\/\/agora.xtec.cat\/escolaespronceda\/wp-json\/wp\/v2\/pages\/4786\/revisions\/4875"}],"wp:attachment":[{"href":"https:\/\/agora.xtec.cat\/escolaespronceda\/wp-json\/wp\/v2\/media?parent=4786"}],"curies":[{"name":"wp","href":"https:\/\/api.w.org\/{rel}","templated":true}]}}