{"id":4767,"date":"2020-03-24T16:30:13","date_gmt":"2020-03-24T15:30:13","guid":{"rendered":"http:\/\/agora.xtec.cat\/escolaespronceda\/?page_id=4767"},"modified":"2020-04-01T00:35:07","modified_gmt":"2020-03-31T22:35:07","slug":"recursos-segon","status":"publish","type":"page","link":"https:\/\/agora.xtec.cat\/escolaespronceda\/recursos-segon\/","title":{"rendered":"Recursos Segon"},"content":{"rendered":"<div style=\"width: 100%;\">\n<div style=\"position: relative; padding-bottom: 56.25%; padding-top: 0; height: 0;\"><iframe loading=\"lazy\" src=\"https:\/\/view.genial.ly\/5e7dba552e1d9a0e08970675\" width=\"1200px\" height=\"675px\" frameborder=\"0\" data-mce-fragment=\"1\"><\/iframe><\/div>\n<\/div>\n<p>&nbsp;<\/p>\n<p>&nbsp;<\/p>\n<p>&nbsp;<\/p>\n<p>&nbsp;<\/p>\n<p>&nbsp;<\/p>\n<p>&nbsp;<\/p>\n<p><span style=\"text-decoration: underline;\"><strong><a id=\"llengua\"><\/a>LLENGUA<\/strong><\/span><\/p>\n<p>Per practicar l\u2019<b><i>expressi\u00f3 escrita<\/i><\/b>, us proposem que agafeu un full o llibreta i escriviu dues o tres frases sobre qu\u00e8 feu durant el dia. Us poso algun exemple:<\/p>\n<p>* Avui he cantat la can\u00e7\u00f3 de\u2026\u2026\u2026\u2026. amb els meus germans i els meus pares.<\/p>\n<p>* Avui he menjat\u2026<\/p>\n<p>* Avui he jugat\u2026..<\/p>\n<p>*\u2026\u2026.<\/p>\n<p>Cada dia afegiu al full o llibreta dues o tres frases m\u00e9s. Recordeu de fer bona lletra.<\/p>\n<p>\u25aa <strong>Fem descripcions? <\/strong><\/p>\n<p>Podr\u00edeu descriure la mare, el pare, l\u2019\u00e0via, la germana, el germ\u00e0&#8230;<\/p>\n<p>Recordeu com ho f\u00e8iem: de dalt a baix, primer la cara i despr\u00e9s el cos i com va vestit\/da.<\/p>\n<p>\u25aa <strong>Continueu escrivint les vostres hist\u00f2ries<\/strong><\/p>\n<p>\u25aa Tamb\u00e9 podr\u00edeu fer <strong>la llista de la compra<\/strong>. Escriviu quins aliments necessitar\u00edeu per fer una recepta, un men\u00fa saludable, un esmorzar divertit&#8230;Si us animeu, podeu fer la recepta!<\/p>\n<p>&nbsp;<\/p>\n<p><span style=\"text-decoration: underline;\"><b><i><a id=\"lectora\"><\/a>Comprensi\u00f3 lectora i PAPIROFL\u00c8XIA<\/i><\/b><\/span><\/p>\n<p>Aqu\u00ed teniu uns textos instructius. Agafeu paper i seguiu les instruccions. Els podeu fer en paper blanc.\u00a0<b>Si voleu envieu-nos fotos del resultat.\u00a0<\/b><\/p>\n<p><b>TEXT 1:<\/b><\/p>\n<p><b>Instruccions per fer un GAT de paper:<\/b><\/p>\n<p><b>AGAFA UN PAPER QUADRAT<\/b><\/p>\n<ol>\n<li>Doblega el quadrat per la meitat.<\/li>\n<li>Torna a doblegar per marcar la l\u00ednia central i desdobla.<\/li>\n<li>Doblega les dues puntes cap a dalt,\u00a0per\u00f2 fixa\u2019t que no es dobleguen en l\u00ednia recta.<\/li>\n<li>Doblega el pic cap a baix.<\/li>\n<li>D\u00f3na-li la volta.<\/li>\n<li>Dibuixa la cara del teu gat.<\/li>\n<\/ol>\n<p><a href=\"https:\/\/agora.xtec.cat\/ceipsallaresipla\/wp-content\/uploads\/usu69\/2020\/03\/gat.jpg\"><img loading=\"lazy\" decoding=\"async\" class=\"alignnone wp-image-1758\" src=\"https:\/\/agora.xtec.cat\/ceipsallaresipla\/wp-content\/uploads\/usu69\/2020\/03\/gat.jpg\" alt=\"\" width=\"260\" height=\"332\" \/><\/a><\/p>\n<p>&nbsp;<\/p>\n<p><b>TEXT 2<\/b><\/p>\n<p><b>Instruccions per fer un gos:<\/b><\/p>\n<ol>\n<li>Doblega el paper per la meitat.<\/li>\n<li>Torna a doblegar per la meitat per marcar\u00a0la l\u00ednia i desdobla.<\/li>\n<li>Doblega les dues l\u00ednies cap a baix.<\/li>\n<li>Doblega la punta cap a dalt.<\/li>\n<li>Ara, doblega l\u2019altra punta cap a dalt.<\/li>\n<li>Dibuixa la cara del teu gos.<\/li>\n<\/ol>\n<p><a href=\"https:\/\/agora.xtec.cat\/ceipsallaresipla\/wp-content\/uploads\/usu69\/2020\/03\/gos.png\"><img loading=\"lazy\" decoding=\"async\" class=\"alignnone wp-image-1757\" src=\"https:\/\/agora.xtec.cat\/ceipsallaresipla\/wp-content\/uploads\/usu69\/2020\/03\/gos.png\" alt=\"\" width=\"293\" height=\"374\" \/><\/a><\/p>\n<p>&nbsp;<\/p>\n<p><b>TEXT 3<\/b><\/p>\n<p><b>Como hacer un comecoco:<\/b><\/p>\n<p><a href=\"https:\/\/agora.xtec.cat\/ceipsallaresipla\/wp-content\/uploads\/usu69\/2020\/03\/comecocos.png\"><img loading=\"lazy\" decoding=\"async\" class=\"alignnone wp-image-1756\" src=\"https:\/\/agora.xtec.cat\/ceipsallaresipla\/wp-content\/uploads\/usu69\/2020\/03\/comecocos.png\" sizes=\"auto, (max-width: 358px) 100vw, 358px\" srcset=\"https:\/\/agora.xtec.cat\/ceipsallaresipla\/wp-content\/uploads\/usu69\/2020\/03\/comecocos.png 309w, https:\/\/agora.xtec.cat\/ceipsallaresipla\/wp-content\/uploads\/usu69\/2020\/03\/comecocos-190x300.png 190w\" alt=\"\" width=\"358\" height=\"565\" \/><\/a>\u00a0<a href=\"https:\/\/agora.xtec.cat\/ceipsallaresipla\/wp-content\/uploads\/usu69\/2020\/03\/comecocos2.png\"><img loading=\"lazy\" decoding=\"async\" class=\"alignnone wp-image-1755\" src=\"https:\/\/agora.xtec.cat\/ceipsallaresipla\/wp-content\/uploads\/usu69\/2020\/03\/comecocos2.png\" sizes=\"auto, (max-width: 749px) 100vw, 749px\" srcset=\"https:\/\/agora.xtec.cat\/ceipsallaresipla\/wp-content\/uploads\/usu69\/2020\/03\/comecocos2.png 416w, https:\/\/agora.xtec.cat\/ceipsallaresipla\/wp-content\/uploads\/usu69\/2020\/03\/comecocos2-300x225.png 300w, https:\/\/agora.xtec.cat\/ceipsallaresipla\/wp-content\/uploads\/usu69\/2020\/03\/comecocos2-200x150.png 200w\" alt=\"\" width=\"749\" height=\"562\" \/><\/a><\/p>\n<p><b>TEXT 4<\/b><\/p>\n<p><b>Como hacer un barquito de papel:<\/b><\/p>\n<p><a href=\"https:\/\/agora.xtec.cat\/ceipsallaresipla\/wp-content\/uploads\/usu69\/2020\/03\/barquito.png\"><img loading=\"lazy\" decoding=\"async\" class=\"alignnone size-full wp-image-1754\" src=\"https:\/\/agora.xtec.cat\/ceipsallaresipla\/wp-content\/uploads\/usu69\/2020\/03\/barquito.png\" sizes=\"auto, (max-width: 567px) 100vw, 567px\" srcset=\"https:\/\/agora.xtec.cat\/ceipsallaresipla\/wp-content\/uploads\/usu69\/2020\/03\/barquito.png 567w, https:\/\/agora.xtec.cat\/ceipsallaresipla\/wp-content\/uploads\/usu69\/2020\/03\/barquito-203x300.png 203w\" alt=\"\" width=\"567\" height=\"836\" \/><\/a><\/p>\n<p><strong><span style=\"text-decoration: underline;\"><a id=\"ang\"><\/a>ANGL\u00c8S<\/span><\/strong><a href=\"https:\/\/agora.xtec.cat\/ceipsallaresipla\/wp-content\/uploads\/usu69\/2020\/03\/barquito.png\"><br \/>\n<\/a><\/p>\n<p><iframe loading=\"lazy\" src=\"https:\/\/agora.xtec.cat\/escolaespronceda\/wp-content\/uploads\/usu1464\/2020\/03\/English-3-CI.pdf\" width=\"800\" height=\"700\"><span data-mce-type=\"bookmark\" style=\"display: inline-block; width: 0px; overflow: hidden; line-height: 0;\" class=\"mce_SELRES_start\">\ufeff<\/span><span data-mce-type=\"bookmark\" style=\"display: inline-block; width: 0px; overflow: hidden; line-height: 0;\" class=\"mce_SELRES_start\">\ufeff<\/span><span data-mce-type=\"bookmark\" style=\"display: inline-block; width: 0px; overflow: hidden; line-height: 0;\" class=\"mce_SELRES_start\">\ufeff<\/span><span data-mce-type=\"bookmark\" style=\"display: inline-block; width: 0px; overflow: hidden; line-height: 0;\" class=\"mce_SELRES_start\">\ufeff<\/span><\/iframe><\/p>\n<p>Activitats online Oxford University Press:\u00a0\u00a0<a href=\"https:\/\/elt.oup.com\/student\/oupeprimary\/?cc=global&amp;selLanguage=en\">https:\/\/elt.oup.com\/student\/oupeprimary\/?cc=global&amp;selLanguage=en<\/a><\/p>\n<p>&nbsp;<\/p>\n<p><span style=\"text-decoration: underline;\"><b><a id=\"sica\"><\/a>M\u00daSICA<\/b><\/span><\/p>\n<ul>\n<li>\u00a0 \u00a0 \u00a0 \u00a0 L\u2019hora de fer m\u00fasica:\u00a0<a href=\"https:\/\/www.youtube.com\/watch?v=UwZfD0rjeVk\">https:\/\/www.youtube.com\/watch?v=UwZfD0rjeVk<\/a><\/li>\n<li>\u00a0 \u00a0 \u00a0 \u00a0\u00a0Hola com est\u00e0s:\u00a0<a href=\"https:\/\/www.youtube.com\/watch?v=HTiuEKip51s\">https:\/\/www.youtube.com\/watch?v=HTiuEKip51s<\/a><\/li>\n<li>\u00a0 \u00a0 \u00a0 \u00a0\u00a0La petita Granoteta:\u00a0<a href=\"https:\/\/www.youtube.com\/watch?v=S_VKhGMbD3A\">https:\/\/www.youtube.com\/watch?v=S_VKhGMbD3A<\/a><\/li>\n<li>\u00a0 \u00a0 \u00a0 \u00a0\u00a0Lent \u2013 de pressa:<a href=\"https:\/\/www.youtube.com\/watch?v=4ZMdIGMSdVw\">\u00a0https:\/\/www.youtube.com\/watch?v=4ZMdIGMSdVw<\/a><\/li>\n<li>\u00a0 \u00a0 \u00a0 \u00a0\u00a0El cervat\u00f3:\u00a0<a href=\"https:\/\/www.youtube.com\/watch?v=oh-GyAUCIu4\">https:\/\/www.youtube.com\/watch?v=oh-GyAUCIu4<\/a><\/li>\n<li>\u00a0 \u00a0 \u00a0 \u00a0\u00a0Silenci:<a href=\"https:\/\/www.youtube.com\/watch?v=3W7TXNHTSw8\">\u00a0https:\/\/www.youtube.com\/watch?v=3W7TXNHTSw8<\/a><\/li>\n<li>\u00a0 \u00a0 \u00a0 \u00a0\u00a0Molt ensiam:\u00a0<a href=\"https:\/\/www.youtube.com\/watch?v=yca35HFddcI\">https:\/\/www.youtube.com\/watch?v=yca35HFddcI<\/a><\/li>\n<li>\u00a0 \u00a0 \u00a0 \u00a0\u00a0Lleg\u00f3 la vuelta al cole:<a href=\"https:\/\/www.youtube.com\/watch?v=pO1XmcGDiK4\">\u00a0https:\/\/www.youtube.com\/watch?v=pO1XmcGDiK4<\/a><\/li>\n<li>\u00a0 \u00a0 \u00a0 \u00a0\u00a0Maracuy\u00e1:\u00a0<a href=\"https:\/\/www.youtube.com\/watch?v=b-MsJ302vcI\">https:\/\/www.youtube.com\/watch?v=b-MsJ302vcI<\/a><\/li>\n<li>\u00a0 \u00a0 \u00a0 \u00a0\u00a0He fet un ninot de neu:\u00a0<a href=\"https:\/\/www.youtube.com\/watch?v=MX0RL42-d5I\">https:\/\/www.youtube.com\/watch?v=MX0RL42-d5I<\/a><\/li>\n<\/ul>\n<p><a href=\"https:\/\/agora.xtec.cat\/ceipsallaresipla\/wp-content\/uploads\/usu69\/2020\/03\/barquito.png\">\u00a0<\/a><\/p>\n<p><span style=\"text-decoration: underline;\">DANSES:<\/span><\/p>\n<ul>\n<li>\u00a0 \u00a0 \u00a0 \u00a0\u00a0Cap panxa genolls i peus:<a href=\"https:\/\/www.youtube.com\/watch?v=byuDZIj5G3k&amp;t=2s\">\u00a0https:\/\/www.youtube.com\/watch?v=byuDZIj5G3k&amp;t=2s<\/a><\/li>\n<li>\u00a0 \u00a0 \u00a0 \u00a0\u00a0Pugem al tren:<a href=\"https:\/\/www.youtube.com\/watch?v=0OqirOKX1js\">\u00a0https:\/\/www.youtube.com\/watch?v=0OqirOKX1js<\/a><\/li>\n<li>\u00a0 \u00a0 \u00a0 \u00a0\u00a0Fluix i fort:<a href=\"https:\/\/www.youtube.com\/watch?v=Mfh6dMySREE\">\u00a0https:\/\/www.youtube.com\/watch?v=Mfh6dMySREE<\/a><\/li>\n<li>\u00a0 \u00a0 \u00a0 \u00a0\u00a0Ball de spaguetti:<a href=\"http:\/\/musicaginesta.blogspot.com\/2012\/02\/el-ball-de-lespaguetti.html\">\u00a0http:\/\/musicaginesta.blogspot.com\/2012\/02\/el-ball-de-lespaguetti.html<\/a><\/li>\n<\/ul>\n<p>&nbsp;<\/p>\n<p>ALTRES ACTIVITATS:<\/p>\n<ul>\n<li>Conte Mercat Persa:<a href=\"https:\/\/www.youtube.com\/watch?v=4sVFtYOSDtQ\">\u00a0https:\/\/www.youtube.com\/watch?v=4sVFtYOSDtQ<\/a><\/li>\n<\/ul>\n<p>M\u00fasica Mercat Persa:\u00a0<a href=\"https:\/\/www.youtube.com\/watch?v=me7WzhD2sVQ\">https:\/\/www.youtube.com\/watch?v=me7WzhD2sVQ<\/a><\/p>\n<ul>\n<li>\u00a0 \u00a0 \u00a0 \u00a0\u00a0Chrome Music Lab: 12 experiments relacionats amb el ritme, la melodia, els acords o l\u2019harmonia. No \u00e9s una app. \u00c9s una aplicaci\u00f3 que funciona directament des de Chrome, el navegador de Google. T\u2019encantar\u00e0!<\/li>\n<\/ul>\n<p><a href=\"https:\/\/musiclab.chromeexperiments.com\/\">https:\/\/musiclab.chromeexperiments.com\/<\/a><\/p>\n<p>&nbsp;<\/p>\n<p><span style=\"text-decoration: underline;\"><b><a id=\"mate\"><\/a>MATEM\u00c0TIQUES<\/b><\/span><\/p>\n<p><iframe loading=\"lazy\" src=\"https:\/\/agora.xtec.cat\/escolaespronceda\/wp-content\/uploads\/usu1464\/2020\/04\/Comunicaci\u00f3-fam\u00edlies-1.pdf\" width=\"800\" height=\"700\"><span data-mce-type=\"bookmark\" style=\"display: inline-block; width: 0px; overflow: hidden; line-height: 0;\" class=\"mce_SELRES_start\">\ufeff<\/span><span data-mce-type=\"bookmark\" style=\"display: inline-block; width: 0px; overflow: hidden; line-height: 0;\" class=\"mce_SELRES_start\">\ufeff<\/span><\/iframe><br \/>\nUs podeu descarregar l\u2019<strong>app BMATH<\/strong>, hi ha activitats que poden fer els vostres fills i filles sols. Comencen amb activitats f\u00e0cils i poc a poc van agmentant la dificultat.<\/p>\n<p><a href=\"https:\/\/play.google.com\/store\/apps\/details?id=com.innovamat.bmath&amp;hl=es\"><img loading=\"lazy\" decoding=\"async\" class=\"alignnone wp-image-1788 size-medium\" src=\"https:\/\/agora.xtec.cat\/ceipsallaresipla\/wp-content\/uploads\/usu69\/2020\/03\/bmath-app-300x251.png\" sizes=\"auto, (max-width: 300px) 100vw, 300px\" srcset=\"https:\/\/agora.xtec.cat\/ceipsallaresipla\/wp-content\/uploads\/usu69\/2020\/03\/bmath-app-300x250.png 300w, https:\/\/agora.xtec.cat\/ceipsallaresipla\/wp-content\/uploads\/usu69\/2020\/03\/bmath-app.png 710w\" alt=\"\" width=\"300\" height=\"251\" \/><\/a><\/p>\n<p>\u25aa Recordeu que podeu continuar practicant les operacions de <strong>sumes i restes <\/strong>semblants a les que us vam enviar en l\u2019\u00faltim correu.<\/p>\n","protected":false},"excerpt":{"rendered":"<p>&nbsp;<br \/>\n&nbsp;<br \/>\n&nbsp;<br \/>\n&nbsp;<br \/>\n&nbsp;<br \/>\n&nbsp;<br \/>\n<a id=\"llengua\"><\/a>LLENGUA<br \/>\nPer practicar l\u2019expressi\u00f3 escrita, us proposem que agafeu un full o llibreta i escriviu dues o tres frases sobre qu\u00e8 feu durant el dia. Us poso algun exemple:<br \/>\n* Avui he cantat la can\u00e7\u00f3 de\u2026\u2026\u2026\u2026. amb els meus germans i els meus pares.<br \/>\n* Avui he&hellip;  <a href=\"https:\/\/agora.xtec.cat\/escolaespronceda\/recursos-segon\/\" title=\"Read Recursos Segon\">Llegeix m\u00e9s\u00bb<\/a><\/p>\n","protected":false},"author":1,"featured_media":0,"parent":0,"menu_order":0,"comment_status":"closed","ping_status":"closed","template":"","meta":{"_bbp_topic_count":0,"_bbp_reply_count":0,"_bbp_total_topic_count":0,"_bbp_total_reply_count":0,"_bbp_voice_count":0,"_bbp_anonymous_reply_count":0,"_bbp_topic_count_hidden":0,"_bbp_reply_count_hidden":0,"_bbp_forum_subforum_count":0,"footnotes":""},"class_list":["post-4767","page","type-page","status-publish","hentry"],"post_mailing_queue_ids":[],"_links":{"self":[{"href":"https:\/\/agora.xtec.cat\/escolaespronceda\/wp-json\/wp\/v2\/pages\/4767","targetHints":{"allow":["GET"]}}],"collection":[{"href":"https:\/\/agora.xtec.cat\/escolaespronceda\/wp-json\/wp\/v2\/pages"}],"about":[{"href":"https:\/\/agora.xtec.cat\/escolaespronceda\/wp-json\/wp\/v2\/types\/page"}],"author":[{"embeddable":true,"href":"https:\/\/agora.xtec.cat\/escolaespronceda\/wp-json\/wp\/v2\/users\/1"}],"replies":[{"embeddable":true,"href":"https:\/\/agora.xtec.cat\/escolaespronceda\/wp-json\/wp\/v2\/comments?post=4767"}],"version-history":[{"count":3,"href":"https:\/\/agora.xtec.cat\/escolaespronceda\/wp-json\/wp\/v2\/pages\/4767\/revisions"}],"predecessor-version":[{"id":5079,"href":"https:\/\/agora.xtec.cat\/escolaespronceda\/wp-json\/wp\/v2\/pages\/4767\/revisions\/5079"}],"wp:attachment":[{"href":"https:\/\/agora.xtec.cat\/escolaespronceda\/wp-json\/wp\/v2\/media?parent=4767"}],"curies":[{"name":"wp","href":"https:\/\/api.w.org\/{rel}","templated":true}]}}