{"id":26,"date":"2014-09-18T12:24:32","date_gmt":"2014-09-18T10:24:32","guid":{"rendered":"http:\/\/agora.xtec.cat\/escolaespronceda\/?page_id=26"},"modified":"2025-01-27T10:02:34","modified_gmt":"2025-01-27T09:02:34","slug":"historia","status":"publish","type":"page","link":"https:\/\/agora.xtec.cat\/escolaespronceda\/pagines-dinici\/lescola\/historia\/","title":{"rendered":"Hist\u00f2ria"},"content":{"rendered":"<p>L\u2019escola Espronceda, porta el mateix nom del barri a on s\u2019ubica. El barri d\u2019Espronceda va n\u00e9ixer a finals de la d\u00e8cada del 1950. Els terrenys a on actualment s\u2019alcen totes les vivendes del barri, estaven ocupats per camps de cultiu, sobretot de blat de moro, alfals i cibada, aix\u00ed com de terres per pastura que pertanyien a diferents propietaris. Quan va n\u00e9ixer el barri, nom\u00e9s hi havia tres cases i dos magatzems.La construcci\u00f3 del barri amb noves vivendes, va donar lloc a la necessitat de construcci\u00f3 d\u2019una escola. Les obres de l\u2019escola Espronceda van finalitzar a l\u2019octubre de 1967, sota el nom Colegio Nacional Espronceda.<\/p>\n<p><a href=\"https:\/\/agora.xtec.cat\/escolaespronceda\/wp-content\/uploads\/usu1464\/2025\/01\/espronceda_png.png\"><img loading=\"lazy\" decoding=\"async\" class=\"alignnone size-full wp-image-10453\" src=\"https:\/\/agora.xtec.cat\/escolaespronceda\/wp-content\/uploads\/usu1464\/2025\/01\/espronceda_png.png\" alt=\"\" width=\"566\" height=\"254\" srcset=\"https:\/\/agora.xtec.cat\/escolaespronceda\/wp-content\/uploads\/usu1464\/2025\/01\/espronceda_png.png 566w, https:\/\/agora.xtec.cat\/escolaespronceda\/wp-content\/uploads\/usu1464\/2025\/01\/espronceda_png-300x135.png 300w\" sizes=\"auto, (max-width: 566px) 100vw, 566px\" \/><\/a><\/p>\n<p>A l\u2019any 2017, l\u2019escola va celebrar el seu 50\u00e8 aniversari. Es van fer diferents activitats. Aqu\u00ed teniu un <a href=\"https:\/\/agora.xtec.cat\/escolaespronceda\/general\/celebracio-dels-50-anys-de-lescola\/\">recull d\u2019aquell dia<\/a>.<\/p>\n<p>L\u2019origen del nom d\u2019Espronceda, prov\u00e9 del poeta i revolucionari espanyol, nascut a Almendralejo, Espanya, al 1808. El nom complet d\u2019aquest poeta \u00e9s Jos\u00e9 Ignacio Javier de Espronceda. Un dels poemes m\u00e9s destacats i treballats a les aules, \u00e9s l\u2019anomenat La can\u00e7\u00f3 del pirata. Aquest poema fa un homenatge al car\u00e0cter des pirates, al seu mode de vida i a la seva passi\u00f3 per la natura i la llibertat. Va morir jove, al 1842 a Madrid, amb nom\u00e9s 34 anys d\u2019edat.<\/p>\n","protected":false},"excerpt":{"rendered":"<p>L\u2019escola Espronceda, porta el mateix nom del barri a on s\u2019ubica. El barri d\u2019Espronceda va n\u00e9ixer a finals de la d\u00e8cada del 1950. Els terrenys a on actualment s\u2019alcen totes les vivendes del barri, estaven ocupats per camps de cultiu, sobretot de blat de moro,&hellip;  <a href=\"https:\/\/agora.xtec.cat\/escolaespronceda\/pagines-dinici\/lescola\/historia\/\" title=\"Read Hist\u00f2ria\">Llegeix m\u00e9s\u00bb<\/a><\/p>\n","protected":false},"author":1,"featured_media":0,"parent":22,"menu_order":20,"comment_status":"closed","ping_status":"closed","template":"","meta":{"_bbp_topic_count":0,"_bbp_reply_count":0,"_bbp_total_topic_count":0,"_bbp_total_reply_count":0,"_bbp_voice_count":0,"_bbp_anonymous_reply_count":0,"_bbp_topic_count_hidden":0,"_bbp_reply_count_hidden":0,"_bbp_forum_subforum_count":0,"footnotes":""},"class_list":["post-26","page","type-page","status-publish","hentry"],"post_mailing_queue_ids":[],"_links":{"self":[{"href":"https:\/\/agora.xtec.cat\/escolaespronceda\/wp-json\/wp\/v2\/pages\/26","targetHints":{"allow":["GET"]}}],"collection":[{"href":"https:\/\/agora.xtec.cat\/escolaespronceda\/wp-json\/wp\/v2\/pages"}],"about":[{"href":"https:\/\/agora.xtec.cat\/escolaespronceda\/wp-json\/wp\/v2\/types\/page"}],"author":[{"embeddable":true,"href":"https:\/\/agora.xtec.cat\/escolaespronceda\/wp-json\/wp\/v2\/users\/1"}],"replies":[{"embeddable":true,"href":"https:\/\/agora.xtec.cat\/escolaespronceda\/wp-json\/wp\/v2\/comments?post=26"}],"version-history":[{"count":5,"href":"https:\/\/agora.xtec.cat\/escolaespronceda\/wp-json\/wp\/v2\/pages\/26\/revisions"}],"predecessor-version":[{"id":10512,"href":"https:\/\/agora.xtec.cat\/escolaespronceda\/wp-json\/wp\/v2\/pages\/26\/revisions\/10512"}],"up":[{"embeddable":true,"href":"https:\/\/agora.xtec.cat\/escolaespronceda\/wp-json\/wp\/v2\/pages\/22"}],"wp:attachment":[{"href":"https:\/\/agora.xtec.cat\/escolaespronceda\/wp-json\/wp\/v2\/media?parent=26"}],"curies":[{"name":"wp","href":"https:\/\/api.w.org\/{rel}","templated":true}]}}