{"id":10469,"date":"2025-01-27T09:14:13","date_gmt":"2025-01-27T08:14:13","guid":{"rendered":"https:\/\/agora.xtec.cat\/escolaespronceda\/?page_id=10469"},"modified":"2026-01-14T13:04:23","modified_gmt":"2026-01-14T12:04:23","slug":"informatica","status":"publish","type":"page","link":"https:\/\/agora.xtec.cat\/escolaespronceda\/informatica\/","title":{"rendered":"Aula MAKER+"},"content":{"rendered":"\r\n\t<div class=\"slideshow_container slideshow_container_style-light\" style=\"height: 500px; \" data-slideshow-id=\"10497\" data-style-name=\"style-light\" data-style-version=\"2.3.1\" >\r\n\r\n\t\t\t\t\t<div class=\"slideshow_loading_icon\"><\/div>\r\n\t\t\r\n\t\t<div class=\"slideshow_content\" style=\"display: none;\">\r\n\r\n\t\t\t<div class=\"slideshow_view\">\r\n\t\t\t\t<div class=\"slideshow_slide slideshow_slide_image\">\r\n\t\t\t\t\t\t\t\t\t\t\t<img src=\"https:\/\/agora.xtec.cat\/escolaespronceda\/wp-content\/uploads\/usu1464\/2025\/01\/photo_2025-01-27_09-45-01-4.jpg\" alt=\"photo_2025-01-27_09-45-01 (4)\" width=\"1280\" height=\"720\" \/>\r\n\t\t\t\t\t\t\t\t\t\t<div class=\"slideshow_description_box slideshow_transparent\">\r\n\t\t\t\t\t\t<div class=\"slideshow_title\">photo_2025-01-27_09-45-01 (4)<\/div>\t\t\t\t\t\t\t\t\t\t\t<\/div>\r\n\t\t\t\t<\/div>\r\n\r\n\t\t\t\t\t\t<div style=\"clear: both;\"><\/div><\/div><div class=\"slideshow_view\">\r\n\t\t\t\t<div class=\"slideshow_slide slideshow_slide_image\">\r\n\t\t\t\t\t\t\t\t\t\t\t<img src=\"https:\/\/agora.xtec.cat\/escolaespronceda\/wp-content\/uploads\/usu1464\/2026\/01\/brodadora-digital.jpg\" alt=\"brodadora digital\" width=\"1280\" height=\"720\" \/>\r\n\t\t\t\t\t\t\t\t\t\t<div class=\"slideshow_description_box slideshow_transparent\">\r\n\t\t\t\t\t\t<div class=\"slideshow_title\">brodadora digital<\/div>\t\t\t\t\t\t\t\t\t\t\t<\/div>\r\n\t\t\t\t<\/div>\r\n\r\n\t\t\t\t\t\t<div style=\"clear: both;\"><\/div><\/div><div class=\"slideshow_view\">\r\n\t\t\t\t<div class=\"slideshow_slide slideshow_slide_image\">\r\n\t\t\t\t\t\t\t\t\t\t\t<img src=\"https:\/\/agora.xtec.cat\/escolaespronceda\/wp-content\/uploads\/usu1464\/2026\/01\/3d.jpg\" alt=\"3d\" width=\"1280\" height=\"720\" \/>\r\n\t\t\t\t\t\t\t\t\t\t<div class=\"slideshow_description_box slideshow_transparent\">\r\n\t\t\t\t\t\t<div class=\"slideshow_title\">3d<\/div>\t\t\t\t\t\t\t\t\t\t\t<\/div>\r\n\t\t\t\t<\/div>\r\n\r\n\t\t\t\t\t\t<div style=\"clear: both;\"><\/div><\/div><div class=\"slideshow_view\">\r\n\t\t\t\t<div class=\"slideshow_slide slideshow_slide_image\">\r\n\t\t\t\t\t\t\t\t\t\t\t<img src=\"https:\/\/agora.xtec.cat\/escolaespronceda\/wp-content\/uploads\/usu1464\/2026\/01\/talladora.jpg\" alt=\"talladora\" width=\"1280\" height=\"720\" \/>\r\n\t\t\t\t\t\t\t\t\t\t<div class=\"slideshow_description_box slideshow_transparent\">\r\n\t\t\t\t\t\t<div class=\"slideshow_title\">talladora<\/div>\t\t\t\t\t\t\t\t\t\t\t<\/div>\r\n\t\t\t\t<\/div>\r\n\r\n\t\t\t\t\t\t<div style=\"clear: both;\"><\/div><\/div><div class=\"slideshow_view\">\r\n\t\t\t\t<div class=\"slideshow_slide slideshow_slide_image\">\r\n\t\t\t\t\t\t\t\t\t\t\t<img src=\"https:\/\/agora.xtec.cat\/escolaespronceda\/wp-content\/uploads\/usu1464\/2026\/01\/cricut.jpg\" alt=\"cricut\" width=\"1280\" height=\"720\" \/>\r\n\t\t\t\t\t\t\t\t\t\t<div class=\"slideshow_description_box slideshow_transparent\">\r\n\t\t\t\t\t\t<div class=\"slideshow_title\">cricut<\/div>\t\t\t\t\t\t\t\t\t\t\t<\/div>\r\n\t\t\t\t<\/div>\r\n\r\n\t\t\t\t\t\t<div style=\"clear: both;\"><\/div><\/div><div class=\"slideshow_view\">\r\n\t\t\t\t<div class=\"slideshow_slide slideshow_slide_image\">\r\n\t\t\t\t\t\t\t\t\t\t\t<img src=\"https:\/\/agora.xtec.cat\/escolaespronceda\/wp-content\/uploads\/usu1464\/2026\/01\/robotica.jpg\" alt=\"robotica\" width=\"1280\" height=\"720\" \/>\r\n\t\t\t\t\t\t\t\t\t\t<div class=\"slideshow_description_box slideshow_transparent\">\r\n\t\t\t\t\t\t<div class=\"slideshow_title\">robotica<\/div>\t\t\t\t\t\t\t\t\t\t\t<\/div>\r\n\t\t\t\t<\/div>\r\n\r\n\t\t\t\t\t\t<div style=\"clear: both;\"><\/div><\/div><div class=\"slideshow_view\">\r\n\t\t\t\t<div class=\"slideshow_slide slideshow_slide_image\">\r\n\t\t\t\t\t\t\t\t\t\t\t<img src=\"https:\/\/agora.xtec.cat\/escolaespronceda\/wp-content\/uploads\/usu1464\/2025\/01\/photo_2025-01-27_09-45-01.jpg\" alt=\"photo_2025-01-27_09-45-01\" width=\"1280\" height=\"720\" \/>\r\n\t\t\t\t\t\t\t\t\t\t<div class=\"slideshow_description_box slideshow_transparent\">\r\n\t\t\t\t\t\t<div class=\"slideshow_title\">photo_2025-01-27_09-45-01<\/div>\t\t\t\t\t\t\t\t\t\t\t<\/div>\r\n\t\t\t\t<\/div>\r\n\r\n\t\t\t\t\t\t<div style=\"clear: both;\"><\/div><\/div>\r\n\t\t<\/div>\r\n\r\n\t\t<div class=\"slideshow_controlPanel slideshow_transparent\" style=\"display: none;\"><ul><li class=\"slideshow_togglePlay\" data-play-text=\"Visualitza\" data-pause-text=\"Pausa\"><\/li><\/ul><\/div>\r\n\r\n\t\t<div class=\"slideshow_button slideshow_previous slideshow_transparent\" role=\"button\" data-previous-text=\"Anterior\" style=\"display: none;\"><\/div>\r\n\t\t<div class=\"slideshow_button slideshow_next slideshow_transparent\" role=\"button\" data-next-text=\"Seg\u00fcent\" style=\"display: none;\"><\/div>\r\n\r\n\t\t<div class=\"slideshow_pagination\" style=\"display: none;\" data-go-to-text=\"V\u00e9s a la diapositiva\"><div class=\"slideshow_pagination_center\"><\/div><\/div>\r\n\r\n\t\t<!-- WordPress Slideshow Version 2.3.1 -->\r\n\r\n\t\t\t<\/div>\r\n\r\n\n<p data-start=\"42\" data-end=\"355\"><strong data-start=\"42\" data-end=\"59\">L\u2019Aula MAKER+<\/strong> \u00e9s un espai d\u2019aprenentatge actiu i innovador dissenyat per potenciar la creativitat, el pensament cr\u00edtic i la resoluci\u00f3 de problemes a trav\u00e9s de l\u2019experimentaci\u00f3 i el treball per projectes. \u00c9s un entorn on l\u2019alumnat apr\u00e8n fent, combinant tecnologia, disseny, comunicaci\u00f3 i treball col\u00b7laboratiu.<\/p>\n<p data-start=\"357\" data-end=\"799\">L\u2019aula compta amb <strong data-start=\"375\" data-end=\"395\">maquin\u00e0ria MAKER<\/strong> com impressores 3D, talladora-gravadora l\u00e0ser, talladora de vinil i brodadora digital, que permeten transformar idees en prototips reals. Tamb\u00e9 disposa d\u2019un ampli <strong data-start=\"559\" data-end=\"593\">material de rob\u00f2tica educativa<\/strong>, com Bluebot, Beebot, Talebot Pro, Codey Rocky, Makey Makey, Micro:bit, Micro:shield i maletins de sensors i actuadors, facilitant un aprenentatge progressiu de la programaci\u00f3 i el pensament computacional.<\/p>\n<p data-start=\"801\" data-end=\"1252\" data-is-last-node=\"\" data-is-only-node=\"\">A m\u00e9s, l\u2019Aula MAKER+ integra <strong data-start=\"830\" data-end=\"854\">equipaments digitals<\/strong> com port\u00e0tils i un complet <strong data-start=\"882\" data-end=\"906\">espai d\u2019audiovisuals<\/strong>, amb set de croma i il\u00b7luminaci\u00f3, aix\u00ed com una taula de so amb micr\u00f2fons per al desenvolupament de projectes de r\u00e0dio i comunicaci\u00f3 oral. Tot plegat converteix l\u2019Aula MAKER+ en un espai transversal que connecta diferents \u00e0rees curriculars i prepara l\u2019alumnat per afrontar els reptes del m\u00f3n actual amb una mirada creativa, cr\u00edtica i tecnol\u00f2gica.<\/p>\n","protected":false},"excerpt":{"rendered":"<p>\t\t\t\t\t\tphoto_2025-01-27_09-45-01 (4)\t\t\t\t\t\t\t\t\t\t\t<\/p>\n<p>\t\t\t\t\t\tbrodadora digital\t\t\t\t\t\t\t\t\t\t\t<\/p>\n<p>\t\t\t\t\t\t3d\t\t\t\t\t\t\t\t\t\t\t<\/p>\n<p>\t\t\t\t\t\ttalladora\t\t\t\t\t\t\t\t\t\t\t<\/p>\n<p>\t\t\t\t\t\tcricut\t\t\t\t\t\t\t\t\t\t\t<\/p>\n<p>\t\t\t\t\t\trobotica\t\t\t\t\t\t\t\t\t\t\t<\/p>\n<p>\t\t\t\t\t\tphoto_2025-01-27_09-45-01\t\t\t\t\t\t\t\t\t\t\t<\/p>\n<ul>\n<li class=\"slideshow_togglePlay\" data-play-text=\"Visualitza\" data-pause-text=\"Pausa\"><\/li>\n<\/ul>\n<p>L\u2019Aula MAKER+ \u00e9s un espai d\u2019aprenentatge actiu i innovador dissenyat per potenciar la creativitat, el pensament cr\u00edtic i la resoluci\u00f3 de problemes a trav\u00e9s de l\u2019experimentaci\u00f3 i el treball per projectes. \u00c9s un entorn on l\u2019alumnat apr\u00e8n fent, combinant tecnologia,&hellip;  <a href=\"https:\/\/agora.xtec.cat\/escolaespronceda\/informatica\/\" title=\"Read Aula MAKER+\">Llegeix m\u00e9s\u00bb<\/a><\/p>\n","protected":false},"author":1,"featured_media":0,"parent":0,"menu_order":0,"comment_status":"closed","ping_status":"closed","template":"","meta":{"_bbp_topic_count":0,"_bbp_reply_count":0,"_bbp_total_topic_count":0,"_bbp_total_reply_count":0,"_bbp_voice_count":0,"_bbp_anonymous_reply_count":0,"_bbp_topic_count_hidden":0,"_bbp_reply_count_hidden":0,"_bbp_forum_subforum_count":0,"footnotes":""},"class_list":["post-10469","page","type-page","status-publish","hentry"],"post_mailing_queue_ids":[],"_links":{"self":[{"href":"https:\/\/agora.xtec.cat\/escolaespronceda\/wp-json\/wp\/v2\/pages\/10469","targetHints":{"allow":["GET"]}}],"collection":[{"href":"https:\/\/agora.xtec.cat\/escolaespronceda\/wp-json\/wp\/v2\/pages"}],"about":[{"href":"https:\/\/agora.xtec.cat\/escolaespronceda\/wp-json\/wp\/v2\/types\/page"}],"author":[{"embeddable":true,"href":"https:\/\/agora.xtec.cat\/escolaespronceda\/wp-json\/wp\/v2\/users\/1"}],"replies":[{"embeddable":true,"href":"https:\/\/agora.xtec.cat\/escolaespronceda\/wp-json\/wp\/v2\/comments?post=10469"}],"version-history":[{"count":4,"href":"https:\/\/agora.xtec.cat\/escolaespronceda\/wp-json\/wp\/v2\/pages\/10469\/revisions"}],"predecessor-version":[{"id":11306,"href":"https:\/\/agora.xtec.cat\/escolaespronceda\/wp-json\/wp\/v2\/pages\/10469\/revisions\/11306"}],"wp:attachment":[{"href":"https:\/\/agora.xtec.cat\/escolaespronceda\/wp-json\/wp\/v2\/media?parent=10469"}],"curies":[{"name":"wp","href":"https:\/\/api.w.org\/{rel}","templated":true}]}}