{"id":82,"date":"2014-09-18T14:10:51","date_gmt":"2014-09-18T13:10:51","guid":{"rendered":"http:\/\/agora.xtec.cat\/escolaenxaneta\/?page_id=82"},"modified":"2025-09-29T08:57:29","modified_gmt":"2025-09-29T06:57:29","slug":"ampa","status":"publish","type":"page","link":"https:\/\/agora.xtec.cat\/escolaenxaneta\/lequip-huma\/ampa\/","title":{"rendered":"AFA"},"content":{"rendered":"<ul>\n<li>L&#8217;AFA \u00e9s l&#8217;associaci\u00f3 de fam\u00edlies de l&#8217;escola. \u00c9s volunt\u00e0ria i t\u00e9 com a objectiu promoure la participaci\u00f3 i col\u00b7laboraci\u00f3 en les activitats educatives del centre.\n<ul>\n<li><u><b>Activitats extraescolars<\/b><\/u>: piscina, multiesport i angl\u00e8s.<\/li>\n<li><u><b>Activitats l\u00fadiques<\/b><\/u><u>: <\/u>festa de Hallowen, esmorzar i xocolatada de Nadal, regals de reis,participaci\u00f3 en altres esdeveniments escolars&#8230;.<\/li>\n<li><u><b>Socialitzaci\u00f3 <\/b><\/u><u><b>de <\/b><\/u><u><b>llibres<\/b><\/u><b>, <\/b>perqu\u00e8 \u00e9s molt important que els nens i nenes puguin gaudir de llibres gratu\u00efts.<\/li>\n<li><u><b>Beneficis<\/b><\/u> per als socis\/es: descompte als llibres i a les activitats extrescolars, subvenci\u00f3 per a excursions escolars, entrada gratu\u00efta a les festes&#8230;<\/li>\n<li><u><b>Serveis<\/b><\/u>: servei de menjador, servei d\u2019acollida matinal, venda de llibres i roba escolar.<\/li>\n<\/ul>\n<\/li>\n<\/ul>\n<ul>\n<li>Per tot aix\u00f2, animem a totes les fam\u00edlies a formar part de l\u2019AMPA d&#8217;aquesta escola per col\u00b7laborar, participar i gaudir de les diferents activitats.\n<p style=\"text-align: center;\"><span style=\"color: #808000;\"><b>TOTS <\/b><b>SOM IMPORTANTS PER CREAR\u00a0<\/b><b>L\u2019ESCOLA <\/b><b>QUE DESITGEM!!!!!!!!<\/b><\/span><\/p>\n<\/li>\n<li>Per a contactar amb l&#8217;AMPA: <a href=\"mailto:afaenxanetaviladecans@gmail.com\">afaenxanetaviladecans@gmail.com<\/a><\/li>\n<li>Si vols m\u00e9s informaci\u00f3 visita la seva web:\u00a0<a href=\"https:\/\/afaenxanetaviladecans.org\/\" target=\"_blank\" rel=\"noopener noreferrer\">WEB AFA ESCOLA ENXANETA<\/a><\/li>\n<\/ul>\n","protected":false},"excerpt":{"rendered":"<ul>\n<li>L&#8217;AFA \u00e9s l&#8217;associaci\u00f3 de fam\u00edlies de l&#8217;escola. \u00c9s volunt\u00e0ria i t\u00e9 com a objectiu promoure la participaci\u00f3 i col\u00b7laboraci\u00f3 en les activitats educatives del centre.\n<ul>\n<li>Activitats extraescolars: piscina, multiesport i angl\u00e8s.<\/li>\n<li>Activitats l\u00fadiques: festa de Hallowen, esmorzar i xocolatada de Nadal, regals de reis,participaci\u00f3 en altres esdeveniments&hellip;  <a href=\"https:\/\/agora.xtec.cat\/escolaenxaneta\/lequip-huma\/ampa\/\" title=\"Read AFA\">Llegeix m\u00e9s\u00bb<\/a><br \/>\n","protected":false},"author":1,"featured_media":0,"parent":1220,"menu_order":20,"comment_status":"closed","ping_status":"closed","template":"page-templates\/side-menu.php","meta":{"_bbp_topic_count":0,"_bbp_reply_count":0,"_bbp_total_topic_count":0,"_bbp_total_reply_count":0,"_bbp_voice_count":0,"_bbp_anonymous_reply_count":0,"_bbp_topic_count_hidden":0,"_bbp_reply_count_hidden":0,"_bbp_forum_subforum_count":0,"footnotes":""},"class_list":["post-82","page","type-page","status-publish","hentry"],"post_mailing_queue_ids":[],"_links":{"self":[{"href":"https:\/\/agora.xtec.cat\/escolaenxaneta\/wp-json\/wp\/v2\/pages\/82","targetHints":{"allow":["GET"]}}],"collection":[{"href":"https:\/\/agora.xtec.cat\/escolaenxaneta\/wp-json\/wp\/v2\/pages"}],"about":[{"href":"https:\/\/agora.xtec.cat\/escolaenxaneta\/wp-json\/wp\/v2\/types\/page"}],"author":[{"embeddable":true,"href":"https:\/\/agora.xtec.cat\/escolaenxaneta\/wp-json\/wp\/v2\/users\/1"}],"replies":[{"embeddable":true,"href":"https:\/\/agora.xtec.cat\/escolaenxaneta\/wp-json\/wp\/v2\/comments?post=82"}],"version-history":[{"count":5,"href":"https:\/\/agora.xtec.cat\/escolaenxaneta\/wp-json\/wp\/v2\/pages\/82\/revisions"}],"predecessor-version":[{"id":9437,"href":"https:\/\/agora.xtec.cat\/escolaenxaneta\/wp-json\/wp\/v2\/pages\/82\/revisions\/9437"}],"up":[{"embeddable":true,"href":"https:\/\/agora.xtec.cat\/escolaenxaneta\/wp-json\/wp\/v2\/pages\/1220"}],"wp:attachment":[{"href":"https:\/\/agora.xtec.cat\/escolaenxaneta\/wp-json\/wp\/v2\/media?parent=82"}],"curies":[{"name":"wp","href":"https:\/\/api.w.org\/{rel}","templated":true}]}}