{"id":8128,"date":"2024-02-16T15:58:41","date_gmt":"2024-02-16T14:58:41","guid":{"rendered":"https:\/\/agora.xtec.cat\/escolaenxaneta\/?page_id=8128"},"modified":"2024-02-16T16:46:55","modified_gmt":"2024-02-16T15:46:55","slug":"mediacio-2","status":"publish","type":"page","link":"https:\/\/agora.xtec.cat\/escolaenxaneta\/mediacio-2\/","title":{"rendered":"Mediaci\u00f3 entre iguals"},"content":{"rendered":"<p>Del <strong>Projecte de Conviv\u00e8ncia<\/strong> del centre neix la idea de la <span style=\"color: #339966;\"><strong>mediaci\u00f3 entre iguals<\/strong><\/span>, pr\u00e0ctica que implica la participaci\u00f3 de l&#8217;alumnat de 6\u00e8 com a alumnat mediador que acompanya i ajuda a resoldre conflictes entre els nens i les nenes de l&#8217;escola.<\/p>\n<p>La mediaci\u00f3 suposa un treball de reflexi\u00f3, tant dels mediadors\/es com dels implicats\/des en un conflicte, que promou el di\u00e0leg, el respecte i l&#8217;empatia, proporcionant estrat\u00e8gies que ajudin als infants a cr\u00e9ixer emocionalment i a superar les adversitats.<\/p>\n<p>La mediaci\u00f3 enriqueix les relacions, fomenta la cohesi\u00f3 i refor\u00e7a la conviv\u00e8ncia.<\/p>\n<p><iframe loading=\"lazy\" src=\"https:\/\/drive.google.com\/file\/d\/1fI72n2ja5Kc-BcNHBonX8zTcjh-Mx-Jk\/preview\" width=\"640\" height=\"480\"><\/iframe><\/p>\n","protected":false},"excerpt":{"rendered":"<p>Del Projecte de Conviv\u00e8ncia del centre neix la idea de la mediaci\u00f3 entre iguals, pr\u00e0ctica que implica la participaci\u00f3 de l&#8217;alumnat de 6\u00e8 com a alumnat mediador que acompanya i ajuda a resoldre conflictes entre els nens i les nenes de l&#8217;escola.<br \/>\nLa mediaci\u00f3 suposa un&hellip;  <a href=\"https:\/\/agora.xtec.cat\/escolaenxaneta\/mediacio-2\/\" title=\"Read Mediaci\u00f3 entre iguals\">Llegeix m\u00e9s\u00bb<\/a><\/p>\n","protected":false},"author":1,"featured_media":0,"parent":0,"menu_order":0,"comment_status":"closed","ping_status":"closed","template":"","meta":{"_bbp_topic_count":0,"_bbp_reply_count":0,"_bbp_total_topic_count":0,"_bbp_total_reply_count":0,"_bbp_voice_count":0,"_bbp_anonymous_reply_count":0,"_bbp_topic_count_hidden":0,"_bbp_reply_count_hidden":0,"_bbp_forum_subforum_count":0,"footnotes":""},"class_list":["post-8128","page","type-page","status-publish","hentry"],"post_mailing_queue_ids":[],"_links":{"self":[{"href":"https:\/\/agora.xtec.cat\/escolaenxaneta\/wp-json\/wp\/v2\/pages\/8128","targetHints":{"allow":["GET"]}}],"collection":[{"href":"https:\/\/agora.xtec.cat\/escolaenxaneta\/wp-json\/wp\/v2\/pages"}],"about":[{"href":"https:\/\/agora.xtec.cat\/escolaenxaneta\/wp-json\/wp\/v2\/types\/page"}],"author":[{"embeddable":true,"href":"https:\/\/agora.xtec.cat\/escolaenxaneta\/wp-json\/wp\/v2\/users\/1"}],"replies":[{"embeddable":true,"href":"https:\/\/agora.xtec.cat\/escolaenxaneta\/wp-json\/wp\/v2\/comments?post=8128"}],"version-history":[{"count":5,"href":"https:\/\/agora.xtec.cat\/escolaenxaneta\/wp-json\/wp\/v2\/pages\/8128\/revisions"}],"predecessor-version":[{"id":8135,"href":"https:\/\/agora.xtec.cat\/escolaenxaneta\/wp-json\/wp\/v2\/pages\/8128\/revisions\/8135"}],"wp:attachment":[{"href":"https:\/\/agora.xtec.cat\/escolaenxaneta\/wp-json\/wp\/v2\/media?parent=8128"}],"curies":[{"name":"wp","href":"https:\/\/api.w.org\/{rel}","templated":true}]}}