{"id":6513,"date":"2022-09-02T12:10:05","date_gmt":"2022-09-02T10:10:05","guid":{"rendered":"https:\/\/agora.xtec.cat\/escolaenxaneta\/?page_id=6513"},"modified":"2022-11-02T11:50:16","modified_gmt":"2022-11-02T10:50:16","slug":"activitats-extraescolars","status":"publish","type":"page","link":"https:\/\/agora.xtec.cat\/escolaenxaneta\/activitats-extraescolars\/","title":{"rendered":"Activitats extraescolars"},"content":{"rendered":"<p><a href=\"https:\/\/agora.xtec.cat\/escolaenxaneta\/wp-content\/uploads\/usu720\/2022\/11\/actividades-extraescolares-copia.jpg\"><img loading=\"lazy\" decoding=\"async\" class=\"aligncenter wp-image-6673 size-large\" src=\"https:\/\/agora.xtec.cat\/escolaenxaneta\/wp-content\/uploads\/usu720\/2022\/11\/actividades-extraescolares-copia-1024x576.jpg\" alt=\"\" width=\"1024\" height=\"576\" srcset=\"https:\/\/agora.xtec.cat\/escolaenxaneta\/wp-content\/uploads\/usu720\/2022\/11\/actividades-extraescolares-copia-1024x576.jpg 1024w, https:\/\/agora.xtec.cat\/escolaenxaneta\/wp-content\/uploads\/usu720\/2022\/11\/actividades-extraescolares-copia-300x169.jpg 300w, https:\/\/agora.xtec.cat\/escolaenxaneta\/wp-content\/uploads\/usu720\/2022\/11\/actividades-extraescolares-copia-768x432.jpg 768w, https:\/\/agora.xtec.cat\/escolaenxaneta\/wp-content\/uploads\/usu720\/2022\/11\/actividades-extraescolares-copia-1536x864.jpg 1536w, https:\/\/agora.xtec.cat\/escolaenxaneta\/wp-content\/uploads\/usu720\/2022\/11\/actividades-extraescolares-copia.jpg 1920w\" sizes=\"auto, (max-width: 1024px) 100vw, 1024px\" \/><\/a><\/p>\n<p>Per a m\u00e9s informaci\u00f3 aqu\u00ed teniu l&#8217;enlla\u00e7 a la seva p\u00e0gina web: <a href=\"http:\/\/www.ampaenxanetaviladecans.org\/\" target=\"_blank\" rel=\"noopener noreferrer\">AFA ESCOLA ENXANETA<\/a><\/p>\n","protected":false},"excerpt":{"rendered":"<p><a href=\"https:\/\/agora.xtec.cat\/escolaenxaneta\/wp-content\/uploads\/usu720\/2022\/11\/actividades-extraescolares-copia.jpg\"><\/a><br \/>\nPer a m\u00e9s informaci\u00f3 aqu\u00ed teniu l&#8217;enlla\u00e7 a la seva p\u00e0gina web: <a href=\"http:\/\/www.ampaenxanetaviladecans.org\/\" target=\"_blank\" rel=\"noopener noreferrer\">AFA ESCOLA ENXANETA<\/a><\/p>\n","protected":false},"author":1,"featured_media":0,"parent":0,"menu_order":0,"comment_status":"closed","ping_status":"closed","template":"","meta":{"_bbp_topic_count":0,"_bbp_reply_count":0,"_bbp_total_topic_count":0,"_bbp_total_reply_count":0,"_bbp_voice_count":0,"_bbp_anonymous_reply_count":0,"_bbp_topic_count_hidden":0,"_bbp_reply_count_hidden":0,"_bbp_forum_subforum_count":0,"footnotes":""},"class_list":["post-6513","page","type-page","status-publish","hentry"],"post_mailing_queue_ids":[],"_links":{"self":[{"href":"https:\/\/agora.xtec.cat\/escolaenxaneta\/wp-json\/wp\/v2\/pages\/6513","targetHints":{"allow":["GET"]}}],"collection":[{"href":"https:\/\/agora.xtec.cat\/escolaenxaneta\/wp-json\/wp\/v2\/pages"}],"about":[{"href":"https:\/\/agora.xtec.cat\/escolaenxaneta\/wp-json\/wp\/v2\/types\/page"}],"author":[{"embeddable":true,"href":"https:\/\/agora.xtec.cat\/escolaenxaneta\/wp-json\/wp\/v2\/users\/1"}],"replies":[{"embeddable":true,"href":"https:\/\/agora.xtec.cat\/escolaenxaneta\/wp-json\/wp\/v2\/comments?post=6513"}],"version-history":[{"count":3,"href":"https:\/\/agora.xtec.cat\/escolaenxaneta\/wp-json\/wp\/v2\/pages\/6513\/revisions"}],"predecessor-version":[{"id":6674,"href":"https:\/\/agora.xtec.cat\/escolaenxaneta\/wp-json\/wp\/v2\/pages\/6513\/revisions\/6674"}],"wp:attachment":[{"href":"https:\/\/agora.xtec.cat\/escolaenxaneta\/wp-json\/wp\/v2\/media?parent=6513"}],"curies":[{"name":"wp","href":"https:\/\/api.w.org\/{rel}","templated":true}]}}