{"id":64,"date":"2014-09-18T12:39:08","date_gmt":"2014-09-18T11:39:08","guid":{"rendered":"http:\/\/agora.xtec.cat\/escolaenxaneta\/?page_id=64"},"modified":"2023-06-29T09:41:45","modified_gmt":"2023-06-29T07:41:45","slug":"projecte-educatiu","status":"publish","type":"page","link":"https:\/\/agora.xtec.cat\/escolaenxaneta\/linia-descola\/documents-de-centre\/projecte-educatiu\/","title":{"rendered":"Projecte Educatiu de Centre"},"content":{"rendered":"<p>El projecte educatiu de centre \u00e9s un document singular, propi i espec\u00edfic de l&#8217;escola que especifica les finalitats educatives que es pretenen per al conjunt de l&#8217;alumnat, tenint en compte la diversitat de condicions personals,necessitats i interessos que inclou. A m\u00e9s a m\u00e9s, ajuda a establir prioritats per tal d&#8217;orientar el centre cap a una determinada direcci\u00f3.<\/p>\n<p><a href=\"https:\/\/drive.google.com\/file\/d\/19OjN4mX4b68nrzaEuF42P6WJASafDVNl\/view?usp=drive_link\">Enlla\u00e7 Projecte Educatiu<\/a><\/p>\n<p>&nbsp;<\/p>\n","protected":false},"excerpt":{"rendered":"<p>El projecte educatiu de centre \u00e9s un document singular, propi i espec\u00edfic de l&#8217;escola que especifica les finalitats educatives que es pretenen per al conjunt de l&#8217;alumnat, tenint en compte la diversitat de condicions personals,necessitats i interessos que inclou. A m\u00e9s a m\u00e9s, ajuda a&hellip;  <a href=\"https:\/\/agora.xtec.cat\/escolaenxaneta\/linia-descola\/documents-de-centre\/projecte-educatiu\/\" title=\"Read Projecte Educatiu de Centre\">Llegeix m\u00e9s\u00bb<\/a><\/p>\n","protected":false},"author":1,"featured_media":0,"parent":1187,"menu_order":0,"comment_status":"closed","ping_status":"closed","template":"page-templates\/side-menu.php","meta":{"_bbp_topic_count":0,"_bbp_reply_count":0,"_bbp_total_topic_count":0,"_bbp_total_reply_count":0,"_bbp_voice_count":0,"_bbp_anonymous_reply_count":0,"_bbp_topic_count_hidden":0,"_bbp_reply_count_hidden":0,"_bbp_forum_subforum_count":0,"footnotes":""},"class_list":["post-64","page","type-page","status-publish","hentry"],"post_mailing_queue_ids":[],"_links":{"self":[{"href":"https:\/\/agora.xtec.cat\/escolaenxaneta\/wp-json\/wp\/v2\/pages\/64","targetHints":{"allow":["GET"]}}],"collection":[{"href":"https:\/\/agora.xtec.cat\/escolaenxaneta\/wp-json\/wp\/v2\/pages"}],"about":[{"href":"https:\/\/agora.xtec.cat\/escolaenxaneta\/wp-json\/wp\/v2\/types\/page"}],"author":[{"embeddable":true,"href":"https:\/\/agora.xtec.cat\/escolaenxaneta\/wp-json\/wp\/v2\/users\/1"}],"replies":[{"embeddable":true,"href":"https:\/\/agora.xtec.cat\/escolaenxaneta\/wp-json\/wp\/v2\/comments?post=64"}],"version-history":[{"count":3,"href":"https:\/\/agora.xtec.cat\/escolaenxaneta\/wp-json\/wp\/v2\/pages\/64\/revisions"}],"predecessor-version":[{"id":7534,"href":"https:\/\/agora.xtec.cat\/escolaenxaneta\/wp-json\/wp\/v2\/pages\/64\/revisions\/7534"}],"up":[{"embeddable":true,"href":"https:\/\/agora.xtec.cat\/escolaenxaneta\/wp-json\/wp\/v2\/pages\/1187"}],"wp:attachment":[{"href":"https:\/\/agora.xtec.cat\/escolaenxaneta\/wp-json\/wp\/v2\/media?parent=64"}],"curies":[{"name":"wp","href":"https:\/\/api.w.org\/{rel}","templated":true}]}}