{"id":574,"date":"2018-03-09T15:55:03","date_gmt":"2018-03-09T14:55:03","guid":{"rendered":"http:\/\/agora.xtec.cat\/escolaenxaneta\/?page_id=574"},"modified":"2025-09-04T11:53:09","modified_gmt":"2025-09-04T09:53:09","slug":"mes-activitats","status":"publish","type":"page","link":"https:\/\/agora.xtec.cat\/escolaenxaneta\/linia-descola\/projectes-2\/mes-activitats\/","title":{"rendered":"Eix transversal"},"content":{"rendered":"<p>Cada curs es decideix una tem\u00e0tica que es treballar\u00e0 des de tots els \u00e0mbits i que estar\u00e0 relacionada amb moltes de les activitats que fem al centre, com les disfresses de Carnaval, activitats d&#8217;Un dia a l&#8217;escola o la decoraci\u00f3 del passad\u00eds principal.<\/p>\n<p>Aquest curs 25-26 el tema escollit \u00e9s <span style=\"color: #ff00ff;\">JOCS DE TAULA I JOGUINES<\/span><span style=\"color: #ff00ff;\"><strong><span style=\"color: #000000;\">.<\/span><\/strong><\/span><\/p>\n<p><a href=\"https:\/\/agora.xtec.cat\/escolaenxaneta\/wp-content\/uploads\/usu720\/2025\/09\/Jocs-educatius.jpg\"><img loading=\"lazy\" decoding=\"async\" class=\"aligncenter wp-image-9410\" src=\"https:\/\/agora.xtec.cat\/escolaenxaneta\/wp-content\/uploads\/usu720\/2025\/09\/Jocs-educatius.jpg\" alt=\"\" width=\"1300\" height=\"923\" srcset=\"https:\/\/agora.xtec.cat\/escolaenxaneta\/wp-content\/uploads\/usu720\/2025\/09\/Jocs-educatius.jpg 1024w, https:\/\/agora.xtec.cat\/escolaenxaneta\/wp-content\/uploads\/usu720\/2025\/09\/Jocs-educatius-300x213.jpg 300w, https:\/\/agora.xtec.cat\/escolaenxaneta\/wp-content\/uploads\/usu720\/2025\/09\/Jocs-educatius-768x545.jpg 768w\" sizes=\"auto, (max-width: 1300px) 100vw, 1300px\" \/><\/a><\/p>\n","protected":false},"excerpt":{"rendered":"<p>Cada curs es decideix una tem\u00e0tica que es treballar\u00e0 des de tots els \u00e0mbits i que estar\u00e0 relacionada amb moltes de les activitats que fem al centre, com les disfresses de Carnaval, activitats d&#8217;Un dia a l&#8217;escola o la decoraci\u00f3 del passad\u00eds principal.<br \/>\nAquest curs 25-26&hellip;  <a href=\"https:\/\/agora.xtec.cat\/escolaenxaneta\/linia-descola\/projectes-2\/mes-activitats\/\" title=\"Read Eix transversal\">Llegeix m\u00e9s\u00bb<\/a><\/p>\n","protected":false},"author":1,"featured_media":0,"parent":276,"menu_order":50,"comment_status":"closed","ping_status":"closed","template":"page-templates\/side-menu.php","meta":{"_bbp_topic_count":0,"_bbp_reply_count":0,"_bbp_total_topic_count":0,"_bbp_total_reply_count":0,"_bbp_voice_count":0,"_bbp_anonymous_reply_count":0,"_bbp_topic_count_hidden":0,"_bbp_reply_count_hidden":0,"_bbp_forum_subforum_count":0,"footnotes":""},"class_list":["post-574","page","type-page","status-publish","hentry"],"post_mailing_queue_ids":[],"_links":{"self":[{"href":"https:\/\/agora.xtec.cat\/escolaenxaneta\/wp-json\/wp\/v2\/pages\/574","targetHints":{"allow":["GET"]}}],"collection":[{"href":"https:\/\/agora.xtec.cat\/escolaenxaneta\/wp-json\/wp\/v2\/pages"}],"about":[{"href":"https:\/\/agora.xtec.cat\/escolaenxaneta\/wp-json\/wp\/v2\/types\/page"}],"author":[{"embeddable":true,"href":"https:\/\/agora.xtec.cat\/escolaenxaneta\/wp-json\/wp\/v2\/users\/1"}],"replies":[{"embeddable":true,"href":"https:\/\/agora.xtec.cat\/escolaenxaneta\/wp-json\/wp\/v2\/comments?post=574"}],"version-history":[{"count":6,"href":"https:\/\/agora.xtec.cat\/escolaenxaneta\/wp-json\/wp\/v2\/pages\/574\/revisions"}],"predecessor-version":[{"id":9411,"href":"https:\/\/agora.xtec.cat\/escolaenxaneta\/wp-json\/wp\/v2\/pages\/574\/revisions\/9411"}],"up":[{"embeddable":true,"href":"https:\/\/agora.xtec.cat\/escolaenxaneta\/wp-json\/wp\/v2\/pages\/276"}],"wp:attachment":[{"href":"https:\/\/agora.xtec.cat\/escolaenxaneta\/wp-json\/wp\/v2\/media?parent=574"}],"curies":[{"name":"wp","href":"https:\/\/api.w.org\/{rel}","templated":true}]}}