{"id":2804,"date":"2020-02-06T12:21:14","date_gmt":"2020-02-06T11:21:14","guid":{"rendered":"http:\/\/agora.xtec.cat\/escolaenxaneta\/?page_id=2804"},"modified":"2020-02-14T10:27:25","modified_gmt":"2020-02-14T09:27:25","slug":"ecodelegats","status":"publish","type":"page","link":"https:\/\/agora.xtec.cat\/escolaenxaneta\/linia-descola\/alumne-com-a-protagonista\/ecodelegats\/","title":{"rendered":"Ecodelegats i agents ambientals"},"content":{"rendered":"<p>Els <strong>ecodelegats<\/strong> i les <strong>ecodelegades<a href=\"https:\/\/agora.xtec.cat\/escolaenxaneta\/wp-content\/uploads\/usu720\/2020\/02\/Anotaci\u00f3-2020-02-14-102044-1.png\"><img loading=\"lazy\" decoding=\"async\" class=\"wp-image-2954 alignright\" src=\"https:\/\/agora.xtec.cat\/escolaenxaneta\/wp-content\/uploads\/usu720\/2020\/02\/Anotaci\u00f3-2020-02-14-102044-1-300x250.png\" alt=\"\" width=\"400\" height=\"333\" srcset=\"https:\/\/agora.xtec.cat\/escolaenxaneta\/wp-content\/uploads\/usu720\/2020\/02\/Anotaci\u00f3-2020-02-14-102044-1-300x250.png 300w, https:\/\/agora.xtec.cat\/escolaenxaneta\/wp-content\/uploads\/usu720\/2020\/02\/Anotaci\u00f3-2020-02-14-102044-1-768x639.png 768w, https:\/\/agora.xtec.cat\/escolaenxaneta\/wp-content\/uploads\/usu720\/2020\/02\/Anotaci\u00f3-2020-02-14-102044-1-1024x853.png 1024w, https:\/\/agora.xtec.cat\/escolaenxaneta\/wp-content\/uploads\/usu720\/2020\/02\/Anotaci\u00f3-2020-02-14-102044-1.png 1195w\" sizes=\"auto, (max-width: 400px) 100vw, 400px\" \/><\/a><\/strong><\/p>\n<p>S\u00f3n els i les responsables de conscienciar i recordar als compansy\/es, mestres i, en general, a les persones que formen part del centre, la necessitat d&#8217;estalviar energia i de no malbaratar recursos, com:<\/p>\n<ul>\n<li>Controlar que els interruptors de classe quedin apagats quan marxen.<\/li>\n<li>Utilitzar les llums quan nom\u00e9s sigui necessari.<\/li>\n<li>Assegurar-se que la PDI (Pissarra Digital Intercativa) no est\u00e0 encesa innecess\u00e0riament i que el can\u00f3 de\u00a0 l&#8217;ordinador s&#8217;apagui quan marxen.\u00a0 \u00a0 \u00a0 \u00a0 \u00a0 \u00a0 \u00a0 \u00a0 \u00a0 \u00a0 \u00a0 \u00a0 \u00a0 \u00a0 \u00a0 \u00a0 \u00a0 \u00a0 \u00a0 \u00a0 \u00a0 \u00a0 \u00a0 \u00a0 \u00a0 \u00a0 \u00a0 \u00a0 \u00a0 \u00a0 \u00a0 \u00a0 \u00a0 \u00a0 \u00a0 \u00a0 \u00a0 <a href=\"https:\/\/www.elpuntavui.cat\/societat\/article\/16-educacio\/1717416-ecodelegats-per-estalviar-a-l-escola.html\" target=\"_blank\" rel=\"noopener noreferrer\">Enlla\u00e7 a la not\u00edcia<\/a><\/li>\n<\/ul>\n<p><strong>Agents ambientals\u00a0<\/strong><\/p>\n<p>Assumeixen la funci\u00f3 de recordar a la resta de companys\/es la import\u00e0ncia de mantenir nets els espais de pati.<\/p>\n","protected":false},"excerpt":{"rendered":"<p>Els ecodelegats i les ecodelegades<a href=\"https:\/\/agora.xtec.cat\/escolaenxaneta\/wp-content\/uploads\/usu720\/2020\/02\/Anotaci\u00f3-2020-02-14-102044-1.png\"><\/a><br \/>\nS\u00f3n els i les responsables de conscienciar i recordar als compansy\/es, mestres i, en general, a les persones que formen part del centre, la necessitat d&#8217;estalviar energia i de no malbaratar recursos, com:<\/p>\n<ul>\n<li>Controlar que els interruptors de classe quedin apagats&hellip;  <a href=\"https:\/\/agora.xtec.cat\/escolaenxaneta\/linia-descola\/alumne-com-a-protagonista\/ecodelegats\/\" title=\"Read Ecodelegats i agents ambientals\">Llegeix m\u00e9s\u00bb<\/a><br \/>\n","protected":false},"author":1,"featured_media":0,"parent":1197,"menu_order":50,"comment_status":"closed","ping_status":"closed","template":"page-templates\/side-menu.php","meta":{"_bbp_topic_count":0,"_bbp_reply_count":0,"_bbp_total_topic_count":0,"_bbp_total_reply_count":0,"_bbp_voice_count":0,"_bbp_anonymous_reply_count":0,"_bbp_topic_count_hidden":0,"_bbp_reply_count_hidden":0,"_bbp_forum_subforum_count":0,"footnotes":""},"class_list":["post-2804","page","type-page","status-publish","hentry"],"post_mailing_queue_ids":[],"_links":{"self":[{"href":"https:\/\/agora.xtec.cat\/escolaenxaneta\/wp-json\/wp\/v2\/pages\/2804","targetHints":{"allow":["GET"]}}],"collection":[{"href":"https:\/\/agora.xtec.cat\/escolaenxaneta\/wp-json\/wp\/v2\/pages"}],"about":[{"href":"https:\/\/agora.xtec.cat\/escolaenxaneta\/wp-json\/wp\/v2\/types\/page"}],"author":[{"embeddable":true,"href":"https:\/\/agora.xtec.cat\/escolaenxaneta\/wp-json\/wp\/v2\/users\/1"}],"replies":[{"embeddable":true,"href":"https:\/\/agora.xtec.cat\/escolaenxaneta\/wp-json\/wp\/v2\/comments?post=2804"}],"version-history":[{"count":3,"href":"https:\/\/agora.xtec.cat\/escolaenxaneta\/wp-json\/wp\/v2\/pages\/2804\/revisions"}],"predecessor-version":[{"id":2956,"href":"https:\/\/agora.xtec.cat\/escolaenxaneta\/wp-json\/wp\/v2\/pages\/2804\/revisions\/2956"}],"up":[{"embeddable":true,"href":"https:\/\/agora.xtec.cat\/escolaenxaneta\/wp-json\/wp\/v2\/pages\/1197"}],"wp:attachment":[{"href":"https:\/\/agora.xtec.cat\/escolaenxaneta\/wp-json\/wp\/v2\/media?parent=2804"}],"curies":[{"name":"wp","href":"https:\/\/api.w.org\/{rel}","templated":true}]}}