{"id":228,"date":"2015-12-07T12:33:49","date_gmt":"2015-12-07T11:33:49","guid":{"rendered":"http:\/\/agora.xtec.cat\/escolaenxaneta\/?page_id=228"},"modified":"2019-03-15T11:50:48","modified_gmt":"2019-03-15T10:50:48","slug":"instal-lacions","status":"publish","type":"page","link":"https:\/\/agora.xtec.cat\/escolaenxaneta\/lescola\/instal-lacions\/","title":{"rendered":"Instal.lacions"},"content":{"rendered":"<div class=\"sites-layout-tile sites-tile-name-content-1\">\n<div dir=\"ltr\">\n<div><span style=\"font-size: medium;\">L&#8217;escola t\u00e9 una parcel\u00b7la de 8000 m2 amb un edifici de gaireb\u00e9 5000m2 que consta de:\u00a0<\/span><\/div>\n<div>\n<ul>\n<li><span style=\"font-size: medium;\">27 aules de grup i 8 de petit grup<\/span><\/li>\n<li><span style=\"font-size: medium;\">7 aules especials: inform\u00e0tica, m\u00fasica, aula de ci\u00e8ncies, angl\u00e8s, pl\u00e0stica i suport.<\/span><\/li>\n<li><span style=\"font-size: medium;\">Patis per a infantil i prim\u00e0ria<\/span><\/li>\n<li><span style=\"font-size: medium;\">Espais de menjador amb cuina pr\u00f2pia.<\/span><\/li>\n<li><span style=\"font-size: medium;\">Gimn\u00e0s-sala polivalent amb vestidors<\/span><\/li>\n<li><span style=\"font-size: medium;\">Sala de psicomotricitat.<\/span><\/li>\n<li><span style=\"font-size: medium;\">Biblioteca.<\/span><\/li>\n<li><span style=\"font-size: medium;\">Local de l&#8217;AMPA.<\/span><\/li>\n<\/ul>\n<\/div>\n<div>\n<p><a href=\"https:\/\/www.youtube.com\/watch?v=t-eAkMSD9tA&#038;feature=youtu.be\">https:\/\/www.youtube.com\/watch?v=t-eAkMSD9tA&amp;feature=youtu.be<\/a><\/p>\n<\/div>\n<\/div>\n<\/div>\n","protected":false},"excerpt":{"rendered":"<p>L&#8217;escola t\u00e9 una parcel\u00b7la de 8000 m2 amb un edifici de gaireb\u00e9 5000m2 que consta de:\u00a0<\/p>\n<ul>\n<li>27 aules de grup i 8 de petit grup<\/li>\n<li>7 aules especials: inform\u00e0tica, m\u00fasica, aula de ci\u00e8ncies, angl\u00e8s, pl\u00e0stica i suport.<\/li>\n<li>Patis per a infantil i prim\u00e0ria<\/li>\n<li>Espais de menjador amb cuina pr\u00f2pia.<\/li>\n<li>Gimn\u00e0s-sala&hellip;  <a href=\"https:\/\/agora.xtec.cat\/escolaenxaneta\/lescola\/instal-lacions\/\" title=\"Read Instal.lacions\">Llegeix m\u00e9s\u00bb<\/a><br \/>\n","protected":false},"author":1,"featured_media":0,"parent":22,"menu_order":40,"comment_status":"closed","ping_status":"closed","template":"page-templates\/side-menu.php","meta":{"_bbp_topic_count":0,"_bbp_reply_count":0,"_bbp_total_topic_count":0,"_bbp_total_reply_count":0,"_bbp_voice_count":0,"_bbp_anonymous_reply_count":0,"_bbp_topic_count_hidden":0,"_bbp_reply_count_hidden":0,"_bbp_forum_subforum_count":0,"footnotes":""},"class_list":["post-228","page","type-page","status-publish","hentry"],"post_mailing_queue_ids":[],"_links":{"self":[{"href":"https:\/\/agora.xtec.cat\/escolaenxaneta\/wp-json\/wp\/v2\/pages\/228","targetHints":{"allow":["GET"]}}],"collection":[{"href":"https:\/\/agora.xtec.cat\/escolaenxaneta\/wp-json\/wp\/v2\/pages"}],"about":[{"href":"https:\/\/agora.xtec.cat\/escolaenxaneta\/wp-json\/wp\/v2\/types\/page"}],"author":[{"embeddable":true,"href":"https:\/\/agora.xtec.cat\/escolaenxaneta\/wp-json\/wp\/v2\/users\/1"}],"replies":[{"embeddable":true,"href":"https:\/\/agora.xtec.cat\/escolaenxaneta\/wp-json\/wp\/v2\/comments?post=228"}],"version-history":[{"count":1,"href":"https:\/\/agora.xtec.cat\/escolaenxaneta\/wp-json\/wp\/v2\/pages\/228\/revisions"}],"predecessor-version":[{"id":229,"href":"https:\/\/agora.xtec.cat\/escolaenxaneta\/wp-json\/wp\/v2\/pages\/228\/revisions\/229"}],"up":[{"embeddable":true,"href":"https:\/\/agora.xtec.cat\/escolaenxaneta\/wp-json\/wp\/v2\/pages\/22"}],"wp:attachment":[{"href":"https:\/\/agora.xtec.cat\/escolaenxaneta\/wp-json\/wp\/v2\/media?parent=228"}],"curies":[{"name":"wp","href":"https:\/\/api.w.org\/{rel}","templated":true}]}}