{"id":224,"date":"2015-12-07T12:28:13","date_gmt":"2015-12-07T11:28:13","guid":{"rendered":"http:\/\/agora.xtec.cat\/escolaenxaneta\/?page_id=224"},"modified":"2019-03-15T11:50:27","modified_gmt":"2019-03-15T10:50:27","slug":"smart-school","status":"publish","type":"page","link":"https:\/\/agora.xtec.cat\/escolaenxaneta\/lescola\/smart-school\/","title":{"rendered":"Smart School"},"content":{"rendered":"<div class=\"sites-layout-tile sites-tile-name-content-1\">\n<div dir=\"ltr\">\n<div>\n<p><span style=\"font-size: medium;\"><span lang=\"CA\">Una <span style=\"color: #993366;\"><b>Smart School<\/b><\/span> \u00e9s una escola i<\/span>ntel\u00b7ligent per la seva forma d&#8217;administrar i fer \u00fas de l&#8217;energia i per estar equipada amb diferents recursos multim\u00e8dia . <\/span><b><\/b><\/p>\n<p><a href=\"https:\/\/agora.xtec.cat\/escolaenxaneta\/wp-content\/uploads\/usu720\/2019\/02\/1.jpg\"><img loading=\"lazy\" decoding=\"async\" class=\"wp-image-1103 size-large alignleft\" src=\"https:\/\/agora.xtec.cat\/escolaenxaneta\/wp-content\/uploads\/usu720\/2019\/02\/1-410x1024.jpg\" alt=\"\" width=\"410\" height=\"1024\" srcset=\"https:\/\/agora.xtec.cat\/escolaenxaneta\/wp-content\/uploads\/usu720\/2019\/02\/1-410x1024.jpg 410w, https:\/\/agora.xtec.cat\/escolaenxaneta\/wp-content\/uploads\/usu720\/2019\/02\/1-120x300.jpg 120w, https:\/\/agora.xtec.cat\/escolaenxaneta\/wp-content\/uploads\/usu720\/2019\/02\/1-768x1920.jpg 768w, https:\/\/agora.xtec.cat\/escolaenxaneta\/wp-content\/uploads\/usu720\/2019\/02\/1.jpg 800w\" sizes=\"auto, (max-width: 410px) 100vw, 410px\" \/><\/a> <a href=\"https:\/\/agora.xtec.cat\/escolaenxaneta\/wp-content\/uploads\/usu720\/2019\/02\/2.jpg\"><img loading=\"lazy\" decoding=\"async\" class=\"aligncenter wp-image-1104 size-large\" src=\"https:\/\/agora.xtec.cat\/escolaenxaneta\/wp-content\/uploads\/usu720\/2019\/02\/2-410x1024.jpg\" alt=\"\" width=\"410\" height=\"1024\" srcset=\"https:\/\/agora.xtec.cat\/escolaenxaneta\/wp-content\/uploads\/usu720\/2019\/02\/2-410x1024.jpg 410w, https:\/\/agora.xtec.cat\/escolaenxaneta\/wp-content\/uploads\/usu720\/2019\/02\/2-120x300.jpg 120w, https:\/\/agora.xtec.cat\/escolaenxaneta\/wp-content\/uploads\/usu720\/2019\/02\/2-768x1920.jpg 768w, https:\/\/agora.xtec.cat\/escolaenxaneta\/wp-content\/uploads\/usu720\/2019\/02\/2.jpg 800w\" sizes=\"auto, (max-width: 410px) 100vw, 410px\" \/><\/a><span style=\"font-size: medium;\">Fes clic <span style=\"font-size: large; color: #993366;\"><a style=\"color: #993366;\" href=\"http:\/\/www.super3.cat\/infok\/videos\/4335230\/escola-intelligent\" target=\"_blank\" rel=\"nofollow noopener\">AQU\u00cd<\/a> <\/span>per veure un v\u00eddeo on trobareu l&#8217;explicaci\u00f3 del qu\u00e8 \u00e9s una Smart School feta pels nostres alumnes.<br \/>\n<\/span><\/p>\n<\/div>\n<\/div>\n<\/div>\n","protected":false},"excerpt":{"rendered":"<p>Una Smart School \u00e9s una escola intel\u00b7ligent per la seva forma d&#8217;administrar i fer \u00fas de l&#8217;energia i per estar equipada amb diferents recursos multim\u00e8dia .<br \/>\n<a href=\"https:\/\/agora.xtec.cat\/escolaenxaneta\/wp-content\/uploads\/usu720\/2019\/02\/1.jpg\"><\/a> <a href=\"https:\/\/agora.xtec.cat\/escolaenxaneta\/wp-content\/uploads\/usu720\/2019\/02\/2.jpg\"><\/a>Fes clic <a style=\"color: #993366;\" href=\"http:\/\/www.super3.cat\/infok\/videos\/4335230\/escola-intelligent\" target=\"_blank\" rel=\"nofollow noopener\">AQU\u00cd<\/a> per veure un v\u00eddeo on trobareu l&#8217;explicaci\u00f3&hellip;  <a href=\"https:\/\/agora.xtec.cat\/escolaenxaneta\/lescola\/smart-school\/\" title=\"Read Smart School\">Llegeix m\u00e9s\u00bb<\/a><\/p>\n","protected":false},"author":1,"featured_media":0,"parent":22,"menu_order":30,"comment_status":"closed","ping_status":"closed","template":"page-templates\/side-menu.php","meta":{"_bbp_topic_count":0,"_bbp_reply_count":0,"_bbp_total_topic_count":0,"_bbp_total_reply_count":0,"_bbp_voice_count":0,"_bbp_anonymous_reply_count":0,"_bbp_topic_count_hidden":0,"_bbp_reply_count_hidden":0,"_bbp_forum_subforum_count":0,"footnotes":""},"class_list":["post-224","page","type-page","status-publish","hentry"],"post_mailing_queue_ids":[],"_links":{"self":[{"href":"https:\/\/agora.xtec.cat\/escolaenxaneta\/wp-json\/wp\/v2\/pages\/224","targetHints":{"allow":["GET"]}}],"collection":[{"href":"https:\/\/agora.xtec.cat\/escolaenxaneta\/wp-json\/wp\/v2\/pages"}],"about":[{"href":"https:\/\/agora.xtec.cat\/escolaenxaneta\/wp-json\/wp\/v2\/types\/page"}],"author":[{"embeddable":true,"href":"https:\/\/agora.xtec.cat\/escolaenxaneta\/wp-json\/wp\/v2\/users\/1"}],"replies":[{"embeddable":true,"href":"https:\/\/agora.xtec.cat\/escolaenxaneta\/wp-json\/wp\/v2\/comments?post=224"}],"version-history":[{"count":3,"href":"https:\/\/agora.xtec.cat\/escolaenxaneta\/wp-json\/wp\/v2\/pages\/224\/revisions"}],"predecessor-version":[{"id":1106,"href":"https:\/\/agora.xtec.cat\/escolaenxaneta\/wp-json\/wp\/v2\/pages\/224\/revisions\/1106"}],"up":[{"embeddable":true,"href":"https:\/\/agora.xtec.cat\/escolaenxaneta\/wp-json\/wp\/v2\/pages\/22"}],"wp:attachment":[{"href":"https:\/\/agora.xtec.cat\/escolaenxaneta\/wp-json\/wp\/v2\/media?parent=224"}],"curies":[{"name":"wp","href":"https:\/\/api.w.org\/{rel}","templated":true}]}}