{"id":1292,"date":"2019-02-22T11:32:17","date_gmt":"2019-02-22T10:32:17","guid":{"rendered":"http:\/\/agora.xtec.cat\/escolaenxaneta\/?page_id=1292"},"modified":"2022-09-02T11:05:05","modified_gmt":"2022-09-02T09:05:05","slug":"serveis-2","status":"publish","type":"page","link":"https:\/\/agora.xtec.cat\/escolaenxaneta\/serveis-2\/","title":{"rendered":"SERVEIS"},"content":{"rendered":"<p>L&#8217;escola, juntament amb l&#8217;AMPA, gestionen diferents serveis com:<\/p>\n<ul>\n<li>Menjador escolar.<\/li>\n<li>Espai Bon Dia.<\/li>\n<li>Biblioteca oberta al barri.<\/li>\n<li>Activitats extraescolars<\/li>\n<\/ul>\n<p>Fes clic al men\u00fa lateral per obtenir m\u00e9s informaci\u00f3.<\/p>\n","protected":false},"excerpt":{"rendered":"<p>L&#8217;escola, juntament amb l&#8217;AMPA, gestionen diferents serveis com:<\/p>\n<ul>\n<li>Menjador escolar.<\/li>\n<li>Espai Bon Dia.<\/li>\n<li>Biblioteca oberta al barri.<\/li>\n<li>Activitats extraescolars<\/li>\n<\/ul>\n<p>Fes clic al men\u00fa lateral per obtenir m\u00e9s informaci\u00f3.<\/p>\n","protected":false},"author":1,"featured_media":0,"parent":0,"menu_order":0,"comment_status":"closed","ping_status":"closed","template":"page-templates\/side-menu.php","meta":{"_bbp_topic_count":0,"_bbp_reply_count":0,"_bbp_total_topic_count":0,"_bbp_total_reply_count":0,"_bbp_voice_count":0,"_bbp_anonymous_reply_count":0,"_bbp_topic_count_hidden":0,"_bbp_reply_count_hidden":0,"_bbp_forum_subforum_count":0,"footnotes":""},"class_list":["post-1292","page","type-page","status-publish","hentry"],"post_mailing_queue_ids":[],"_links":{"self":[{"href":"https:\/\/agora.xtec.cat\/escolaenxaneta\/wp-json\/wp\/v2\/pages\/1292","targetHints":{"allow":["GET"]}}],"collection":[{"href":"https:\/\/agora.xtec.cat\/escolaenxaneta\/wp-json\/wp\/v2\/pages"}],"about":[{"href":"https:\/\/agora.xtec.cat\/escolaenxaneta\/wp-json\/wp\/v2\/types\/page"}],"author":[{"embeddable":true,"href":"https:\/\/agora.xtec.cat\/escolaenxaneta\/wp-json\/wp\/v2\/users\/1"}],"replies":[{"embeddable":true,"href":"https:\/\/agora.xtec.cat\/escolaenxaneta\/wp-json\/wp\/v2\/comments?post=1292"}],"version-history":[{"count":3,"href":"https:\/\/agora.xtec.cat\/escolaenxaneta\/wp-json\/wp\/v2\/pages\/1292\/revisions"}],"predecessor-version":[{"id":6511,"href":"https:\/\/agora.xtec.cat\/escolaenxaneta\/wp-json\/wp\/v2\/pages\/1292\/revisions\/6511"}],"wp:attachment":[{"href":"https:\/\/agora.xtec.cat\/escolaenxaneta\/wp-json\/wp\/v2\/media?parent=1292"}],"curies":[{"name":"wp","href":"https:\/\/api.w.org\/{rel}","templated":true}]}}