{"id":1260,"date":"2019-02-22T11:17:56","date_gmt":"2019-02-22T10:17:56","guid":{"rendered":"http:\/\/agora.xtec.cat\/escolaenxaneta\/?page_id=1260"},"modified":"2024-10-29T17:33:44","modified_gmt":"2024-10-29T16:33:44","slug":"codi-pagament","status":"publish","type":"page","link":"https:\/\/agora.xtec.cat\/escolaenxaneta\/families\/codi-pagament\/","title":{"rendered":"Pagaments"},"content":{"rendered":"<p>Per realitzar el pagament de sortides, col\u00f2nies i material, podeu domiciliar els rebuts, fer una transfer\u00e8ncia al compte de l&#8217;escola o b\u00e9 fer l&#8217;ingr\u00e9s per caixer autom\u00e0tic amb un codi de barres<\/p>\n<div style=\"position: relative; width: 100%; height: 0; padding-top: 141.4286%; padding-bottom: 48px; box-shadow: 0 2px 8px 0 rgba(63,69,81,0.16); margin-top: 1.6em; margin-bottom: 0.9em; overflow: hidden; border-radius: 8px; will-change: transform;\"><iframe style=\"position: absolute; width: 100%; height: 100%; top: 0; left: 0; border: none; padding: 0; margin: 0;\" src=\"https:\/\/www.canva.com\/design\/DAEszueUqKU\/view?embed\"><br \/>\n<\/iframe><\/div>\n<p><a href=\"https:\/\/www.canva.com\/design\/DAEszueUqKU\/view?utm_content=DAEszueUqKU&amp;utm_campaign=designshare&amp;utm_medium=embeds&amp;utm_source=link\" target=\"_blank\" rel=\"noopener\">pagament web<\/a> de Escola Enxaneta<\/p>\n","protected":false},"excerpt":{"rendered":"<p>Per realitzar el pagament de sortides, col\u00f2nies i material, podeu domiciliar els rebuts, fer una transfer\u00e8ncia al compte de l&#8217;escola o b\u00e9 fer l&#8217;ingr\u00e9s per caixer autom\u00e0tic amb un codi de barres<\/p>\n<p><a href=\"https:\/\/www.canva.com\/design\/DAEszueUqKU\/view?utm_content=DAEszueUqKU&amp;utm_campaign=designshare&amp;utm_medium=embeds&amp;utm_source=link\" target=\"_blank\" rel=\"noopener\">pagament web<\/a> de Escola Enxaneta<\/p>\n","protected":false},"author":1,"featured_media":0,"parent":1251,"menu_order":2,"comment_status":"closed","ping_status":"closed","template":"page-templates\/side-menu.php","meta":{"_bbp_topic_count":0,"_bbp_reply_count":0,"_bbp_total_topic_count":0,"_bbp_total_reply_count":0,"_bbp_voice_count":0,"_bbp_anonymous_reply_count":0,"_bbp_topic_count_hidden":0,"_bbp_reply_count_hidden":0,"_bbp_forum_subforum_count":0,"footnotes":""},"class_list":["post-1260","page","type-page","status-publish","hentry"],"post_mailing_queue_ids":[],"_links":{"self":[{"href":"https:\/\/agora.xtec.cat\/escolaenxaneta\/wp-json\/wp\/v2\/pages\/1260","targetHints":{"allow":["GET"]}}],"collection":[{"href":"https:\/\/agora.xtec.cat\/escolaenxaneta\/wp-json\/wp\/v2\/pages"}],"about":[{"href":"https:\/\/agora.xtec.cat\/escolaenxaneta\/wp-json\/wp\/v2\/types\/page"}],"author":[{"embeddable":true,"href":"https:\/\/agora.xtec.cat\/escolaenxaneta\/wp-json\/wp\/v2\/users\/1"}],"replies":[{"embeddable":true,"href":"https:\/\/agora.xtec.cat\/escolaenxaneta\/wp-json\/wp\/v2\/comments?post=1260"}],"version-history":[{"count":3,"href":"https:\/\/agora.xtec.cat\/escolaenxaneta\/wp-json\/wp\/v2\/pages\/1260\/revisions"}],"predecessor-version":[{"id":8713,"href":"https:\/\/agora.xtec.cat\/escolaenxaneta\/wp-json\/wp\/v2\/pages\/1260\/revisions\/8713"}],"up":[{"embeddable":true,"href":"https:\/\/agora.xtec.cat\/escolaenxaneta\/wp-json\/wp\/v2\/pages\/1251"}],"wp:attachment":[{"href":"https:\/\/agora.xtec.cat\/escolaenxaneta\/wp-json\/wp\/v2\/media?parent=1260"}],"curies":[{"name":"wp","href":"https:\/\/api.w.org\/{rel}","templated":true}]}}