{"id":1207,"date":"2019-02-22T10:52:53","date_gmt":"2019-02-22T09:52:53","guid":{"rendered":"http:\/\/agora.xtec.cat\/escolaenxaneta\/?page_id=1207"},"modified":"2020-01-31T17:58:05","modified_gmt":"2020-01-31T16:58:05","slug":"dinamitzacio","status":"publish","type":"page","link":"https:\/\/agora.xtec.cat\/escolaenxaneta\/linia-descola\/alumne-com-a-protagonista\/dinamitzacio\/","title":{"rendered":"Dinamitzaci\u00f3 de patis"},"content":{"rendered":"<p>El pati \u00e9s un espai educatiu basat en les relacions humanes i ple de recursos per a l&#8217;aprenentatge.<\/p>\n<p>Per aquest motiu, l&#8217;escola cada curs planifica i organitza aquest temps d&#8217;esbarjo en funci\u00f3 dels interessos dels diferents nens i nenes, oferint activitats diverses en espais diferenciats.<\/p>\n<p>A m\u00e9s, l&#8217;escola promou la figura dels dinamitzadors: alumnes de 6\u00e8 de prim\u00e0ria que, de manera volunt\u00e0ria, fan torns per dinamitzar di\u00e0riament el pati, acompanyant l&#8217;alumnat m\u00e9s petit en el joc.<\/p>\n<table style=\"height: 50px; width: 1050px;\" width=\"838\">\n<tbody>\n<tr style=\"height: 40px;\">\n<td style=\"width: 352.333px; height: 10px; text-align: center;\">\n<h4><span style=\"color: #3366ff;\"><strong>INFANTIL<\/strong><\/span><\/h4>\n<\/td>\n<td style=\"width: 330.317px; height: 10px; text-align: center;\">\n<h4><span style=\"color: #ff00ff;\"><strong>TEMPS D&#8217;ESBARJO<\/strong><\/span><\/h4>\n<\/td>\n<td style=\"width: 357.35px; text-align: center; height: 10px;\">\n<h4><span style=\"color: #339966;\"><strong>PRIM\u00c0RIA<\/strong><\/span><\/h4>\n<\/td>\n<\/tr>\n<tr style=\"height: 40px;\">\n<td style=\"width: 352.333px; height: 40px; text-align: center;\">Sorral<\/p>\n<p>Bicicletes\/Motos<\/p>\n<p>Pissarres<\/p>\n<p>Estructura multiactivitat (tobogan, roc\u00f2drom, escalada&#8230;)<\/p>\n<p>Joguines diverses<\/td>\n<td style=\"width: 330.317px; height: 40px; text-align: center;\"><a href=\"https:\/\/agora.xtec.cat\/escolaenxaneta\/wp-content\/uploads\/usu720\/2020\/01\/Consejos_motrices_1-1-300x284.jpg\"><img loading=\"lazy\" decoding=\"async\" class=\"wp-image-2697 alignright\" src=\"https:\/\/agora.xtec.cat\/escolaenxaneta\/wp-content\/uploads\/usu720\/2020\/01\/Consejos_motrices_1-1-300x284-300x284.jpg\" alt=\"\" width=\"388\" height=\"367\" \/><\/a><\/td>\n<td style=\"width: 357.35px; text-align: center; height: 40px;\">Bibliopati<\/p>\n<p>Jocs de taula i de terra<\/p>\n<p>Esports (b\u00e0squet, futbol, volei, korfball, badminton)<\/p>\n<p>Ping Pong<\/p>\n<p>Bicicletes\/Patinets<\/p>\n<p>Alternatius (cordes, anelles, dianes, bitlles&#8230;)<\/td>\n<\/tr>\n<\/tbody>\n<\/table>\n<p>&nbsp;<\/p>\n<p>&nbsp;<\/p>\n","protected":false},"excerpt":{"rendered":"<p>El pati \u00e9s un espai educatiu basat en les relacions humanes i ple de recursos per a l&#8217;aprenentatge.<br \/>\nPer aquest motiu, l&#8217;escola cada curs planifica i organitza aquest temps d&#8217;esbarjo en funci\u00f3 dels interessos dels diferents nens i nenes, oferint activitats diverses en espais diferenciats.<br \/>\nA m\u00e9s,&hellip;  <a href=\"https:\/\/agora.xtec.cat\/escolaenxaneta\/linia-descola\/alumne-com-a-protagonista\/dinamitzacio\/\" title=\"Read Dinamitzaci\u00f3 de patis\">Llegeix m\u00e9s\u00bb<\/a><\/p>\n","protected":false},"author":1,"featured_media":0,"parent":1197,"menu_order":0,"comment_status":"closed","ping_status":"closed","template":"page-templates\/side-menu.php","meta":{"_bbp_topic_count":0,"_bbp_reply_count":0,"_bbp_total_topic_count":0,"_bbp_total_reply_count":0,"_bbp_voice_count":0,"_bbp_anonymous_reply_count":0,"_bbp_topic_count_hidden":0,"_bbp_reply_count_hidden":0,"_bbp_forum_subforum_count":0,"footnotes":""},"class_list":["post-1207","page","type-page","status-publish","hentry"],"post_mailing_queue_ids":[],"_links":{"self":[{"href":"https:\/\/agora.xtec.cat\/escolaenxaneta\/wp-json\/wp\/v2\/pages\/1207","targetHints":{"allow":["GET"]}}],"collection":[{"href":"https:\/\/agora.xtec.cat\/escolaenxaneta\/wp-json\/wp\/v2\/pages"}],"about":[{"href":"https:\/\/agora.xtec.cat\/escolaenxaneta\/wp-json\/wp\/v2\/types\/page"}],"author":[{"embeddable":true,"href":"https:\/\/agora.xtec.cat\/escolaenxaneta\/wp-json\/wp\/v2\/users\/1"}],"replies":[{"embeddable":true,"href":"https:\/\/agora.xtec.cat\/escolaenxaneta\/wp-json\/wp\/v2\/comments?post=1207"}],"version-history":[{"count":4,"href":"https:\/\/agora.xtec.cat\/escolaenxaneta\/wp-json\/wp\/v2\/pages\/1207\/revisions"}],"predecessor-version":[{"id":2700,"href":"https:\/\/agora.xtec.cat\/escolaenxaneta\/wp-json\/wp\/v2\/pages\/1207\/revisions\/2700"}],"up":[{"embeddable":true,"href":"https:\/\/agora.xtec.cat\/escolaenxaneta\/wp-json\/wp\/v2\/pages\/1197"}],"wp:attachment":[{"href":"https:\/\/agora.xtec.cat\/escolaenxaneta\/wp-json\/wp\/v2\/media?parent=1207"}],"curies":[{"name":"wp","href":"https:\/\/api.w.org\/{rel}","templated":true}]}}