{"id":412,"date":"2016-02-24T13:24:04","date_gmt":"2016-02-24T12:24:04","guid":{"rendered":"http:\/\/agora.xtec.cat\/escolaempordanet\/?page_id=412"},"modified":"2026-03-09T14:00:49","modified_gmt":"2026-03-09T13:00:49","slug":"claustre","status":"publish","type":"page","link":"https:\/\/agora.xtec.cat\/escolaempordanet\/lescola\/claustre\/","title":{"rendered":"Equip"},"content":{"rendered":"<p style=\"text-align: center;\"><strong><span style=\"color: #ff6600;\"><em>EQUIP DIRECTIU<\/em><\/span><\/strong><\/p>\n<p style=\"text-align: center;\">DIRECTORA: Anabel Braz\u00e1lez<br \/>\nCAP D&#8217;ESTUDIS: Fanny Pons<br \/>\nSECRET\u00c0RIA: Laia Moreno<\/p>\n<p style=\"text-align: center;\"><strong><span style=\"color: #ff6600;\"><em>EQUIP DOCENT<\/em><\/span><\/strong><\/p>\n<p style=\"text-align: center;\"><span style=\"color: #33cccc;\"><strong>COMUNITAT DE PETITS I PETITES:<\/strong><\/span><\/p>\n<p style=\"text-align: center;\">TUTORES: Gemma Ganigu\u00e9, Clara Kupka, Montse Canals i Laura Sala.<\/p>\n<p style=\"text-align: center;\"><span style=\"color: #33cccc;\"><strong>COMUNITAT DE MITJANS I MITJANES<\/strong><\/span><\/p>\n<p style=\"text-align: center;\">TUTORA 1r: Gl\u00f2ria Fern\u00e1ndez<\/p>\n<p style=\"text-align: center;\">\u00a0TUTORA 2n: Olaya de Heras<\/p>\n<p style=\"text-align: center;\">TUTORA 3r: Imma Rovir\u00f3<\/p>\n<p style=\"text-align: center;\"><span style=\"color: #33cccc;\"><strong>COMUNITAT DE GRANS:<\/strong><\/span><\/p>\n<p style=\"text-align: center;\">TUTORA 4t: Emma Pons<\/p>\n<p style=\"text-align: center;\">TUTORA 5\u00e8: Neus Lafont<\/p>\n<p style=\"text-align: center;\">TUTORA 6\u00e8: Pilar Costa<\/p>\n<p style=\"text-align: center;\"><span style=\"color: #33cccc;\"><strong>ESPECIALISTES:<\/strong><\/span><\/p>\n<p style=\"text-align: center;\">ANGL\u00c8S: Elisa Viar i Miquel Viar<\/p>\n<p style=\"text-align: center;\">EDUCACI\u00d3 F\u00cdSICA: Mart\u00ed Sala<\/p>\n<p style=\"text-align: center;\">M\u00daSICA: Maria Anselmet<\/p>\n<p style=\"text-align: center;\">EDUCACI\u00d3 ESPECIAL: Aret\u00ed Gkika<\/p>\n<p style=\"text-align: center;\">AULA D&#8217;ACOLLIDA: N\u00faria Salv\u00e0<\/p>\n<p style=\"text-align: center;\">SUPORTS: Montse Plaja<\/p>\n<p style=\"text-align: center;\">MESTRA D&#8217;\u00c0RAB: Sana Masmoudi<\/p>\n<p style=\"text-align: center;\"><strong><span style=\"color: #ff6600;\"><em>PERSONAL NO DOCENT<\/em><\/span><\/strong><\/p>\n<p style=\"text-align: center;\">VETLLADORA: Muntsa Mola i Rosi Cruces<\/p>\n<p style=\"text-align: center;\">CONSERGE: Eduard Rodr\u00edguez<\/p>\n<p style=\"text-align: center;\">AUXILIAR ADMINISTRATIVA: Thanya Segura<\/p>\n<p style=\"text-align: center;\">TEI: Anna Dalmau i Marga Contreras<\/p>\n<p style=\"text-align: center;\">TIS: Vero Bay\u00f3<\/p>\n<p style=\"text-align: center;\">MONITORES MENJADOR: S\u00edlvia Costa, Marta Listosella, Paula Aguilera, Marta Turr\u00f3, Susanna G\u00f3mez<\/p>\n<p style=\"text-align: center;\">EAP: N\u00faria Queix\u00e0s<\/p>\n<p style=\"text-align: center;\">T\u00c8CNIC INFORM\u00c0TIC: Dami\u00e1n Frezetti<\/p>\n<p style=\"text-align: center;\">GUITARRA: Olaya de Heras<\/p>\n<p style=\"text-align: center;\">PIANO: Merc\u00e8 Jaile<\/p>\n<p style=\"text-align: center;\">PERCUSSI\u00d3: Maria Anselmet<\/p>\n<p style=\"text-align: center;\">DANSA: Dora Arias<\/p>\n<p>&nbsp;<\/p>\n<p style=\"text-align: center;\">\n","protected":false},"excerpt":{"rendered":"<p>EQUIP DIRECTIU DIRECTORA: Anabel Braz\u00e1lez CAP D&#8217;ESTUDIS: Fanny Pons SECRET\u00c0RIA: Laia Moreno EQUIP DOCENT COMUNITAT DE PETITS I PETITES: TUTORES: Gemma Ganigu\u00e9, Clara Kupka, Montse Canals i Laura Sala. COMUNITAT DE MITJANS I MITJANES TUTORA 1r: Gl\u00f2ria Fern\u00e1ndez \u00a0TUTORA 2n: Olaya de Heras TUTORA 3r: Imma Rovir\u00f3 COMUNITAT DE GRANS: TUTORA 4t: Emma Pons TUTORA [&hellip;]<\/p>\n","protected":false},"author":1,"featured_media":0,"parent":22,"menu_order":0,"comment_status":"closed","ping_status":"closed","template":"","meta":{"_bbp_topic_count":0,"_bbp_reply_count":0,"_bbp_total_topic_count":0,"_bbp_total_reply_count":0,"_bbp_voice_count":0,"_bbp_anonymous_reply_count":0,"_bbp_topic_count_hidden":0,"_bbp_reply_count_hidden":0,"_bbp_forum_subforum_count":0,"site-sidebar-layout":"default","site-content-layout":"","ast-site-content-layout":"default","site-content-style":"default","site-sidebar-style":"default","ast-global-header-display":"","ast-banner-title-visibility":"","ast-main-header-display":"","ast-hfb-above-header-display":"","ast-hfb-below-header-display":"","ast-hfb-mobile-header-display":"","site-post-title":"","ast-breadcrumbs-content":"","ast-featured-img":"","footer-sml-layout":"","theme-transparent-header-meta":"default","adv-header-id-meta":"","stick-header-meta":"","header-above-stick-meta":"","header-main-stick-meta":"","header-below-stick-meta":"","astra-migrate-meta-layouts":"set","ast-page-background-enabled":"default","ast-page-background-meta":{"desktop":{"background-color":"var(--ast-global-color-4)","background-image":"","background-repeat":"repeat","background-position":"center center","background-size":"auto","background-attachment":"scroll","background-type":"","background-media":"","overlay-type":"","overlay-color":"","overlay-opacity":"","overlay-gradient":""},"tablet":{"background-color":"","background-image":"","background-repeat":"repeat","background-position":"center center","background-size":"auto","background-attachment":"scroll","background-type":"","background-media":"","overlay-type":"","overlay-color":"","overlay-opacity":"","overlay-gradient":""},"mobile":{"background-color":"","background-image":"","background-repeat":"repeat","background-position":"center center","background-size":"auto","background-attachment":"scroll","background-type":"","background-media":"","overlay-type":"","overlay-color":"","overlay-opacity":"","overlay-gradient":""}},"ast-content-background-meta":{"desktop":{"background-color":"var(--ast-global-color-5)","background-image":"","background-repeat":"repeat","background-position":"center center","background-size":"auto","background-attachment":"scroll","background-type":"","background-media":"","overlay-type":"","overlay-color":"","overlay-opacity":"","overlay-gradient":""},"tablet":{"background-color":"var(--ast-global-color-5)","background-image":"","background-repeat":"repeat","background-position":"center center","background-size":"auto","background-attachment":"scroll","background-type":"","background-media":"","overlay-type":"","overlay-color":"","overlay-opacity":"","overlay-gradient":""},"mobile":{"background-color":"var(--ast-global-color-5)","background-image":"","background-repeat":"repeat","background-position":"center center","background-size":"auto","background-attachment":"scroll","background-type":"","background-media":"","overlay-type":"","overlay-color":"","overlay-opacity":"","overlay-gradient":""}},"footnotes":""},"class_list":["post-412","page","type-page","status-publish","hentry"],"post_mailing_queue_ids":[],"_links":{"self":[{"href":"https:\/\/agora.xtec.cat\/escolaempordanet\/wp-json\/wp\/v2\/pages\/412","targetHints":{"allow":["GET"]}}],"collection":[{"href":"https:\/\/agora.xtec.cat\/escolaempordanet\/wp-json\/wp\/v2\/pages"}],"about":[{"href":"https:\/\/agora.xtec.cat\/escolaempordanet\/wp-json\/wp\/v2\/types\/page"}],"author":[{"embeddable":true,"href":"https:\/\/agora.xtec.cat\/escolaempordanet\/wp-json\/wp\/v2\/users\/1"}],"replies":[{"embeddable":true,"href":"https:\/\/agora.xtec.cat\/escolaempordanet\/wp-json\/wp\/v2\/comments?post=412"}],"version-history":[{"count":6,"href":"https:\/\/agora.xtec.cat\/escolaempordanet\/wp-json\/wp\/v2\/pages\/412\/revisions"}],"predecessor-version":[{"id":2826,"href":"https:\/\/agora.xtec.cat\/escolaempordanet\/wp-json\/wp\/v2\/pages\/412\/revisions\/2826"}],"up":[{"embeddable":true,"href":"https:\/\/agora.xtec.cat\/escolaempordanet\/wp-json\/wp\/v2\/pages\/22"}],"wp:attachment":[{"href":"https:\/\/agora.xtec.cat\/escolaempordanet\/wp-json\/wp\/v2\/media?parent=412"}],"curies":[{"name":"wp","href":"https:\/\/api.w.org\/{rel}","templated":true}]}}