{"id":77,"date":"2014-09-18T14:05:08","date_gmt":"2014-09-18T14:05:08","guid":{"rendered":"http:\/\/agora.xtec.cat\/escolaemiliteixidor\/?page_id=77"},"modified":"2022-09-19T19:18:43","modified_gmt":"2022-09-19T17:18:43","slug":"acollida","status":"publish","type":"page","link":"https:\/\/agora.xtec.cat\/escolaemiliteixidor\/pagines-dinici\/serveis\/acollida\/","title":{"rendered":"Acollida"},"content":{"rendered":"<p>L&#8217;AFA ofereix i organitza un servei d&#8217;acollida matinal en el centre.<\/p>\n<p>El seu horari \u00e9s de 7:45 a 9:00 hores. El preu \u00e9s de <strong>20\u00a0\u20ac <\/strong>al mes o\u00a0<strong>3\u00a0\u20ac <\/strong>diaris si se&#8217;n fa \u00fas de manera espor\u00e0dica.<\/p>\n<p>En t\u00e9 la gesti\u00f3 Set i Tria.<\/p>\n","protected":false},"excerpt":{"rendered":"<p>L&#8217;AFA ofereix i organitza un servei d&#8217;acollida matinal en el centre. El seu horari \u00e9s de 7:45 a 9:00 hores. El preu \u00e9s de 20\u00a0\u20ac al mes o\u00a03\u00a0\u20ac diaris si se&#8217;n fa \u00fas de manera espor\u00e0dica. En t\u00e9 la gesti\u00f3 Set i Tria.<\/p>\n","protected":false},"author":2,"featured_media":0,"parent":66,"menu_order":20,"comment_status":"closed","ping_status":"closed","template":"","meta":{"_bbp_topic_count":0,"_bbp_reply_count":0,"_bbp_total_topic_count":0,"_bbp_total_reply_count":0,"_bbp_voice_count":0,"_bbp_anonymous_reply_count":0,"_bbp_topic_count_hidden":0,"_bbp_reply_count_hidden":0,"_bbp_forum_subforum_count":0,"site-sidebar-layout":"default","site-content-layout":"","ast-site-content-layout":"","site-content-style":"default","site-sidebar-style":"default","ast-global-header-display":"","ast-banner-title-visibility":"","ast-main-header-display":"","ast-hfb-above-header-display":"","ast-hfb-below-header-display":"","ast-hfb-mobile-header-display":"","site-post-title":"","ast-breadcrumbs-content":"","ast-featured-img":"","footer-sml-layout":"","theme-transparent-header-meta":"","adv-header-id-meta":"","stick-header-meta":"","header-above-stick-meta":"","header-main-stick-meta":"","header-below-stick-meta":"","astra-migrate-meta-layouts":"default","ast-page-background-enabled":"default","ast-page-background-meta":{"desktop":{"background-color":"var(--ast-global-color-4)","background-image":"","background-repeat":"repeat","background-position":"center center","background-size":"auto","background-attachment":"scroll","background-type":"","background-media":"","overlay-type":"","overlay-color":"","overlay-opacity":"","overlay-gradient":""},"tablet":{"background-color":"","background-image":"","background-repeat":"repeat","background-position":"center center","background-size":"auto","background-attachment":"scroll","background-type":"","background-media":"","overlay-type":"","overlay-color":"","overlay-opacity":"","overlay-gradient":""},"mobile":{"background-color":"","background-image":"","background-repeat":"repeat","background-position":"center center","background-size":"auto","background-attachment":"scroll","background-type":"","background-media":"","overlay-type":"","overlay-color":"","overlay-opacity":"","overlay-gradient":""}},"ast-content-background-meta":{"desktop":{"background-color":"var(--ast-global-color-5)","background-image":"","background-repeat":"repeat","background-position":"center center","background-size":"auto","background-attachment":"scroll","background-type":"","background-media":"","overlay-type":"","overlay-color":"","overlay-opacity":"","overlay-gradient":""},"tablet":{"background-color":"var(--ast-global-color-5)","background-image":"","background-repeat":"repeat","background-position":"center center","background-size":"auto","background-attachment":"scroll","background-type":"","background-media":"","overlay-type":"","overlay-color":"","overlay-opacity":"","overlay-gradient":""},"mobile":{"background-color":"var(--ast-global-color-5)","background-image":"","background-repeat":"repeat","background-position":"center center","background-size":"auto","background-attachment":"scroll","background-type":"","background-media":"","overlay-type":"","overlay-color":"","overlay-opacity":"","overlay-gradient":""}},"footnotes":""},"class_list":["post-77","page","type-page","status-publish","hentry"],"post_mailing_queue_ids":[],"_links":{"self":[{"href":"https:\/\/agora.xtec.cat\/escolaemiliteixidor\/wp-json\/wp\/v2\/pages\/77","targetHints":{"allow":["GET"]}}],"collection":[{"href":"https:\/\/agora.xtec.cat\/escolaemiliteixidor\/wp-json\/wp\/v2\/pages"}],"about":[{"href":"https:\/\/agora.xtec.cat\/escolaemiliteixidor\/wp-json\/wp\/v2\/types\/page"}],"author":[{"embeddable":true,"href":"https:\/\/agora.xtec.cat\/escolaemiliteixidor\/wp-json\/wp\/v2\/users\/2"}],"replies":[{"embeddable":true,"href":"https:\/\/agora.xtec.cat\/escolaemiliteixidor\/wp-json\/wp\/v2\/comments?post=77"}],"version-history":[{"count":3,"href":"https:\/\/agora.xtec.cat\/escolaemiliteixidor\/wp-json\/wp\/v2\/pages\/77\/revisions"}],"predecessor-version":[{"id":4741,"href":"https:\/\/agora.xtec.cat\/escolaemiliteixidor\/wp-json\/wp\/v2\/pages\/77\/revisions\/4741"}],"up":[{"embeddable":true,"href":"https:\/\/agora.xtec.cat\/escolaemiliteixidor\/wp-json\/wp\/v2\/pages\/66"}],"wp:attachment":[{"href":"https:\/\/agora.xtec.cat\/escolaemiliteixidor\/wp-json\/wp\/v2\/media?parent=77"}],"curies":[{"name":"wp","href":"https:\/\/api.w.org\/{rel}","templated":true}]}}