{"id":71,"date":"2014-09-18T12:44:56","date_gmt":"2014-09-18T12:44:56","guid":{"rendered":"http:\/\/agora.xtec.cat\/escolaemiliteixidor\/?page_id=71"},"modified":"2022-11-01T14:34:17","modified_gmt":"2022-11-01T13:34:17","slug":"serveis-digitals","status":"publish","type":"page","link":"https:\/\/agora.xtec.cat\/escolaemiliteixidor\/pagines-dinici\/serveis\/serveis-digitals\/","title":{"rendered":"Serveis digitals"},"content":{"rendered":"<p><strong>COMUNICACI\u00d3 AMB LES FAM\u00cdLIES:\u00a0<\/strong><\/p>\n<ul>\n<li>Comunicacions i notificacions a les families a trav\u00e9s de Dinantia. Reben informacions sobre:\n<ul>\n<li>activitats generals del centre<\/li>\n<li>informacions sobre l&#8217;escola.<\/li>\n<li>informacions del grup classe.<\/li>\n<\/ul>\n<\/li>\n<li>Cal autoritzaci\u00f3 expressa per part de les fam\u00edlies pels drets d\u2019imatge i per l\u2019\u00fas del correu.<\/li>\n<li>Disposem d\u2019un blog on es publiquen escrits i fotos d\u2019activitats, festes, sortides\u2026<\/li>\n<\/ul>\n<p><a href=\"https:\/\/agora.xtec.cat\/escolaemiliteixidor\/\">https:\/\/agora.xtec.cat\/escolaemiliteixidor\/<\/a><\/p>\n<p><strong>RECURSOS DIGITALS DE L&#8217;ESCOLA:\u00a0<\/strong><\/p>\n<ul>\n<li>Els alumnes disposen de correu electr\u00f2nic del domini de l&#8217;escola:\n<ul>\n<li style=\"list-style-type: none;\">\n<ul>\n<li style=\"list-style-type: none;\">\n<ul>\n<li>usuari@escolaemiliteixidor.cat.<\/li>\n<\/ul>\n<\/li>\n<\/ul>\n<\/li>\n<\/ul>\n<\/li>\n<li>L&#8217;escola disposa de diferents recursos digitals: ordinadors,\u00a0 pissarres digitals, port\u00e0tils, Chromebooks, Beebots, material de rob\u00f2tica, tauletes &#8230; amb els quals es vol aconseguir encaminar els alumnes en l&#8217;adquisici\u00f3 de la Compet\u00e8ncia Digital.<\/li>\n<li>Al centre es potencia el treball cooperatiu dins les aules amb el suport de les eines digitals de les que disposem.<\/li>\n<li>Ordinadors en xarxa i amb acc\u00e9s a Internet des de qualsevol equip.<\/li>\n<li>La nostra escola est\u00e0 connectada en xarxa i disposa de wifi.<\/li>\n<\/ul>\n<p><strong>RECURSOS PER LES FAM\u00cdLIES I ALUMNES:\u00a0<\/strong><\/p>\n<table style=\"height: 170px; width: 598px;\" width=\"458\">\n<tbody>\n<tr>\n<td style=\"width: 146px;\"><a href=\"http:\/\/www.edu365.cat\/\"><img loading=\"lazy\" decoding=\"async\" class=\"alignnone wp-image-2914 size-full aligncenter\" src=\"https:\/\/agora.xtec.cat\/escolaemiliteixidor\/wp-content\/uploads\/usu448\/2019\/05\/edu365_fb.jpg\" alt=\"\" width=\"600\" height=\"400\" srcset=\"https:\/\/agora.xtec.cat\/escolaemiliteixidor\/wp-content\/uploads\/usu448\/2019\/05\/edu365_fb.jpg 600w, https:\/\/agora.xtec.cat\/escolaemiliteixidor\/wp-content\/uploads\/usu448\/2019\/05\/edu365_fb-300x200.jpg 300w\" sizes=\"auto, (max-width: 600px) 100vw, 600px\" \/><\/a><\/td>\n<td style=\"width: 146px;\"><a href=\"https:\/\/edu.google.com\/intl\/es-419_ALL\/products\/gsuite-for-education\/?modal_active=none#get-started\"><img loading=\"lazy\" decoding=\"async\" class=\"alignnone wp-image-2915 size-full\" src=\"https:\/\/agora.xtec.cat\/escolaemiliteixidor\/wp-content\/uploads\/usu448\/2019\/05\/g-suite_hi.jpg\" alt=\"\" width=\"672\" height=\"378\" srcset=\"https:\/\/agora.xtec.cat\/escolaemiliteixidor\/wp-content\/uploads\/usu448\/2019\/05\/g-suite_hi.jpg 672w, https:\/\/agora.xtec.cat\/escolaemiliteixidor\/wp-content\/uploads\/usu448\/2019\/05\/g-suite_hi-300x169.jpg 300w\" sizes=\"auto, (max-width: 672px) 100vw, 672px\" \/><\/a><\/td>\n<td style=\"width: 147px;\"><a href=\"https:\/\/clic.xtec.cat\/repo\/index.html?lang=ca\"><img loading=\"lazy\" decoding=\"async\" class=\"alignnone wp-image-2916 size-full\" src=\"https:\/\/agora.xtec.cat\/escolaemiliteixidor\/wp-content\/uploads\/usu448\/2019\/05\/jpg_jclic.jpg\" alt=\"\" width=\"320\" height=\"215\" srcset=\"https:\/\/agora.xtec.cat\/escolaemiliteixidor\/wp-content\/uploads\/usu448\/2019\/05\/jpg_jclic.jpg 320w, https:\/\/agora.xtec.cat\/escolaemiliteixidor\/wp-content\/uploads\/usu448\/2019\/05\/jpg_jclic-300x202.jpg 300w\" sizes=\"auto, (max-width: 320px) 100vw, 320px\" \/><\/a><\/td>\n<td style=\"width: 147px;\"><a href=\"http:\/\/www.ceip-diputacio.com\/portadaCM-CS.htm\"><img loading=\"lazy\" decoding=\"async\" class=\"alignnone size-full wp-image-3425\" src=\"https:\/\/agora.xtec.cat\/escolaemiliteixidor\/wp-content\/uploads\/usu448\/2020\/05\/la-motxilla.png\" alt=\"\" width=\"768\" height=\"442\" srcset=\"https:\/\/agora.xtec.cat\/escolaemiliteixidor\/wp-content\/uploads\/usu448\/2020\/05\/la-motxilla.png 768w, https:\/\/agora.xtec.cat\/escolaemiliteixidor\/wp-content\/uploads\/usu448\/2020\/05\/la-motxilla-300x173.png 300w\" sizes=\"auto, (max-width: 768px) 100vw, 768px\" \/><\/a><\/td>\n<\/tr>\n<tr>\n<td style=\"width: 146px;\"><a href=\"http:\/\/toolbox.mobileworldcapital.com\/coleccions\/android\"><img loading=\"lazy\" decoding=\"async\" class=\"alignnone wp-image-2917 size-full\" src=\"https:\/\/agora.xtec.cat\/escolaemiliteixidor\/wp-content\/uploads\/usu448\/2019\/05\/toolbox.jpg\" alt=\"\" width=\"553\" height=\"270\" srcset=\"https:\/\/agora.xtec.cat\/escolaemiliteixidor\/wp-content\/uploads\/usu448\/2019\/05\/toolbox.jpg 553w, https:\/\/agora.xtec.cat\/escolaemiliteixidor\/wp-content\/uploads\/usu448\/2019\/05\/toolbox-300x146.jpg 300w\" sizes=\"auto, (max-width: 553px) 100vw, 553px\" \/><\/a><\/td>\n<td style=\"width: 146px;\"><a href=\"https:\/\/www.ccma.cat\/tv3\/super3\/una-ma-de-contes\/\"><img loading=\"lazy\" decoding=\"async\" class=\"alignnone wp-image-2918 size-full\" src=\"https:\/\/agora.xtec.cat\/escolaemiliteixidor\/wp-content\/uploads\/usu448\/2019\/05\/una-mC3A0-de-contes28129.jpg\" alt=\"\" width=\"400\" height=\"269\" srcset=\"https:\/\/agora.xtec.cat\/escolaemiliteixidor\/wp-content\/uploads\/usu448\/2019\/05\/una-mC3A0-de-contes28129.jpg 400w, https:\/\/agora.xtec.cat\/escolaemiliteixidor\/wp-content\/uploads\/usu448\/2019\/05\/una-mC3A0-de-contes28129-300x202.jpg 300w\" sizes=\"auto, (max-width: 400px) 100vw, 400px\" \/><\/a><\/td>\n<td style=\"width: 147px;\"><a href=\"https:\/\/www.ccma.cat\/tv3\/super3\/infok\/\"><img loading=\"lazy\" decoding=\"async\" class=\"alignnone wp-image-2919\" src=\"https:\/\/agora.xtec.cat\/escolaemiliteixidor\/wp-content\/uploads\/usu448\/2019\/05\/infok.jpg\" alt=\"\" width=\"144\" height=\"121\" srcset=\"https:\/\/agora.xtec.cat\/escolaemiliteixidor\/wp-content\/uploads\/usu448\/2019\/05\/infok.jpg 800w, https:\/\/agora.xtec.cat\/escolaemiliteixidor\/wp-content\/uploads\/usu448\/2019\/05\/infok-300x250.jpg 300w, https:\/\/agora.xtec.cat\/escolaemiliteixidor\/wp-content\/uploads\/usu448\/2019\/05\/infok-768x646.jpg 768w\" sizes=\"auto, (max-width: 144px) 100vw, 144px\" \/><\/a><\/td>\n<td style=\"width: 147px;\"><a href=\"http:\/\/www.ceip-diputacio.com\/portadaEI-CI.htm\"><img loading=\"lazy\" decoding=\"async\" class=\"alignnone size-full wp-image-3426\" src=\"https:\/\/agora.xtec.cat\/escolaemiliteixidor\/wp-content\/uploads\/usu448\/2020\/05\/motxilla.png\" alt=\"\" width=\"1018\" height=\"571\" srcset=\"https:\/\/agora.xtec.cat\/escolaemiliteixidor\/wp-content\/uploads\/usu448\/2020\/05\/motxilla.png 1018w, https:\/\/agora.xtec.cat\/escolaemiliteixidor\/wp-content\/uploads\/usu448\/2020\/05\/motxilla-300x168.png 300w, https:\/\/agora.xtec.cat\/escolaemiliteixidor\/wp-content\/uploads\/usu448\/2020\/05\/motxilla-768x431.png 768w\" sizes=\"auto, (max-width: 1018px) 100vw, 1018px\" \/><\/a><\/td>\n<\/tr>\n<\/tbody>\n<\/table>\n","protected":false},"excerpt":{"rendered":"<p>COMUNICACI\u00d3 AMB LES FAM\u00cdLIES:\u00a0 Comunicacions i notificacions a les families a trav\u00e9s de Dinantia. Reben informacions sobre: activitats generals del centre informacions sobre l&#8217;escola. informacions del grup classe. Cal autoritzaci\u00f3 expressa per part de les fam\u00edlies pels drets d\u2019imatge i per l\u2019\u00fas del correu. Disposem d\u2019un blog on es publiquen escrits i fotos d\u2019activitats, festes, [&hellip;]<\/p>\n","protected":false},"author":2,"featured_media":0,"parent":66,"menu_order":10,"comment_status":"closed","ping_status":"closed","template":"","meta":{"_bbp_topic_count":0,"_bbp_reply_count":0,"_bbp_total_topic_count":0,"_bbp_total_reply_count":0,"_bbp_voice_count":0,"_bbp_anonymous_reply_count":0,"_bbp_topic_count_hidden":0,"_bbp_reply_count_hidden":0,"_bbp_forum_subforum_count":0,"site-sidebar-layout":"default","site-content-layout":"","ast-site-content-layout":"","site-content-style":"default","site-sidebar-style":"default","ast-global-header-display":"","ast-banner-title-visibility":"","ast-main-header-display":"","ast-hfb-above-header-display":"","ast-hfb-below-header-display":"","ast-hfb-mobile-header-display":"","site-post-title":"","ast-breadcrumbs-content":"","ast-featured-img":"","footer-sml-layout":"","theme-transparent-header-meta":"","adv-header-id-meta":"","stick-header-meta":"","header-above-stick-meta":"","header-main-stick-meta":"","header-below-stick-meta":"","astra-migrate-meta-layouts":"default","ast-page-background-enabled":"default","ast-page-background-meta":{"desktop":{"background-color":"var(--ast-global-color-4)","background-image":"","background-repeat":"repeat","background-position":"center center","background-size":"auto","background-attachment":"scroll","background-type":"","background-media":"","overlay-type":"","overlay-color":"","overlay-opacity":"","overlay-gradient":""},"tablet":{"background-color":"","background-image":"","background-repeat":"repeat","background-position":"center center","background-size":"auto","background-attachment":"scroll","background-type":"","background-media":"","overlay-type":"","overlay-color":"","overlay-opacity":"","overlay-gradient":""},"mobile":{"background-color":"","background-image":"","background-repeat":"repeat","background-position":"center center","background-size":"auto","background-attachment":"scroll","background-type":"","background-media":"","overlay-type":"","overlay-color":"","overlay-opacity":"","overlay-gradient":""}},"ast-content-background-meta":{"desktop":{"background-color":"var(--ast-global-color-5)","background-image":"","background-repeat":"repeat","background-position":"center center","background-size":"auto","background-attachment":"scroll","background-type":"","background-media":"","overlay-type":"","overlay-color":"","overlay-opacity":"","overlay-gradient":""},"tablet":{"background-color":"var(--ast-global-color-5)","background-image":"","background-repeat":"repeat","background-position":"center center","background-size":"auto","background-attachment":"scroll","background-type":"","background-media":"","overlay-type":"","overlay-color":"","overlay-opacity":"","overlay-gradient":""},"mobile":{"background-color":"var(--ast-global-color-5)","background-image":"","background-repeat":"repeat","background-position":"center center","background-size":"auto","background-attachment":"scroll","background-type":"","background-media":"","overlay-type":"","overlay-color":"","overlay-opacity":"","overlay-gradient":""}},"footnotes":""},"class_list":["post-71","page","type-page","status-publish","hentry"],"post_mailing_queue_ids":[],"_links":{"self":[{"href":"https:\/\/agora.xtec.cat\/escolaemiliteixidor\/wp-json\/wp\/v2\/pages\/71","targetHints":{"allow":["GET"]}}],"collection":[{"href":"https:\/\/agora.xtec.cat\/escolaemiliteixidor\/wp-json\/wp\/v2\/pages"}],"about":[{"href":"https:\/\/agora.xtec.cat\/escolaemiliteixidor\/wp-json\/wp\/v2\/types\/page"}],"author":[{"embeddable":true,"href":"https:\/\/agora.xtec.cat\/escolaemiliteixidor\/wp-json\/wp\/v2\/users\/2"}],"replies":[{"embeddable":true,"href":"https:\/\/agora.xtec.cat\/escolaemiliteixidor\/wp-json\/wp\/v2\/comments?post=71"}],"version-history":[{"count":5,"href":"https:\/\/agora.xtec.cat\/escolaemiliteixidor\/wp-json\/wp\/v2\/pages\/71\/revisions"}],"predecessor-version":[{"id":4765,"href":"https:\/\/agora.xtec.cat\/escolaemiliteixidor\/wp-json\/wp\/v2\/pages\/71\/revisions\/4765"}],"up":[{"embeddable":true,"href":"https:\/\/agora.xtec.cat\/escolaemiliteixidor\/wp-json\/wp\/v2\/pages\/66"}],"wp:attachment":[{"href":"https:\/\/agora.xtec.cat\/escolaemiliteixidor\/wp-json\/wp\/v2\/media?parent=71"}],"curies":[{"name":"wp","href":"https:\/\/api.w.org\/{rel}","templated":true}]}}