{"id":38,"date":"2014-09-18T12:34:08","date_gmt":"2014-09-18T12:34:08","guid":{"rendered":"http:\/\/agora.xtec.cat\/escolaemiliteixidor\/?page_id=38"},"modified":"2022-09-19T19:14:26","modified_gmt":"2022-09-19T17:14:26","slug":"salut","status":"publish","type":"page","link":"https:\/\/agora.xtec.cat\/escolaemiliteixidor\/lescola\/salut\/","title":{"rendered":"Salut"},"content":{"rendered":"<p><strong>Programes de Salut Escolar i Normes Sanit\u00e0ries<\/strong><\/p>\n<p>Els\/Les alumnes hauran d\u2019assistir a classe en condicions de salut i higiene que no comportin un risc anormal per a la resta de persones de la comunitat escolar. Cas d\u2019observar-ne defici\u00e8ncies a criteri del\/de la mestre\/a, s\u2019informar\u00e0 a la fam\u00edlia que haur\u00e0 de posar el remei que calgui. Els alumnes amb malalties contagioses no podran assistir a l\u2019escola. Per admetre\u2019l caldr\u00e0 que porti un justificant conforme l\u2019alumne\/a est\u00e0 recuperat\/da i en condicions d\u2019assistir a classe.<\/p>\n<p>Peri\u00f2dicament el centre, a trav\u00e9s de l\u2019equip directiu, mantindr\u00e0 els contactes amb el Centre d\u2019Atenci\u00f3 Prim\u00e0ria (CAP) que correspongui i amb la regidoria de salut per q\u00fcestions sanit\u00e0ries de l\u2019escola.<\/p>\n<p>El personal docent del centre procurar\u00e0 atendre els alumnes en cas de lesi\u00f3 i a tota la classe.<\/p>\n<p>Quan es detecti que un alumne t\u00e9 polls el\/la tutor\/a ho comunicar\u00e0 als pares de tota la classe per tal que aquests apliquin el tractament oport\u00fa.<\/p>\n<p>Quan el\/la nen\/a tingui febre, s\u2019intentar\u00e0 localitzar la fam\u00edlia, per tal de prendre les mesures m\u00e9s oportunes.<\/p>\n<p><strong>Medicacions<\/strong><\/p>\n<p>Per norma general, els mestres no administraran cap tipus de medicaci\u00f3.<\/p>\n<p>En cas que l\u2019alumne\/a n\u2019hagi de prendre, caldr\u00e0 que els pares presentin la prescripci\u00f3 m\u00e8dica i l\u2019autoritzaci\u00f3 dels pares i\/o tutors, al mestre\/a tutor\/a, i s\u2019estudiar\u00e0 com es pot resoldre.<\/p>\n<p>Els alumnes amb intoler\u00e0ncia o al\u00b7l\u00e8rgia a determinats aliments hauran de portar una certificaci\u00f3 m\u00e8dica tant si han de fer \u00fas del menjador com si no.<\/p>\n<p><strong>Revisions m\u00e8diques. Vacunacions<\/strong><\/p>\n<p>La direcci\u00f3 de l\u2019escola facilitar\u00e0 espais al personal sanitari per a realitzar les campanyes sanit\u00e0ries (revisions dentals, vacunacions&#8230;) marcades per l\u2019administraci\u00f3 o b\u00e9 organitzar\u00e0 el trasllat dels alumnes al CAP.<\/p>\n<p>Sempre que se n\u2019hagi de realitzar alguna, els pares dels alumnes seran avisats pr\u00e8viament, amb suficient antelaci\u00f3, per tal que donin la seva autoritzaci\u00f3 o la seva disconformitat, en tot cas ho hauran de fer per escrit.<\/p>\n<p><strong>\u00a0La farmaciola<\/strong><\/p>\n<p>El centre disposa d\u2019una farmaciola per atendre les necessitats sanit\u00e0ries b\u00e0siques dels i les alumnes i els treballadors de l\u2019escola. Tot el personal docent podr\u00e0 fer \u00fas de la farmaciola. La conserge del centre procurar\u00e0 que la farmaciola contingui els elements necessaris per atendre els i les alumnes afectats, tal com marca la normativa sanit\u00e0ria vigent.<\/p>\n<p>En horari escolar, ser\u00e0 el\/la mestre\/a tutor\/a qui atendr\u00e0 l\u2019alumne. En cas que no sigui possible, el responsable ser\u00e0 el mestre o monitor que dirigeix l\u2019activitat de l\u2019alumne\/a en aquell moment. Si aix\u00f2 tampoc \u00e9s possible, l\u2019atendr\u00e0, urgentment, qualsevol mestre\/a de la comunitat educativa que estigui lliure de classe i\/o proper\/a a l\u2019alumne\/a afectat en aquells moments.<\/p>\n<p>Quan els alumnes facin una sortida un dels o les mestres acompanyants ser\u00e0 el responsable de portar una petita farmaciola amb all\u00f2 indispensable per atendre petites ferides o accidents que es puguin produir.<\/p>\n<p><strong>Consum de tabac, alcohol i altres subst\u00e0ncies t\u00f2xiques en el centre.<\/strong><\/p>\n<p>No es permet el consum de tabac, alcohol i altres subst\u00e0ncies t\u00f2xiques dins el recinte escolar, llevat dels llocs i circumst\u00e0ncies determinades pel consell escolar a proposta de la directora.<\/p>\n<p>Aquesta normativa d\u2019\u00fas del tabac, alcohol i altres subst\u00e0ncies t\u00f2xiques afecta a qualsevol membre de la comunitat escolar o persona que es trobi dins del centre.<\/p>\n<p>&nbsp;<\/p>\n<p>&nbsp;<\/p>\n<p>&nbsp;<\/p>\n","protected":false},"excerpt":{"rendered":"<p>Programes de Salut Escolar i Normes Sanit\u00e0ries Els\/Les alumnes hauran d\u2019assistir a classe en condicions de salut i higiene que no comportin un risc anormal per a la resta de persones de la comunitat escolar. Cas d\u2019observar-ne defici\u00e8ncies a criteri del\/de la mestre\/a, s\u2019informar\u00e0 a la fam\u00edlia que haur\u00e0 de posar el remei que calgui. [&hellip;]<\/p>\n","protected":false},"author":2,"featured_media":0,"parent":22,"menu_order":80,"comment_status":"closed","ping_status":"closed","template":"","meta":{"_bbp_topic_count":0,"_bbp_reply_count":0,"_bbp_total_topic_count":0,"_bbp_total_reply_count":0,"_bbp_voice_count":0,"_bbp_anonymous_reply_count":0,"_bbp_topic_count_hidden":0,"_bbp_reply_count_hidden":0,"_bbp_forum_subforum_count":0,"site-sidebar-layout":"default","site-content-layout":"","ast-site-content-layout":"","site-content-style":"default","site-sidebar-style":"default","ast-global-header-display":"","ast-banner-title-visibility":"","ast-main-header-display":"","ast-hfb-above-header-display":"","ast-hfb-below-header-display":"","ast-hfb-mobile-header-display":"","site-post-title":"","ast-breadcrumbs-content":"","ast-featured-img":"","footer-sml-layout":"","theme-transparent-header-meta":"","adv-header-id-meta":"","stick-header-meta":"","header-above-stick-meta":"","header-main-stick-meta":"","header-below-stick-meta":"","astra-migrate-meta-layouts":"default","ast-page-background-enabled":"default","ast-page-background-meta":{"desktop":{"background-color":"var(--ast-global-color-4)","background-image":"","background-repeat":"repeat","background-position":"center center","background-size":"auto","background-attachment":"scroll","background-type":"","background-media":"","overlay-type":"","overlay-color":"","overlay-opacity":"","overlay-gradient":""},"tablet":{"background-color":"","background-image":"","background-repeat":"repeat","background-position":"center center","background-size":"auto","background-attachment":"scroll","background-type":"","background-media":"","overlay-type":"","overlay-color":"","overlay-opacity":"","overlay-gradient":""},"mobile":{"background-color":"","background-image":"","background-repeat":"repeat","background-position":"center center","background-size":"auto","background-attachment":"scroll","background-type":"","background-media":"","overlay-type":"","overlay-color":"","overlay-opacity":"","overlay-gradient":""}},"ast-content-background-meta":{"desktop":{"background-color":"var(--ast-global-color-5)","background-image":"","background-repeat":"repeat","background-position":"center center","background-size":"auto","background-attachment":"scroll","background-type":"","background-media":"","overlay-type":"","overlay-color":"","overlay-opacity":"","overlay-gradient":""},"tablet":{"background-color":"var(--ast-global-color-5)","background-image":"","background-repeat":"repeat","background-position":"center center","background-size":"auto","background-attachment":"scroll","background-type":"","background-media":"","overlay-type":"","overlay-color":"","overlay-opacity":"","overlay-gradient":""},"mobile":{"background-color":"var(--ast-global-color-5)","background-image":"","background-repeat":"repeat","background-position":"center center","background-size":"auto","background-attachment":"scroll","background-type":"","background-media":"","overlay-type":"","overlay-color":"","overlay-opacity":"","overlay-gradient":""}},"footnotes":""},"class_list":["post-38","page","type-page","status-publish","hentry"],"post_mailing_queue_ids":[],"_links":{"self":[{"href":"https:\/\/agora.xtec.cat\/escolaemiliteixidor\/wp-json\/wp\/v2\/pages\/38","targetHints":{"allow":["GET"]}}],"collection":[{"href":"https:\/\/agora.xtec.cat\/escolaemiliteixidor\/wp-json\/wp\/v2\/pages"}],"about":[{"href":"https:\/\/agora.xtec.cat\/escolaemiliteixidor\/wp-json\/wp\/v2\/types\/page"}],"author":[{"embeddable":true,"href":"https:\/\/agora.xtec.cat\/escolaemiliteixidor\/wp-json\/wp\/v2\/users\/2"}],"replies":[{"embeddable":true,"href":"https:\/\/agora.xtec.cat\/escolaemiliteixidor\/wp-json\/wp\/v2\/comments?post=38"}],"version-history":[{"count":4,"href":"https:\/\/agora.xtec.cat\/escolaemiliteixidor\/wp-json\/wp\/v2\/pages\/38\/revisions"}],"predecessor-version":[{"id":4740,"href":"https:\/\/agora.xtec.cat\/escolaemiliteixidor\/wp-json\/wp\/v2\/pages\/38\/revisions\/4740"}],"up":[{"embeddable":true,"href":"https:\/\/agora.xtec.cat\/escolaemiliteixidor\/wp-json\/wp\/v2\/pages\/22"}],"wp:attachment":[{"href":"https:\/\/agora.xtec.cat\/escolaemiliteixidor\/wp-json\/wp\/v2\/media?parent=38"}],"curies":[{"name":"wp","href":"https:\/\/api.w.org\/{rel}","templated":true}]}}