{"id":36,"date":"2014-09-18T12:33:11","date_gmt":"2014-09-18T12:33:11","guid":{"rendered":"http:\/\/agora.xtec.cat\/escolaemiliteixidor\/?page_id=36"},"modified":"2025-11-12T13:42:40","modified_gmt":"2025-11-12T12:42:40","slug":"material-escolar","status":"publish","type":"page","link":"https:\/\/agora.xtec.cat\/escolaemiliteixidor\/lescola\/material-escolar\/","title":{"rendered":"Material escolar"},"content":{"rendered":"\n<p><span style=\"color: #008000;\"><strong>PETITS<\/strong><\/span><br \/>&#8211; Una bata per pl\u00e0stica cordada amb botons grans per davant i amb gomes als<br \/>punys.<br \/>&#8211; Una ampolla d\u2019aigua o cantimplora.<br \/>&#8211; Una capsa de mocadors de paper.<br \/>&#8211; Tovall\u00f3 o estovalla individual per l\u2019esmorzar.<br \/>&#8211; Un recanvi complet de roba dins una bossa. (Bossa i roba ha d\u2019anar marcat<br \/>amb el nom).<\/p>\n<p><span style=\"color: #008000;\">A I3, a m\u00e9s a m\u00e9s, s\u2019ha de portar<\/span>:<br \/>&#8211; Mitjons antilliscants (psicomotricitat), amb el nom.<br \/>&#8211; Un paquet de tovalloletes humides.<br \/><span style=\"color: #008000;\">A I4, a m\u00e9s a m\u00e9s, s\u2019ha de portar:<\/span><br \/>&#8211; Mitjons antilliscants (psicomotricitat), amb el nom.<br \/><span style=\"color: #008000;\">A I5, a m\u00e9s a m\u00e9s, s\u2019ha de portar:<\/span><br \/>&#8211; Cal\u00e7at tipus xinel\u00b7les dins una bossa. (Bossa i xinel\u00b7les han d\u2019anar marcades<br \/>amb el nom).<br \/>&#8211; Auriculars de diadema amb el nom. La bossa per guardar-los la facilitar\u00e0 l\u2019escola.<\/p>\n<p>MATERIAL QUE FACILITA L\u2019ESCOLA:<br \/>I3 Carpeta A3 de cartr\u00f3 sense bossa amb gomes.<br \/>I5 Carpeta multifundes de 40 fulls.<br \/>Bossa pels auriculars.<\/p>\n<p>Els infants d\u2019I4 i I5 reutilitzaran la carpeta A3 de cartr\u00f3 del curs anterior. Cal que la torneu a portar a l\u2019escola a l\u2019inici de curs.<\/p>\n<p><strong><span style=\"color: #008000;\">MITJANS I GRANS<\/span><\/strong><br \/>El material b\u00e0sic de l\u2019estoig (llapis, goma, maquineta, bol\u00edgrafs, regle, retoladors i els<br \/>colors) els facilitar\u00e0 l\u2019escola. Cal comprar nom\u00e9s el que consta a la llista que us<br \/>detallem a continuaci\u00f3 per cursos.<br \/>L\u2019agenda de prim\u00e0ria la subvenciona l\u2019AFA i l\u2019Ajuntament. S\u2019entregar\u00e0 el primer dia<br \/>de curs a l\u2019aula.<\/p>\n<p><span style=\"color: #008000;\">Mitjans<\/span><br \/>&#8211; Una bata per pintura cordada per davant o una samarreta o camisa vella que es<br \/>pugui embrutar.<br \/>&#8211; Dues carpetes de cartr\u00f3 gruixut mida foli amb solapes, NO classificadora ni tipus<br \/>acordi\u00f3.<br \/>&#8211; Un estoig amb 2 compartiments.<br \/>&#8211; Una capsa de mocadors de paper.<br \/>&#8211; Una ampolla d\u2019aigua o cantimplora.<br \/>&#8211; Tovall\u00f3 o estovalles individual per l\u2019esmorzar.<br \/>&#8211; Retornar la llibreta de ci\u00e8ncies.<\/p>\n<p><span style=\"color: #008000;\">A 1r, a m\u00e9s a m\u00e9s, s\u2019ha de portar:<\/span><br \/>&#8211; 1 llibreta mida foli sense espiral, tapa dura, de 50 fulls quadr\u00edcula, sense espiral<br \/>(llibreta de ci\u00e8ncies).<br \/><span style=\"color: #008000;\">A 3r, a m\u00e9s a m\u00e9s, s\u2019ha de portar:<\/span><br \/>&#8211; 1 llibreta mida foli amb espiral, tapa dura, quadr\u00edcula 8mm, amb marge i 50 o 80<br \/>fulls (llibreta de mates)<br \/><span style=\"color: #008000;\">1r, 2n i 3r:<\/span><br \/>&#8211; Els auriculars de diadema amb el nom s\u00f3n a l\u2019escola. Nom\u00e9s caldr\u00e0 portar-los de<br \/>nou si estan en mal estat.<\/p>\n<p><span style=\"color: #008000;\">Grans<\/span><br \/>&#8211; Estoig petit de roba o pl\u00e0stic.<br \/>&#8211; Una carpeta classificadora que no sigui tipus acordi\u00f3.<br \/>&#8211; Bata de pintura o una samarreta o camisa vella que es pugui embrutar.<br \/>&#8211; Una capsa de mocadors de paper.<br \/>&#8211; Una ampolla d\u2019aigua o cantimplora.<br \/>&#8211; Tovall\u00f3 o estovalles individual per l\u2019esmorzar.<br \/>&#8211; Un marcador fluorescent.<br \/>&#8211; Els auriculars de diadema amb el nom s\u00f3n a l\u2019escola. Nom\u00e9s caldr\u00e0 portar-los de<br \/>nou si estan en mal estat.<br \/>&#8211; Retornar la llibreta de ci\u00e8ncies.<br \/><span style=\"color: #008000;\">A 5\u00e8, a m\u00e9s a m\u00e9s, s\u2019ha de portar:<\/span><br \/>&#8211; Un comp\u00e0s amb bigotera (\u00e9s m\u00e9s prec\u00eds i es pot aprofitar per secund\u00e0ria).<br \/>Recomanem el de la marca Staedtler, ja que hem comprovat que \u00e9s el que t\u00e9<br \/>millor relaci\u00f3 qualitat preu.<br \/>&#8211; Flauta soprano preferiblement de fusta i amb una funda protectora.<br \/>&#8211; Llibreta mida foli quadriculada (quadradet de 4x4cm). (llibreta de<br \/>matem\u00e0tiques).<br \/><span style=\"color: #008000;\">A 5\u00e8 i 6\u00e8, a m\u00e9s a m\u00e9s, s\u2019ha de portar:<\/span><br \/>&#8211; Corrector s\u00f2lid compacte.<br \/><span style=\"color: #008000;\">A 6\u00e8, a m\u00e9s a m\u00e9s, s\u2019ha de portar:<\/span><br \/>&#8211; La flauta soprano ja \u00e9s a l\u2019escola.\u00a0<\/p>\n","protected":false},"excerpt":{"rendered":"<p>PETITS&#8211; Una bata per pl\u00e0stica cordada amb botons grans per davant i amb gomes alspunys.&#8211; Una ampolla d\u2019aigua o cantimplora.&#8211; Una capsa de mocadors de paper.&#8211; Tovall\u00f3 o estovalla individual per l\u2019esmorzar.&#8211; Un recanvi complet de roba dins una bossa. (Bossa i roba ha d\u2019anar marcatamb el nom). A I3, a m\u00e9s a m\u00e9s, s\u2019ha [&hellip;]<\/p>\n","protected":false},"author":2,"featured_media":0,"parent":22,"menu_order":70,"comment_status":"closed","ping_status":"closed","template":"","meta":{"_bbp_topic_count":0,"_bbp_reply_count":0,"_bbp_total_topic_count":0,"_bbp_total_reply_count":0,"_bbp_voice_count":0,"_bbp_anonymous_reply_count":0,"_bbp_topic_count_hidden":0,"_bbp_reply_count_hidden":0,"_bbp_forum_subforum_count":0,"site-sidebar-layout":"default","site-content-layout":"","ast-site-content-layout":"default","site-content-style":"default","site-sidebar-style":"default","ast-global-header-display":"","ast-banner-title-visibility":"","ast-main-header-display":"","ast-hfb-above-header-display":"","ast-hfb-below-header-display":"","ast-hfb-mobile-header-display":"","site-post-title":"","ast-breadcrumbs-content":"","ast-featured-img":"","footer-sml-layout":"","theme-transparent-header-meta":"","adv-header-id-meta":"","stick-header-meta":"","header-above-stick-meta":"","header-main-stick-meta":"","header-below-stick-meta":"","astra-migrate-meta-layouts":"set","ast-page-background-enabled":"default","ast-page-background-meta":{"desktop":{"background-color":"var(--ast-global-color-4)","background-image":"","background-repeat":"repeat","background-position":"center center","background-size":"auto","background-attachment":"scroll","background-type":"","background-media":"","overlay-type":"","overlay-color":"","overlay-opacity":"","overlay-gradient":""},"tablet":{"background-color":"","background-image":"","background-repeat":"repeat","background-position":"center center","background-size":"auto","background-attachment":"scroll","background-type":"","background-media":"","overlay-type":"","overlay-color":"","overlay-opacity":"","overlay-gradient":""},"mobile":{"background-color":"","background-image":"","background-repeat":"repeat","background-position":"center center","background-size":"auto","background-attachment":"scroll","background-type":"","background-media":"","overlay-type":"","overlay-color":"","overlay-opacity":"","overlay-gradient":""}},"ast-content-background-meta":{"desktop":{"background-color":"var(--ast-global-color-5)","background-image":"","background-repeat":"repeat","background-position":"center center","background-size":"auto","background-attachment":"scroll","background-type":"","background-media":"","overlay-type":"","overlay-color":"","overlay-opacity":"","overlay-gradient":""},"tablet":{"background-color":"var(--ast-global-color-5)","background-image":"","background-repeat":"repeat","background-position":"center center","background-size":"auto","background-attachment":"scroll","background-type":"","background-media":"","overlay-type":"","overlay-color":"","overlay-opacity":"","overlay-gradient":""},"mobile":{"background-color":"var(--ast-global-color-5)","background-image":"","background-repeat":"repeat","background-position":"center center","background-size":"auto","background-attachment":"scroll","background-type":"","background-media":"","overlay-type":"","overlay-color":"","overlay-opacity":"","overlay-gradient":""}},"footnotes":""},"class_list":["post-36","page","type-page","status-publish","hentry"],"post_mailing_queue_ids":[],"_links":{"self":[{"href":"https:\/\/agora.xtec.cat\/escolaemiliteixidor\/wp-json\/wp\/v2\/pages\/36","targetHints":{"allow":["GET"]}}],"collection":[{"href":"https:\/\/agora.xtec.cat\/escolaemiliteixidor\/wp-json\/wp\/v2\/pages"}],"about":[{"href":"https:\/\/agora.xtec.cat\/escolaemiliteixidor\/wp-json\/wp\/v2\/types\/page"}],"author":[{"embeddable":true,"href":"https:\/\/agora.xtec.cat\/escolaemiliteixidor\/wp-json\/wp\/v2\/users\/2"}],"replies":[{"embeddable":true,"href":"https:\/\/agora.xtec.cat\/escolaemiliteixidor\/wp-json\/wp\/v2\/comments?post=36"}],"version-history":[{"count":6,"href":"https:\/\/agora.xtec.cat\/escolaemiliteixidor\/wp-json\/wp\/v2\/pages\/36\/revisions"}],"predecessor-version":[{"id":6509,"href":"https:\/\/agora.xtec.cat\/escolaemiliteixidor\/wp-json\/wp\/v2\/pages\/36\/revisions\/6509"}],"up":[{"embeddable":true,"href":"https:\/\/agora.xtec.cat\/escolaemiliteixidor\/wp-json\/wp\/v2\/pages\/22"}],"wp:attachment":[{"href":"https:\/\/agora.xtec.cat\/escolaemiliteixidor\/wp-json\/wp\/v2\/media?parent=36"}],"curies":[{"name":"wp","href":"https:\/\/api.w.org\/{rel}","templated":true}]}}