{"id":2617,"date":"2019-01-09T14:14:27","date_gmt":"2019-01-09T13:14:27","guid":{"rendered":"http:\/\/agora.xtec.cat\/escolaemiliteixidor\/?page_id=2617"},"modified":"2025-09-24T18:05:35","modified_gmt":"2025-09-24T16:05:35","slug":"equip-docent","status":"publish","type":"page","link":"https:\/\/agora.xtec.cat\/escolaemiliteixidor\/equip-docent\/","title":{"rendered":"Equip docent"},"content":{"rendered":"<p>Durant el curs 2025-2026 aquestes som les components del claustre.<\/p>\n<h3>Equip directiu<\/h3>\n<table style=\"border-collapse: collapse; width: 95.2999%; height: 128px;\" border=\"1\">\n<tbody>\n<tr style=\"height: 32px;\">\n<td style=\"width: 24.2644%; height: 32px;\"><\/td>\n<td style=\"width: 28.1337%; height: 32px;\"><\/td>\n<td style=\"width: 42.6441%; height: 32px;\"><strong><em>Horari d&#8217;atenci\u00f3 a les fam\u00edlies<\/em><\/strong><\/td>\n<\/tr>\n<tr style=\"height: 32px;\">\n<td style=\"width: 24.2644%; height: 32px;\">Directora<\/td>\n<td style=\"width: 28.1337%; height: 32px;\">Merc\u00e8 Barris<\/td>\n<td style=\"width: 42.6441%; height: 32px;\">Cal demanar hora<\/td>\n<\/tr>\n<tr style=\"height: 32px;\">\n<td style=\"width: 24.2644%; height: 32px;\">Cap d&#8217;estudis<\/td>\n<td style=\"width: 28.1337%; height: 32px;\">Cristina de Sancha<\/td>\n<td style=\"width: 42.6441%; height: 32px;\">Cal demanar hora<\/td>\n<\/tr>\n<tr style=\"height: 32px;\">\n<td style=\"width: 24.2644%; height: 32px;\">Secret\u00e0ria<\/td>\n<td style=\"width: 28.1337%; height: 32px;\">Al\u00e8xia Heredia<\/td>\n<td style=\"width: 42.6441%; height: 32px;\">Horari d&#8217;atenci\u00f3 dilluns de 9:00 a 12:30<\/td>\n<\/tr>\n<\/tbody>\n<\/table>\n<h3>Tutores<\/h3>\n<table style=\"border-collapse: collapse; width: 91.7576%; height: 330px;\" border=\"1\">\n<tbody>\n<tr style=\"height: 30px;\">\n<td style=\"width: 24.9696%; height: 30px;\"><strong><em>Curs<\/em><\/strong><\/td>\n<td style=\"width: 28.0668%; height: 30px;\"><strong><em>Mestres<\/em><\/strong><\/td>\n<td style=\"width: 38.7211%; height: 30px;\"><strong><em>Horari d&#8217;atenci\u00f3 a les fam\u00edlies<\/em><\/strong><\/td>\n<\/tr>\n<tr style=\"height: 30px;\">\n<td style=\"width: 24.9696%; height: 30px;\">I3<\/td>\n<td style=\"width: 28.0668%; height: 30px;\">Meritxell Roquet<\/td>\n<td style=\"width: 38.7211%; height: 30px;\">Dimarts de 12:30-13:30<\/td>\n<\/tr>\n<tr style=\"height: 30px;\">\n<td style=\"width: 24.9696%; height: 30px;\">I4<\/td>\n<td style=\"width: 28.0668%; height: 30px;\">Sandra Faja<\/td>\n<td style=\"width: 38.7211%; height: 30px;\">Dimarts de 12:30-13:30<\/td>\n<\/tr>\n<tr style=\"height: 30px;\">\n<td style=\"width: 24.9696%; height: 30px;\">I5 A<\/td>\n<td style=\"width: 28.0668%; height: 30px;\">M. \u00c0ngels Serrat<\/td>\n<td style=\"width: 38.7211%; height: 30px;\">Dimarts de 12:30-13:30<\/td>\n<\/tr>\n<tr>\n<td style=\"width: 24.9696%;\">I5 B<\/td>\n<td style=\"width: 28.0668%;\">Imma Santanach<\/td>\n<td style=\"width: 38.7211%;\">Dilluns de 12:30-13:30<\/td>\n<\/tr>\n<tr style=\"height: 30px;\">\n<td style=\"width: 24.9696%; height: 30px;\">1r A<\/td>\n<td style=\"width: 28.0668%; height: 30px;\">Isabel Posa<\/td>\n<td style=\"width: 38.7211%; height: 30px;\">Dimarts de 12:30-13:30<\/td>\n<\/tr>\n<tr style=\"height: 30px;\">\n<td style=\"width: 24.9696%; height: 30px;\">1r B<\/td>\n<td style=\"width: 28.0668%; height: 30px;\">Lidia Garcia<\/td>\n<td style=\"width: 38.7211%; height: 30px;\">Dimarts de 12:30-13:30<\/td>\n<\/tr>\n<tr style=\"height: 30px;\">\n<td style=\"width: 24.9696%; height: 30px;\">2n<\/td>\n<td style=\"width: 28.0668%; height: 30px;\">Marta Borralleras<\/td>\n<td style=\"width: 38.7211%; height: 30px;\">Dimarts de 12:30-13:30<\/td>\n<\/tr>\n<tr style=\"height: 30px;\">\n<td style=\"width: 24.9696%; height: 30px;\">3r<\/td>\n<td style=\"width: 28.0668%; height: 30px;\">Marta Rius<\/td>\n<td style=\"width: 38.7211%; height: 30px;\">Dimarts de 12:30-13:30<\/td>\n<\/tr>\n<tr style=\"height: 30px;\">\n<td style=\"width: 24.9696%; height: 30px;\">4t<\/td>\n<td style=\"width: 28.0668%; height: 30px;\">Maria Rosa Hidalgo<\/td>\n<td style=\"width: 38.7211%; height: 30px;\">Dimarts de 12:30-13:30<\/td>\n<\/tr>\n<tr style=\"height: 30px;\">\n<td style=\"width: 24.9696%; height: 30px;\">5\u00e8<\/td>\n<td style=\"width: 28.0668%; height: 30px;\">Manel Ballester<\/td>\n<td style=\"width: 38.7211%; height: 30px;\">Dimarts de 12:30-13:30<\/td>\n<\/tr>\n<tr style=\"height: 30px;\">\n<td style=\"width: 24.9696%; height: 30px;\">6\u00e8<\/td>\n<td style=\"width: 28.0668%; height: 30px;\">N\u00faria Boya<\/td>\n<td style=\"width: 38.7211%; height: 30px;\">Dimarts de 12:30-13:30<\/td>\n<\/tr>\n<\/tbody>\n<\/table>\n<h3>Especialistes<\/h3>\n<table style=\"border-collapse: collapse; width: 91.7576%; height: 405px;\" border=\"1\">\n<tbody>\n<tr style=\"height: 38px;\">\n<td style=\"width: 28.1212%; height: 38px;\"><strong><em>Especialitat<\/em><\/strong><\/td>\n<td style=\"width: 25.2571%; height: 38px;\"><strong><em>Mestres<\/em><\/strong><\/td>\n<td style=\"width: 38.5632%; height: 38px;\"><strong><em>Horari d&#8217;atenci\u00f3 a les fam\u00edlies<\/em><\/strong><\/td>\n<\/tr>\n<tr>\n<td style=\"width: 28.1212%;\">Suport grup PETITS<\/td>\n<td style=\"width: 25.2571%;\">Cristina de Sancha, Mireia Abad, Estel Busquets.<\/td>\n<td style=\"width: 38.5632%;\">Dimarts de 12:30-13:30<\/td>\n<\/tr>\n<tr style=\"height: 38px;\">\n<td style=\"width: 28.1212%; height: 38px;\">Suport grup MITJANS<\/td>\n<td style=\"width: 25.2571%; height: 38px;\">Merc\u00e8 Barris, Estel Busquets, Assumpta Torrents.<\/td>\n<td style=\"width: 38.5632%;\">Dimarts de 12:30-13:30<\/td>\n<\/tr>\n<tr style=\"height: 52px;\">\n<td style=\"width: 28.1212%; height: 52px;\">Suport grup GRANS<\/td>\n<td style=\"width: 25.2571%; height: 52px;\">Al\u00e8xia Heredia.<\/td>\n<td style=\"width: 38.5632%;\">Dimarts de 12:30-13:30<\/td>\n<\/tr>\n<tr>\n<td style=\"width: 28.1212%;\">Atenci\u00f3 a la diversitat<\/td>\n<td style=\"width: 25.2571%;\">Cristina Trap\u00e9 i Irina Pujol.<\/td>\n<td style=\"width: 38.5632%;\">Dimarts de 12:30-13:30<\/td>\n<\/tr>\n<tr style=\"height: 38px;\">\n<td style=\"width: 28.1212%; height: 38px;\">Educaci\u00f3 F\u00edsica<\/td>\n<td style=\"width: 25.2571%; height: 38px;\">M. Teresa Sanmart\u00ed<\/td>\n<td style=\"width: 38.5632%; height: 38px;\">Dimarts de 12:30-13:30<\/td>\n<\/tr>\n<tr style=\"height: 52px;\">\n<td style=\"width: 28.1212%; height: 52px;\">Llengua anglesa<\/td>\n<td style=\"width: 25.2571%; height: 52px;\">Laura Aguilera<\/td>\n<td style=\"width: 38.5632%; height: 52px;\">Dimarts de 12:30-13:30<\/td>\n<\/tr>\n<tr style=\"height: 38px;\">\n<td style=\"width: 28.1212%; height: 38px;\">M\u00fasica<\/td>\n<td style=\"width: 25.2571%; height: 38px;\">Assumpta Torrents<\/td>\n<td style=\"width: 38.5632%; height: 38px;\">Dimarts de 12:30-13:30<\/td>\n<\/tr>\n<\/tbody>\n<\/table>\n<h3>Personal<\/h3>\n<table style=\"border-collapse: collapse; height: 149px; width: 106.972%;\" border=\"1\" width=\"824\">\n<tbody>\n<tr style=\"height: 32px;\">\n<td style=\"width: 226px; text-align: left; height: 32px;\"><\/td>\n<td style=\"width: 211px; text-align: left; height: 32px;\"><\/td>\n<td style=\"width: 354px; text-align: left; height: 32px;\"><em><strong>Horari de perman\u00e8ncia<\/strong><\/em><\/td>\n<\/tr>\n<tr style=\"height: 10px;\">\n<td style=\"width: 226px; height: 10px; text-align: left;\">TEEI<\/td>\n<td style=\"width: 211px; height: 10px; text-align: left;\">Anna Masramon<\/td>\n<td style=\"height: 10px; width: 354px; text-align: left;\">de 8:30 a 14:00 i de 14:30 a 16:30<\/td>\n<\/tr>\n<tr style=\"height: 14px;\">\n<td style=\"width: 226px; height: 14px; text-align: left;\">Administrativa<\/td>\n<td style=\"width: 211px; height: 14px; text-align: left;\">Merc\u00e8 Roger<\/td>\n<td style=\"height: 14px; width: 354px; text-align: left;\">de 8:00 a 13:30 i de 14:30 a 16:30<\/td>\n<\/tr>\n<tr style=\"height: 32px;\">\n<td style=\"width: 226px; text-align: left; height: 32px;\">Vetlladora<\/td>\n<td style=\"width: 211px; text-align: left; height: 32px;\">Mertixell Mar\u00edn<\/td>\n<td style=\"width: 354px; text-align: left; height: 32px;\">de 9:00 a 12:30 i de 15:00 a 16:30<\/td>\n<\/tr>\n<tr>\n<td style=\"width: 226px; text-align: left;\">Vetlladora<\/td>\n<td style=\"width: 211px; text-align: left;\">Kawtar Azzariouhi<\/td>\n<td style=\"width: 354px; text-align: left;\">de dilluns a dijous de 10:30 a 12:30 i els divendres de 10 a 12:30<\/td>\n<\/tr>\n<tr style=\"height: 38px;\">\n<td style=\"width: 226px; height: 23px; text-align: left;\">Conserge<\/td>\n<td style=\"width: 211px; height: 23px; text-align: left;\">Marisol Lucena<\/td>\n<td style=\"width: 354px; height: 23px; text-align: left;\">de 8:30 a 13:00 i de 14:30 a 17:00<\/td>\n<\/tr>\n<\/tbody>\n<\/table>\n<p><a href=\"https:\/\/agora.xtec.cat\/escolaemiliteixidor\/wp-content\/uploads\/usu448\/2025\/09\/IMG_0027_-scaled.jpg\"><img loading=\"lazy\" decoding=\"async\" class=\"alignnone size-large wp-image-6317\" src=\"https:\/\/agora.xtec.cat\/escolaemiliteixidor\/wp-content\/uploads\/usu448\/2025\/09\/IMG_0027_-768x1024.jpg\" alt=\"\" width=\"768\" height=\"1024\" srcset=\"https:\/\/agora.xtec.cat\/escolaemiliteixidor\/wp-content\/uploads\/usu448\/2025\/09\/IMG_0027_-768x1024.jpg 768w, https:\/\/agora.xtec.cat\/escolaemiliteixidor\/wp-content\/uploads\/usu448\/2025\/09\/IMG_0027_-225x300.jpg 225w, https:\/\/agora.xtec.cat\/escolaemiliteixidor\/wp-content\/uploads\/usu448\/2025\/09\/IMG_0027_-1152x1536.jpg 1152w, https:\/\/agora.xtec.cat\/escolaemiliteixidor\/wp-content\/uploads\/usu448\/2025\/09\/IMG_0027_-1536x2048.jpg 1536w, https:\/\/agora.xtec.cat\/escolaemiliteixidor\/wp-content\/uploads\/usu448\/2025\/09\/IMG_0027_-scaled.jpg 1920w\" sizes=\"auto, (max-width: 768px) 100vw, 768px\" \/><\/a><\/p>\n","protected":false},"excerpt":{"rendered":"<p>Durant el curs 2025-2026 aquestes som les components del claustre. Equip directiu Horari d&#8217;atenci\u00f3 a les fam\u00edlies Directora Merc\u00e8 Barris Cal demanar hora Cap d&#8217;estudis Cristina de Sancha Cal demanar hora Secret\u00e0ria Al\u00e8xia Heredia Horari d&#8217;atenci\u00f3 dilluns de 9:00 a 12:30 Tutores Curs Mestres Horari d&#8217;atenci\u00f3 a les fam\u00edlies I3 Meritxell Roquet Dimarts de 12:30-13:30 [&hellip;]<\/p>\n","protected":false},"author":1,"featured_media":0,"parent":0,"menu_order":1,"comment_status":"closed","ping_status":"closed","template":"","meta":{"_bbp_topic_count":0,"_bbp_reply_count":0,"_bbp_total_topic_count":0,"_bbp_total_reply_count":0,"_bbp_voice_count":0,"_bbp_anonymous_reply_count":0,"_bbp_topic_count_hidden":0,"_bbp_reply_count_hidden":0,"_bbp_forum_subforum_count":0,"site-sidebar-layout":"default","site-content-layout":"","ast-site-content-layout":"default","site-content-style":"default","site-sidebar-style":"default","ast-global-header-display":"","ast-banner-title-visibility":"","ast-main-header-display":"","ast-hfb-above-header-display":"","ast-hfb-below-header-display":"","ast-hfb-mobile-header-display":"","site-post-title":"","ast-breadcrumbs-content":"","ast-featured-img":"","footer-sml-layout":"","theme-transparent-header-meta":"default","adv-header-id-meta":"","stick-header-meta":"","header-above-stick-meta":"","header-main-stick-meta":"","header-below-stick-meta":"","astra-migrate-meta-layouts":"set","ast-page-background-enabled":"default","ast-page-background-meta":{"desktop":{"background-color":"var(--ast-global-color-4)","background-image":"","background-repeat":"repeat","background-position":"center center","background-size":"auto","background-attachment":"scroll","background-type":"","background-media":"","overlay-type":"","overlay-color":"","overlay-opacity":"","overlay-gradient":""},"tablet":{"background-color":"","background-image":"","background-repeat":"repeat","background-position":"center center","background-size":"auto","background-attachment":"scroll","background-type":"","background-media":"","overlay-type":"","overlay-color":"","overlay-opacity":"","overlay-gradient":""},"mobile":{"background-color":"","background-image":"","background-repeat":"repeat","background-position":"center center","background-size":"auto","background-attachment":"scroll","background-type":"","background-media":"","overlay-type":"","overlay-color":"","overlay-opacity":"","overlay-gradient":""}},"ast-content-background-meta":{"desktop":{"background-color":"var(--ast-global-color-5)","background-image":"","background-repeat":"repeat","background-position":"center center","background-size":"auto","background-attachment":"scroll","background-type":"","background-media":"","overlay-type":"","overlay-color":"","overlay-opacity":"","overlay-gradient":""},"tablet":{"background-color":"var(--ast-global-color-5)","background-image":"","background-repeat":"repeat","background-position":"center center","background-size":"auto","background-attachment":"scroll","background-type":"","background-media":"","overlay-type":"","overlay-color":"","overlay-opacity":"","overlay-gradient":""},"mobile":{"background-color":"var(--ast-global-color-5)","background-image":"","background-repeat":"repeat","background-position":"center center","background-size":"auto","background-attachment":"scroll","background-type":"","background-media":"","overlay-type":"","overlay-color":"","overlay-opacity":"","overlay-gradient":""}},"footnotes":""},"class_list":["post-2617","page","type-page","status-publish","hentry"],"post_mailing_queue_ids":[],"_links":{"self":[{"href":"https:\/\/agora.xtec.cat\/escolaemiliteixidor\/wp-json\/wp\/v2\/pages\/2617","targetHints":{"allow":["GET"]}}],"collection":[{"href":"https:\/\/agora.xtec.cat\/escolaemiliteixidor\/wp-json\/wp\/v2\/pages"}],"about":[{"href":"https:\/\/agora.xtec.cat\/escolaemiliteixidor\/wp-json\/wp\/v2\/types\/page"}],"author":[{"embeddable":true,"href":"https:\/\/agora.xtec.cat\/escolaemiliteixidor\/wp-json\/wp\/v2\/users\/1"}],"replies":[{"embeddable":true,"href":"https:\/\/agora.xtec.cat\/escolaemiliteixidor\/wp-json\/wp\/v2\/comments?post=2617"}],"version-history":[{"count":8,"href":"https:\/\/agora.xtec.cat\/escolaemiliteixidor\/wp-json\/wp\/v2\/pages\/2617\/revisions"}],"predecessor-version":[{"id":6325,"href":"https:\/\/agora.xtec.cat\/escolaemiliteixidor\/wp-json\/wp\/v2\/pages\/2617\/revisions\/6325"}],"wp:attachment":[{"href":"https:\/\/agora.xtec.cat\/escolaemiliteixidor\/wp-json\/wp\/v2\/media?parent=2617"}],"curies":[{"name":"wp","href":"https:\/\/api.w.org\/{rel}","templated":true}]}}