{"id":637,"date":"2018-09-08T11:00:21","date_gmt":"2018-09-08T09:00:21","guid":{"rendered":"http:\/\/agora.xtec.cat\/escolaemilicarles\/?page_id=637"},"modified":"2025-09-23T09:04:36","modified_gmt":"2025-09-23T07:04:36","slug":"sortides-cicle-mitja","status":"publish","type":"page","link":"https:\/\/agora.xtec.cat\/escolaemilicarles\/info-escola\/calendari-del-curs\/sortides\/sortides-cicle-mitja\/","title":{"rendered":"Sortides 3r i 4t"},"content":{"rendered":"<div>\n<h3><span style=\"color: #660000;\">Sortides amb autocar<\/span><\/h3>\n<div>\n<table style=\"border-collapse: collapse; width: 100%;\">\n<tbody>\n<tr>\n<td style=\"width: 33.3333%;\"><a href=\"https:\/\/agora.xtec.cat\/escolaemilicarles\/wp-content\/uploads\/usu1732\/2023\/10\/CimAligues_marca_pos_color.png\"><img loading=\"lazy\" decoding=\"async\" class=\"alignnone wp-image-5370 size-large\" src=\"https:\/\/agora.xtec.cat\/escolaemilicarles\/wp-content\/uploads\/usu1732\/2023\/10\/CimAligues_marca_pos_color-1024x768.png\" alt=\"\" width=\"1024\" height=\"768\" srcset=\"https:\/\/agora.xtec.cat\/escolaemilicarles\/wp-content\/uploads\/usu1732\/2023\/10\/CimAligues_marca_pos_color-1024x768.png 1024w, https:\/\/agora.xtec.cat\/escolaemilicarles\/wp-content\/uploads\/usu1732\/2023\/10\/CimAligues_marca_pos_color-300x225.png 300w, https:\/\/agora.xtec.cat\/escolaemilicarles\/wp-content\/uploads\/usu1732\/2023\/10\/CimAligues_marca_pos_color-768x576.png 768w, https:\/\/agora.xtec.cat\/escolaemilicarles\/wp-content\/uploads\/usu1732\/2023\/10\/CimAligues_marca_pos_color-200x150.png 200w, https:\/\/agora.xtec.cat\/escolaemilicarles\/wp-content\/uploads\/usu1732\/2023\/10\/CimAligues_marca_pos_color.png 1280w\" sizes=\"auto, (max-width: 1024px) 100vw, 1024px\" \/><\/a><\/td>\n<td style=\"width: 33.3333%;\"><a style=\"color: #2795b6; font-size: 16px;\" href=\"https:\/\/agora.xtec.cat\/escolaemilicarles\/wp-content\/uploads\/usu1732\/2021\/12\/Mines-de-sal-portada-scaled.jpg\"><img loading=\"lazy\" decoding=\"async\" class=\"alignnone wp-image-2389 size-large\" src=\"https:\/\/agora.xtec.cat\/escolaemilicarles\/wp-content\/uploads\/usu1732\/2021\/12\/Mines-de-sal-portada-1024x766.jpg\" alt=\"\" width=\"1024\" height=\"766\" srcset=\"https:\/\/agora.xtec.cat\/escolaemilicarles\/wp-content\/uploads\/usu1732\/2021\/12\/Mines-de-sal-portada-1024x766.jpg 1024w, https:\/\/agora.xtec.cat\/escolaemilicarles\/wp-content\/uploads\/usu1732\/2021\/12\/Mines-de-sal-portada-300x224.jpg 300w, https:\/\/agora.xtec.cat\/escolaemilicarles\/wp-content\/uploads\/usu1732\/2021\/12\/Mines-de-sal-portada-768x574.jpg 768w, https:\/\/agora.xtec.cat\/escolaemilicarles\/wp-content\/uploads\/usu1732\/2021\/12\/Mines-de-sal-portada-1536x1149.jpg 1536w, https:\/\/agora.xtec.cat\/escolaemilicarles\/wp-content\/uploads\/usu1732\/2021\/12\/Mines-de-sal-portada-2048x1532.jpg 2048w, https:\/\/agora.xtec.cat\/escolaemilicarles\/wp-content\/uploads\/usu1732\/2021\/12\/Mines-de-sal-portada-200x150.jpg 200w\" sizes=\"auto, (max-width: 1024px) 100vw, 1024px\" \/><\/a><\/td>\n<td style=\"width: 33.3333%;\"><a style=\"color: #2795b6; font-size: 16px;\" href=\"https:\/\/agora.xtec.cat\/escolaemilicarles\/wp-content\/uploads\/usu1732\/2023\/10\/Boca_dentrada_de_la_cova_Simanya.jpg\"><img loading=\"lazy\" decoding=\"async\" class=\"alignnone wp-image-5369 size-full\" src=\"https:\/\/agora.xtec.cat\/escolaemilicarles\/wp-content\/uploads\/usu1732\/2023\/10\/Boca_dentrada_de_la_cova_Simanya.jpg\" alt=\"\" width=\"243\" height=\"300\" \/><\/a><\/td>\n<\/tr>\n<tr>\n<td style=\"width: 33.3333%; text-align: center;\">El cim d&#8217;\u00e0ligues <span style=\"color: #008000;\"><b>28\/10\/2025<\/b><\/span><\/td>\n<td style=\"width: 33.3333%; text-align: center;\">Mines de sal (Cardona) <span style=\"color: #008000;\"><strong>28\/01\/2026<\/strong><\/span><\/td>\n<td style=\"width: 33.3333%; text-align: center;\">Montcau i la Cova Simanya. Parc natural. <span style=\"color: #008000;\"><strong>28\/04\/2026<\/strong><\/span><\/td>\n<\/tr>\n<\/tbody>\n<\/table>\n<\/div>\n<\/div>\n<p><a href=\"https:\/\/agora.xtec.cat\/escolaemilicarles\/wp-content\/uploads\/usu1732\/2023\/01\/caixaforum.jpeg\">\u00a0<\/a><\/p>\n<div><\/div>\n<div>\n<h3><span style=\"color: #660000;\">Col\u00f2nies<\/span><\/h3>\n<\/div>\n<div>\n<p>La Recotira de Vallc\u00e0rquera. (Parc natural del Montseny) <strong><span style=\"color: #008000;\">25, 26 i 27 de mar\u00e7 de 2026.<\/span><\/strong><\/p>\n<p><a href=\"https:\/\/www.vallcarquera.cat\/es\/LA-CASA\/ESPAIS\/\"><img loading=\"lazy\" decoding=\"async\" class=\"alignnone wp-image-3540 size-full\" src=\"https:\/\/agora.xtec.cat\/escolaemilicarles\/wp-content\/uploads\/usu1732\/2022\/04\/big_rectoria_de_vallcarquera_tria_casa_de_colonies_alberg_01.jpg\" alt=\"\" width=\"534\" height=\"382\" srcset=\"https:\/\/agora.xtec.cat\/escolaemilicarles\/wp-content\/uploads\/usu1732\/2022\/04\/big_rectoria_de_vallcarquera_tria_casa_de_colonies_alberg_01.jpg 534w, https:\/\/agora.xtec.cat\/escolaemilicarles\/wp-content\/uploads\/usu1732\/2022\/04\/big_rectoria_de_vallcarquera_tria_casa_de_colonies_alberg_01-300x215.jpg 300w\" sizes=\"auto, (max-width: 534px) 100vw, 534px\" \/><\/a><\/p>\n<\/div>\n<div>\n<h3><span style=\"color: #660000;\">Altres activitats:<\/span><\/h3>\n<ul style=\"font-size: 16px; font-family: 'Helvetica Neue', Helvetica, Helvetica, Arial, sans-serif;\">\n<li><span style=\"color: #000000;\">\u00a0Cantem (3r) <span style=\"color: #008000;\"><strong>16\/04\/26<\/strong><\/span><\/span><\/li>\n<li><span style=\"color: #000000;\">\u00a0<\/span><span style=\"color: #660000;\"><span style=\"color: #000000;\">English day a l&#8217;espai Tolr\u00e0 (3r) <strong><span style=\"color: #008000;\"> Per concretar<\/span><\/strong><\/span><\/span><\/li>\n<\/ul>\n<\/div>\n","protected":false},"excerpt":{"rendered":"<p>Sortides amb autocar El cim d&#8217;\u00e0ligues 28\/10\/2025 Mines de sal (Cardona) 28\/01\/2026 Montcau i la Cova Simanya. Parc natural. 28\/04\/2026 \u00a0 Col\u00f2nies La Recotira de Vallc\u00e0rquera. (Parc natural del Montseny) 25, 26 i 27 de mar\u00e7 de 2026. Altres activitats: \u00a0Cantem (3r) 16\/04\/26 \u00a0English day a l&#8217;espai Tolr\u00e0 (3r) Per concretar<\/p>\n","protected":false},"author":1,"featured_media":0,"parent":566,"menu_order":0,"comment_status":"closed","ping_status":"closed","template":"page-templates\/side-menu.php","meta":{"_bbp_topic_count":0,"_bbp_reply_count":0,"_bbp_total_topic_count":0,"_bbp_total_reply_count":0,"_bbp_voice_count":0,"_bbp_anonymous_reply_count":0,"_bbp_topic_count_hidden":0,"_bbp_reply_count_hidden":0,"_bbp_forum_subforum_count":0,"site-sidebar-layout":"default","site-content-layout":"","ast-site-content-layout":"","site-content-style":"default","site-sidebar-style":"default","ast-global-header-display":"","ast-banner-title-visibility":"","ast-main-header-display":"","ast-hfb-above-header-display":"","ast-hfb-below-header-display":"","ast-hfb-mobile-header-display":"","site-post-title":"","ast-breadcrumbs-content":"","ast-featured-img":"","footer-sml-layout":"","theme-transparent-header-meta":"","adv-header-id-meta":"","stick-header-meta":"","header-above-stick-meta":"","header-main-stick-meta":"","header-below-stick-meta":"","astra-migrate-meta-layouts":"default","ast-page-background-enabled":"default","ast-page-background-meta":{"desktop":{"background-color":"var(--ast-global-color-4)","background-image":"","background-repeat":"repeat","background-position":"center center","background-size":"auto","background-attachment":"scroll","background-type":"","background-media":"","overlay-type":"","overlay-color":"","overlay-opacity":"","overlay-gradient":""},"tablet":{"background-color":"","background-image":"","background-repeat":"repeat","background-position":"center center","background-size":"auto","background-attachment":"scroll","background-type":"","background-media":"","overlay-type":"","overlay-color":"","overlay-opacity":"","overlay-gradient":""},"mobile":{"background-color":"","background-image":"","background-repeat":"repeat","background-position":"center center","background-size":"auto","background-attachment":"scroll","background-type":"","background-media":"","overlay-type":"","overlay-color":"","overlay-opacity":"","overlay-gradient":""}},"ast-content-background-meta":{"desktop":{"background-color":"var(--ast-global-color-5)","background-image":"","background-repeat":"repeat","background-position":"center center","background-size":"auto","background-attachment":"scroll","background-type":"","background-media":"","overlay-type":"","overlay-color":"","overlay-opacity":"","overlay-gradient":""},"tablet":{"background-color":"var(--ast-global-color-5)","background-image":"","background-repeat":"repeat","background-position":"center center","background-size":"auto","background-attachment":"scroll","background-type":"","background-media":"","overlay-type":"","overlay-color":"","overlay-opacity":"","overlay-gradient":""},"mobile":{"background-color":"var(--ast-global-color-5)","background-image":"","background-repeat":"repeat","background-position":"center center","background-size":"auto","background-attachment":"scroll","background-type":"","background-media":"","overlay-type":"","overlay-color":"","overlay-opacity":"","overlay-gradient":""}},"footnotes":""},"class_list":["post-637","page","type-page","status-publish","hentry"],"post_mailing_queue_ids":[],"_links":{"self":[{"href":"https:\/\/agora.xtec.cat\/escolaemilicarles\/wp-json\/wp\/v2\/pages\/637","targetHints":{"allow":["GET"]}}],"collection":[{"href":"https:\/\/agora.xtec.cat\/escolaemilicarles\/wp-json\/wp\/v2\/pages"}],"about":[{"href":"https:\/\/agora.xtec.cat\/escolaemilicarles\/wp-json\/wp\/v2\/types\/page"}],"author":[{"embeddable":true,"href":"https:\/\/agora.xtec.cat\/escolaemilicarles\/wp-json\/wp\/v2\/users\/1"}],"replies":[{"embeddable":true,"href":"https:\/\/agora.xtec.cat\/escolaemilicarles\/wp-json\/wp\/v2\/comments?post=637"}],"version-history":[{"count":9,"href":"https:\/\/agora.xtec.cat\/escolaemilicarles\/wp-json\/wp\/v2\/pages\/637\/revisions"}],"predecessor-version":[{"id":7610,"href":"https:\/\/agora.xtec.cat\/escolaemilicarles\/wp-json\/wp\/v2\/pages\/637\/revisions\/7610"}],"up":[{"embeddable":true,"href":"https:\/\/agora.xtec.cat\/escolaemilicarles\/wp-json\/wp\/v2\/pages\/566"}],"wp:attachment":[{"href":"https:\/\/agora.xtec.cat\/escolaemilicarles\/wp-json\/wp\/v2\/media?parent=637"}],"curies":[{"name":"wp","href":"https:\/\/api.w.org\/{rel}","templated":true}]}}