{"id":5818,"date":"2024-02-27T15:39:23","date_gmt":"2024-02-27T14:39:23","guid":{"rendered":"https:\/\/agora.xtec.cat\/escolaemilicarles\/?page_id=5818"},"modified":"2024-12-10T09:55:32","modified_gmt":"2024-12-10T08:55:32","slug":"jornades-del-teatre","status":"publish","type":"page","link":"https:\/\/agora.xtec.cat\/escolaemilicarles\/jornades-de-descobriment\/jornades-del-teatre\/","title":{"rendered":"Jornades de descobriment: EL TEATRE. Curs 2023-2024"},"content":{"rendered":"<header class=\"entry-header\">\n<p class=\"entry-title\">Les <strong>JORNADES DE DESCOBRIMENT<\/strong> de l\u2019Emili\u00a0 va ser un projecte que s\u2019inici\u00e0 el 1999. Durant tots aquests anys han estat molts els temes que l\u2019alumnat ha triat treballar: EL MAR MEDITERRANI, SOTA TERRA, LA M\u00c0GIA, L\u2019ART, EL FUTUR, LA F\u00cdSICA, LA CI\u00c8NCIA, LA FESTA MAJOR, LA CUINA\u2026Les Jornades donen continu\u00eftat a la nostra manera d\u2019entendre l\u2019ensenyament i l\u2019aprenentatge dels infants i \u00e9s per aquest motiu que ho fem des d\u2019una perspectiva interdisciplinar que ens permet fer descobertes conjuntes, construir coneixements i compartir experi\u00e8ncies.<\/p>\n<\/header>\n<div class=\"entry-content\">\n<p>Del 6 al 10 de febrer han estat les jornades del TEATRE. Un any m\u00e9s volem agrair la participaci\u00f3 de tota la comunitat educativa: especialment a l\u2019alumnat, a totes les persones expertes que han vingut a les aules, a les fam\u00edlies que han participat de les activitats proposades per a fer a casa, en els establiments que han obert les portes i l\u2019alumnat ha pogut visitar,\u00a0 i a tothom en general per a fer que el divendres esdevingu\u00e9s una cloenda de les jornades amb totes i tots a l\u2019escola.<\/p>\n<p>Aquest espai us permetr\u00e0 poder endinsar-vos una mica m\u00e9s a les JORNADES. Si, a m\u00e9s a m\u00e9s, ho mireu amb els vostres fills o filles, aquests us ho podran explicar en primera persona i, per tant, ser\u00e0 molt m\u00e9s significatiu.<\/p>\n<p>Hi podeu trobar les seccions de: les ACTIVITATS DE MOTIVACI\u00d3, els TALLERS I ACTIVITATS DIVERSES, les PERSONES EXPERTES i la CLOENDA.<\/p>\n<p>Recordeu que per poder visualitzar el contingut haureu de fer \u00fas de la clau d\u2019acc\u00e9s que se us hem proporcionat des de l\u2019escola.<\/p>\n<\/div>\n<p>&nbsp;<\/p>\n<table style=\"width: 100%; border-collapse: collapse;\">\n<tbody>\n<tr>\n<td style=\"width: 50%;\">\n<h6><a href=\"https:\/\/agora.xtec.cat\/escolaemilicarles\/jornades-del-teatre\/https-agora-xtec-cat-escolaemilicarles-jornades-del-teatre-https-agora-xtec-cat-escolaemilicarles-jornades-del-teatre-https-agora-xtec-cat-escolaemilicarles-jornades-del-teatre-motivacio-motivacio\/\"><img loading=\"lazy\" decoding=\"async\" class=\"wp-image-5925 alignnone\" src=\"https:\/\/agora.xtec.cat\/escolaemilicarles\/wp-content\/uploads\/usu1732\/2024\/03\/Activitats-de-motivacio-Jornades-del-teatre-1024x819.jpg\" alt=\"\" width=\"513\" height=\"411\" srcset=\"https:\/\/agora.xtec.cat\/escolaemilicarles\/wp-content\/uploads\/usu1732\/2024\/03\/Activitats-de-motivacio-Jornades-del-teatre-1024x819.jpg 1024w, https:\/\/agora.xtec.cat\/escolaemilicarles\/wp-content\/uploads\/usu1732\/2024\/03\/Activitats-de-motivacio-Jornades-del-teatre-300x240.jpg 300w, https:\/\/agora.xtec.cat\/escolaemilicarles\/wp-content\/uploads\/usu1732\/2024\/03\/Activitats-de-motivacio-Jornades-del-teatre-768x614.jpg 768w, https:\/\/agora.xtec.cat\/escolaemilicarles\/wp-content\/uploads\/usu1732\/2024\/03\/Activitats-de-motivacio-Jornades-del-teatre.jpg 1500w\" sizes=\"auto, (max-width: 513px) 100vw, 513px\" \/><\/a><\/h6>\n<\/td>\n<td style=\"width: 50%;\">\n<h6><a href=\"https:\/\/agora.xtec.cat\/escolaemilicarles\/categoria\/jornades-del-teatre\/activitats-jornades-del-teatre\/\"><img loading=\"lazy\" decoding=\"async\" class=\"wp-image-6014 alignnone\" src=\"https:\/\/agora.xtec.cat\/escolaemilicarles\/wp-content\/uploads\/usu1732\/2024\/03\/Tallers-i-activitats-diverses-2-2.png\" alt=\"\" width=\"517\" height=\"414\" srcset=\"https:\/\/agora.xtec.cat\/escolaemilicarles\/wp-content\/uploads\/usu1732\/2024\/03\/Tallers-i-activitats-diverses-2-2.png 2000w, https:\/\/agora.xtec.cat\/escolaemilicarles\/wp-content\/uploads\/usu1732\/2024\/03\/Tallers-i-activitats-diverses-2-2-300x240.png 300w, https:\/\/agora.xtec.cat\/escolaemilicarles\/wp-content\/uploads\/usu1732\/2024\/03\/Tallers-i-activitats-diverses-2-2-1024x819.png 1024w, https:\/\/agora.xtec.cat\/escolaemilicarles\/wp-content\/uploads\/usu1732\/2024\/03\/Tallers-i-activitats-diverses-2-2-768x614.png 768w, https:\/\/agora.xtec.cat\/escolaemilicarles\/wp-content\/uploads\/usu1732\/2024\/03\/Tallers-i-activitats-diverses-2-2-1536x1229.png 1536w\" sizes=\"auto, (max-width: 517px) 100vw, 517px\" \/><\/a><\/h6>\n<\/td>\n<\/tr>\n<tr>\n<td style=\"width: 50%;\">\n<h6><a href=\"https:\/\/agora.xtec.cat\/escolaemilicarles\/categoria\/jornades-del-teatre\/expertes2024\/\"><img loading=\"lazy\" decoding=\"async\" class=\" wp-image-6021 alignnone\" src=\"https:\/\/agora.xtec.cat\/escolaemilicarles\/wp-content\/uploads\/usu1732\/2024\/03\/Persones-expertes-Jornades-del-TEATRE-2.png\" alt=\"\" width=\"512\" height=\"409\" srcset=\"https:\/\/agora.xtec.cat\/escolaemilicarles\/wp-content\/uploads\/usu1732\/2024\/03\/Persones-expertes-Jornades-del-TEATRE-2.png 2000w, https:\/\/agora.xtec.cat\/escolaemilicarles\/wp-content\/uploads\/usu1732\/2024\/03\/Persones-expertes-Jornades-del-TEATRE-2-300x240.png 300w, https:\/\/agora.xtec.cat\/escolaemilicarles\/wp-content\/uploads\/usu1732\/2024\/03\/Persones-expertes-Jornades-del-TEATRE-2-1024x819.png 1024w, https:\/\/agora.xtec.cat\/escolaemilicarles\/wp-content\/uploads\/usu1732\/2024\/03\/Persones-expertes-Jornades-del-TEATRE-2-768x614.png 768w, https:\/\/agora.xtec.cat\/escolaemilicarles\/wp-content\/uploads\/usu1732\/2024\/03\/Persones-expertes-Jornades-del-TEATRE-2-1536x1229.png 1536w\" sizes=\"auto, (max-width: 512px) 100vw, 512px\" \/><\/a><\/h6>\n<\/td>\n<td style=\"width: 50%;\">\n<h6><a href=\"https:\/\/agora.xtec.cat\/escolaemilicarles\/jornades-del-teatre\/cloenda\/\"><img loading=\"lazy\" decoding=\"async\" class=\"wp-image-6015 alignnone\" src=\"https:\/\/agora.xtec.cat\/escolaemilicarles\/wp-content\/uploads\/usu1732\/2024\/03\/GIMCANA-I-CLOENDA-AMB-FAMILIES-1-1.png\" alt=\"\" width=\"563\" height=\"450\" srcset=\"https:\/\/agora.xtec.cat\/escolaemilicarles\/wp-content\/uploads\/usu1732\/2024\/03\/GIMCANA-I-CLOENDA-AMB-FAMILIES-1-1.png 2000w, https:\/\/agora.xtec.cat\/escolaemilicarles\/wp-content\/uploads\/usu1732\/2024\/03\/GIMCANA-I-CLOENDA-AMB-FAMILIES-1-1-300x240.png 300w, https:\/\/agora.xtec.cat\/escolaemilicarles\/wp-content\/uploads\/usu1732\/2024\/03\/GIMCANA-I-CLOENDA-AMB-FAMILIES-1-1-1024x819.png 1024w, https:\/\/agora.xtec.cat\/escolaemilicarles\/wp-content\/uploads\/usu1732\/2024\/03\/GIMCANA-I-CLOENDA-AMB-FAMILIES-1-1-768x614.png 768w, https:\/\/agora.xtec.cat\/escolaemilicarles\/wp-content\/uploads\/usu1732\/2024\/03\/GIMCANA-I-CLOENDA-AMB-FAMILIES-1-1-1536x1229.png 1536w\" sizes=\"auto, (max-width: 563px) 100vw, 563px\" \/><\/a><\/h6>\n<h6><\/h6>\n<\/td>\n<\/tr>\n<\/tbody>\n<\/table>\n<div class=\"entry-content\">\n<p>&nbsp;<\/p>\n<p>&nbsp;<\/p>\n<p>&nbsp;<\/p>\n<\/div>\n","protected":false},"excerpt":{"rendered":"<p>Les JORNADES DE DESCOBRIMENT de l\u2019Emili\u00a0 va ser un projecte que s\u2019inici\u00e0 el 1999. Durant tots aquests anys han estat molts els temes que l\u2019alumnat ha triat treballar: EL MAR MEDITERRANI, SOTA TERRA, LA M\u00c0GIA, L\u2019ART, EL FUTUR, LA F\u00cdSICA, LA CI\u00c8NCIA, LA FESTA MAJOR, LA CUINA\u2026Les Jornades donen continu\u00eftat a la nostra manera d\u2019entendre [&hellip;]<\/p>\n","protected":false},"author":1,"featured_media":0,"parent":6814,"menu_order":0,"comment_status":"closed","ping_status":"closed","template":"","meta":{"_bbp_topic_count":0,"_bbp_reply_count":0,"_bbp_total_topic_count":0,"_bbp_total_reply_count":0,"_bbp_voice_count":0,"_bbp_anonymous_reply_count":0,"_bbp_topic_count_hidden":0,"_bbp_reply_count_hidden":0,"_bbp_forum_subforum_count":0,"site-sidebar-layout":"default","site-content-layout":"","ast-site-content-layout":"","site-content-style":"default","site-sidebar-style":"default","ast-global-header-display":"","ast-banner-title-visibility":"","ast-main-header-display":"","ast-hfb-above-header-display":"","ast-hfb-below-header-display":"","ast-hfb-mobile-header-display":"","site-post-title":"","ast-breadcrumbs-content":"","ast-featured-img":"","footer-sml-layout":"","theme-transparent-header-meta":"","adv-header-id-meta":"","stick-header-meta":"","header-above-stick-meta":"","header-main-stick-meta":"","header-below-stick-meta":"","astra-migrate-meta-layouts":"default","ast-page-background-enabled":"default","ast-page-background-meta":{"desktop":{"background-color":"var(--ast-global-color-4)","background-image":"","background-repeat":"repeat","background-position":"center center","background-size":"auto","background-attachment":"scroll","background-type":"","background-media":"","overlay-type":"","overlay-color":"","overlay-opacity":"","overlay-gradient":""},"tablet":{"background-color":"","background-image":"","background-repeat":"repeat","background-position":"center center","background-size":"auto","background-attachment":"scroll","background-type":"","background-media":"","overlay-type":"","overlay-color":"","overlay-opacity":"","overlay-gradient":""},"mobile":{"background-color":"","background-image":"","background-repeat":"repeat","background-position":"center center","background-size":"auto","background-attachment":"scroll","background-type":"","background-media":"","overlay-type":"","overlay-color":"","overlay-opacity":"","overlay-gradient":""}},"ast-content-background-meta":{"desktop":{"background-color":"var(--ast-global-color-5)","background-image":"","background-repeat":"repeat","background-position":"center center","background-size":"auto","background-attachment":"scroll","background-type":"","background-media":"","overlay-type":"","overlay-color":"","overlay-opacity":"","overlay-gradient":""},"tablet":{"background-color":"var(--ast-global-color-5)","background-image":"","background-repeat":"repeat","background-position":"center center","background-size":"auto","background-attachment":"scroll","background-type":"","background-media":"","overlay-type":"","overlay-color":"","overlay-opacity":"","overlay-gradient":""},"mobile":{"background-color":"var(--ast-global-color-5)","background-image":"","background-repeat":"repeat","background-position":"center center","background-size":"auto","background-attachment":"scroll","background-type":"","background-media":"","overlay-type":"","overlay-color":"","overlay-opacity":"","overlay-gradient":""}},"footnotes":""},"class_list":["post-5818","page","type-page","status-publish","hentry"],"post_mailing_queue_ids":[],"_links":{"self":[{"href":"https:\/\/agora.xtec.cat\/escolaemilicarles\/wp-json\/wp\/v2\/pages\/5818","targetHints":{"allow":["GET"]}}],"collection":[{"href":"https:\/\/agora.xtec.cat\/escolaemilicarles\/wp-json\/wp\/v2\/pages"}],"about":[{"href":"https:\/\/agora.xtec.cat\/escolaemilicarles\/wp-json\/wp\/v2\/types\/page"}],"author":[{"embeddable":true,"href":"https:\/\/agora.xtec.cat\/escolaemilicarles\/wp-json\/wp\/v2\/users\/1"}],"replies":[{"embeddable":true,"href":"https:\/\/agora.xtec.cat\/escolaemilicarles\/wp-json\/wp\/v2\/comments?post=5818"}],"version-history":[{"count":7,"href":"https:\/\/agora.xtec.cat\/escolaemilicarles\/wp-json\/wp\/v2\/pages\/5818\/revisions"}],"predecessor-version":[{"id":6840,"href":"https:\/\/agora.xtec.cat\/escolaemilicarles\/wp-json\/wp\/v2\/pages\/5818\/revisions\/6840"}],"up":[{"embeddable":true,"href":"https:\/\/agora.xtec.cat\/escolaemilicarles\/wp-json\/wp\/v2\/pages\/6814"}],"wp:attachment":[{"href":"https:\/\/agora.xtec.cat\/escolaemilicarles\/wp-json\/wp\/v2\/media?parent=5818"}],"curies":[{"name":"wp","href":"https:\/\/api.w.org\/{rel}","templated":true}]}}