{"id":570,"date":"2018-08-29T12:22:13","date_gmt":"2018-08-29T10:22:13","guid":{"rendered":"http:\/\/agora.xtec.cat\/escolaemilicarles\/?page_id=570"},"modified":"2023-04-25T09:18:41","modified_gmt":"2023-04-25T07:18:41","slug":"sanitat","status":"publish","type":"page","link":"https:\/\/agora.xtec.cat\/escolaemilicarles\/info-escola\/sanitat\/","title":{"rendered":"Sanitat"},"content":{"rendered":"<div>\n<h2>Accidents d&#8217;alumnes<\/h2>\n<hr size=\"2\" width=\"100%\" \/>\n<div><img loading=\"lazy\" decoding=\"async\" class=\"alignleft\" src=\"https:\/\/lh5.googleusercontent.com\/-nP8Eiu10bmo\/T6LVk4uXyxI\/AAAAAAAAA3Q\/-t3OaCWgW4I\/s200\/img031.jpg\" width=\"332\" height=\"277\" border=\"0\" \/><\/div>\n<p style=\"text-align: justify;\">L&#8217;escola t\u00e9 un protocol per a l&#8217;actuaci\u00f3 en cas d&#8217;accident escolar, essent el centre d&#8217;atenci\u00f3 el CAP de Castellar. Cal pensar que l&#8217;escola no disposa de personal sanitari, pel que no es far\u00e0 cap mena d&#8217;avaluaci\u00f3 m\u00e8dica i que davant dels dubtes sempre farem que sigui el personal del centre sanitari qui faci les actuacions corresponents.<\/p>\n<p style=\"text-align: justify;\">Quan sigui evident que l&#8217;accident \u00e9s\u00a0<b>lleu,<\/b>\u00a0l&#8217;infant esperar\u00e0 a les hores de sortida per tal que les persones que el recullin siguin les que l&#8217;acompanyin a curar-se en el cas que s&#8217;estimi convenient.<\/p>\n<\/div>\n<p style=\"text-align: justify;\">En els casos que es considerin\u00a0<b>greus\u00a0<\/b><span style=\"color: #000000;\">una persona responsable, preferentment el tutor o tutora de l&#8217;infant,l&#8217;acompanyar\u00e0 al centre sanitari, alhora que s&#8217;informar\u00e0 a la fam\u00edlia. Els trasllats es faran en taxi o b\u00e9 en cotxeparticular amb dues persones.<\/span><\/p>\n<p style=\"text-align: justify;\">En els casos que es considerin\u00a0<b>molt greus<\/b>\u00a0no es mour\u00e0 l&#8217;infant de l&#8217;escola, trucant als serveis d&#8217;emerg\u00e8ncia per a qu\u00e8 atu\u00efn al centre.<\/p>\n<div>\n<h2><\/h2>\n<h2>Administraci\u00f3 de medicaments<\/h2>\n<hr size=\"2\" width=\"100%\" \/>\n<div><\/div>\n<div>\n<div><img loading=\"lazy\" decoding=\"async\" class=\"alignright\" src=\"https:\/\/lh5.googleusercontent.com\/-I83C8NLv5zY\/T6LYyf7pnLI\/AAAAAAAAA3s\/PZ7755twXKw\/s144\/img032.jpg\" width=\"160\" height=\"173\" \/><\/div>\n<div style=\"text-align: justify;\"><\/div>\n<p style=\"text-align: justify;\">Per administrar medicaments a l&#8217;alumnat tant en horari escolar com de serveis (acollida, \u00a0\u00a0 \u00a0menjador i extraescolars), cal que el pare, mare, tutor o tutora legal aporti una\u00a0<b>recepta o informe<\/b>\u00a0del metge o metgessa on consti el nom de l&#8217;infant, la pauta i el nom del medicament que ha de prendre. Aix\u00ed mateix, el pare, mare, tutor o tutora legal ha d&#8217;aportar una autoritzaci\u00f3 escrita on es demani i s&#8217;autoritzi al personal del centre que administri a l&#8217;infant la medicaci\u00f3 prescrita sempre que sigui imprescindible la seva administraci\u00f3 en horari lectiu. Aquest escrit el podeu trobar a l&#8217;<i>annex II\u00a0<\/i>del document informatiu o descarregar-lo des d&#8217;<b><a href=\"https:\/\/docs.google.com\/document\/d\/1dC4TKGIU2HMm33m6Vk8GsXTS6R2ryLQWxCJYR3hL4cs\/edit\" target=\"_blank\" rel=\"noopener noreferrer\">aqu\u00ed.<\/a><\/b><\/p>\n<\/div>\n<\/div>\n<div>\n<h2><\/h2>\n<h2>Altres aspectes relacionats amb la sanitat<\/h2>\n<hr size=\"2\" width=\"100%\" \/>\n<p>Recordem que els infants amb febre o qualsevol malaltia que afecti temporalment el rendiment o pugui resultar contagiosa s&#8217;han de quedar a casa fins que hagin superat el problema.<\/p>\n<p>Per poder beure aigua a l&#8217;escola l&#8217;alumnat d&#8217;infantil i de cicle inicial portar\u00e0 un got que es retornar\u00e0 regularment a casa per mantenir-lo net. L&#8217;alumnat de cicle mitj\u00e0 i superior portar\u00e0 una ampolla o cantimplora que anir\u00e0 i vindr\u00e0 cada dia a casa dins de la motxil.la.<\/p>\n<p>Al llarg del curs, el CAP de Castellar far\u00e0 una\u00a0<b>revisi\u00f3 odontol\u00f2gica<\/b>\u00a0a l&#8217;alumnat de 1r i 2n, la campanya de\u00a0<b>vacunaci\u00f3 contra l&#8217;hepatitis B<\/b>\u00a0a l&#8217;alumnat de 6\u00e8 i l&#8217;administraci\u00f3 de la\u00a0<b>vacuna del papil.loma hum\u00e0<\/b>\u00a0a les nenes de 6\u00e8.<\/p>\n<p>Es recorda que l&#8217;escola \u00e9s un\u00a0<b>espai lliure de fum<\/b>, per la qual cosa\u00a0 no es pot fumar en els patis ni en cap altra depend\u00e8ncia del centre.<\/p>\n<p>Finalment, us recordem que les fam\u00edlies amb infants afectats per\u00a0<b>pediculosi<\/b>\u00a0(polls) cal que ho comuniquin el m\u00e9s aviat possible a l&#8217;escola a fi d&#8217;informar a la resta de fam\u00edlies. Recordem que no \u00e9s una q\u00fcesti\u00f3 de netedat i que qualsevol infant pot tenir-ne.<\/p>\n<p>Per a qualsevol tema relacionat amb la sanitat i que creieu d&#8217;import\u00e0ncia podeu adre\u00e7ar-vos a la tutora o al tutor del vostre fill o filla o b\u00e9 a la direcci\u00f3 del centre.<\/p>\n<\/div>\n","protected":false},"excerpt":{"rendered":"<p>Accidents d&#8217;alumnes L&#8217;escola t\u00e9 un protocol per a l&#8217;actuaci\u00f3 en cas d&#8217;accident escolar, essent el centre d&#8217;atenci\u00f3 el CAP de Castellar. Cal pensar que l&#8217;escola no disposa de personal sanitari, pel que no es far\u00e0 cap mena d&#8217;avaluaci\u00f3 m\u00e8dica i que davant dels dubtes sempre farem que sigui el personal del centre sanitari qui faci [&hellip;]<\/p>\n","protected":false},"author":1,"featured_media":0,"parent":564,"menu_order":60,"comment_status":"closed","ping_status":"closed","template":"page-templates\/side-menu.php","meta":{"_bbp_topic_count":0,"_bbp_reply_count":0,"_bbp_total_topic_count":0,"_bbp_total_reply_count":0,"_bbp_voice_count":0,"_bbp_anonymous_reply_count":0,"_bbp_topic_count_hidden":0,"_bbp_reply_count_hidden":0,"_bbp_forum_subforum_count":0,"site-sidebar-layout":"default","site-content-layout":"","ast-site-content-layout":"","site-content-style":"default","site-sidebar-style":"default","ast-global-header-display":"","ast-banner-title-visibility":"","ast-main-header-display":"","ast-hfb-above-header-display":"","ast-hfb-below-header-display":"","ast-hfb-mobile-header-display":"","site-post-title":"","ast-breadcrumbs-content":"","ast-featured-img":"","footer-sml-layout":"","theme-transparent-header-meta":"","adv-header-id-meta":"","stick-header-meta":"","header-above-stick-meta":"","header-main-stick-meta":"","header-below-stick-meta":"","astra-migrate-meta-layouts":"default","ast-page-background-enabled":"default","ast-page-background-meta":{"desktop":{"background-color":"var(--ast-global-color-4)","background-image":"","background-repeat":"repeat","background-position":"center center","background-size":"auto","background-attachment":"scroll","background-type":"","background-media":"","overlay-type":"","overlay-color":"","overlay-opacity":"","overlay-gradient":""},"tablet":{"background-color":"","background-image":"","background-repeat":"repeat","background-position":"center center","background-size":"auto","background-attachment":"scroll","background-type":"","background-media":"","overlay-type":"","overlay-color":"","overlay-opacity":"","overlay-gradient":""},"mobile":{"background-color":"","background-image":"","background-repeat":"repeat","background-position":"center center","background-size":"auto","background-attachment":"scroll","background-type":"","background-media":"","overlay-type":"","overlay-color":"","overlay-opacity":"","overlay-gradient":""}},"ast-content-background-meta":{"desktop":{"background-color":"var(--ast-global-color-5)","background-image":"","background-repeat":"repeat","background-position":"center center","background-size":"auto","background-attachment":"scroll","background-type":"","background-media":"","overlay-type":"","overlay-color":"","overlay-opacity":"","overlay-gradient":""},"tablet":{"background-color":"var(--ast-global-color-5)","background-image":"","background-repeat":"repeat","background-position":"center center","background-size":"auto","background-attachment":"scroll","background-type":"","background-media":"","overlay-type":"","overlay-color":"","overlay-opacity":"","overlay-gradient":""},"mobile":{"background-color":"var(--ast-global-color-5)","background-image":"","background-repeat":"repeat","background-position":"center center","background-size":"auto","background-attachment":"scroll","background-type":"","background-media":"","overlay-type":"","overlay-color":"","overlay-opacity":"","overlay-gradient":""}},"footnotes":""},"class_list":["post-570","page","type-page","status-publish","hentry"],"post_mailing_queue_ids":[],"_links":{"self":[{"href":"https:\/\/agora.xtec.cat\/escolaemilicarles\/wp-json\/wp\/v2\/pages\/570","targetHints":{"allow":["GET"]}}],"collection":[{"href":"https:\/\/agora.xtec.cat\/escolaemilicarles\/wp-json\/wp\/v2\/pages"}],"about":[{"href":"https:\/\/agora.xtec.cat\/escolaemilicarles\/wp-json\/wp\/v2\/types\/page"}],"author":[{"embeddable":true,"href":"https:\/\/agora.xtec.cat\/escolaemilicarles\/wp-json\/wp\/v2\/users\/1"}],"replies":[{"embeddable":true,"href":"https:\/\/agora.xtec.cat\/escolaemilicarles\/wp-json\/wp\/v2\/comments?post=570"}],"version-history":[{"count":3,"href":"https:\/\/agora.xtec.cat\/escolaemilicarles\/wp-json\/wp\/v2\/pages\/570\/revisions"}],"predecessor-version":[{"id":844,"href":"https:\/\/agora.xtec.cat\/escolaemilicarles\/wp-json\/wp\/v2\/pages\/570\/revisions\/844"}],"up":[{"embeddable":true,"href":"https:\/\/agora.xtec.cat\/escolaemilicarles\/wp-json\/wp\/v2\/pages\/564"}],"wp:attachment":[{"href":"https:\/\/agora.xtec.cat\/escolaemilicarles\/wp-json\/wp\/v2\/media?parent=570"}],"curies":[{"name":"wp","href":"https:\/\/api.w.org\/{rel}","templated":true}]}}