{"id":568,"date":"2018-08-29T12:21:38","date_gmt":"2018-08-29T10:21:38","guid":{"rendered":"http:\/\/agora.xtec.cat\/escolaemilicarles\/?page_id=568"},"modified":"2026-02-10T10:29:44","modified_gmt":"2026-02-10T09:29:44","slug":"consell-escolar","status":"publish","type":"page","link":"https:\/\/agora.xtec.cat\/escolaemilicarles\/info-escola\/consell-escolar\/","title":{"rendered":"Consell escolar"},"content":{"rendered":"<h2 align=\"left\"><\/h2>\n<h2 align=\"left\"><span style=\"color: #2795b6;\"><a href=\"https:\/\/agora.xtec.cat\/escolaemilicarles\/wp-content\/uploads\/usu1732\/2018\/10\/hands_colorful-1.png\"><img loading=\"lazy\" decoding=\"async\" class=\"wp-image-839 aligncenter\" src=\"https:\/\/agora.xtec.cat\/escolaemilicarles\/wp-content\/uploads\/usu1732\/2018\/10\/hands_colorful-1-300x112.png\" alt=\"\" width=\"338\" height=\"126\" srcset=\"https:\/\/agora.xtec.cat\/escolaemilicarles\/wp-content\/uploads\/usu1732\/2018\/10\/hands_colorful-1-300x112.png 300w, https:\/\/agora.xtec.cat\/escolaemilicarles\/wp-content\/uploads\/usu1732\/2018\/10\/hands_colorful-1-768x287.png 768w, https:\/\/agora.xtec.cat\/escolaemilicarles\/wp-content\/uploads\/usu1732\/2018\/10\/hands_colorful-1.png 990w\" sizes=\"auto, (max-width: 338px) 100vw, 338px\" \/><\/a><\/span><span dir=\"ltr\" tabindex=\"-1\">Consell Escolar<\/span><\/h2>\n<p>El Consell Escolar del centre \u00e9s l&#8217;\u00f2rgan col\u00b7legiat de participaci\u00f3 de la comunitat escolar en el govern del centre. Corresponen al Consell Escolar les seg\u00fcents funcions i tasques establertes a la llei d&#8217;educaci\u00f3 12\/2009 del 10 de juliol:<\/p>\n<ul>\n<li>Aprovar el projecte educatiu del centre.<\/li>\n<li>Aprovar la programaci\u00f3 anual del centre i avaluar-ne els resultats.<\/li>\n<li>Aprovar la carta de comprom\u00eds educatiu.<\/li>\n<li>Aprovar el pressupost del centre.<\/li>\n<li>Intervenir en el procediment d&#8217;admissi\u00f3 des alumnes.<\/li>\n<li>participar en les an\u00e0lisis i avaluacions del funcionament del centre i con\u00e8ixer l&#8217;evoluci\u00f3 del rendiment escolar.<\/li>\n<li>Aprovar les directrius per a la programaci\u00f3 d&#8217;activitats escolars complement\u00e0ries i activitats extraescolars.<\/li>\n<\/ul>\n<h2>Composici\u00f3 del Consell Escolar de l&#8217;escola<\/h2>\n<h5>Representants sector fam\u00edlies<\/h5>\n<ul>\n<li>Virginia Z.<\/li>\n<li>Irene M.<\/li>\n<li>Marc P.<\/li>\n<li>Marc S.<\/li>\n<li>Marta M.<\/li>\n<\/ul>\n<h5>Representants sector professorat<\/h5>\n<ul>\n<li>Ana S.<\/li>\n<li>Anna B.<\/li>\n<li>A\u00efda M.<\/li>\n<li>Teresa P.<\/li>\n<li>Neus S.<\/li>\n<li>Elena B.<\/li>\n<\/ul>\n<h5>Representant AFA:<\/h5>\n<ul>\n<li>Olga M.<\/li>\n<\/ul>\n<h5>Representant PAS:<\/h5>\n<ul>\n<li>Xavi R.<\/li>\n<\/ul>\n<h5>Representant Ajuntament<\/h5>\n<ul>\n<li>Anna Riera<\/li>\n<\/ul>\n<h5>Cap d&#8217;Estudis:<\/h5>\n<ul>\n<li>Maribel Aldom\u00e0<\/li>\n<\/ul>\n<h5>Secretaria:<\/h5>\n<ul>\n<li>Erika Delgado<\/li>\n<\/ul>\n<h5>Directora:<\/h5>\n<ul>\n<li>Txell Fern\u00e0ndez<\/li>\n<\/ul>\n<p>&nbsp;<\/p>\n<p>Accedeix a les <strong>ACTES DEL CONSELL ESCOLAR<\/strong>, clicant damunt de cada imatge:<\/p>\n<table style=\"border-collapse: collapse; width: 36.6932%; height: 128px;\">\n<tbody>\n<tr>\n<td style=\"width: 11.2796%;\"><a href=\"https:\/\/drive.google.com\/drive\/folders\/1Egf9RE0YZMicIMYj2TTz2QYEYUZQOk3H?usp=sharing\"><img loading=\"lazy\" decoding=\"async\" class=\"aligncenter size-full wp-image-7913\" src=\"https:\/\/agora.xtec.cat\/escolaemilicarles\/wp-content\/uploads\/usu1732\/2026\/02\/IMATGE-WEB.ACCES-ACTES-CURS.png\" alt=\"\" width=\"2245\" height=\"1587\" srcset=\"https:\/\/agora.xtec.cat\/escolaemilicarles\/wp-content\/uploads\/usu1732\/2026\/02\/IMATGE-WEB.ACCES-ACTES-CURS.png 2245w, https:\/\/agora.xtec.cat\/escolaemilicarles\/wp-content\/uploads\/usu1732\/2026\/02\/IMATGE-WEB.ACCES-ACTES-CURS-300x212.png 300w, https:\/\/agora.xtec.cat\/escolaemilicarles\/wp-content\/uploads\/usu1732\/2026\/02\/IMATGE-WEB.ACCES-ACTES-CURS-1024x724.png 1024w, https:\/\/agora.xtec.cat\/escolaemilicarles\/wp-content\/uploads\/usu1732\/2026\/02\/IMATGE-WEB.ACCES-ACTES-CURS-768x543.png 768w, https:\/\/agora.xtec.cat\/escolaemilicarles\/wp-content\/uploads\/usu1732\/2026\/02\/IMATGE-WEB.ACCES-ACTES-CURS-1536x1086.png 1536w, https:\/\/agora.xtec.cat\/escolaemilicarles\/wp-content\/uploads\/usu1732\/2026\/02\/IMATGE-WEB.ACCES-ACTES-CURS-2048x1448.png 2048w\" sizes=\"auto, (max-width: 2245px) 100vw, 2245px\" \/><\/a><\/td>\n<td style=\"width: 9.44555%;\"><\/td>\n<\/tr>\n<\/tbody>\n<\/table>\n<p>&nbsp;<\/p>\n<div>\n<p>&nbsp;<\/p>\n<\/div>\n","protected":false},"excerpt":{"rendered":"<p>Consell Escolar El Consell Escolar del centre \u00e9s l&#8217;\u00f2rgan col\u00b7legiat de participaci\u00f3 de la comunitat escolar en el govern del centre. Corresponen al Consell Escolar les seg\u00fcents funcions i tasques establertes a la llei d&#8217;educaci\u00f3 12\/2009 del 10 de juliol: Aprovar el projecte educatiu del centre. Aprovar la programaci\u00f3 anual del centre i avaluar-ne els [&hellip;]<\/p>\n","protected":false},"author":1,"featured_media":0,"parent":564,"menu_order":60,"comment_status":"closed","ping_status":"closed","template":"page-templates\/side-menu.php","meta":{"_bbp_topic_count":0,"_bbp_reply_count":0,"_bbp_total_topic_count":0,"_bbp_total_reply_count":0,"_bbp_voice_count":0,"_bbp_anonymous_reply_count":0,"_bbp_topic_count_hidden":0,"_bbp_reply_count_hidden":0,"_bbp_forum_subforum_count":0,"site-sidebar-layout":"default","site-content-layout":"","ast-site-content-layout":"","site-content-style":"default","site-sidebar-style":"default","ast-global-header-display":"","ast-banner-title-visibility":"","ast-main-header-display":"","ast-hfb-above-header-display":"","ast-hfb-below-header-display":"","ast-hfb-mobile-header-display":"","site-post-title":"","ast-breadcrumbs-content":"","ast-featured-img":"","footer-sml-layout":"","theme-transparent-header-meta":"","adv-header-id-meta":"","stick-header-meta":"","header-above-stick-meta":"","header-main-stick-meta":"","header-below-stick-meta":"","astra-migrate-meta-layouts":"default","ast-page-background-enabled":"default","ast-page-background-meta":{"desktop":{"background-color":"var(--ast-global-color-4)","background-image":"","background-repeat":"repeat","background-position":"center center","background-size":"auto","background-attachment":"scroll","background-type":"","background-media":"","overlay-type":"","overlay-color":"","overlay-opacity":"","overlay-gradient":""},"tablet":{"background-color":"","background-image":"","background-repeat":"repeat","background-position":"center center","background-size":"auto","background-attachment":"scroll","background-type":"","background-media":"","overlay-type":"","overlay-color":"","overlay-opacity":"","overlay-gradient":""},"mobile":{"background-color":"","background-image":"","background-repeat":"repeat","background-position":"center center","background-size":"auto","background-attachment":"scroll","background-type":"","background-media":"","overlay-type":"","overlay-color":"","overlay-opacity":"","overlay-gradient":""}},"ast-content-background-meta":{"desktop":{"background-color":"var(--ast-global-color-5)","background-image":"","background-repeat":"repeat","background-position":"center center","background-size":"auto","background-attachment":"scroll","background-type":"","background-media":"","overlay-type":"","overlay-color":"","overlay-opacity":"","overlay-gradient":""},"tablet":{"background-color":"var(--ast-global-color-5)","background-image":"","background-repeat":"repeat","background-position":"center center","background-size":"auto","background-attachment":"scroll","background-type":"","background-media":"","overlay-type":"","overlay-color":"","overlay-opacity":"","overlay-gradient":""},"mobile":{"background-color":"var(--ast-global-color-5)","background-image":"","background-repeat":"repeat","background-position":"center center","background-size":"auto","background-attachment":"scroll","background-type":"","background-media":"","overlay-type":"","overlay-color":"","overlay-opacity":"","overlay-gradient":""}},"footnotes":""},"class_list":["post-568","page","type-page","status-publish","hentry"],"post_mailing_queue_ids":[],"_links":{"self":[{"href":"https:\/\/agora.xtec.cat\/escolaemilicarles\/wp-json\/wp\/v2\/pages\/568","targetHints":{"allow":["GET"]}}],"collection":[{"href":"https:\/\/agora.xtec.cat\/escolaemilicarles\/wp-json\/wp\/v2\/pages"}],"about":[{"href":"https:\/\/agora.xtec.cat\/escolaemilicarles\/wp-json\/wp\/v2\/types\/page"}],"author":[{"embeddable":true,"href":"https:\/\/agora.xtec.cat\/escolaemilicarles\/wp-json\/wp\/v2\/users\/1"}],"replies":[{"embeddable":true,"href":"https:\/\/agora.xtec.cat\/escolaemilicarles\/wp-json\/wp\/v2\/comments?post=568"}],"version-history":[{"count":7,"href":"https:\/\/agora.xtec.cat\/escolaemilicarles\/wp-json\/wp\/v2\/pages\/568\/revisions"}],"predecessor-version":[{"id":7916,"href":"https:\/\/agora.xtec.cat\/escolaemilicarles\/wp-json\/wp\/v2\/pages\/568\/revisions\/7916"}],"up":[{"embeddable":true,"href":"https:\/\/agora.xtec.cat\/escolaemilicarles\/wp-json\/wp\/v2\/pages\/564"}],"wp:attachment":[{"href":"https:\/\/agora.xtec.cat\/escolaemilicarles\/wp-json\/wp\/v2\/media?parent=568"}],"curies":[{"name":"wp","href":"https:\/\/api.w.org\/{rel}","templated":true}]}}