{"id":566,"date":"2018-08-29T12:20:23","date_gmt":"2018-08-29T10:20:23","guid":{"rendered":"http:\/\/agora.xtec.cat\/escolaemilicarles\/?page_id=566"},"modified":"2023-04-25T09:12:10","modified_gmt":"2023-04-25T07:12:10","slug":"sortides","status":"publish","type":"page","link":"https:\/\/agora.xtec.cat\/escolaemilicarles\/info-escola\/calendari-del-curs\/sortides\/","title":{"rendered":"Sortides"},"content":{"rendered":"<h2><span style=\"color: #38761d;\"><span style=\"color: #993300;\">Sortides i col\u00f2nies\u00a0<\/span> \u00a0 \u00a0 \u00a0 \u00a0 \u00a0 \u00a0 \u00a0 \u00a0 \u00a0 \u00a0 \u00a0 \u00a0 \u00a0 \u00a0 \u00a0\u00a0<\/span><\/h2>\n<p>Les sortides, aix\u00ed com les excursions i col\u00f2nies, s\u00f3n complements essencials del treball que es fa a l&#8217;escola amb l&#8217;alumnat, per la qual cosa considerem la participaci\u00f3 en aquestes activitats tan importants com l&#8217;assist\u00e8ncia a classe.<\/p>\n<table class=\"aligncenter\" style=\"height: 212px; width: 47.4003%; border-collapse: collapse; border-style: hidden;\" border=\"1\">\n<tbody>\n<tr>\n<td style=\"width: 50%; border-style: hidden;\"><a href=\"http:\/\/agora.xtec.cat\/escolaemilicarles\/wp-content\/uploads\/usu1732\/2018\/10\/resize_P1020816.jpg\"><img loading=\"lazy\" decoding=\"async\" class=\"alignnone wp-image-773\" src=\"http:\/\/agora.xtec.cat\/escolaemilicarles\/wp-content\/uploads\/usu1732\/2018\/10\/resize_P1020816.jpg\" alt=\"\" width=\"266\" height=\"208\" srcset=\"https:\/\/agora.xtec.cat\/escolaemilicarles\/wp-content\/uploads\/usu1732\/2018\/10\/resize_P1020816.jpg 410w, https:\/\/agora.xtec.cat\/escolaemilicarles\/wp-content\/uploads\/usu1732\/2018\/10\/resize_P1020816-300x235.jpg 300w\" sizes=\"auto, (max-width: 266px) 100vw, 266px\" \/><\/a><\/td>\n<td style=\"width: 50%; border-style: hidden;\"><a href=\"http:\/\/agora.xtec.cat\/escolaemilicarles\/wp-content\/uploads\/usu1732\/2018\/10\/resize_P1250366.jpg\"><img loading=\"lazy\" decoding=\"async\" class=\"alignnone wp-image-774\" src=\"http:\/\/agora.xtec.cat\/escolaemilicarles\/wp-content\/uploads\/usu1732\/2018\/10\/resize_P1250366.jpg\" alt=\"\" width=\"305\" height=\"239\" srcset=\"https:\/\/agora.xtec.cat\/escolaemilicarles\/wp-content\/uploads\/usu1732\/2018\/10\/resize_P1250366.jpg 410w, https:\/\/agora.xtec.cat\/escolaemilicarles\/wp-content\/uploads\/usu1732\/2018\/10\/resize_P1250366-300x235.jpg 300w\" sizes=\"auto, (max-width: 305px) 100vw, 305px\" \/><\/a><\/td>\n<\/tr>\n<\/tbody>\n<\/table>\n<p>Cada cicle realitza\u00a0<b>tres<\/b>\u00a0sortides amb autocar, assisteix a\u00a0<b>dues<\/b>\u00a0obres de teatre (una en angl\u00e8s),\u00a0<b>una<\/b>\u00a0audici\u00f3 a l&#8217;Auditori i fa\u00a0<b>un\u00a0<\/b>taller musical a l&#8217;aula. Tamb\u00e9 es participa a diverses activitats de la Guia Did\u00e0ctica.<\/p>\n<table class=\"aligncenter\" style=\"height: 224px; width: 49.1848%; border-collapse: collapse; border-style: hidden;\" border=\"1\">\n<tbody>\n<tr style=\"height: 216px;\">\n<td style=\"width: 50%; height: 216px; border-style: hidden;\"><a href=\"http:\/\/agora.xtec.cat\/escolaemilicarles\/wp-content\/uploads\/usu1732\/2018\/10\/resize_DSC_5579.jpg\"><img loading=\"lazy\" decoding=\"async\" class=\"alignnone wp-image-776\" src=\"http:\/\/agora.xtec.cat\/escolaemilicarles\/wp-content\/uploads\/usu1732\/2018\/10\/resize_DSC_5579-1024x800.jpg\" alt=\"\" width=\"345\" height=\"270\" srcset=\"https:\/\/agora.xtec.cat\/escolaemilicarles\/wp-content\/uploads\/usu1732\/2018\/10\/resize_DSC_5579.jpg 1024w, https:\/\/agora.xtec.cat\/escolaemilicarles\/wp-content\/uploads\/usu1732\/2018\/10\/resize_DSC_5579-300x234.jpg 300w, https:\/\/agora.xtec.cat\/escolaemilicarles\/wp-content\/uploads\/usu1732\/2018\/10\/resize_DSC_5579-768x600.jpg 768w\" sizes=\"auto, (max-width: 345px) 100vw, 345px\" \/><\/a><\/td>\n<td style=\"width: 50%; height: 216px; border-style: hidden;\"><a href=\"http:\/\/agora.xtec.cat\/escolaemilicarles\/wp-content\/uploads\/usu1732\/2018\/10\/resize_CIMG7115.jpg\"><img loading=\"lazy\" decoding=\"async\" class=\"alignnone size-full wp-image-777\" src=\"http:\/\/agora.xtec.cat\/escolaemilicarles\/wp-content\/uploads\/usu1732\/2018\/10\/resize_CIMG7115.jpg\" alt=\"\" width=\"768\" height=\"600\" srcset=\"https:\/\/agora.xtec.cat\/escolaemilicarles\/wp-content\/uploads\/usu1732\/2018\/10\/resize_CIMG7115.jpg 768w, https:\/\/agora.xtec.cat\/escolaemilicarles\/wp-content\/uploads\/usu1732\/2018\/10\/resize_CIMG7115-300x234.jpg 300w\" sizes=\"auto, (max-width: 768px) 100vw, 768px\" \/><\/a><\/td>\n<\/tr>\n<\/tbody>\n<\/table>\n<p><span style=\"font-family: inherit; font-size: 1em;\">Per poder participar en aquestes activitats \u00e9s imprescindible l&#8217;<\/span><b style=\"font-family: inherit; font-size: 1em;\">autoritzaci\u00f3 signada\u00a0<\/b><span style=\"font-family: inherit; font-size: 1em;\">de les fam\u00edlies. En el cas de les\u00a0<\/span><b style=\"font-family: inherit; font-size: 1em;\"><span style=\"color: #38761d;\">sortides per les rodalies<\/span><\/b><span style=\"font-family: inherit; font-size: 1em;\">, aquesta autoritzaci\u00f3 se signa en iniciar el curs i serveix per a totes les que es realitzin. En el cas de les\u00a0<\/span><span style=\"color: #38761d;\"><b>excursions i col\u00f2nies<\/b><\/span><span style=\"font-family: inherit; font-size: 1em;\">, l&#8217;autoritzaci\u00f3 es far\u00e0 arribar a les fam\u00edlies abans de cada activitat per a ser retornada amb temps suficient a l&#8217;escola.<\/span><\/p>\n<p style=\"text-align: center;\"><a style=\"font-family: inherit; font-size: 1em; text-align: justify;\" href=\"http:\/\/agora.xtec.cat\/escolaemilicarles\/info-escola\/sortides\/sortides-ei\/\">Sortides d&#8217;educaci\u00f3 Infantil<\/a><\/p>\n<p style=\"text-align: center;\"><a style=\"font-family: inherit; font-size: 1em; text-align: justify;\" href=\"http:\/\/agora.xtec.cat\/escolaemilicarles\/info-escola\/sortides\/sortides-ci\/\">Sortides de cicle Inicial<\/a><\/p>\n<p style=\"text-align: center;\"><a style=\"font-family: inherit; font-size: 1em; text-align: justify;\" href=\"http:\/\/agora.xtec.cat\/escolaemilicarles\/info-escola\/sortides\/sortides-cicle-mitja\/\">Sortides de cicle Mitj\u00e0<\/a><\/p>\n<p style=\"text-align: center;\"><a style=\"font-family: inherit; font-size: 1em; text-align: justify;\" href=\"http:\/\/agora.xtec.cat\/escolaemilicarles\/info-escola\/sortides\/sortides-cicle-superior\/\">Sortides de cicle Superior<\/a><\/p>\n<div>\n<div><span style=\"color: #660000;\"><span style=\"color: #660000;\"><b><a href=\"https:\/\/sites.google.com\/a\/xtec.cat\/emilicarlestolra\/autoritzacions-1\"><br \/>\n<span style=\"color: #993300;\">DESC\u00c0RREGA D&#8217;AUTORITZACIONS PER LES SORTIDES:<\/span><\/a><br \/>\n<\/b><\/span><\/span><\/p>\n<div><\/div>\n<\/div>\n<div><\/div>\n<div><span style=\"color: #660000;\"><b><a href=\"http:\/\/agora.xtec.cat\/escolaemilicarles\/wp-content\/uploads\/usu1732\/2018\/09\/Autoritzaci\u00f3-col\u00f2nies.docx\">&#8211;<\/a><\/b><a href=\"https:\/\/drive.google.com\/file\/d\/1GQXvqFsJ0fzFw-J1DjrLKP3V2Hwga_1N\/view?usp=sharing\"> Col\u00f2n<\/a><a href=\"http:\/\/agora.xtec.cat\/escolaemilicarles\/wp-content\/uploads\/usu1732\/2018\/09\/Autoritzaci\u00f3-col\u00f2nies.docx\">ies<\/a><br \/>\n<b> <\/b><\/span><\/p>\n<div><\/div>\n<\/div>\n<div><a href=\"https:\/\/drive.google.com\/file\/d\/1FLod7xkg5sUQKc31BIEr_PHlq0x1r4ok\/view?usp=sharing\">&#8211; Sortides pedag\u00f2giques<\/a><span style=\"color: #660000;\"><br \/>\n<b> <\/b><\/span><\/p>\n<div><\/div>\n<\/div>\n<\/div>\n<div><a href=\"https:\/\/drive.google.com\/file\/d\/1KSv4fW_UjWplmL6XSJaD3YsgIpszbWm4\/view?usp=sharing\">&#8211; Sortides al poble <\/a><span style=\"color: #660000;\"><br \/>\n<b> <\/b><\/span><\/p>\n<div><\/div>\n<\/div>\n<div><\/div>\n<div><\/div>\n<div>\n<div>\n<h2><span style=\"color: #993300;\">Guia Did\u00e0ctica<\/span><\/h2>\n<p><span style=\"font-family: inherit; font-size: 1em;\">La Guia Did\u00e0ctica de Castellar \u00e9s un recull de visites, activitats i materials que, des de l\u00b4Ajuntament, s&#8217;ofereixen a les llars d&#8217;infants, a les escoles i als instituts del municipi.\u00a0Des de l&#8217;escola s&#8217;escullen cada curs aquelles activitats que es poden integrar en la programaci\u00f3 anual del cicle o curs.<\/span><\/p>\n<\/div>\n<div>\n<table class=\"aligncenter\" style=\"width: 44.0315%; border-collapse: collapse; border-style: hidden; height: 219px;\" border=\"1\">\n<tbody>\n<tr style=\"height: 263px;\">\n<td style=\"width: 50%; height: 263px; border-style: hidden;\"><a href=\"http:\/\/agora.xtec.cat\/escolaemilicarles\/wp-content\/uploads\/usu1732\/2018\/10\/resize_IMGP1437.jpg\"><img loading=\"lazy\" decoding=\"async\" class=\"alignnone wp-image-779\" src=\"http:\/\/agora.xtec.cat\/escolaemilicarles\/wp-content\/uploads\/usu1732\/2018\/10\/resize_IMGP1437-1024x800.jpg\" alt=\"\" width=\"300\" height=\"235\" srcset=\"https:\/\/agora.xtec.cat\/escolaemilicarles\/wp-content\/uploads\/usu1732\/2018\/10\/resize_IMGP1437.jpg 1024w, https:\/\/agora.xtec.cat\/escolaemilicarles\/wp-content\/uploads\/usu1732\/2018\/10\/resize_IMGP1437-300x234.jpg 300w, https:\/\/agora.xtec.cat\/escolaemilicarles\/wp-content\/uploads\/usu1732\/2018\/10\/resize_IMGP1437-768x600.jpg 768w\" sizes=\"auto, (max-width: 300px) 100vw, 300px\" \/><\/a><\/td>\n<td style=\"width: 50%; height: 263px; border-style: hidden;\"><a href=\"http:\/\/agora.xtec.cat\/escolaemilicarles\/wp-content\/uploads\/usu1732\/2018\/10\/resize_DSC02736.jpg\"><img loading=\"lazy\" decoding=\"async\" class=\"alignnone wp-image-781\" src=\"http:\/\/agora.xtec.cat\/escolaemilicarles\/wp-content\/uploads\/usu1732\/2018\/10\/resize_DSC02736-1024x800.jpg\" alt=\"\" width=\"315\" height=\"246\" srcset=\"https:\/\/agora.xtec.cat\/escolaemilicarles\/wp-content\/uploads\/usu1732\/2018\/10\/resize_DSC02736.jpg 1024w, https:\/\/agora.xtec.cat\/escolaemilicarles\/wp-content\/uploads\/usu1732\/2018\/10\/resize_DSC02736-300x234.jpg 300w, https:\/\/agora.xtec.cat\/escolaemilicarles\/wp-content\/uploads\/usu1732\/2018\/10\/resize_DSC02736-768x600.jpg 768w\" sizes=\"auto, (max-width: 315px) 100vw, 315px\" \/><\/a><\/td>\n<\/tr>\n<\/tbody>\n<\/table>\n<\/div>\n<div>\n<p style=\"text-align: center;\"><b><span style=\"color: #b45f06; font-size: xx-small;\"><a href=\"https:\/\/sites.google.com\/a\/xtec.cat\/emilicarlestolra\/infoescola\/goog_1580510281\">M\u00e9s informaci\u00f3.\u00a0<\/a><\/span><\/b><a href=\"http:\/\/www.castellarvalles.cat\/27549\/descriptiu\/\" rel=\"nofollow\">\u00a0 \u00a0<\/a><\/p>\n<div>\n<div dir=\"ltr\">\n<h2><span style=\"color: #993300;\">Audicions i teatre<\/span><\/h2>\n<p>Des de la Regidoria d&#8217;Educaci\u00f3 de l&#8217;Ajuntament s&#8217;organitzen les\u00a0<b>audicions<\/b>\u00a0que l&#8217;alumnat tindr\u00e0 la oportunitat de sentir a l&#8217;Auditori i treballar posteriorment a l&#8217;aula. Amb la gesti\u00f3 de\u00a0<a href=\"http:\/\/www.espectaclesjduch.cat\/\" target=\"_blank\" rel=\"nofollow noopener\">JOAN DUCH Gesti\u00f3 Cultural i Activitats Educatives<\/a><a href=\"http:\/\/www.atot.cat\/\" target=\"_blank\" rel=\"nofollow noopener\"><b>\u00a0<\/b><\/a>i les valoracions i propostes del professorat, s&#8217;oferta cada curs una audici\u00f3 per cicle i un\u00a0<b>taller musical\u00a0<\/b><i>(Solistes a l&#8217;aula)<\/i>\u00a0per a cada curs.<\/p>\n<p>Igualment, a trav\u00e9s de\u00a0<a href=\"http:\/\/www.trifusio.cat\/\" target=\"_blank\" rel=\"nofollow noopener\"><b>Trifusi\u00f3<\/b><\/a>\u00a0i d&#8217;<a href=\"http:\/\/www.ipaproductions.com\/\" target=\"_blank\" rel=\"nofollow noopener\"><b>IPA Productions<\/b><\/a>, la Regidoria gestiona la programaci\u00f3 de\u00a0<b>dues obres de teatre<\/b>\u00a0cada curs, una d&#8217;elles en angl\u00e8s.<\/p>\n<\/div>\n<div dir=\"ltr\">\n<table class=\"aligncenter\" style=\"height: 183px; width: 43.6934%; border-collapse: collapse; border-style: hidden;\" border=\"1\">\n<tbody>\n<tr>\n<td style=\"width: 50%; border-style: hidden;\"><img loading=\"lazy\" decoding=\"async\" class=\"alignnone \" src=\"https:\/\/www.vilanovainformacio.cat\/wp-content\/uploads\/2014\/10\/Ipa-Productions-Tarzan.jpg\" width=\"231\" height=\"173\" \/><\/td>\n<td style=\"width: 50%; border-style: hidden;\"><img loading=\"lazy\" decoding=\"async\" class=\"alignnone size-large\" src=\"http:\/\/www.castellarvalles.cat\/arxius\/multimedia\/2984\/imatge\/Auditori_interior_reformat(542).jpg\" width=\"542\" height=\"361\" \/><\/td>\n<\/tr>\n<\/tbody>\n<\/table>\n<\/div>\n<\/div>\n<\/div>\n<\/div>\n","protected":false},"excerpt":{"rendered":"<p>Sortides i col\u00f2nies\u00a0 \u00a0 \u00a0 \u00a0 \u00a0 \u00a0 \u00a0 \u00a0 \u00a0 \u00a0 \u00a0 \u00a0 \u00a0 \u00a0 \u00a0 \u00a0\u00a0 Les sortides, aix\u00ed com les excursions i col\u00f2nies, s\u00f3n complements essencials del treball que es fa a l&#8217;escola amb l&#8217;alumnat, per la qual cosa considerem la participaci\u00f3 en aquestes activitats tan importants com l&#8217;assist\u00e8ncia a classe. Cada [&hellip;]<\/p>\n","protected":false},"author":1,"featured_media":0,"parent":32,"menu_order":10,"comment_status":"closed","ping_status":"closed","template":"page-templates\/side-menu.php","meta":{"_bbp_topic_count":0,"_bbp_reply_count":0,"_bbp_total_topic_count":0,"_bbp_total_reply_count":0,"_bbp_voice_count":0,"_bbp_anonymous_reply_count":0,"_bbp_topic_count_hidden":0,"_bbp_reply_count_hidden":0,"_bbp_forum_subforum_count":0,"site-sidebar-layout":"default","site-content-layout":"","ast-site-content-layout":"","site-content-style":"default","site-sidebar-style":"default","ast-global-header-display":"","ast-banner-title-visibility":"","ast-main-header-display":"","ast-hfb-above-header-display":"","ast-hfb-below-header-display":"","ast-hfb-mobile-header-display":"","site-post-title":"","ast-breadcrumbs-content":"","ast-featured-img":"","footer-sml-layout":"","theme-transparent-header-meta":"","adv-header-id-meta":"","stick-header-meta":"","header-above-stick-meta":"","header-main-stick-meta":"","header-below-stick-meta":"","astra-migrate-meta-layouts":"default","ast-page-background-enabled":"default","ast-page-background-meta":{"desktop":{"background-color":"var(--ast-global-color-4)","background-image":"","background-repeat":"repeat","background-position":"center center","background-size":"auto","background-attachment":"scroll","background-type":"","background-media":"","overlay-type":"","overlay-color":"","overlay-opacity":"","overlay-gradient":""},"tablet":{"background-color":"","background-image":"","background-repeat":"repeat","background-position":"center center","background-size":"auto","background-attachment":"scroll","background-type":"","background-media":"","overlay-type":"","overlay-color":"","overlay-opacity":"","overlay-gradient":""},"mobile":{"background-color":"","background-image":"","background-repeat":"repeat","background-position":"center center","background-size":"auto","background-attachment":"scroll","background-type":"","background-media":"","overlay-type":"","overlay-color":"","overlay-opacity":"","overlay-gradient":""}},"ast-content-background-meta":{"desktop":{"background-color":"var(--ast-global-color-5)","background-image":"","background-repeat":"repeat","background-position":"center center","background-size":"auto","background-attachment":"scroll","background-type":"","background-media":"","overlay-type":"","overlay-color":"","overlay-opacity":"","overlay-gradient":""},"tablet":{"background-color":"var(--ast-global-color-5)","background-image":"","background-repeat":"repeat","background-position":"center center","background-size":"auto","background-attachment":"scroll","background-type":"","background-media":"","overlay-type":"","overlay-color":"","overlay-opacity":"","overlay-gradient":""},"mobile":{"background-color":"var(--ast-global-color-5)","background-image":"","background-repeat":"repeat","background-position":"center center","background-size":"auto","background-attachment":"scroll","background-type":"","background-media":"","overlay-type":"","overlay-color":"","overlay-opacity":"","overlay-gradient":""}},"footnotes":""},"class_list":["post-566","page","type-page","status-publish","hentry"],"post_mailing_queue_ids":[],"_links":{"self":[{"href":"https:\/\/agora.xtec.cat\/escolaemilicarles\/wp-json\/wp\/v2\/pages\/566","targetHints":{"allow":["GET"]}}],"collection":[{"href":"https:\/\/agora.xtec.cat\/escolaemilicarles\/wp-json\/wp\/v2\/pages"}],"about":[{"href":"https:\/\/agora.xtec.cat\/escolaemilicarles\/wp-json\/wp\/v2\/types\/page"}],"author":[{"embeddable":true,"href":"https:\/\/agora.xtec.cat\/escolaemilicarles\/wp-json\/wp\/v2\/users\/1"}],"replies":[{"embeddable":true,"href":"https:\/\/agora.xtec.cat\/escolaemilicarles\/wp-json\/wp\/v2\/comments?post=566"}],"version-history":[{"count":4,"href":"https:\/\/agora.xtec.cat\/escolaemilicarles\/wp-json\/wp\/v2\/pages\/566\/revisions"}],"predecessor-version":[{"id":2253,"href":"https:\/\/agora.xtec.cat\/escolaemilicarles\/wp-json\/wp\/v2\/pages\/566\/revisions\/2253"}],"up":[{"embeddable":true,"href":"https:\/\/agora.xtec.cat\/escolaemilicarles\/wp-json\/wp\/v2\/pages\/32"}],"wp:attachment":[{"href":"https:\/\/agora.xtec.cat\/escolaemilicarles\/wp-json\/wp\/v2\/media?parent=566"}],"curies":[{"name":"wp","href":"https:\/\/api.w.org\/{rel}","templated":true}]}}