{"id":30,"date":"2014-09-18T12:30:23","date_gmt":"2014-09-18T11:30:23","guid":{"rendered":"http:\/\/agora.xtec.cat\/escolaemilicarles\/?page_id=30"},"modified":"2025-11-25T09:01:53","modified_gmt":"2025-11-25T08:01:53","slug":"instal%c2%b7lacions","status":"publish","type":"page","link":"https:\/\/agora.xtec.cat\/escolaemilicarles\/info-escola\/instal%c2%b7lacions\/","title":{"rendered":"Qui som?"},"content":{"rendered":"<h2><\/h2>\n<p>Aquest curs escolar 25-26 l&#8217;alumnat de l&#8217;Emili est\u00e0 format per <b>202<\/b><b>\u00a0infants <\/b>d&#8217;Infantil 3 anys a 6\u00e8 de Prim\u00e0ria.<\/p>\n<h2><\/h2>\n<h2>Professorat i personal de l&#8217;escola<\/h2>\n<h4 style=\"text-align: left;\">Tutories<\/h4>\n<ul>\n<li style=\"list-style-type: none;\">\n<ul>\n<li><span style=\"color: #008000;\"><strong><span style=\"font-family: inherit; font-size: 1em;\">Infantil <\/span><\/strong><\/span><span style=\"color: #000000; font-family: inherit; font-size: 1em;\"><span style=\"color: #008000;\"><strong>3 anys:<\/strong><\/span>\u00a0 Elena Barba<span style=\"font-family: inherit; font-size: 1em;\"><br \/>\n<\/span><\/span><\/li>\n<li><span style=\"color: #000000;\"><span style=\"color: #993300;\"><span style=\"color: #000000;\"><strong><span style=\"color: #008000;\">Infantil 4 anys:<\/span><\/strong> <span style=\"color: #000000; font-family: inherit; font-size: 1em;\">Teresa Portell<\/span><br \/>\n<\/span><\/span><\/span><\/li>\n<li><span style=\"color: #008000;\"><strong>Infantil 5 anys:<\/strong><\/span> <span style=\"color: #000000;\">Natalia Xiahoe<\/span><\/li>\n<li><span style=\"color: #008000;\"><strong>Primer:<\/strong><\/span><span style=\"color: #000000;\"> A\u00efda Monserrat<br \/>\n<\/span><\/li>\n<li><span style=\"color: #008000;\"><strong>Segon:<\/strong><\/span> <span style=\"color: #000000;\">Carme Camargo<\/span><span style=\"color: #000000;\"><br \/>\n<\/span><\/li>\n<li><span style=\"color: #000000; font-family: inherit; font-size: 1em;\"><span style=\"color: #000000;\"><span style=\"color: #008000;\"><strong><span style=\"color: #008000;\">Tercer:\u00a0<\/span><\/strong><\/span><\/span><\/span>Roser Badia<span style=\"color: #000000; font-family: inherit; font-size: 1em;\"><span style=\"color: #000000;\"><br \/>\n<\/span><\/span><\/li>\n<li><span style=\"color: #000000;\"><span style=\"color: #000000;\"><span style=\"color: #000000;\"><span style=\"color: #000000;\"><span style=\"color: #008000;\"><strong>Quart:<\/strong><\/span> Ana Soto<br \/>\n<\/span><\/span><\/span><\/span><\/li>\n<li><span style=\"color: #008000;\"><strong style=\"font-family: inherit; font-size: 1em;\"><strong>Cinqu\u00e8:<\/strong><\/strong><\/span><span style=\"color: #000000;\"> Francesc Tresserras<br \/>\n<\/span><\/li>\n<li><span style=\"color: #008000;\"><strong style=\"font-family: inherit; font-size: 1em;\">Sis\u00e8:<\/strong><\/span> <span style=\"color: #000000;\">Estel L\u00f3pez<br \/>\n<\/span><\/li>\n<\/ul>\n<\/li>\n<\/ul>\n<h4>Especialitats i suport<\/h4>\n<ul>\n<li style=\"list-style-type: none;\">\n<ul>\n<li><span style=\"color: #000000;\"><strong><span style=\"color: #008000;\">Angl\u00e8s: <\/span><\/strong><\/span><span style=\"color: #000000;\"><span style=\"color: #993300;\"><span style=\"color: #000000;\"> Xavi Gordi, Miriam Mart\u00ednez i Neus Suarez<\/span><\/span><\/span><\/li>\n<\/ul>\n<ul>\n<li><strong><span style=\"color: #008000;\">M\u00fasica:<\/span> <\/strong>David Ros<span style=\"color: #000000;\"><br \/>\n<\/span><\/li>\n<li><strong><span style=\"color: #008000;\">Educaci\u00f3 f\u00edsica:<\/span> <\/strong><span style=\"color: #000000;\">Anna Berbis<br \/>\n<\/span><\/li>\n<li><span style=\"color: #008000;\"><strong>Educaci\u00f3 especial:<\/strong> <span style=\"color: #000000;\">Neus Su\u00e1rez<\/span><\/span><span style=\"color: #000000;\"><br \/>\n<\/span><\/li>\n<li><strong><span style=\"color: #008000;\">T\u00e8cnica especialista d&#8217;educaci\u00f3 infantil:<\/span><\/strong> Anna Borrell<\/li>\n<li><strong><span style=\"color: #008000;\">Suport a colla petita:<\/span> <\/strong><span style=\"color: #000000;\">Erika Delgado\u00a0<\/span><\/li>\n<li><span style=\"color: #000000;\"><strong><span style=\"color: #008000;\">Suport a colla mitjana:<\/span> <\/strong>Neus Su\u00e1rez, David Ros, Txell Fern\u00e0dez i Miriam Mart\u00ednez<br \/>\n<\/span><\/li>\n<li><span style=\"color: #000000;\"><strong><span style=\"color: #008000;\">Suport a colla gran:<\/span><\/strong> Anna Berbis, Xavi Gordi i Maribel Aldom\u00e0<br \/>\n<\/span><\/li>\n<li><span style=\"color: #008000;\"><strong>Vetlladors i vetlladores:<\/strong><\/span> Elliot Mar\u00edn<\/li>\n<\/ul>\n<\/li>\n<\/ul>\n<h4>Referent EAP<\/h4>\n<ul>\n<li style=\"list-style-type: none;\">\n<ul style=\"list-style-type: circle;\">\n<li><span style=\"color: #008000;\"><strong>Psic\u00f2loga<\/strong><\/span>: Marta Mar\u00ednez<\/li>\n<\/ul>\n<\/li>\n<\/ul>\n<h4>Personal PAS<\/h4>\n<ul>\n<li style=\"list-style-type: none;\">\n<ul style=\"list-style-type: circle;\">\n<li><strong><span style=\"color: #008000;\">Administrativa:<\/span><\/strong> M\u00f2nica Garc\u00eda<\/li>\n<li><strong><span style=\"color: #008000;\">Conserge:<\/span> <\/strong>Xavi Ruano<\/li>\n<\/ul>\n<\/li>\n<\/ul>\n<h4>Personal de Neteja<\/h4>\n<ul>\n<li style=\"list-style-type: none;\">\n<ul style=\"list-style-type: circle;\">\n<li>Rosi Reche<\/li>\n<li>Rahida<\/li>\n<\/ul>\n<\/li>\n<\/ul>\n<h4>Equip directiu<\/h4>\n<ul>\n<li style=\"list-style-type: none;\">\n<ul>\n<li><span style=\"color: #000000;\"><span style=\"color: #008000;\"><strong>Directora:<\/strong> <\/span><span style=\"color: #993300;\"><span style=\"color: #000000;\">Txell Fern\u00e0ndez<\/span><\/span><br \/>\n<\/span><\/li>\n<li><span style=\"color: #993300;\"><strong><span style=\"color: #008000;\">Cap d&#8217;estudis: <\/span><\/strong><\/span>Maribel Aldom\u00e0<span style=\"color: #993300;\"><br \/>\n<\/span><\/li>\n<li><span style=\"color: #993300;\"><span style=\"color: #008000;\"><strong>Secret\u00e0ria:<\/strong> <\/span><span style=\"color: #000000;\">Erika Delgado<\/span><br \/>\n<\/span><\/li>\n<\/ul>\n<\/li>\n<\/ul>\n<div>\n<p>&nbsp;<\/p>\n<\/div>\n","protected":false},"excerpt":{"rendered":"<p>Aquest curs escolar 25-26 l&#8217;alumnat de l&#8217;Emili est\u00e0 format per 202\u00a0infants d&#8217;Infantil 3 anys a 6\u00e8 de Prim\u00e0ria. Professorat i personal de l&#8217;escola Tutories Infantil 3 anys:\u00a0 Elena Barba Infantil 4 anys: Teresa Portell Infantil 5 anys: Natalia Xiahoe Primer: A\u00efda Monserrat Segon: Carme Camargo Tercer:\u00a0Roser Badia Quart: Ana Soto Cinqu\u00e8: Francesc Tresserras Sis\u00e8: Estel [&hellip;]<\/p>\n","protected":false},"author":1,"featured_media":0,"parent":564,"menu_order":20,"comment_status":"closed","ping_status":"closed","template":"page-templates\/side-menu.php","meta":{"_bbp_topic_count":0,"_bbp_reply_count":0,"_bbp_total_topic_count":0,"_bbp_total_reply_count":0,"_bbp_voice_count":0,"_bbp_anonymous_reply_count":0,"_bbp_topic_count_hidden":0,"_bbp_reply_count_hidden":0,"_bbp_forum_subforum_count":0,"site-sidebar-layout":"default","site-content-layout":"","ast-site-content-layout":"","site-content-style":"default","site-sidebar-style":"default","ast-global-header-display":"","ast-banner-title-visibility":"","ast-main-header-display":"","ast-hfb-above-header-display":"","ast-hfb-below-header-display":"","ast-hfb-mobile-header-display":"","site-post-title":"","ast-breadcrumbs-content":"","ast-featured-img":"","footer-sml-layout":"","theme-transparent-header-meta":"","adv-header-id-meta":"","stick-header-meta":"","header-above-stick-meta":"","header-main-stick-meta":"","header-below-stick-meta":"","astra-migrate-meta-layouts":"default","ast-page-background-enabled":"default","ast-page-background-meta":{"desktop":{"background-color":"var(--ast-global-color-4)","background-image":"","background-repeat":"repeat","background-position":"center center","background-size":"auto","background-attachment":"scroll","background-type":"","background-media":"","overlay-type":"","overlay-color":"","overlay-opacity":"","overlay-gradient":""},"tablet":{"background-color":"","background-image":"","background-repeat":"repeat","background-position":"center center","background-size":"auto","background-attachment":"scroll","background-type":"","background-media":"","overlay-type":"","overlay-color":"","overlay-opacity":"","overlay-gradient":""},"mobile":{"background-color":"","background-image":"","background-repeat":"repeat","background-position":"center center","background-size":"auto","background-attachment":"scroll","background-type":"","background-media":"","overlay-type":"","overlay-color":"","overlay-opacity":"","overlay-gradient":""}},"ast-content-background-meta":{"desktop":{"background-color":"var(--ast-global-color-5)","background-image":"","background-repeat":"repeat","background-position":"center center","background-size":"auto","background-attachment":"scroll","background-type":"","background-media":"","overlay-type":"","overlay-color":"","overlay-opacity":"","overlay-gradient":""},"tablet":{"background-color":"var(--ast-global-color-5)","background-image":"","background-repeat":"repeat","background-position":"center center","background-size":"auto","background-attachment":"scroll","background-type":"","background-media":"","overlay-type":"","overlay-color":"","overlay-opacity":"","overlay-gradient":""},"mobile":{"background-color":"var(--ast-global-color-5)","background-image":"","background-repeat":"repeat","background-position":"center center","background-size":"auto","background-attachment":"scroll","background-type":"","background-media":"","overlay-type":"","overlay-color":"","overlay-opacity":"","overlay-gradient":""}},"footnotes":""},"class_list":["post-30","page","type-page","status-publish","hentry"],"post_mailing_queue_ids":[],"_links":{"self":[{"href":"https:\/\/agora.xtec.cat\/escolaemilicarles\/wp-json\/wp\/v2\/pages\/30","targetHints":{"allow":["GET"]}}],"collection":[{"href":"https:\/\/agora.xtec.cat\/escolaemilicarles\/wp-json\/wp\/v2\/pages"}],"about":[{"href":"https:\/\/agora.xtec.cat\/escolaemilicarles\/wp-json\/wp\/v2\/types\/page"}],"author":[{"embeddable":true,"href":"https:\/\/agora.xtec.cat\/escolaemilicarles\/wp-json\/wp\/v2\/users\/1"}],"replies":[{"embeddable":true,"href":"https:\/\/agora.xtec.cat\/escolaemilicarles\/wp-json\/wp\/v2\/comments?post=30"}],"version-history":[{"count":9,"href":"https:\/\/agora.xtec.cat\/escolaemilicarles\/wp-json\/wp\/v2\/pages\/30\/revisions"}],"predecessor-version":[{"id":7755,"href":"https:\/\/agora.xtec.cat\/escolaemilicarles\/wp-json\/wp\/v2\/pages\/30\/revisions\/7755"}],"up":[{"embeddable":true,"href":"https:\/\/agora.xtec.cat\/escolaemilicarles\/wp-json\/wp\/v2\/pages\/564"}],"wp:attachment":[{"href":"https:\/\/agora.xtec.cat\/escolaemilicarles\/wp-json\/wp\/v2\/media?parent=30"}],"curies":[{"name":"wp","href":"https:\/\/api.w.org\/{rel}","templated":true}]}}