{"id":26,"date":"2014-09-18T12:24:32","date_gmt":"2014-09-18T11:24:32","guid":{"rendered":"http:\/\/agora.xtec.cat\/escolaemilicarles\/?page_id=26"},"modified":"2023-03-28T09:45:03","modified_gmt":"2023-03-28T07:45:03","slug":"historia","status":"publish","type":"page","link":"https:\/\/agora.xtec.cat\/escolaemilicarles\/info-escola\/historia\/","title":{"rendered":"L&#8217;Emili"},"content":{"rendered":"<p style=\"text-align: justify;\">L&#8217;Emili Carles-Tolr\u00e0 de Castellar del Vall\u00e8s \u00e9s un centre p\u00fablic d&#8217;una sola l\u00ednia, amb una aula per nivell des d&#8217;infantil 3 anys fins a 6\u00e8 de prim\u00e0ria. L&#8217;escola \u00e9s participativa i possibilita el di\u00e0leg entre els diferents membres de la comunitat educativa. Es caracteritza per tenir una din\u00e0mica de treball en equip que ha anat configurant al llarg dels anys uns trets d&#8217;identitat for\u00e7a definits. \u00c9s una escola inquieta i oberta que es mou, s&#8217;actualitza i canvia fomentant una educaci\u00f3 basada en la cooperaci\u00f3 i el respecte, el sentit de la llibertat lligat al de la responsabilitat, la solidaritat i el gust pel treball ben fet tenint present la realitat cultural, social i natural que ens envolta.<\/p>\n<table style=\"border-collapse: collapse; width: 100%;\" border=\"1\">\n<tbody>\n<tr>\n<td style=\"width: 33.3333%;\"><a href=\"http:\/\/agora.xtec.cat\/escolaemilicarles\/wp-content\/uploads\/usu1732\/2018\/09\/IMGP4543.jpg\"><img loading=\"lazy\" decoding=\"async\" class=\"alignnone size-large wp-image-705\" src=\"http:\/\/agora.xtec.cat\/escolaemilicarles\/wp-content\/uploads\/usu1732\/2018\/09\/IMGP4543-1024x768.jpg\" alt=\"\" width=\"1024\" height=\"768\" srcset=\"https:\/\/agora.xtec.cat\/escolaemilicarles\/wp-content\/uploads\/usu1732\/2018\/09\/IMGP4543-1024x768.jpg 1024w, https:\/\/agora.xtec.cat\/escolaemilicarles\/wp-content\/uploads\/usu1732\/2018\/09\/IMGP4543-300x225.jpg 300w, https:\/\/agora.xtec.cat\/escolaemilicarles\/wp-content\/uploads\/usu1732\/2018\/09\/IMGP4543-768x576.jpg 768w, https:\/\/agora.xtec.cat\/escolaemilicarles\/wp-content\/uploads\/usu1732\/2018\/09\/IMGP4543-200x150.jpg 200w\" sizes=\"auto, (max-width: 1024px) 100vw, 1024px\" \/><\/a><\/td>\n<td style=\"width: 33.3333%;\"><a href=\"http:\/\/agora.xtec.cat\/escolaemilicarles\/wp-content\/uploads\/usu1732\/2018\/09\/IMG_2424.jpg\"><img loading=\"lazy\" decoding=\"async\" class=\"alignnone size-large wp-image-707\" src=\"http:\/\/agora.xtec.cat\/escolaemilicarles\/wp-content\/uploads\/usu1732\/2018\/09\/IMG_2424-1024x768.jpg\" alt=\"\" width=\"1024\" height=\"768\" srcset=\"https:\/\/agora.xtec.cat\/escolaemilicarles\/wp-content\/uploads\/usu1732\/2018\/09\/IMG_2424-1024x768.jpg 1024w, https:\/\/agora.xtec.cat\/escolaemilicarles\/wp-content\/uploads\/usu1732\/2018\/09\/IMG_2424-300x225.jpg 300w, https:\/\/agora.xtec.cat\/escolaemilicarles\/wp-content\/uploads\/usu1732\/2018\/09\/IMG_2424-768x576.jpg 768w, https:\/\/agora.xtec.cat\/escolaemilicarles\/wp-content\/uploads\/usu1732\/2018\/09\/IMG_2424-200x150.jpg 200w\" sizes=\"auto, (max-width: 1024px) 100vw, 1024px\" \/><\/a><\/td>\n<td style=\"width: 33.3333%;\"><a href=\"http:\/\/agora.xtec.cat\/escolaemilicarles\/wp-content\/uploads\/usu1732\/2018\/09\/IMGP5287.jpg\"><img loading=\"lazy\" decoding=\"async\" class=\"alignnone size-large wp-image-708\" src=\"http:\/\/agora.xtec.cat\/escolaemilicarles\/wp-content\/uploads\/usu1732\/2018\/09\/IMGP5287-1024x768.jpg\" alt=\"\" width=\"1024\" height=\"768\" srcset=\"https:\/\/agora.xtec.cat\/escolaemilicarles\/wp-content\/uploads\/usu1732\/2018\/09\/IMGP5287-1024x768.jpg 1024w, https:\/\/agora.xtec.cat\/escolaemilicarles\/wp-content\/uploads\/usu1732\/2018\/09\/IMGP5287-300x225.jpg 300w, https:\/\/agora.xtec.cat\/escolaemilicarles\/wp-content\/uploads\/usu1732\/2018\/09\/IMGP5287-768x576.jpg 768w, https:\/\/agora.xtec.cat\/escolaemilicarles\/wp-content\/uploads\/usu1732\/2018\/09\/IMGP5287-200x150.jpg 200w\" sizes=\"auto, (max-width: 1024px) 100vw, 1024px\" \/><\/a><\/td>\n<\/tr>\n<\/tbody>\n<\/table>\n<p style=\"text-align: justify;\">A l&#8217;escola Emili Carles-Tolr\u00e0 es vol potenciar la formaci\u00f3 integral dels infants i per aix\u00f2 es treballen tant els aspectes relacionats amb la seva personalitat i la conviv\u00e8ncia, com altres aprenentatges que els ajudin a con\u00e8ixer el m\u00f3n que els envolta.<\/p>\n<div style=\"text-align: justify;\"><\/div>\n<p style=\"text-align: justify;\">Per tal d&#8217;aconseguir aquesta formaci\u00f3 es tendeix cap a una pr\u00e0ctica educativa on els infants siguin protagonistes en l&#8217;aprenentatge i el professorat tingui el paper d&#8217;acompanyar les diferents situacions d&#8217;aprenentatge perqu\u00e8 cada infant pugui desenvolupar les seves capacitats. \u00c9s per aix\u00f2 que es fomenta en l&#8217;alumnat una actitud curiosa, cr\u00edtica i investigadora que mitjan\u00e7ant el di\u00e0leg i el treball, esdevingui la base de la seva formaci\u00f3 i de l&#8217;adquisici\u00f3 dels aprenentatges.<\/p>\n<table style=\"border-collapse: collapse; width: 100%;\" border=\"1\">\n<tbody>\n<tr>\n<td style=\"width: 33.3333%;\"><a href=\"http:\/\/agora.xtec.cat\/escolaemilicarles\/wp-content\/uploads\/usu1732\/2018\/09\/resize_IMGP7439.jpg\"><img loading=\"lazy\" decoding=\"async\" class=\"alignnone size-large wp-image-709\" src=\"http:\/\/agora.xtec.cat\/escolaemilicarles\/wp-content\/uploads\/usu1732\/2018\/09\/resize_IMGP7439-1024x800.jpg\" alt=\"\" width=\"1024\" height=\"800\" srcset=\"https:\/\/agora.xtec.cat\/escolaemilicarles\/wp-content\/uploads\/usu1732\/2018\/09\/resize_IMGP7439.jpg 1024w, https:\/\/agora.xtec.cat\/escolaemilicarles\/wp-content\/uploads\/usu1732\/2018\/09\/resize_IMGP7439-300x234.jpg 300w, https:\/\/agora.xtec.cat\/escolaemilicarles\/wp-content\/uploads\/usu1732\/2018\/09\/resize_IMGP7439-768x600.jpg 768w\" sizes=\"auto, (max-width: 1024px) 100vw, 1024px\" \/><\/a><\/td>\n<td style=\"width: 33.3333%;\"><a href=\"http:\/\/agora.xtec.cat\/escolaemilicarles\/wp-content\/uploads\/usu1732\/2018\/09\/resize_IMG_9597.jpg\"><img loading=\"lazy\" decoding=\"async\" class=\"alignnone size-large wp-image-710\" src=\"http:\/\/agora.xtec.cat\/escolaemilicarles\/wp-content\/uploads\/usu1732\/2018\/09\/resize_IMG_9597-1024x800.jpg\" alt=\"\" width=\"1024\" height=\"800\" srcset=\"https:\/\/agora.xtec.cat\/escolaemilicarles\/wp-content\/uploads\/usu1732\/2018\/09\/resize_IMG_9597.jpg 1024w, https:\/\/agora.xtec.cat\/escolaemilicarles\/wp-content\/uploads\/usu1732\/2018\/09\/resize_IMG_9597-300x234.jpg 300w, https:\/\/agora.xtec.cat\/escolaemilicarles\/wp-content\/uploads\/usu1732\/2018\/09\/resize_IMG_9597-768x600.jpg 768w\" sizes=\"auto, (max-width: 1024px) 100vw, 1024px\" \/><\/a><\/td>\n<td style=\"width: 33.3333%;\"><a href=\"http:\/\/agora.xtec.cat\/escolaemilicarles\/wp-content\/uploads\/usu1732\/2018\/09\/resize_DSC02853.jpg\"><img loading=\"lazy\" decoding=\"async\" class=\"alignnone size-large wp-image-712\" src=\"http:\/\/agora.xtec.cat\/escolaemilicarles\/wp-content\/uploads\/usu1732\/2018\/09\/resize_DSC02853-1024x800.jpg\" alt=\"\" width=\"1024\" height=\"800\" srcset=\"https:\/\/agora.xtec.cat\/escolaemilicarles\/wp-content\/uploads\/usu1732\/2018\/09\/resize_DSC02853.jpg 1024w, https:\/\/agora.xtec.cat\/escolaemilicarles\/wp-content\/uploads\/usu1732\/2018\/09\/resize_DSC02853-300x234.jpg 300w, https:\/\/agora.xtec.cat\/escolaemilicarles\/wp-content\/uploads\/usu1732\/2018\/09\/resize_DSC02853-768x600.jpg 768w\" sizes=\"auto, (max-width: 1024px) 100vw, 1024px\" \/><\/a><\/td>\n<\/tr>\n<\/tbody>\n<\/table>\n<p style=\"text-align: justify;\">Per poder oferir aquest tipus de formaci\u00f3 el centre compta amb diferentes recursos. S&#8217;aprofita tot el material que hi ha a l&#8217;escola i la informaci\u00f3 que es crea a les aules mitjan\u00e7ant el di\u00e0leg entre l&#8217;alumnat i el professorat, per\u00f2 l&#8217;escola tamb\u00e9 est\u00e0 oberta a la informaci\u00f3 que poden aportar les fam\u00edlies i que proporcionen les sortides pedag\u00f2giques i les col\u00f2nies escolars, que es realitzen a tots els nivells del centre excepte a I3. Tanmateix s&#8217;utilitzen diferents recursos did\u00e0ctics, des d&#8217;una simple pilota fins a l&#8217;\u00fas de les tecnologies de la informaci\u00f3 i la comunicaci\u00f3.<\/p>\n<table style=\"border-collapse: collapse; width: 100%;\" border=\"1\">\n<tbody>\n<tr>\n<td style=\"width: 33.3333%;\"><a href=\"http:\/\/agora.xtec.cat\/escolaemilicarles\/wp-content\/uploads\/usu1732\/2018\/09\/resize_IMG_4988.jpg\"><img loading=\"lazy\" decoding=\"async\" class=\"alignnone size-large wp-image-713\" src=\"http:\/\/agora.xtec.cat\/escolaemilicarles\/wp-content\/uploads\/usu1732\/2018\/09\/resize_IMG_4988-1024x800.jpg\" alt=\"\" width=\"1024\" height=\"800\" srcset=\"https:\/\/agora.xtec.cat\/escolaemilicarles\/wp-content\/uploads\/usu1732\/2018\/09\/resize_IMG_4988.jpg 1024w, https:\/\/agora.xtec.cat\/escolaemilicarles\/wp-content\/uploads\/usu1732\/2018\/09\/resize_IMG_4988-300x234.jpg 300w, https:\/\/agora.xtec.cat\/escolaemilicarles\/wp-content\/uploads\/usu1732\/2018\/09\/resize_IMG_4988-768x600.jpg 768w\" sizes=\"auto, (max-width: 1024px) 100vw, 1024px\" \/><\/a><\/td>\n<td style=\"width: 33.3333%;\"><a href=\"http:\/\/agora.xtec.cat\/escolaemilicarles\/wp-content\/uploads\/usu1732\/2018\/09\/resize_IMGP0044.jpg\"><img loading=\"lazy\" decoding=\"async\" class=\"alignnone size-large wp-image-714\" src=\"http:\/\/agora.xtec.cat\/escolaemilicarles\/wp-content\/uploads\/usu1732\/2018\/09\/resize_IMGP0044-1024x800.jpg\" alt=\"\" width=\"1024\" height=\"800\" srcset=\"https:\/\/agora.xtec.cat\/escolaemilicarles\/wp-content\/uploads\/usu1732\/2018\/09\/resize_IMGP0044.jpg 1024w, https:\/\/agora.xtec.cat\/escolaemilicarles\/wp-content\/uploads\/usu1732\/2018\/09\/resize_IMGP0044-300x234.jpg 300w, https:\/\/agora.xtec.cat\/escolaemilicarles\/wp-content\/uploads\/usu1732\/2018\/09\/resize_IMGP0044-768x600.jpg 768w\" sizes=\"auto, (max-width: 1024px) 100vw, 1024px\" \/><\/a><\/td>\n<td style=\"width: 33.3333%;\"><a href=\"http:\/\/agora.xtec.cat\/escolaemilicarles\/wp-content\/uploads\/usu1732\/2018\/09\/resize_IMGP0349-co\u0300pia-2.jpg\"><img loading=\"lazy\" decoding=\"async\" class=\"alignnone size-large wp-image-716\" src=\"http:\/\/agora.xtec.cat\/escolaemilicarles\/wp-content\/uploads\/usu1732\/2018\/09\/resize_IMGP0349-co\u0300pia-2-1024x800.jpg\" alt=\"\" width=\"1024\" height=\"800\" srcset=\"https:\/\/agora.xtec.cat\/escolaemilicarles\/wp-content\/uploads\/usu1732\/2018\/09\/resize_IMGP0349-co\u0300pia-2.jpg 1024w, https:\/\/agora.xtec.cat\/escolaemilicarles\/wp-content\/uploads\/usu1732\/2018\/09\/resize_IMGP0349-co\u0300pia-2-300x234.jpg 300w, https:\/\/agora.xtec.cat\/escolaemilicarles\/wp-content\/uploads\/usu1732\/2018\/09\/resize_IMGP0349-co\u0300pia-2-768x600.jpg 768w\" sizes=\"auto, (max-width: 1024px) 100vw, 1024px\" \/><\/a><\/td>\n<\/tr>\n<\/tbody>\n<\/table>\n<p style=\"text-align: justify;\"><span style=\"font-family: inherit; font-size: 1em;\">La modalitat de gesti\u00f3 institucional \u00e9s participativa i democr\u00e0tica i per tant es fomenta la implicaci\u00f3 en l&#8217;escola de tota la comunitat educativa (l&#8217;alumnat, les fam\u00edlies i els diferents professionals que treballen al centre) a trav\u00e9s dels \u00f2rgans reglats (Consell Escolar, Claustre de mestres i comissions derivades) i d&#8217;altres propis de l&#8217;escola com el Consell d&#8217;Alumnes, la Junta de l&#8217;AMPA (Associaci\u00f3 de mares i pares d&#8217;alumnes), etc.\u00a0<\/span>L&#8217;escola es defineix com a laica i pluralista, \u00e9s a dir es mostra respectuosa amb les diverses concepcions religioses i pol\u00edtiques. De la mateixa manera es fomenten els principis d&#8217;igualtat de drets i de no discriminaci\u00f3 i \u00e9s per aix\u00f2 que l&#8217;ensenyament es desenvolupa en un marc de coeducaci\u00f3, \u00e9s a dir sense cap discriminaci\u00f3 entre nenes i nens, i respectant els trets culturals de cada infant.<\/p>\n<table style=\"border-collapse: collapse; width: 100%;\" border=\"1\">\n<tbody>\n<tr>\n<td style=\"width: 33.3333%;\"><a href=\"http:\/\/agora.xtec.cat\/escolaemilicarles\/wp-content\/uploads\/usu1732\/2018\/09\/resize_DSC02318.jpg\"><img loading=\"lazy\" decoding=\"async\" class=\"alignnone size-large wp-image-718\" src=\"http:\/\/agora.xtec.cat\/escolaemilicarles\/wp-content\/uploads\/usu1732\/2018\/09\/resize_DSC02318-1024x800.jpg\" alt=\"\" width=\"1024\" height=\"800\" srcset=\"https:\/\/agora.xtec.cat\/escolaemilicarles\/wp-content\/uploads\/usu1732\/2018\/09\/resize_DSC02318.jpg 1024w, https:\/\/agora.xtec.cat\/escolaemilicarles\/wp-content\/uploads\/usu1732\/2018\/09\/resize_DSC02318-300x234.jpg 300w, https:\/\/agora.xtec.cat\/escolaemilicarles\/wp-content\/uploads\/usu1732\/2018\/09\/resize_DSC02318-768x600.jpg 768w\" sizes=\"auto, (max-width: 1024px) 100vw, 1024px\" \/><\/a><\/td>\n<td style=\"width: 33.3333%;\"><a href=\"http:\/\/agora.xtec.cat\/escolaemilicarles\/wp-content\/uploads\/usu1732\/2018\/09\/resize_DSC_0028.jpg\"><img loading=\"lazy\" decoding=\"async\" class=\"alignnone size-large wp-image-721\" src=\"http:\/\/agora.xtec.cat\/escolaemilicarles\/wp-content\/uploads\/usu1732\/2018\/09\/resize_DSC_0028-1024x800.jpg\" alt=\"\" width=\"1024\" height=\"800\" srcset=\"https:\/\/agora.xtec.cat\/escolaemilicarles\/wp-content\/uploads\/usu1732\/2018\/09\/resize_DSC_0028.jpg 1024w, https:\/\/agora.xtec.cat\/escolaemilicarles\/wp-content\/uploads\/usu1732\/2018\/09\/resize_DSC_0028-300x234.jpg 300w, https:\/\/agora.xtec.cat\/escolaemilicarles\/wp-content\/uploads\/usu1732\/2018\/09\/resize_DSC_0028-768x600.jpg 768w\" sizes=\"auto, (max-width: 1024px) 100vw, 1024px\" \/><\/a><\/td>\n<td style=\"width: 33.3333%;\"><a href=\"http:\/\/agora.xtec.cat\/escolaemilicarles\/wp-content\/uploads\/usu1732\/2018\/09\/resize_IMG_0966.jpg\"><img loading=\"lazy\" decoding=\"async\" class=\"alignnone size-large wp-image-720\" src=\"http:\/\/agora.xtec.cat\/escolaemilicarles\/wp-content\/uploads\/usu1732\/2018\/09\/resize_IMG_0966-1024x800.jpg\" alt=\"\" width=\"1024\" height=\"800\" srcset=\"https:\/\/agora.xtec.cat\/escolaemilicarles\/wp-content\/uploads\/usu1732\/2018\/09\/resize_IMG_0966.jpg 1024w, https:\/\/agora.xtec.cat\/escolaemilicarles\/wp-content\/uploads\/usu1732\/2018\/09\/resize_IMG_0966-300x234.jpg 300w, https:\/\/agora.xtec.cat\/escolaemilicarles\/wp-content\/uploads\/usu1732\/2018\/09\/resize_IMG_0966-768x600.jpg 768w\" sizes=\"auto, (max-width: 1024px) 100vw, 1024px\" \/><\/a><\/td>\n<\/tr>\n<\/tbody>\n<\/table>\n<p style=\"text-align: justify;\">El catal\u00e0 \u00e9s la llengua de relaci\u00f3 a l&#8217;escola i la que els infants utilitzen per treballar els diferents aprenentatges. En acabar l&#8217;Educaci\u00f3 Prim\u00e0ria l&#8217;alumnat coneixer\u00e0 les dues lleng\u00fces oficials, el catal\u00e0 i el castell\u00e0. La llengua estrangera que s&#8217;apr\u00e9n a l&#8217;escola \u00e9s l&#8217;angl\u00e8s.<\/p>\n","protected":false},"excerpt":{"rendered":"<p>L&#8217;Emili Carles-Tolr\u00e0 de Castellar del Vall\u00e8s \u00e9s un centre p\u00fablic d&#8217;una sola l\u00ednia, amb una aula per nivell des d&#8217;infantil 3 anys fins a 6\u00e8 de prim\u00e0ria. L&#8217;escola \u00e9s participativa i possibilita el di\u00e0leg entre els diferents membres de la comunitat educativa. Es caracteritza per tenir una din\u00e0mica de treball en equip que ha anat [&hellip;]<\/p>\n","protected":false},"author":1,"featured_media":0,"parent":564,"menu_order":0,"comment_status":"closed","ping_status":"closed","template":"page-templates\/side-menu.php","meta":{"_bbp_topic_count":0,"_bbp_reply_count":0,"_bbp_total_topic_count":0,"_bbp_total_reply_count":0,"_bbp_voice_count":0,"_bbp_anonymous_reply_count":0,"_bbp_topic_count_hidden":0,"_bbp_reply_count_hidden":0,"_bbp_forum_subforum_count":0,"site-sidebar-layout":"default","site-content-layout":"","ast-site-content-layout":"","site-content-style":"default","site-sidebar-style":"default","ast-global-header-display":"","ast-banner-title-visibility":"","ast-main-header-display":"","ast-hfb-above-header-display":"","ast-hfb-below-header-display":"","ast-hfb-mobile-header-display":"","site-post-title":"","ast-breadcrumbs-content":"","ast-featured-img":"","footer-sml-layout":"","theme-transparent-header-meta":"","adv-header-id-meta":"","stick-header-meta":"","header-above-stick-meta":"","header-main-stick-meta":"","header-below-stick-meta":"","astra-migrate-meta-layouts":"default","ast-page-background-enabled":"default","ast-page-background-meta":{"desktop":{"background-color":"var(--ast-global-color-4)","background-image":"","background-repeat":"repeat","background-position":"center center","background-size":"auto","background-attachment":"scroll","background-type":"","background-media":"","overlay-type":"","overlay-color":"","overlay-opacity":"","overlay-gradient":""},"tablet":{"background-color":"","background-image":"","background-repeat":"repeat","background-position":"center center","background-size":"auto","background-attachment":"scroll","background-type":"","background-media":"","overlay-type":"","overlay-color":"","overlay-opacity":"","overlay-gradient":""},"mobile":{"background-color":"","background-image":"","background-repeat":"repeat","background-position":"center center","background-size":"auto","background-attachment":"scroll","background-type":"","background-media":"","overlay-type":"","overlay-color":"","overlay-opacity":"","overlay-gradient":""}},"ast-content-background-meta":{"desktop":{"background-color":"var(--ast-global-color-5)","background-image":"","background-repeat":"repeat","background-position":"center center","background-size":"auto","background-attachment":"scroll","background-type":"","background-media":"","overlay-type":"","overlay-color":"","overlay-opacity":"","overlay-gradient":""},"tablet":{"background-color":"var(--ast-global-color-5)","background-image":"","background-repeat":"repeat","background-position":"center center","background-size":"auto","background-attachment":"scroll","background-type":"","background-media":"","overlay-type":"","overlay-color":"","overlay-opacity":"","overlay-gradient":""},"mobile":{"background-color":"var(--ast-global-color-5)","background-image":"","background-repeat":"repeat","background-position":"center center","background-size":"auto","background-attachment":"scroll","background-type":"","background-media":"","overlay-type":"","overlay-color":"","overlay-opacity":"","overlay-gradient":""}},"footnotes":""},"class_list":["post-26","page","type-page","status-publish","hentry"],"post_mailing_queue_ids":[],"_links":{"self":[{"href":"https:\/\/agora.xtec.cat\/escolaemilicarles\/wp-json\/wp\/v2\/pages\/26","targetHints":{"allow":["GET"]}}],"collection":[{"href":"https:\/\/agora.xtec.cat\/escolaemilicarles\/wp-json\/wp\/v2\/pages"}],"about":[{"href":"https:\/\/agora.xtec.cat\/escolaemilicarles\/wp-json\/wp\/v2\/types\/page"}],"author":[{"embeddable":true,"href":"https:\/\/agora.xtec.cat\/escolaemilicarles\/wp-json\/wp\/v2\/users\/1"}],"replies":[{"embeddable":true,"href":"https:\/\/agora.xtec.cat\/escolaemilicarles\/wp-json\/wp\/v2\/comments?post=26"}],"version-history":[{"count":5,"href":"https:\/\/agora.xtec.cat\/escolaemilicarles\/wp-json\/wp\/v2\/pages\/26\/revisions"}],"predecessor-version":[{"id":2372,"href":"https:\/\/agora.xtec.cat\/escolaemilicarles\/wp-json\/wp\/v2\/pages\/26\/revisions\/2372"}],"up":[{"embeddable":true,"href":"https:\/\/agora.xtec.cat\/escolaemilicarles\/wp-json\/wp\/v2\/pages\/564"}],"wp:attachment":[{"href":"https:\/\/agora.xtec.cat\/escolaemilicarles\/wp-json\/wp\/v2\/media?parent=26"}],"curies":[{"name":"wp","href":"https:\/\/api.w.org\/{rel}","templated":true}]}}