{"id":22,"date":"2014-09-18T12:19:57","date_gmt":"2014-09-18T11:19:57","guid":{"rendered":"http:\/\/agora.xtec.cat\/escolaemilicarles\/?page_id=22"},"modified":"2026-03-05T13:50:08","modified_gmt":"2026-03-05T12:50:08","slug":"lescola","status":"publish","type":"page","link":"https:\/\/agora.xtec.cat\/escolaemilicarles\/","title":{"rendered":"Preinscripci\u00f3 i Jornada de portes obertes"},"content":{"rendered":"<h4>PER\u00cdODE DE PREINSCRIPCI\u00d3 i JORNADA DE PORTES OBERTES<\/h4>\n<p>El Departament d&#8217;Educaci\u00f3 i Formaci\u00f3 Professional ha publicat el per\u00edode de preinscripci\u00f3 del curs 2026-2027. Enguany seran:<\/p>\n<ul>\n<li><span class=\"a_GcMg font-feature-liga-off font-feature-clig-off font-feature-calt-off text-decoration-none text-strikethrough-none\">Del <strong>4 al 18 de mar\u00e7 de 2026<\/strong> per l&#8217;alumnat de<strong> segon cicle d&#8217;infantil (Infantil 3, 4 i 5 anys)<\/strong> i d&#8217; <strong>Educaci\u00f3 Prim\u00e0ria (de 1er a 6\u00e8)<\/strong>.<\/span><\/li>\n<li><span class=\"a_GcMg font-feature-liga-off font-feature-clig-off font-feature-calt-off text-decoration-none text-strikethrough-none\">Del <\/span><span class=\"a_GcMg font-feature-liga-off font-feature-clig-off font-feature-calt-off text-decoration-none text-strikethrough-none\"><strong>6 al 18 de mar\u00e7 de 2026<\/strong> per l&#8217;alumnat d&#8217;<\/span><span class=\"a_GcMg font-feature-liga-off font-feature-clig-off font-feature-calt-off text-decoration-none text-strikethrough-none\"><strong>Educaci\u00f3 Secund\u00e0ria obligat\u00f2ria<\/strong> (E.S.O).<\/span><\/li>\n<\/ul>\n<p>El proc\u00e9s de preinscripci\u00f3 \u00e9s llarg i cal fer-ne un seguiment. A trav\u00e9s de la web, farem p\u00fabliques les dates i dades m\u00e9s rellevants del proc\u00e9s.<\/p>\n<p>Com cada curs, durant aquest per\u00edode s&#8217;organitzen les <strong>JORNADES DE PORTES OBERTES<\/strong> que us permetran con\u00e8ixer una mica m\u00e9s a fons, l&#8217;escola. Enguany es realitzar\u00e0 el dimarts 3 de mar\u00e7 a les 15:05. Per a poder assistir a aquesta jornada, \u00e9s necessari <strong>emplenar el formulari clicant a la imatge<\/strong>.<\/p>\n<p><a href=\"https:\/\/forms.gle\/gWabJ8J1FbiaLwi67\"><img loading=\"lazy\" decoding=\"async\" class=\"aligncenter wp-image-7887\" src=\"https:\/\/agora.xtec.cat\/escolaemilicarles\/wp-content\/uploads\/usu1732\/2026\/01\/JORNADA-DE-PORTES-OBERTES-2026-1.png\" alt=\"\" width=\"456\" height=\"365\" srcset=\"https:\/\/agora.xtec.cat\/escolaemilicarles\/wp-content\/uploads\/usu1732\/2026\/01\/JORNADA-DE-PORTES-OBERTES-2026-1.png 2000w, https:\/\/agora.xtec.cat\/escolaemilicarles\/wp-content\/uploads\/usu1732\/2026\/01\/JORNADA-DE-PORTES-OBERTES-2026-1-300x240.png 300w, https:\/\/agora.xtec.cat\/escolaemilicarles\/wp-content\/uploads\/usu1732\/2026\/01\/JORNADA-DE-PORTES-OBERTES-2026-1-1024x819.png 1024w, https:\/\/agora.xtec.cat\/escolaemilicarles\/wp-content\/uploads\/usu1732\/2026\/01\/JORNADA-DE-PORTES-OBERTES-2026-1-768x614.png 768w, https:\/\/agora.xtec.cat\/escolaemilicarles\/wp-content\/uploads\/usu1732\/2026\/01\/JORNADA-DE-PORTES-OBERTES-2026-1-1536x1229.png 1536w\" sizes=\"auto, (max-width: 456px) 100vw, 456px\" \/><\/a><\/p>\n<h5><\/h5>\n<h5>Al llarg del proc\u00e9s de la preinscripci\u00f3 anirem actualitzant i publicant les dades i dates m\u00e9s importants de tot el proc\u00e9s.<\/h5>\n<table style=\"border-collapse: collapse; width: 58.303%; height: 616px;\">\n<tbody>\n<tr style=\"height: 33px;\">\n<td style=\"text-align: center; height: 33px; width: 75%;\" colspan=\"2\">\n<h4><strong>PREINSCRIPCI\u00d3 2026-2027<\/strong><\/h4>\n<\/td>\n<td style=\"width: 87.2964%; text-align: center; height: 33px;\">\n<h4><strong>\u00a0<\/strong><\/h4>\n<\/td>\n<\/tr>\n<tr style=\"height: 107px;\">\n<td style=\"text-align: center; width: 162.296%; height: 107px;\" colspan=\"3\">\n<h4><strong><a href=\"https:\/\/drive.google.com\/file\/d\/1t-b-x74xgV3zB5eVXPOthx3hc7Y8LytD\/view?usp=sharing\"><img loading=\"lazy\" decoding=\"async\" class=\"wp-image-4651 alignright\" style=\"background-color: #ffffff;\" src=\"https:\/\/agora.xtec.cat\/escolaemilicarles\/wp-content\/uploads\/usu1732\/2023\/03\/IMATGE-BLOC-WEB-300x169.png\" alt=\"\" width=\"118\" height=\"67\" srcset=\"https:\/\/agora.xtec.cat\/escolaemilicarles\/wp-content\/uploads\/usu1732\/2023\/03\/IMATGE-BLOC-WEB-300x169.png 300w, https:\/\/agora.xtec.cat\/escolaemilicarles\/wp-content\/uploads\/usu1732\/2023\/03\/IMATGE-BLOC-WEB-1024x576.png 1024w, https:\/\/agora.xtec.cat\/escolaemilicarles\/wp-content\/uploads\/usu1732\/2023\/03\/IMATGE-BLOC-WEB-768x432.png 768w, https:\/\/agora.xtec.cat\/escolaemilicarles\/wp-content\/uploads\/usu1732\/2023\/03\/IMATGE-BLOC-WEB-1536x864.png 1536w, https:\/\/agora.xtec.cat\/escolaemilicarles\/wp-content\/uploads\/usu1732\/2023\/03\/IMATGE-BLOC-WEB.png 1600w\" sizes=\"auto, (max-width: 118px) 100vw, 118px\" \/><\/a><a href=\"https:\/\/preinscripcio.gencat.cat\/ca\/detalls\/noticia\/dates-preinscripcio-2026-2027\">Per\u00edode de preinscripci\u00f3 del 4 al 18 de mar\u00e7 de 2026<\/a><\/strong><\/h4>\n<h4><strong>\u00a0<\/strong><\/h4>\n<\/td>\n<\/tr>\n<tr style=\"height: 33px;\">\n<td style=\"width: 49.7921%; height: 33px;\">PUBLICACI\u00d3 OFERTA<\/td>\n<td style=\"width: 25.2079%; height: 33px;\">&nbsp;<\/p>\n<p><a href=\"https:\/\/drive.google.com\/file\/d\/1gzT7VFU7TwYqwOspesK1oi_UH0ZUjEK6\/view?usp=sharing\">4 de mar\u00e7<\/a><\/td>\n<td style=\"width: 87.2964%; height: 33px;\">\n<h4><strong><a href=\"https:\/\/drive.google.com\/file\/d\/1t-b-x74xgV3zB5eVXPOthx3hc7Y8LytD\/view?usp=sharing\"><img loading=\"lazy\" decoding=\"async\" class=\"wp-image-4651 alignright\" style=\"background-color: #ffffff;\" src=\"https:\/\/agora.xtec.cat\/escolaemilicarles\/wp-content\/uploads\/usu1732\/2023\/03\/IMATGE-BLOC-WEB-300x169.png\" alt=\"\" width=\"118\" height=\"67\" srcset=\"https:\/\/agora.xtec.cat\/escolaemilicarles\/wp-content\/uploads\/usu1732\/2023\/03\/IMATGE-BLOC-WEB-300x169.png 300w, https:\/\/agora.xtec.cat\/escolaemilicarles\/wp-content\/uploads\/usu1732\/2023\/03\/IMATGE-BLOC-WEB-1024x576.png 1024w, https:\/\/agora.xtec.cat\/escolaemilicarles\/wp-content\/uploads\/usu1732\/2023\/03\/IMATGE-BLOC-WEB-768x432.png 768w, https:\/\/agora.xtec.cat\/escolaemilicarles\/wp-content\/uploads\/usu1732\/2023\/03\/IMATGE-BLOC-WEB-1536x864.png 1536w, https:\/\/agora.xtec.cat\/escolaemilicarles\/wp-content\/uploads\/usu1732\/2023\/03\/IMATGE-BLOC-WEB.png 1600w\" sizes=\"auto, (max-width: 118px) 100vw, 118px\" \/><\/a><\/strong><\/h4>\n<\/td>\n<\/tr>\n<tr style=\"height: 33px;\">\n<td style=\"width: 49.7921%; height: 66px;\">PRESENTACI\u00d3 DE SOL\u00b7LICITUDS<\/td>\n<td style=\"width: 25.2079%; height: 66px;\">Del 4 al 18 de mar\u00e7<\/td>\n<td style=\"width: 87.2964%; height: 66px;\"><strong>\u00a0<\/strong><\/td>\n<\/tr>\n<tr style=\"height: 32px;\">\n<td style=\"width: 49.7921%; height: 32px;\">PRESENTACI\u00d3 DOCUMENTACI\u00d3<\/td>\n<td style=\"width: 25.2079%; height: 32px;\">Fins el 19 de mar\u00e7<\/td>\n<td style=\"width: 87.2964%; height: 32px;\"><\/td>\n<\/tr>\n<tr style=\"height: 33px;\">\n<td style=\"width: 49.7921%; height: 33px;\">Publicaci\u00f3 LLISTA de sol\u00b7licituds i BAREM PROVISIONAL<\/td>\n<td style=\"width: 25.2079%; height: 33px;\">15 d&#8217;abril<\/td>\n<td style=\"width: 87.2964%; height: 33px;\"><\/td>\n<\/tr>\n<tr style=\"height: 33px;\">\n<td style=\"width: 49.7921%; height: 33px;\">RECLAMACIONS<\/td>\n<td style=\"width: 25.2079%; height: 33px;\">15 al 20 d&#8217;abril de 2026<\/td>\n<td style=\"width: 87.2964%; height: 33px;\"><\/td>\n<\/tr>\n<tr style=\"height: 33px;\">\n<td style=\"width: 49.7921%; height: 33px;\">LLISTAT BAREM DEFINITIU<\/td>\n<td style=\"width: 25.2079%; height: 33px;\">23 d&#8217;abril de 2026<\/td>\n<td style=\"width: 87.2964%; height: 33px;\"><\/td>\n<\/tr>\n<tr style=\"height: 33px;\">\n<td style=\"width: 49.7921%; height: 33px;\">SORTEIG N\u00baDESEMPAT<\/td>\n<td style=\"width: 25.2079%; height: 33px;\">28 d&#8217;abril<\/td>\n<td style=\"width: 87.2964%; height: 33px;\">\n<h4><\/h4>\n<\/td>\n<\/tr>\n<tr style=\"height: 33px;\">\n<td style=\"width: 49.7921%; height: 33px;\">PUBLICACI\u00d3 LLISTES ORDENADES<\/td>\n<td style=\"width: 25.2079%; height: 33px;\">29 d&#8217;abril<\/td>\n<td style=\"width: 87.2964%; height: 33px;\">\n<h4><\/h4>\n<\/td>\n<\/tr>\n<tr>\n<td style=\"width: 49.7921%;\">AMPLIACI\u00d3 PETICIONS DE PREINSCRIPCI\u00d3 SENSE PLA\u00c7A ASSIGNADA A CAP CENTRE<\/td>\n<td style=\"width: 25.2079%;\">De l&#8217;1 al 3 de juny<\/td>\n<td style=\"width: 87.2964%;\"><\/td>\n<\/tr>\n<tr>\n<td style=\"width: 49.7921%;\">PUBLICACI\u00d3 OFERTA FINAL DE PLACES ESCOLARS<\/td>\n<td style=\"width: 25.2079%;\">10 de juny<\/td>\n<td style=\"width: 87.2964%;\"><\/td>\n<\/tr>\n<tr style=\"height: 33px;\">\n<td style=\"width: 49.7921%; height: 33px;\">PUBLICACI\u00d3 LLISTAT ALUMNAT ADM\u00c8S I LLISTA D&#8217;ESPERA<\/td>\n<td style=\"width: 25.2079%; height: 33px;\">10 de juny de 2026<\/td>\n<td style=\"width: 87.2964%; height: 33px;\">\n<h4><\/h4>\n<\/td>\n<\/tr>\n<tr style=\"height: 33px;\">\n<td style=\"width: 49.7921%; height: 33px;\">PER\u00cdODE MATRICULACI\u00d3<\/td>\n<td style=\"width: 25.2079%; height: 33px;\">Del 22 al 30 de juny<\/td>\n<td style=\"width: 87.2964%; height: 33px;\"><\/td>\n<\/tr>\n<\/tbody>\n<\/table>\n","protected":false},"excerpt":{"rendered":"<p>PER\u00cdODE DE PREINSCRIPCI\u00d3 i JORNADA DE PORTES OBERTES<br \/>\nEl Departament d&#8217;Educaci\u00f3 i Formaci\u00f3 Professional ha publicat el per\u00edode de preinscripci\u00f3 del curs 2026-2027. Enguany seran:<\/p>\n<ul>\n<li>Del 4 al 18 de mar\u00e7 de 2026 per l&#8217;alumnat de segon cicle d&#8217;infantil (Infantil 3, 4 i 5 anys) i d&#8217;&hellip;  <a href=\"https:\/\/agora.xtec.cat\/escolaemilicarles\/\" title=\"Read Preinscripci\u00f3 i Jornada de portes obertes\">Llegeix m\u00e9s\u00bb<\/a><br \/>\n","protected":false},"author":1,"featured_media":0,"parent":0,"menu_order":0,"comment_status":"closed","ping_status":"closed","template":"","meta":{"_bbp_topic_count":0,"_bbp_reply_count":0,"_bbp_total_topic_count":0,"_bbp_total_reply_count":0,"_bbp_voice_count":0,"_bbp_anonymous_reply_count":0,"_bbp_topic_count_hidden":0,"_bbp_reply_count_hidden":0,"_bbp_forum_subforum_count":0,"footnotes":""},"class_list":["post-22","page","type-page","status-publish","hentry"],"post_mailing_queue_ids":[],"_links":{"self":[{"href":"https:\/\/agora.xtec.cat\/escolaemilicarles\/wp-json\/wp\/v2\/pages\/22","targetHints":{"allow":["GET"]}}],"collection":[{"href":"https:\/\/agora.xtec.cat\/escolaemilicarles\/wp-json\/wp\/v2\/pages"}],"about":[{"href":"https:\/\/agora.xtec.cat\/escolaemilicarles\/wp-json\/wp\/v2\/types\/page"}],"author":[{"embeddable":true,"href":"https:\/\/agora.xtec.cat\/escolaemilicarles\/wp-json\/wp\/v2\/users\/1"}],"replies":[{"embeddable":true,"href":"https:\/\/agora.xtec.cat\/escolaemilicarles\/wp-json\/wp\/v2\/comments?post=22"}],"version-history":[{"count":6,"href":"https:\/\/agora.xtec.cat\/escolaemilicarles\/wp-json\/wp\/v2\/pages\/22\/revisions"}],"predecessor-version":[{"id":7987,"href":"https:\/\/agora.xtec.cat\/escolaemilicarles\/wp-json\/wp\/v2\/pages\/22\/revisions\/7987"}],"wp:attachment":[{"href":"https:\/\/agora.xtec.cat\/escolaemilicarles\/wp-json\/wp\/v2\/media?parent=22"}],"curies":[{"name":"wp","href":"https:\/\/api.w.org\/{rel}","templated":true}]}}