{"id":1929,"date":"2021-10-21T13:21:32","date_gmt":"2021-10-21T11:21:32","guid":{"rendered":"https:\/\/agora.xtec.cat\/escolaemilicarles\/?page_id=1929"},"modified":"2021-11-11T11:56:00","modified_gmt":"2021-11-11T10:56:00","slug":"som-els-fenomens-i-les-catastrofes","status":"publish","type":"page","link":"https:\/\/agora.xtec.cat\/escolaemilicarles\/nivells\/nous-blogs-en-proves\/som-els-fenomens-i-les-catastrofes\/","title":{"rendered":"Som els fen\u00f2mens i les cat\u00e0strofes"},"content":{"rendered":"<p><span style=\"font-weight: 400;\">Aquest curs 2021-22 els nens i nenes de 6\u00e8 som la <\/span><b>classe dels fen\u00f2mens i les cat\u00e0strofes!<\/b><\/p>\n<p><a href=\"https:\/\/agora.xtec.cat\/escolaemilicarles\/wp-content\/uploads\/usu1732\/2021\/11\/foto-classe-reduida.png\"><img loading=\"lazy\" decoding=\"async\" class=\"aligncenter wp-image-2180\" src=\"https:\/\/agora.xtec.cat\/escolaemilicarles\/wp-content\/uploads\/usu1732\/2021\/11\/foto-classe-reduida-1024x683.png\" alt=\"\" width=\"920\" height=\"614\" srcset=\"https:\/\/agora.xtec.cat\/escolaemilicarles\/wp-content\/uploads\/usu1732\/2021\/11\/foto-classe-reduida-1024x683.png 1024w, https:\/\/agora.xtec.cat\/escolaemilicarles\/wp-content\/uploads\/usu1732\/2021\/11\/foto-classe-reduida-300x200.png 300w, https:\/\/agora.xtec.cat\/escolaemilicarles\/wp-content\/uploads\/usu1732\/2021\/11\/foto-classe-reduida-768x512.png 768w, https:\/\/agora.xtec.cat\/escolaemilicarles\/wp-content\/uploads\/usu1732\/2021\/11\/foto-classe-reduida.png 1224w\" sizes=\"auto, (max-width: 920px) 100vw, 920px\" \/><\/a><\/p>\n<p>&nbsp;<\/p>\n<p><span style=\"font-weight: 400;\">Abans de comen\u00e7ar la tria del nom vam recordar que el nom serviria com a punt de partida d\u2019un dels nostres projectes, per aix\u00f2 era important pensar molt b\u00e9 les nostres propostes.\u00a0<\/span><\/p>\n<p><span style=\"font-weight: 400;\">En primer lloc vam fer una pluja d\u2019idees de les diferents opcions que ens agradaven. Entre tots i totes vam anar descartant aquells noms que tenien relaci\u00f3 amb algun dels noms que ja havien tingut altres cursos i d\u2019altres que ens vam semblar poc adequats o interessants per poder investigar.\u00a0<\/span><\/p>\n<p><span style=\"font-weight: 400;\">A continuaci\u00f3 vam fer una primera votaci\u00f3 de les 7 propostes que van quedar. De seguida vam veure que dues de les propostes eren les preferides de la classe: les cat\u00e0strofes i les modes\/tend\u00e8ncies actuals. Amb aquests dos finalistes vam fer una votaci\u00f3 final. La tria final del nostre nom va ser molt ajustada, \u201cles cat\u00e0strofes\u201d va guanyar per un vot!<\/span><\/p>\n<p><span style=\"font-weight: 400;\">Despr\u00e9s d\u2019aquesta tria i coincidint amb l\u2019erupci\u00f3 del volc\u00e0 <\/span><i><span style=\"font-weight: 400;\">Cumbre vieja<\/span><\/i><span style=\"font-weight: 400;\"> de La Palma vam pensar que dir-nos les cat\u00e0strofes ens limitava una mica i finalment el nom va evolucionar i ens vam convertir en <\/span><b>els fen\u00f2mens i les cat\u00e0strofes<\/b><span style=\"font-weight: 400;\">!<\/span><\/p>\n<p><span style=\"font-weight: 400;\">De seguida van sorgir moltes preguntes relacionades amb aix\u00f2 i ja hem comen\u00e7at a investigar per a poder respondre-les.<\/span><\/p>\n<p><a href=\"https:\/\/agora.xtec.cat\/escolaemilicarles\/wp-content\/uploads\/usu1732\/2021\/11\/pissarra-reduida.jpg\"><img loading=\"lazy\" decoding=\"async\" class=\"aligncenter wp-image-2181\" src=\"https:\/\/agora.xtec.cat\/escolaemilicarles\/wp-content\/uploads\/usu1732\/2021\/11\/pissarra-reduida-1024x768.jpg\" alt=\"\" width=\"745\" height=\"559\" srcset=\"https:\/\/agora.xtec.cat\/escolaemilicarles\/wp-content\/uploads\/usu1732\/2021\/11\/pissarra-reduida-1024x768.jpg 1024w, https:\/\/agora.xtec.cat\/escolaemilicarles\/wp-content\/uploads\/usu1732\/2021\/11\/pissarra-reduida-300x225.jpg 300w, https:\/\/agora.xtec.cat\/escolaemilicarles\/wp-content\/uploads\/usu1732\/2021\/11\/pissarra-reduida-768x576.jpg 768w, https:\/\/agora.xtec.cat\/escolaemilicarles\/wp-content\/uploads\/usu1732\/2021\/11\/pissarra-reduida-200x150.jpg 200w, https:\/\/agora.xtec.cat\/escolaemilicarles\/wp-content\/uploads\/usu1732\/2021\/11\/pissarra-reduida.jpg 1220w\" sizes=\"auto, (max-width: 745px) 100vw, 745px\" \/><\/a><\/p>\n<p>Al llarg del curs esperem respondre a tots els interrogants que ens hem plantejat. Us anirem informant de les nostres descobertes.<\/p>\n<p>&nbsp;<\/p>\n<p style=\"text-align: right;\"><em>Els fen\u00f2mens i les cat\u00e0strofes<\/em><\/p>\n<p>&nbsp;<\/p>\n","protected":false},"excerpt":{"rendered":"<p>Aquest curs 2021-22 els nens i nenes de 6\u00e8 som la classe dels fen\u00f2mens i les cat\u00e0strofes! &nbsp; Abans de comen\u00e7ar la tria del nom vam recordar que el nom serviria com a punt de partida d\u2019un dels nostres projectes, per aix\u00f2 era important pensar molt b\u00e9 les nostres propostes.\u00a0 En primer lloc vam fer [&hellip;]<\/p>\n","protected":false},"author":1,"featured_media":0,"parent":1734,"menu_order":0,"comment_status":"closed","ping_status":"closed","template":"","meta":{"_bbp_topic_count":0,"_bbp_reply_count":0,"_bbp_total_topic_count":0,"_bbp_total_reply_count":0,"_bbp_voice_count":0,"_bbp_anonymous_reply_count":0,"_bbp_topic_count_hidden":0,"_bbp_reply_count_hidden":0,"_bbp_forum_subforum_count":0,"site-sidebar-layout":"default","site-content-layout":"","ast-site-content-layout":"","site-content-style":"default","site-sidebar-style":"default","ast-global-header-display":"","ast-banner-title-visibility":"","ast-main-header-display":"","ast-hfb-above-header-display":"","ast-hfb-below-header-display":"","ast-hfb-mobile-header-display":"","site-post-title":"","ast-breadcrumbs-content":"","ast-featured-img":"","footer-sml-layout":"","theme-transparent-header-meta":"","adv-header-id-meta":"","stick-header-meta":"","header-above-stick-meta":"","header-main-stick-meta":"","header-below-stick-meta":"","astra-migrate-meta-layouts":"default","ast-page-background-enabled":"default","ast-page-background-meta":{"desktop":{"background-color":"var(--ast-global-color-4)","background-image":"","background-repeat":"repeat","background-position":"center center","background-size":"auto","background-attachment":"scroll","background-type":"","background-media":"","overlay-type":"","overlay-color":"","overlay-opacity":"","overlay-gradient":""},"tablet":{"background-color":"","background-image":"","background-repeat":"repeat","background-position":"center center","background-size":"auto","background-attachment":"scroll","background-type":"","background-media":"","overlay-type":"","overlay-color":"","overlay-opacity":"","overlay-gradient":""},"mobile":{"background-color":"","background-image":"","background-repeat":"repeat","background-position":"center center","background-size":"auto","background-attachment":"scroll","background-type":"","background-media":"","overlay-type":"","overlay-color":"","overlay-opacity":"","overlay-gradient":""}},"ast-content-background-meta":{"desktop":{"background-color":"var(--ast-global-color-5)","background-image":"","background-repeat":"repeat","background-position":"center center","background-size":"auto","background-attachment":"scroll","background-type":"","background-media":"","overlay-type":"","overlay-color":"","overlay-opacity":"","overlay-gradient":""},"tablet":{"background-color":"var(--ast-global-color-5)","background-image":"","background-repeat":"repeat","background-position":"center center","background-size":"auto","background-attachment":"scroll","background-type":"","background-media":"","overlay-type":"","overlay-color":"","overlay-opacity":"","overlay-gradient":""},"mobile":{"background-color":"var(--ast-global-color-5)","background-image":"","background-repeat":"repeat","background-position":"center center","background-size":"auto","background-attachment":"scroll","background-type":"","background-media":"","overlay-type":"","overlay-color":"","overlay-opacity":"","overlay-gradient":""}},"footnotes":""},"class_list":["post-1929","page","type-page","status-publish","hentry"],"post_mailing_queue_ids":[],"_links":{"self":[{"href":"https:\/\/agora.xtec.cat\/escolaemilicarles\/wp-json\/wp\/v2\/pages\/1929","targetHints":{"allow":["GET"]}}],"collection":[{"href":"https:\/\/agora.xtec.cat\/escolaemilicarles\/wp-json\/wp\/v2\/pages"}],"about":[{"href":"https:\/\/agora.xtec.cat\/escolaemilicarles\/wp-json\/wp\/v2\/types\/page"}],"author":[{"embeddable":true,"href":"https:\/\/agora.xtec.cat\/escolaemilicarles\/wp-json\/wp\/v2\/users\/1"}],"replies":[{"embeddable":true,"href":"https:\/\/agora.xtec.cat\/escolaemilicarles\/wp-json\/wp\/v2\/comments?post=1929"}],"version-history":[{"count":4,"href":"https:\/\/agora.xtec.cat\/escolaemilicarles\/wp-json\/wp\/v2\/pages\/1929\/revisions"}],"predecessor-version":[{"id":2202,"href":"https:\/\/agora.xtec.cat\/escolaemilicarles\/wp-json\/wp\/v2\/pages\/1929\/revisions\/2202"}],"up":[{"embeddable":true,"href":"https:\/\/agora.xtec.cat\/escolaemilicarles\/wp-json\/wp\/v2\/pages\/1734"}],"wp:attachment":[{"href":"https:\/\/agora.xtec.cat\/escolaemilicarles\/wp-json\/wp\/v2\/media?parent=1929"}],"curies":[{"name":"wp","href":"https:\/\/api.w.org\/{rel}","templated":true}]}}