{"id":1236,"date":"2020-03-02T15:53:06","date_gmt":"2020-03-02T14:53:06","guid":{"rendered":"http:\/\/agora.xtec.cat\/escolaemilicarles\/?page_id=1236"},"modified":"2020-03-02T15:53:06","modified_gmt":"2020-03-02T14:53:06","slug":"castanyada","status":"publish","type":"page","link":"https:\/\/agora.xtec.cat\/escolaemilicarles\/info-escola\/calendari-del-curs\/com-celebrem-les-festes-tradicionals-a-lescola\/castanyada\/","title":{"rendered":"Castanyada"},"content":{"rendered":"<p>La festa de la Castanyada a l&#8217;Emili t\u00e9 un toc molt especial. Cada any ens ve a visitar la Maria Castanyera, que explica als m\u00e9s petits com cou les castanyes i ens en dona perqu\u00e8 les podem tastar.<\/p>\n<p>Les diferents agrupacions d&#8217;alumnat duen a terme diferents activitats i propostes relacionades amb aquesta tradici\u00f3.<\/p>\n<p>&nbsp;<\/p>\n<p>Els m\u00e9s petits (I3, I4 i I5):<\/p>\n<ul>\n<li><span style=\"font-weight: 400;\">Preparen un detallet per la Maria Castanyera que li donen el dia de la Castanyada quan ve a torrar Castanyes.<\/span><\/li>\n<li>Visita de la castanyera per veure com es couen les Castanyes.<\/li>\n<li>El\u00b7laboren panellets fent un treball de mesura, quantitats, tipus de textures,&#8230;<\/li>\n<li>Tasten els productes de castanyada que s&#8217;han fet des de cada aula des d&#8217;I3 fins a 3r al pati de l&#8217;edifici dels petits.<\/li>\n<li>Fan un intercanvi de i balls de tardor (alumnat des de I3 fins a 3r) per donar les gr\u00e0cies a la Maria Castanyera per la seva visita.<\/li>\n<\/ul>\n<p>&nbsp;<\/p>\n<p>Els Mitjans de l&#8217;escola (1r, 2n i 3r):<\/p>\n<ul>\n<li><span style=\"font-weight: 400;\">Comparteixen el mat\u00ed amb els m\u00e9s petits.<\/span><\/li>\n<li>Un o dos dies abans de Castanyada, cada curs duu a terme una elaboraci\u00f3 diferent: Melmelada, galetes i recepta amb moniato.<\/li>\n<li>Abans del pati es va a visitar a la Maria Castanyera.<\/li>\n<li>Tasten els productes de castanyada que s&#8217;han fet des de cada aula des d&#8217;I3 fins a 3r al pati de l&#8217;edifici dels petits.<\/li>\n<li>Fan un intercanvi de i balls de tardor (alumnat des de I3 fins a 3r) per donar les gr\u00e0cies a la Maria Castanyera per la seva visita..<\/li>\n<li>A la tarda es fan tallers relacionats amb Castanyada on es barregen l&#8217;alumnat de les tres classes (taller de llegendes, dibuixar castanyes i moniatos divertits, expressi\u00f3 corporal,&#8230;)<\/li>\n<\/ul>\n<p>&nbsp;<\/p>\n<p>Els m\u00e9s Grans (4t, 5\u00e8 i 6\u00e8)<\/p>\n<ul>\n<li>Al llarg del mat\u00ed es duen a terme diferents tallers relacionats amb elaboraci\u00f3 de receptes.<\/li>\n<li>A la tarda compartim les elaboracions que hem dut a terme al mat\u00ed.<\/li>\n<\/ul>\n","protected":false},"excerpt":{"rendered":"<p>La festa de la Castanyada a l&#8217;Emili t\u00e9 un toc molt especial. Cada any ens ve a visitar la Maria Castanyera, que explica als m\u00e9s petits com cou les castanyes i ens en dona perqu\u00e8 les podem tastar. Les diferents agrupacions d&#8217;alumnat duen a terme diferents activitats i propostes relacionades amb aquesta tradici\u00f3. &nbsp; Els [&hellip;]<\/p>\n","protected":false},"author":1,"featured_media":0,"parent":1229,"menu_order":0,"comment_status":"closed","ping_status":"closed","template":"","meta":{"_bbp_topic_count":0,"_bbp_reply_count":0,"_bbp_total_topic_count":0,"_bbp_total_reply_count":0,"_bbp_voice_count":0,"_bbp_anonymous_reply_count":0,"_bbp_topic_count_hidden":0,"_bbp_reply_count_hidden":0,"_bbp_forum_subforum_count":0,"site-sidebar-layout":"default","site-content-layout":"","ast-site-content-layout":"","site-content-style":"default","site-sidebar-style":"default","ast-global-header-display":"","ast-banner-title-visibility":"","ast-main-header-display":"","ast-hfb-above-header-display":"","ast-hfb-below-header-display":"","ast-hfb-mobile-header-display":"","site-post-title":"","ast-breadcrumbs-content":"","ast-featured-img":"","footer-sml-layout":"","theme-transparent-header-meta":"","adv-header-id-meta":"","stick-header-meta":"","header-above-stick-meta":"","header-main-stick-meta":"","header-below-stick-meta":"","astra-migrate-meta-layouts":"default","ast-page-background-enabled":"default","ast-page-background-meta":{"desktop":{"background-color":"var(--ast-global-color-4)","background-image":"","background-repeat":"repeat","background-position":"center center","background-size":"auto","background-attachment":"scroll","background-type":"","background-media":"","overlay-type":"","overlay-color":"","overlay-opacity":"","overlay-gradient":""},"tablet":{"background-color":"","background-image":"","background-repeat":"repeat","background-position":"center center","background-size":"auto","background-attachment":"scroll","background-type":"","background-media":"","overlay-type":"","overlay-color":"","overlay-opacity":"","overlay-gradient":""},"mobile":{"background-color":"","background-image":"","background-repeat":"repeat","background-position":"center center","background-size":"auto","background-attachment":"scroll","background-type":"","background-media":"","overlay-type":"","overlay-color":"","overlay-opacity":"","overlay-gradient":""}},"ast-content-background-meta":{"desktop":{"background-color":"var(--ast-global-color-5)","background-image":"","background-repeat":"repeat","background-position":"center center","background-size":"auto","background-attachment":"scroll","background-type":"","background-media":"","overlay-type":"","overlay-color":"","overlay-opacity":"","overlay-gradient":""},"tablet":{"background-color":"var(--ast-global-color-5)","background-image":"","background-repeat":"repeat","background-position":"center center","background-size":"auto","background-attachment":"scroll","background-type":"","background-media":"","overlay-type":"","overlay-color":"","overlay-opacity":"","overlay-gradient":""},"mobile":{"background-color":"var(--ast-global-color-5)","background-image":"","background-repeat":"repeat","background-position":"center center","background-size":"auto","background-attachment":"scroll","background-type":"","background-media":"","overlay-type":"","overlay-color":"","overlay-opacity":"","overlay-gradient":""}},"footnotes":""},"class_list":["post-1236","page","type-page","status-publish","hentry"],"post_mailing_queue_ids":[],"_links":{"self":[{"href":"https:\/\/agora.xtec.cat\/escolaemilicarles\/wp-json\/wp\/v2\/pages\/1236","targetHints":{"allow":["GET"]}}],"collection":[{"href":"https:\/\/agora.xtec.cat\/escolaemilicarles\/wp-json\/wp\/v2\/pages"}],"about":[{"href":"https:\/\/agora.xtec.cat\/escolaemilicarles\/wp-json\/wp\/v2\/types\/page"}],"author":[{"embeddable":true,"href":"https:\/\/agora.xtec.cat\/escolaemilicarles\/wp-json\/wp\/v2\/users\/1"}],"replies":[{"embeddable":true,"href":"https:\/\/agora.xtec.cat\/escolaemilicarles\/wp-json\/wp\/v2\/comments?post=1236"}],"version-history":[{"count":1,"href":"https:\/\/agora.xtec.cat\/escolaemilicarles\/wp-json\/wp\/v2\/pages\/1236\/revisions"}],"predecessor-version":[{"id":1237,"href":"https:\/\/agora.xtec.cat\/escolaemilicarles\/wp-json\/wp\/v2\/pages\/1236\/revisions\/1237"}],"up":[{"embeddable":true,"href":"https:\/\/agora.xtec.cat\/escolaemilicarles\/wp-json\/wp\/v2\/pages\/1229"}],"wp:attachment":[{"href":"https:\/\/agora.xtec.cat\/escolaemilicarles\/wp-json\/wp\/v2\/media?parent=1236"}],"curies":[{"name":"wp","href":"https:\/\/api.w.org\/{rel}","templated":true}]}}