{"id":613,"date":"2020-07-17T10:16:22","date_gmt":"2020-07-17T08:16:22","guid":{"rendered":"https:\/\/agora.xtec.cat\/escolaelvapor\/?page_id=613"},"modified":"2025-09-03T10:24:24","modified_gmt":"2025-09-03T08:24:24","slug":"equip-huma","status":"publish","type":"page","link":"https:\/\/agora.xtec.cat\/escolaelvapor\/equip-huma\/","title":{"rendered":"Equip"},"content":{"rendered":"<h4>Equip Directiu<\/h4>\n<p><strong>Directora:<\/strong> Laura D\u00edaz Castro \u00a0\u00a0 <em><a href=\"https:\/\/drive.google.com\/file\/d\/1exWVTdxR5Ho1QuRwuN__GDXTYzkLWkm3\/view?usp=sharing\">Perfil professional<\/a><\/em><\/p>\n<p><strong>@:<\/strong> a8067247@xtec.cat<\/p>\n<p><strong>Cap d&#8217;Estudis:<\/strong> S\u00f2nia Prieto Santos \u00a0 \u00a0 <em><a href=\"https:\/\/drive.google.com\/file\/d\/184OEbhVM3LvNzKxQWIUggwsQrzSbIZfG\/view?usp=sharing\">Perfil professional <\/a><\/em><\/p>\n<p><strong>@:<\/strong> sprieto6@xtec.cat<\/p>\n<p><strong>Secret\u00e0ria:<\/strong> Al\u00edcia Cima Brugueras\u00a0\u00a0 <a href=\"https:\/\/drive.google.com\/file\/d\/1u2zoY_NJZqLuvA1PEYDL7Ab0_gteG8RD\/view?usp=sharing\"><em>Perfil Professional<\/em><\/a><\/p>\n<p><strong>@:<\/strong> acima@xtec.cat<\/p>\n<h4><\/h4>\n<h4>Educaci\u00f3 Infantil<\/h4>\n<p><strong>I3: <\/strong>Gemma G\u00e1mez i Irene Mart\u00ed<\/p>\n<p><strong>I4 A: <\/strong>Jennifer Garc\u00eda<strong><br \/>\n<\/strong><\/p>\n<p><strong>I4 B: <\/strong>M\u00f2nica L\u00f3pez<strong><br \/>\n<\/strong><\/p>\n<p><strong>I5 A: <\/strong>M\u00aa Jos\u00e9 Tobajas<strong><br \/>\n<\/strong><\/p>\n<p><strong>I5 B: <\/strong>Maite Garcia<\/p>\n<p>&nbsp;<\/p>\n<h4><strong>Educaci\u00f3 Prim\u00e0ria <\/strong><\/h4>\n<p><strong>1r A: <\/strong>Anna Vallbona<strong><br \/>\n<\/strong><\/p>\n<p><strong>1r B:<\/strong>Anna Soler<\/p>\n<p><strong>2n A: <\/strong>J\u00e8ssica Pozo<strong><br \/>\n<\/strong><\/p>\n<p><strong>2n B: <\/strong>Marta Abad<\/p>\n<p><strong>3r A: <\/strong>Marta Mart\u00ed<strong><br \/>\n<\/strong><\/p>\n<p><strong>3r B: <\/strong>Herena Ortega<\/p>\n<p><strong>4t A: <\/strong>Aida Morros<strong><br \/>\n<\/strong><\/p>\n<p><strong>4t B: <\/strong>Manel Hern\u00e1ndez<\/p>\n<p><strong>5\u00e8 A: <\/strong>Ester Palau<strong><br \/>\n<\/strong><\/p>\n<p><strong>5\u00e8 B: <\/strong>Pat Gal\u00e1n<\/p>\n<p><strong>6\u00e8 A: <\/strong>Eva Yubero<strong><br \/>\n<\/strong><\/p>\n<p><strong>6\u00e8 B: <\/strong>Laura M\u00e1rquez<strong><br \/>\n<\/strong><\/p>\n<p>&nbsp;<\/p>\n<h4><strong>Especialistes<\/strong><\/h4>\n<p><strong>Angl\u00e8s: <\/strong>\u00a0I\u00f1aki Mart\u00edn, Niomar Villadelprat i Gemma Ferri.<\/p>\n<p><strong>M\u00fasica:<\/strong> Gemma Salvatella<\/p>\n<p><strong>Educaci\u00f3 F\u00edsica: <\/strong>S\u00edlvia Garcia.<strong><br \/>\n<\/strong><\/p>\n<p><strong>Educaci\u00f3 Especial: <\/strong>Luisa Morales, Mireia Estrenjer, S\u00edlvia Marrero i Sonia Prieto<strong><br \/>\n<\/strong><\/p>\n<p><strong>SIAL: <\/strong>Ariadna Simon,\u00a0 Maite S\u00e1nchez, Ester Cort\u00e9s, Marta Aguado, Andrea Garcia i Sara Cotado.<strong><br \/>\n<\/strong><\/p>\n<p><strong>Refor\u00e7:<\/strong> Raquel Rigueiro, Al\u00edcia Cima i Laura D\u00edaz<\/p>\n<p><strong>\u00a0<\/strong><\/p>\n<h4><strong>PAS i Serveis<\/strong><\/h4>\n<p><strong>TEI:<\/strong> Yolanda Juan Barmentlo<\/p>\n<p><strong>Aux. Educaci\u00f3 Especial:<\/strong> Elisabet Amate<\/p>\n<p><strong>Administratiu:<\/strong> Jaume Valls Puig<\/p>\n<p><strong>Oficial de serveis:<\/strong> Juan Valeriano Rodr\u00edguez<\/p>\n<p>&nbsp;<\/p>\n","protected":false},"excerpt":{"rendered":"<p>Equip Directiu Directora: Laura D\u00edaz Castro \u00a0\u00a0 Perfil professional @: a8067247@xtec.cat Cap d&#8217;Estudis: S\u00f2nia Prieto Santos \u00a0 \u00a0 Perfil professional @: sprieto6@xtec.cat Secret\u00e0ria: Al\u00edcia Cima Brugueras\u00a0\u00a0 Perfil Professional @: acima@xtec.cat Educaci\u00f3 Infantil I3: Gemma G\u00e1mez i Irene Mart\u00ed I4 A: Jennifer Garc\u00eda I4 B: M\u00f2nica L\u00f3pez I5 A: M\u00aa Jos\u00e9 Tobajas I5 B: Maite Garcia [&hellip;]<\/p>\n","protected":false},"author":1,"featured_media":0,"parent":0,"menu_order":0,"comment_status":"closed","ping_status":"closed","template":"","meta":{"_bbp_topic_count":0,"_bbp_reply_count":0,"_bbp_total_topic_count":0,"_bbp_total_reply_count":0,"_bbp_voice_count":0,"_bbp_anonymous_reply_count":0,"_bbp_topic_count_hidden":0,"_bbp_reply_count_hidden":0,"_bbp_forum_subforum_count":0,"site-sidebar-layout":"default","site-content-layout":"","ast-site-content-layout":"default","site-content-style":"default","site-sidebar-style":"default","ast-global-header-display":"","ast-banner-title-visibility":"","ast-main-header-display":"","ast-hfb-above-header-display":"","ast-hfb-below-header-display":"","ast-hfb-mobile-header-display":"","site-post-title":"","ast-breadcrumbs-content":"","ast-featured-img":"","footer-sml-layout":"","theme-transparent-header-meta":"default","adv-header-id-meta":"","stick-header-meta":"","header-above-stick-meta":"","header-main-stick-meta":"","header-below-stick-meta":"","astra-migrate-meta-layouts":"set","ast-page-background-enabled":"default","ast-page-background-meta":{"desktop":{"background-color":"var(--ast-global-color-4)","background-image":"","background-repeat":"repeat","background-position":"center center","background-size":"auto","background-attachment":"scroll","background-type":"","background-media":"","overlay-type":"","overlay-color":"","overlay-opacity":"","overlay-gradient":""},"tablet":{"background-color":"","background-image":"","background-repeat":"repeat","background-position":"center center","background-size":"auto","background-attachment":"scroll","background-type":"","background-media":"","overlay-type":"","overlay-color":"","overlay-opacity":"","overlay-gradient":""},"mobile":{"background-color":"","background-image":"","background-repeat":"repeat","background-position":"center center","background-size":"auto","background-attachment":"scroll","background-type":"","background-media":"","overlay-type":"","overlay-color":"","overlay-opacity":"","overlay-gradient":""}},"ast-content-background-meta":{"desktop":{"background-color":"var(--ast-global-color-5)","background-image":"","background-repeat":"repeat","background-position":"center center","background-size":"auto","background-attachment":"scroll","background-type":"","background-media":"","overlay-type":"","overlay-color":"","overlay-opacity":"","overlay-gradient":""},"tablet":{"background-color":"var(--ast-global-color-5)","background-image":"","background-repeat":"repeat","background-position":"center center","background-size":"auto","background-attachment":"scroll","background-type":"","background-media":"","overlay-type":"","overlay-color":"","overlay-opacity":"","overlay-gradient":""},"mobile":{"background-color":"var(--ast-global-color-5)","background-image":"","background-repeat":"repeat","background-position":"center center","background-size":"auto","background-attachment":"scroll","background-type":"","background-media":"","overlay-type":"","overlay-color":"","overlay-opacity":"","overlay-gradient":""}},"footnotes":""},"class_list":["post-613","page","type-page","status-publish","hentry"],"post_mailing_queue_ids":[],"_links":{"self":[{"href":"https:\/\/agora.xtec.cat\/escolaelvapor\/wp-json\/wp\/v2\/pages\/613","targetHints":{"allow":["GET"]}}],"collection":[{"href":"https:\/\/agora.xtec.cat\/escolaelvapor\/wp-json\/wp\/v2\/pages"}],"about":[{"href":"https:\/\/agora.xtec.cat\/escolaelvapor\/wp-json\/wp\/v2\/types\/page"}],"author":[{"embeddable":true,"href":"https:\/\/agora.xtec.cat\/escolaelvapor\/wp-json\/wp\/v2\/users\/1"}],"replies":[{"embeddable":true,"href":"https:\/\/agora.xtec.cat\/escolaelvapor\/wp-json\/wp\/v2\/comments?post=613"}],"version-history":[{"count":6,"href":"https:\/\/agora.xtec.cat\/escolaelvapor\/wp-json\/wp\/v2\/pages\/613\/revisions"}],"predecessor-version":[{"id":9733,"href":"https:\/\/agora.xtec.cat\/escolaelvapor\/wp-json\/wp\/v2\/pages\/613\/revisions\/9733"}],"wp:attachment":[{"href":"https:\/\/agora.xtec.cat\/escolaelvapor\/wp-json\/wp\/v2\/media?parent=613"}],"curies":[{"name":"wp","href":"https:\/\/api.w.org\/{rel}","templated":true}]}}