{"id":38,"date":"2014-09-18T12:34:08","date_gmt":"2014-09-18T11:34:08","guid":{"rendered":"http:\/\/agora.xtec.cat\/escolaelvapor\/?page_id=38"},"modified":"2020-05-12T08:39:12","modified_gmt":"2020-05-12T06:39:12","slug":"salut","status":"publish","type":"page","link":"https:\/\/agora.xtec.cat\/escolaelvapor\/lescola\/salut\/","title":{"rendered":"Salut"},"content":{"rendered":"<ul>\n<li>En cas d&#8217;<strong>al\u00b7l\u00e8rgia i\/o intoler\u00e0ncia<\/strong>, cal lliurar al tutor o a la tutora el document amb el protocol d&#8217;actuaci\u00f3, l&#8217;informe m\u00e8dic i la medicaci\u00f3.<\/li>\n<\/ul>\n<p>&nbsp;<\/p>\n<ul>\n<li>L&#8217;alumnat <strong>no pot assistir a l&#8217;escola<\/strong> quan no presentin un bon estat de salut o qualsevol des seg\u00fcents s\u00edmptomes:<\/li>\n<\/ul>\n<ul style=\"list-style-type: circle;\">\n<li>Febre amb m\u00e9s de 37,5.<\/li>\n<li>Erupcions no justificades pel o la pediatra com a no contagioses per la resta dels seus companys i les seves companyes.<\/li>\n<li>Conjuntivitis.<\/li>\n<li>Situaci\u00f3 de v\u00f2mits o descomposici\u00f3 continuada.<\/li>\n<li>Amb ll\u00e9menes al cap.<\/li>\n<\/ul>\n<p>&nbsp;<\/p>\n<ul>\n<li>A l&#8217;escola no podem donar medicaments, intenteu adaptar la dosi a l&#8217;horari familiar si \u00e9s possible. En cas de molta necessitat, per poder administrar un medicament a un nen o una nena, haureu de portar:<\/li>\n<\/ul>\n<ul style=\"list-style-type: circle;\">\n<li>Recepta m\u00e8dica.<\/li>\n<li>Autoritzaci\u00f3 del pare, de la mare o del tutor o tutora. Aquesta la podreu descarregar del seg\u00fcent enlla\u00e7.<\/li>\n<li>El medicament del nen o de la nena, especificant la dosi a donar.<\/li>\n<\/ul>\n<p>&nbsp;<\/p>\n<p><a href=\"https:\/\/drive.google.com\/file\/d\/0BzvKrleJnBM6ZGo3YXdobmZYM3M\/view\"><img loading=\"lazy\" decoding=\"async\" class=\"size-full wp-image-524 aligncenter\" src=\"https:\/\/agora.xtec.cat\/escolaelvapor\/wp-content\/uploads\/usu2181\/2020\/05\/MEDICAMENTS.jpg\" alt=\"\" width=\"567\" height=\"380\" srcset=\"https:\/\/agora.xtec.cat\/escolaelvapor\/wp-content\/uploads\/usu2181\/2020\/05\/MEDICAMENTS.jpg 567w, https:\/\/agora.xtec.cat\/escolaelvapor\/wp-content\/uploads\/usu2181\/2020\/05\/MEDICAMENTS-300x201.jpg 300w\" sizes=\"auto, (max-width: 567px) 100vw, 567px\" \/><\/a><\/p>\n<p>&nbsp;<\/p>\n<p>&nbsp;<\/p>\n<p>&nbsp;<\/p>\n<p>&nbsp;<\/p>\n","protected":false},"excerpt":{"rendered":"<p>En cas d&#8217;al\u00b7l\u00e8rgia i\/o intoler\u00e0ncia, cal lliurar al tutor o a la tutora el document amb el protocol d&#8217;actuaci\u00f3, l&#8217;informe m\u00e8dic i la medicaci\u00f3. &nbsp; L&#8217;alumnat no pot assistir a l&#8217;escola quan no presentin un bon estat de salut o qualsevol des seg\u00fcents s\u00edmptomes: Febre amb m\u00e9s de 37,5. Erupcions no justificades pel o la [&hellip;]<\/p>\n","protected":false},"author":1,"featured_media":0,"parent":22,"menu_order":80,"comment_status":"closed","ping_status":"closed","template":"page-templates\/side-menu.php","meta":{"_bbp_topic_count":0,"_bbp_reply_count":0,"_bbp_total_topic_count":0,"_bbp_total_reply_count":0,"_bbp_voice_count":0,"_bbp_anonymous_reply_count":0,"_bbp_topic_count_hidden":0,"_bbp_reply_count_hidden":0,"_bbp_forum_subforum_count":0,"site-sidebar-layout":"default","site-content-layout":"","ast-site-content-layout":"","site-content-style":"default","site-sidebar-style":"default","ast-global-header-display":"","ast-banner-title-visibility":"","ast-main-header-display":"","ast-hfb-above-header-display":"","ast-hfb-below-header-display":"","ast-hfb-mobile-header-display":"","site-post-title":"","ast-breadcrumbs-content":"","ast-featured-img":"","footer-sml-layout":"","theme-transparent-header-meta":"","adv-header-id-meta":"","stick-header-meta":"","header-above-stick-meta":"","header-main-stick-meta":"","header-below-stick-meta":"","astra-migrate-meta-layouts":"default","ast-page-background-enabled":"default","ast-page-background-meta":{"desktop":{"background-color":"var(--ast-global-color-4)","background-image":"","background-repeat":"repeat","background-position":"center center","background-size":"auto","background-attachment":"scroll","background-type":"","background-media":"","overlay-type":"","overlay-color":"","overlay-opacity":"","overlay-gradient":""},"tablet":{"background-color":"","background-image":"","background-repeat":"repeat","background-position":"center center","background-size":"auto","background-attachment":"scroll","background-type":"","background-media":"","overlay-type":"","overlay-color":"","overlay-opacity":"","overlay-gradient":""},"mobile":{"background-color":"","background-image":"","background-repeat":"repeat","background-position":"center center","background-size":"auto","background-attachment":"scroll","background-type":"","background-media":"","overlay-type":"","overlay-color":"","overlay-opacity":"","overlay-gradient":""}},"ast-content-background-meta":{"desktop":{"background-color":"var(--ast-global-color-5)","background-image":"","background-repeat":"repeat","background-position":"center center","background-size":"auto","background-attachment":"scroll","background-type":"","background-media":"","overlay-type":"","overlay-color":"","overlay-opacity":"","overlay-gradient":""},"tablet":{"background-color":"var(--ast-global-color-5)","background-image":"","background-repeat":"repeat","background-position":"center center","background-size":"auto","background-attachment":"scroll","background-type":"","background-media":"","overlay-type":"","overlay-color":"","overlay-opacity":"","overlay-gradient":""},"mobile":{"background-color":"var(--ast-global-color-5)","background-image":"","background-repeat":"repeat","background-position":"center center","background-size":"auto","background-attachment":"scroll","background-type":"","background-media":"","overlay-type":"","overlay-color":"","overlay-opacity":"","overlay-gradient":""}},"footnotes":""},"class_list":["post-38","page","type-page","status-publish","hentry"],"post_mailing_queue_ids":[],"_links":{"self":[{"href":"https:\/\/agora.xtec.cat\/escolaelvapor\/wp-json\/wp\/v2\/pages\/38","targetHints":{"allow":["GET"]}}],"collection":[{"href":"https:\/\/agora.xtec.cat\/escolaelvapor\/wp-json\/wp\/v2\/pages"}],"about":[{"href":"https:\/\/agora.xtec.cat\/escolaelvapor\/wp-json\/wp\/v2\/types\/page"}],"author":[{"embeddable":true,"href":"https:\/\/agora.xtec.cat\/escolaelvapor\/wp-json\/wp\/v2\/users\/1"}],"replies":[{"embeddable":true,"href":"https:\/\/agora.xtec.cat\/escolaelvapor\/wp-json\/wp\/v2\/comments?post=38"}],"version-history":[{"count":2,"href":"https:\/\/agora.xtec.cat\/escolaelvapor\/wp-json\/wp\/v2\/pages\/38\/revisions"}],"predecessor-version":[{"id":525,"href":"https:\/\/agora.xtec.cat\/escolaelvapor\/wp-json\/wp\/v2\/pages\/38\/revisions\/525"}],"up":[{"embeddable":true,"href":"https:\/\/agora.xtec.cat\/escolaelvapor\/wp-json\/wp\/v2\/pages\/22"}],"wp:attachment":[{"href":"https:\/\/agora.xtec.cat\/escolaelvapor\/wp-json\/wp\/v2\/media?parent=38"}],"curies":[{"name":"wp","href":"https:\/\/api.w.org\/{rel}","templated":true}]}}