{"id":30,"date":"2014-09-18T12:30:23","date_gmt":"2014-09-18T11:30:23","guid":{"rendered":"http:\/\/agora.xtec.cat\/escolaelvapor\/?page_id=30"},"modified":"2023-03-15T12:31:50","modified_gmt":"2023-03-15T11:31:50","slug":"instal%c2%b7lacions","status":"publish","type":"page","link":"https:\/\/agora.xtec.cat\/escolaelvapor\/lescola\/instal%c2%b7lacions\/","title":{"rendered":"Instal\u00b7lacions"},"content":{"rendered":"<div><strong>Entrada principal<\/strong><\/div>\n<div><b style=\"color: purple;\"><span style=\"color: blue; font-family: 'trebuchet ms' , sans-serif;\">\u00a0<\/span><\/b><\/div>\n<div class=\"separator\" style=\"clear: both; text-align: center;\"><\/div>\n<div class=\"separator\" style=\"clear: both; text-align: center;\"><a style=\"margin-left: 1em; margin-right: 1em;\" href=\"https:\/\/1.bp.blogspot.com\/-p15jCiIRpZY\/WBmz-d6Wy8I\/AAAAAAAAWPk\/JgoW2A2ch_ED19bNM00BDY8dfsYd_c7RwCLcB\/s1600\/20161003_135752.jpg\"><img loading=\"lazy\" decoding=\"async\" src=\"https:\/\/1.bp.blogspot.com\/-p15jCiIRpZY\/WBmz-d6Wy8I\/AAAAAAAAWPk\/JgoW2A2ch_ED19bNM00BDY8dfsYd_c7RwCLcB\/s640\/20161003_135752.jpg\" width=\"640\" height=\"360\" border=\"0\" \/><\/a><\/div>\n<p><b style=\"color: purple;\"><span style=\"font-family: 'trebuchet ms' , sans-serif;\">\u00a0\u00a0 <\/span><\/b><br \/>\n<b style=\"color: purple;\"><span style=\"font-family: 'trebuchet ms' , sans-serif;\"><br \/>\n<\/span><\/b><\/p>\n<p><strong>Vest\u00edbul<\/strong><\/p>\n<div class=\"separator\" style=\"clear: both; text-align: center;\"><a style=\"margin-left: 1em; margin-right: 1em;\" href=\"https:\/\/4.bp.blogspot.com\/-g9N1KfmQU1s\/WBm0FNc6UMI\/AAAAAAAAWPs\/qTwZXCXz-xw2szQJwJA7_tWLfX-BM_GHQCEw\/s1600\/20160929_133511.jpg\"><img loading=\"lazy\" decoding=\"async\" src=\"https:\/\/4.bp.blogspot.com\/-g9N1KfmQU1s\/WBm0FNc6UMI\/AAAAAAAAWPs\/qTwZXCXz-xw2szQJwJA7_tWLfX-BM_GHQCEw\/s640\/20160929_133511.jpg\" width=\"640\" height=\"360\" border=\"0\" \/><\/a><\/div>\n<p><b style=\"color: purple;\"><\/b><br \/>\n<b style=\"color: purple;\"><\/b><\/p>\n<p>&nbsp;<\/p>\n<div class=\"separator\" style=\"clear: both; text-align: left;\"><strong>Aules d&#8217;Educaci\u00f3 Infantil<\/strong><\/div>\n<div><\/div>\n<div>\n<div id='gallery-1' class='gallery galleryid-30 gallery-columns-2 gallery-size-full'><figure class='gallery-item'>\n\t\t\t<div class='gallery-icon landscape'>\n\t\t\t\t<a href='https:\/\/agora.xtec.cat\/escolaelvapor\/lescola\/instal%c2%b7lacions\/attachment\/img_7904\/'><img loading=\"lazy\" decoding=\"async\" width=\"2016\" height=\"1512\" src=\"https:\/\/agora.xtec.cat\/escolaelvapor\/wp-content\/uploads\/usu2181\/2023\/03\/IMG_7904.jpg\" class=\"attachment-full size-full\" alt=\"\" srcset=\"https:\/\/agora.xtec.cat\/escolaelvapor\/wp-content\/uploads\/usu2181\/2023\/03\/IMG_7904.jpg 2016w, https:\/\/agora.xtec.cat\/escolaelvapor\/wp-content\/uploads\/usu2181\/2023\/03\/IMG_7904-300x225.jpg 300w, https:\/\/agora.xtec.cat\/escolaelvapor\/wp-content\/uploads\/usu2181\/2023\/03\/IMG_7904-1024x768.jpg 1024w, https:\/\/agora.xtec.cat\/escolaelvapor\/wp-content\/uploads\/usu2181\/2023\/03\/IMG_7904-768x576.jpg 768w, https:\/\/agora.xtec.cat\/escolaelvapor\/wp-content\/uploads\/usu2181\/2023\/03\/IMG_7904-1536x1152.jpg 1536w, https:\/\/agora.xtec.cat\/escolaelvapor\/wp-content\/uploads\/usu2181\/2023\/03\/IMG_7904-200x150.jpg 200w\" sizes=\"auto, (max-width: 2016px) 100vw, 2016px\" \/><\/a>\n\t\t\t<\/div><\/figure><figure class='gallery-item'>\n\t\t\t<div class='gallery-icon landscape'>\n\t\t\t\t<a href='https:\/\/agora.xtec.cat\/escolaelvapor\/lescola\/instal%c2%b7lacions\/attachment\/img_7906\/'><img loading=\"lazy\" decoding=\"async\" width=\"2016\" height=\"1512\" src=\"https:\/\/agora.xtec.cat\/escolaelvapor\/wp-content\/uploads\/usu2181\/2023\/03\/IMG_7906.jpg\" class=\"attachment-full size-full\" alt=\"\" srcset=\"https:\/\/agora.xtec.cat\/escolaelvapor\/wp-content\/uploads\/usu2181\/2023\/03\/IMG_7906.jpg 2016w, https:\/\/agora.xtec.cat\/escolaelvapor\/wp-content\/uploads\/usu2181\/2023\/03\/IMG_7906-300x225.jpg 300w, https:\/\/agora.xtec.cat\/escolaelvapor\/wp-content\/uploads\/usu2181\/2023\/03\/IMG_7906-1024x768.jpg 1024w, https:\/\/agora.xtec.cat\/escolaelvapor\/wp-content\/uploads\/usu2181\/2023\/03\/IMG_7906-768x576.jpg 768w, https:\/\/agora.xtec.cat\/escolaelvapor\/wp-content\/uploads\/usu2181\/2023\/03\/IMG_7906-1536x1152.jpg 1536w, https:\/\/agora.xtec.cat\/escolaelvapor\/wp-content\/uploads\/usu2181\/2023\/03\/IMG_7906-200x150.jpg 200w\" sizes=\"auto, (max-width: 2016px) 100vw, 2016px\" \/><\/a>\n\t\t\t<\/div><\/figure><figure class='gallery-item'>\n\t\t\t<div class='gallery-icon landscape'>\n\t\t\t\t<a href='https:\/\/agora.xtec.cat\/escolaelvapor\/lescola\/instal%c2%b7lacions\/attachment\/img_7907\/'><img loading=\"lazy\" decoding=\"async\" width=\"2016\" height=\"1512\" src=\"https:\/\/agora.xtec.cat\/escolaelvapor\/wp-content\/uploads\/usu2181\/2023\/03\/IMG_7907.jpg\" class=\"attachment-full size-full\" alt=\"\" srcset=\"https:\/\/agora.xtec.cat\/escolaelvapor\/wp-content\/uploads\/usu2181\/2023\/03\/IMG_7907.jpg 2016w, https:\/\/agora.xtec.cat\/escolaelvapor\/wp-content\/uploads\/usu2181\/2023\/03\/IMG_7907-300x225.jpg 300w, https:\/\/agora.xtec.cat\/escolaelvapor\/wp-content\/uploads\/usu2181\/2023\/03\/IMG_7907-1024x768.jpg 1024w, https:\/\/agora.xtec.cat\/escolaelvapor\/wp-content\/uploads\/usu2181\/2023\/03\/IMG_7907-768x576.jpg 768w, https:\/\/agora.xtec.cat\/escolaelvapor\/wp-content\/uploads\/usu2181\/2023\/03\/IMG_7907-1536x1152.jpg 1536w, https:\/\/agora.xtec.cat\/escolaelvapor\/wp-content\/uploads\/usu2181\/2023\/03\/IMG_7907-200x150.jpg 200w\" sizes=\"auto, (max-width: 2016px) 100vw, 2016px\" \/><\/a>\n\t\t\t<\/div><\/figure>\n\t\t<\/div>\n\n<\/div>\n<div><\/div>\n<div class=\"separator\" style=\"clear: both; text-align: center;\"><\/div>\n<div style=\"text-align: center;\"><span style=\"font-size: small;\"><span style=\"font-family: 'trebuchet ms' , sans-serif;\">\u00a0<\/span><\/span><\/div>\n<div><\/div>\n<div><\/div>\n<p><strong>Aules de prim\u00e0ria<\/strong><\/p>\n<div id='gallery-2' class='gallery galleryid-30 gallery-columns-2 gallery-size-full'><figure class='gallery-item'>\n\t\t\t<div class='gallery-icon landscape'>\n\t\t\t\t<a href='https:\/\/agora.xtec.cat\/escolaelvapor\/lescola\/instal%c2%b7lacions\/attachment\/img_7908\/'><img loading=\"lazy\" decoding=\"async\" width=\"2016\" height=\"1512\" src=\"https:\/\/agora.xtec.cat\/escolaelvapor\/wp-content\/uploads\/usu2181\/2023\/03\/IMG_7908.jpg\" class=\"attachment-full size-full\" alt=\"\" srcset=\"https:\/\/agora.xtec.cat\/escolaelvapor\/wp-content\/uploads\/usu2181\/2023\/03\/IMG_7908.jpg 2016w, https:\/\/agora.xtec.cat\/escolaelvapor\/wp-content\/uploads\/usu2181\/2023\/03\/IMG_7908-300x225.jpg 300w, https:\/\/agora.xtec.cat\/escolaelvapor\/wp-content\/uploads\/usu2181\/2023\/03\/IMG_7908-1024x768.jpg 1024w, https:\/\/agora.xtec.cat\/escolaelvapor\/wp-content\/uploads\/usu2181\/2023\/03\/IMG_7908-768x576.jpg 768w, https:\/\/agora.xtec.cat\/escolaelvapor\/wp-content\/uploads\/usu2181\/2023\/03\/IMG_7908-1536x1152.jpg 1536w, https:\/\/agora.xtec.cat\/escolaelvapor\/wp-content\/uploads\/usu2181\/2023\/03\/IMG_7908-200x150.jpg 200w\" sizes=\"auto, (max-width: 2016px) 100vw, 2016px\" \/><\/a>\n\t\t\t<\/div><\/figure><figure class='gallery-item'>\n\t\t\t<div class='gallery-icon landscape'>\n\t\t\t\t<a href='https:\/\/agora.xtec.cat\/escolaelvapor\/lescola\/instal%c2%b7lacions\/attachment\/img_7911\/'><img loading=\"lazy\" decoding=\"async\" width=\"2016\" height=\"1512\" src=\"https:\/\/agora.xtec.cat\/escolaelvapor\/wp-content\/uploads\/usu2181\/2023\/03\/IMG_7911.jpg\" class=\"attachment-full size-full\" alt=\"\" srcset=\"https:\/\/agora.xtec.cat\/escolaelvapor\/wp-content\/uploads\/usu2181\/2023\/03\/IMG_7911.jpg 2016w, https:\/\/agora.xtec.cat\/escolaelvapor\/wp-content\/uploads\/usu2181\/2023\/03\/IMG_7911-300x225.jpg 300w, https:\/\/agora.xtec.cat\/escolaelvapor\/wp-content\/uploads\/usu2181\/2023\/03\/IMG_7911-1024x768.jpg 1024w, https:\/\/agora.xtec.cat\/escolaelvapor\/wp-content\/uploads\/usu2181\/2023\/03\/IMG_7911-768x576.jpg 768w, https:\/\/agora.xtec.cat\/escolaelvapor\/wp-content\/uploads\/usu2181\/2023\/03\/IMG_7911-1536x1152.jpg 1536w, https:\/\/agora.xtec.cat\/escolaelvapor\/wp-content\/uploads\/usu2181\/2023\/03\/IMG_7911-200x150.jpg 200w\" sizes=\"auto, (max-width: 2016px) 100vw, 2016px\" \/><\/a>\n\t\t\t<\/div><\/figure>\n\t\t<\/div>\n\n<div class=\"separator\" style=\"clear: both; text-align: center;\"><\/div>\n<div><\/div>\n<div><\/div>\n<div><\/div>\n<div><\/div>\n<div>\n<div><strong>Aula d&#8217;inform\u00e0tica i Aula d&#8217;angl\u00e8s<\/strong><\/div>\n<div><\/div>\n<\/div>\n<div><a href=\"https:\/\/2.bp.blogspot.com\/-_DV5qfMfTWc\/VwuBje3CfRI\/AAAAAAAAWBM\/s1EeynokdFQmxpcCFbUNoAQlNo13SjfLw\/s1600\/20160316_105436.jpg\"><img loading=\"lazy\" decoding=\"async\" class=\"alignleft\" src=\"https:\/\/2.bp.blogspot.com\/-_DV5qfMfTWc\/VwuBje3CfRI\/AAAAAAAAWBM\/s1EeynokdFQmxpcCFbUNoAQlNo13SjfLw\/s640\/20160316_105436.jpg\" width=\"740\" height=\"416\" border=\"0\" \/><\/a><\/div>\n<div><\/div>\n<div>\n<div id='gallery-3' class='gallery galleryid-30 gallery-columns-2 gallery-size-full'><figure class='gallery-item'>\n\t\t\t<div class='gallery-icon landscape'>\n\t\t\t\t<a href='https:\/\/agora.xtec.cat\/escolaelvapor\/lescola\/instal%c2%b7lacions\/attachment\/img_7913\/'><img loading=\"lazy\" decoding=\"async\" width=\"2016\" height=\"1512\" src=\"https:\/\/agora.xtec.cat\/escolaelvapor\/wp-content\/uploads\/usu2181\/2023\/03\/IMG_7913.jpg\" class=\"attachment-full size-full\" alt=\"\" srcset=\"https:\/\/agora.xtec.cat\/escolaelvapor\/wp-content\/uploads\/usu2181\/2023\/03\/IMG_7913.jpg 2016w, https:\/\/agora.xtec.cat\/escolaelvapor\/wp-content\/uploads\/usu2181\/2023\/03\/IMG_7913-300x225.jpg 300w, https:\/\/agora.xtec.cat\/escolaelvapor\/wp-content\/uploads\/usu2181\/2023\/03\/IMG_7913-1024x768.jpg 1024w, https:\/\/agora.xtec.cat\/escolaelvapor\/wp-content\/uploads\/usu2181\/2023\/03\/IMG_7913-768x576.jpg 768w, https:\/\/agora.xtec.cat\/escolaelvapor\/wp-content\/uploads\/usu2181\/2023\/03\/IMG_7913-1536x1152.jpg 1536w, https:\/\/agora.xtec.cat\/escolaelvapor\/wp-content\/uploads\/usu2181\/2023\/03\/IMG_7913-200x150.jpg 200w\" sizes=\"auto, (max-width: 2016px) 100vw, 2016px\" \/><\/a>\n\t\t\t<\/div><\/figure><figure class='gallery-item'>\n\t\t\t<div class='gallery-icon landscape'>\n\t\t\t\t<a href='https:\/\/agora.xtec.cat\/escolaelvapor\/lescola\/instal%c2%b7lacions\/attachment\/img_7914\/'><img loading=\"lazy\" decoding=\"async\" width=\"2016\" height=\"1512\" src=\"https:\/\/agora.xtec.cat\/escolaelvapor\/wp-content\/uploads\/usu2181\/2023\/03\/IMG_7914.jpg\" class=\"attachment-full size-full\" alt=\"\" srcset=\"https:\/\/agora.xtec.cat\/escolaelvapor\/wp-content\/uploads\/usu2181\/2023\/03\/IMG_7914.jpg 2016w, https:\/\/agora.xtec.cat\/escolaelvapor\/wp-content\/uploads\/usu2181\/2023\/03\/IMG_7914-300x225.jpg 300w, https:\/\/agora.xtec.cat\/escolaelvapor\/wp-content\/uploads\/usu2181\/2023\/03\/IMG_7914-1024x768.jpg 1024w, https:\/\/agora.xtec.cat\/escolaelvapor\/wp-content\/uploads\/usu2181\/2023\/03\/IMG_7914-768x576.jpg 768w, https:\/\/agora.xtec.cat\/escolaelvapor\/wp-content\/uploads\/usu2181\/2023\/03\/IMG_7914-1536x1152.jpg 1536w, https:\/\/agora.xtec.cat\/escolaelvapor\/wp-content\/uploads\/usu2181\/2023\/03\/IMG_7914-200x150.jpg 200w\" sizes=\"auto, (max-width: 2016px) 100vw, 2016px\" \/><\/a>\n\t\t\t<\/div><\/figure>\n\t\t<\/div>\n\n<\/div>\n<p><strong>Rac\u00f3 Escolta&#8217;m<\/strong><\/p>\n<p><a href=\"https:\/\/agora.xtec.cat\/escolaelvapor\/wp-content\/uploads\/usu2181\/2023\/03\/IMG_7918.jpg\"><img loading=\"lazy\" decoding=\"async\" class=\"wp-image-6911  aligncenter\" src=\"https:\/\/agora.xtec.cat\/escolaelvapor\/wp-content\/uploads\/usu2181\/2023\/03\/IMG_7918-1024x768.jpg\" alt=\"\" width=\"738\" height=\"553\" srcset=\"https:\/\/agora.xtec.cat\/escolaelvapor\/wp-content\/uploads\/usu2181\/2023\/03\/IMG_7918-1024x768.jpg 1024w, https:\/\/agora.xtec.cat\/escolaelvapor\/wp-content\/uploads\/usu2181\/2023\/03\/IMG_7918-300x225.jpg 300w, https:\/\/agora.xtec.cat\/escolaelvapor\/wp-content\/uploads\/usu2181\/2023\/03\/IMG_7918-768x576.jpg 768w, https:\/\/agora.xtec.cat\/escolaelvapor\/wp-content\/uploads\/usu2181\/2023\/03\/IMG_7918-1536x1152.jpg 1536w, https:\/\/agora.xtec.cat\/escolaelvapor\/wp-content\/uploads\/usu2181\/2023\/03\/IMG_7918-200x150.jpg 200w, https:\/\/agora.xtec.cat\/escolaelvapor\/wp-content\/uploads\/usu2181\/2023\/03\/IMG_7918.jpg 2016w\" sizes=\"auto, (max-width: 738px) 100vw, 738px\" \/><\/a><\/p>\n<p>&nbsp;<\/p>\n<p>&nbsp;<\/p>\n<div class=\"separator\" style=\"clear: both; text-align: left;\"><strong>Menjador<\/strong><\/div>\n<div style=\"text-align: left;\">\n<div style=\"text-align: center;\"><b style=\"color: purple;\"><span style=\"color: blue; font-size: x-small;\"><span style=\"font-family: 'trebuchet ms' , sans-serif;\">\u00a0 \u00a0 \u00a0 \u00a0 \u00a0 \u00a0 \u00a0 \u00a0 \u00a0 \u00a0 \u00a0 \u00a0 \u00a0 <\/span><\/span><\/b><\/div>\n<div class=\"separator\" style=\"clear: both; text-align: center;\"><b style=\"color: purple;\"><span style=\"color: blue; font-size: x-small;\"><span style=\"font-family: 'trebuchet ms' , sans-serif;\"><a style=\"margin-left: 1em; margin-right: 1em;\" href=\"https:\/\/1.bp.blogspot.com\/-w7_0AyUqfag\/VwuIgC-1xtI\/AAAAAAAAWBw\/emGQ9Lq1vwcDvSH6cUyo8TqGADGyj_7Lw\/s1600\/20160411_125739.jpg\"><img loading=\"lazy\" decoding=\"async\" class=\"aligncenter\" src=\"https:\/\/1.bp.blogspot.com\/-w7_0AyUqfag\/VwuIgC-1xtI\/AAAAAAAAWBw\/emGQ9Lq1vwcDvSH6cUyo8TqGADGyj_7Lw\/s640\/20160411_125739.jpg\" width=\"738\" height=\"415\" border=\"0\" \/><\/a><\/span><\/span><\/b><\/div>\n<p>&nbsp;<\/p>\n<p><strong>Patis<\/strong><\/p>\n<\/div>\n<div class=\"separator\" style=\"clear: both; text-align: center;\"><\/div>\n<table class=\"tr-caption-container\" style=\"margin-left: auto; margin-right: auto; text-align: center; height: 413px;\" cellspacing=\"0\" cellpadding=\"0\" align=\"center\">\n<tbody>\n<tr style=\"height: 380px;\">\n<td style=\"text-align: center; height: 380px; width: 659.517px;\"><a style=\"margin-left: auto; margin-right: auto;\" href=\"https:\/\/1.bp.blogspot.com\/-HNe4Jvyu_0w\/VwuCZ_cwHCI\/AAAAAAAAWBU\/_UXF5H8PtvkghkQ8sPBc-pZDxws8eqQoQ\/s1600\/20160316_104957.jpg\"><img loading=\"lazy\" decoding=\"async\" class=\"alignnone\" src=\"https:\/\/1.bp.blogspot.com\/-HNe4Jvyu_0w\/VwuCZ_cwHCI\/AAAAAAAAWBU\/_UXF5H8PtvkghkQ8sPBc-pZDxws8eqQoQ\/s640\/20160316_104957.jpg\" width=\"715\" height=\"402\" border=\"0\" \/><\/a><\/td>\n<\/tr>\n<tr style=\"height: 33px;\">\n<td class=\"tr-caption\" style=\"text-align: center; height: 33px; width: 659.517px;\"><\/td>\n<\/tr>\n<\/tbody>\n<\/table>\n<div class=\"separator\" style=\"clear: both; text-align: center;\"><\/div>\n<div class=\"separator\" style=\"clear: both; text-align: center;\"><\/div>\n<div class=\"\" style=\"clear: both; text-align: justify;\"><a href=\"https:\/\/3.bp.blogspot.com\/-mV0aA_HQHqE\/VwuDdG1eB3I\/AAAAAAAAWBc\/hV8snhiAvbA_jaWEijryciEdNOCTsh3jg\/s1600\/20160311_104040.jpg\"><img loading=\"lazy\" decoding=\"async\" class=\"aligncenter\" src=\"https:\/\/3.bp.blogspot.com\/-mV0aA_HQHqE\/VwuDdG1eB3I\/AAAAAAAAWBc\/hV8snhiAvbA_jaWEijryciEdNOCTsh3jg\/s640\/20160311_104040.jpg\" width=\"640\" height=\"360\" border=\"0\" \/><\/a><\/div>\n<div><\/div>\n<div class=\"separator\" style=\"clear: both; text-align: center;\"><\/div>\n<div id='gallery-4' class='gallery galleryid-30 gallery-columns-2 gallery-size-full'><figure class='gallery-item'>\n\t\t\t<div class='gallery-icon landscape'>\n\t\t\t\t<a href='https:\/\/agora.xtec.cat\/escolaelvapor\/lescola\/instal%c2%b7lacions\/attachment\/img_7900\/'><img loading=\"lazy\" decoding=\"async\" width=\"2016\" height=\"1512\" src=\"https:\/\/agora.xtec.cat\/escolaelvapor\/wp-content\/uploads\/usu2181\/2023\/03\/IMG_7900.jpg\" class=\"attachment-full size-full\" alt=\"\" srcset=\"https:\/\/agora.xtec.cat\/escolaelvapor\/wp-content\/uploads\/usu2181\/2023\/03\/IMG_7900.jpg 2016w, https:\/\/agora.xtec.cat\/escolaelvapor\/wp-content\/uploads\/usu2181\/2023\/03\/IMG_7900-300x225.jpg 300w, https:\/\/agora.xtec.cat\/escolaelvapor\/wp-content\/uploads\/usu2181\/2023\/03\/IMG_7900-1024x768.jpg 1024w, https:\/\/agora.xtec.cat\/escolaelvapor\/wp-content\/uploads\/usu2181\/2023\/03\/IMG_7900-768x576.jpg 768w, https:\/\/agora.xtec.cat\/escolaelvapor\/wp-content\/uploads\/usu2181\/2023\/03\/IMG_7900-1536x1152.jpg 1536w, https:\/\/agora.xtec.cat\/escolaelvapor\/wp-content\/uploads\/usu2181\/2023\/03\/IMG_7900-200x150.jpg 200w\" sizes=\"auto, (max-width: 2016px) 100vw, 2016px\" \/><\/a>\n\t\t\t<\/div><\/figure><figure class='gallery-item'>\n\t\t\t<div class='gallery-icon landscape'>\n\t\t\t\t<a href='https:\/\/agora.xtec.cat\/escolaelvapor\/lescola\/instal%c2%b7lacions\/attachment\/img_7901\/'><img loading=\"lazy\" decoding=\"async\" width=\"2016\" height=\"1512\" src=\"https:\/\/agora.xtec.cat\/escolaelvapor\/wp-content\/uploads\/usu2181\/2023\/03\/IMG_7901.jpg\" class=\"attachment-full size-full\" alt=\"\" srcset=\"https:\/\/agora.xtec.cat\/escolaelvapor\/wp-content\/uploads\/usu2181\/2023\/03\/IMG_7901.jpg 2016w, https:\/\/agora.xtec.cat\/escolaelvapor\/wp-content\/uploads\/usu2181\/2023\/03\/IMG_7901-300x225.jpg 300w, https:\/\/agora.xtec.cat\/escolaelvapor\/wp-content\/uploads\/usu2181\/2023\/03\/IMG_7901-1024x768.jpg 1024w, https:\/\/agora.xtec.cat\/escolaelvapor\/wp-content\/uploads\/usu2181\/2023\/03\/IMG_7901-768x576.jpg 768w, https:\/\/agora.xtec.cat\/escolaelvapor\/wp-content\/uploads\/usu2181\/2023\/03\/IMG_7901-1536x1152.jpg 1536w, https:\/\/agora.xtec.cat\/escolaelvapor\/wp-content\/uploads\/usu2181\/2023\/03\/IMG_7901-200x150.jpg 200w\" sizes=\"auto, (max-width: 2016px) 100vw, 2016px\" \/><\/a>\n\t\t\t<\/div><\/figure>\n\t\t<\/div>\n\n<h3 style=\"text-align: center;\"><span style=\"font-family: 'trebuchet ms' , sans-serif;\">\u00a0<\/span><\/h3>\n<div class=\"separator\" style=\"clear: both; text-align: center;\"><\/div>\n","protected":false},"excerpt":{"rendered":"<p>Entrada principal \u00a0 \u00a0\u00a0 Vest\u00edbul &nbsp; Aules d&#8217;Educaci\u00f3 Infantil \u00a0 Aules de prim\u00e0ria Aula d&#8217;inform\u00e0tica i Aula d&#8217;angl\u00e8s Rac\u00f3 Escolta&#8217;m &nbsp; &nbsp; Menjador \u00a0 \u00a0 \u00a0 \u00a0 \u00a0 \u00a0 \u00a0 \u00a0 \u00a0 \u00a0 \u00a0 \u00a0 \u00a0 &nbsp; Patis \u00a0<\/p>\n","protected":false},"author":1,"featured_media":0,"parent":22,"menu_order":40,"comment_status":"closed","ping_status":"closed","template":"page-templates\/side-menu.php","meta":{"_bbp_topic_count":0,"_bbp_reply_count":0,"_bbp_total_topic_count":0,"_bbp_total_reply_count":0,"_bbp_voice_count":0,"_bbp_anonymous_reply_count":0,"_bbp_topic_count_hidden":0,"_bbp_reply_count_hidden":0,"_bbp_forum_subforum_count":0,"site-sidebar-layout":"default","site-content-layout":"","ast-site-content-layout":"","site-content-style":"default","site-sidebar-style":"default","ast-global-header-display":"","ast-banner-title-visibility":"","ast-main-header-display":"","ast-hfb-above-header-display":"","ast-hfb-below-header-display":"","ast-hfb-mobile-header-display":"","site-post-title":"","ast-breadcrumbs-content":"","ast-featured-img":"","footer-sml-layout":"","theme-transparent-header-meta":"","adv-header-id-meta":"","stick-header-meta":"","header-above-stick-meta":"","header-main-stick-meta":"","header-below-stick-meta":"","astra-migrate-meta-layouts":"default","ast-page-background-enabled":"default","ast-page-background-meta":{"desktop":{"background-color":"var(--ast-global-color-4)","background-image":"","background-repeat":"repeat","background-position":"center center","background-size":"auto","background-attachment":"scroll","background-type":"","background-media":"","overlay-type":"","overlay-color":"","overlay-opacity":"","overlay-gradient":""},"tablet":{"background-color":"","background-image":"","background-repeat":"repeat","background-position":"center center","background-size":"auto","background-attachment":"scroll","background-type":"","background-media":"","overlay-type":"","overlay-color":"","overlay-opacity":"","overlay-gradient":""},"mobile":{"background-color":"","background-image":"","background-repeat":"repeat","background-position":"center center","background-size":"auto","background-attachment":"scroll","background-type":"","background-media":"","overlay-type":"","overlay-color":"","overlay-opacity":"","overlay-gradient":""}},"ast-content-background-meta":{"desktop":{"background-color":"var(--ast-global-color-5)","background-image":"","background-repeat":"repeat","background-position":"center center","background-size":"auto","background-attachment":"scroll","background-type":"","background-media":"","overlay-type":"","overlay-color":"","overlay-opacity":"","overlay-gradient":""},"tablet":{"background-color":"var(--ast-global-color-5)","background-image":"","background-repeat":"repeat","background-position":"center center","background-size":"auto","background-attachment":"scroll","background-type":"","background-media":"","overlay-type":"","overlay-color":"","overlay-opacity":"","overlay-gradient":""},"mobile":{"background-color":"var(--ast-global-color-5)","background-image":"","background-repeat":"repeat","background-position":"center center","background-size":"auto","background-attachment":"scroll","background-type":"","background-media":"","overlay-type":"","overlay-color":"","overlay-opacity":"","overlay-gradient":""}},"footnotes":""},"class_list":["post-30","page","type-page","status-publish","hentry"],"post_mailing_queue_ids":[],"_links":{"self":[{"href":"https:\/\/agora.xtec.cat\/escolaelvapor\/wp-json\/wp\/v2\/pages\/30","targetHints":{"allow":["GET"]}}],"collection":[{"href":"https:\/\/agora.xtec.cat\/escolaelvapor\/wp-json\/wp\/v2\/pages"}],"about":[{"href":"https:\/\/agora.xtec.cat\/escolaelvapor\/wp-json\/wp\/v2\/types\/page"}],"author":[{"embeddable":true,"href":"https:\/\/agora.xtec.cat\/escolaelvapor\/wp-json\/wp\/v2\/users\/1"}],"replies":[{"embeddable":true,"href":"https:\/\/agora.xtec.cat\/escolaelvapor\/wp-json\/wp\/v2\/comments?post=30"}],"version-history":[{"count":3,"href":"https:\/\/agora.xtec.cat\/escolaelvapor\/wp-json\/wp\/v2\/pages\/30\/revisions"}],"predecessor-version":[{"id":6912,"href":"https:\/\/agora.xtec.cat\/escolaelvapor\/wp-json\/wp\/v2\/pages\/30\/revisions\/6912"}],"up":[{"embeddable":true,"href":"https:\/\/agora.xtec.cat\/escolaelvapor\/wp-json\/wp\/v2\/pages\/22"}],"wp:attachment":[{"href":"https:\/\/agora.xtec.cat\/escolaelvapor\/wp-json\/wp\/v2\/media?parent=30"}],"curies":[{"name":"wp","href":"https:\/\/api.w.org\/{rel}","templated":true}]}}