{"id":2065,"date":"2021-01-28T10:40:47","date_gmt":"2021-01-28T09:40:47","guid":{"rendered":"https:\/\/agora.xtec.cat\/escolaelvapor\/?page_id=2065"},"modified":"2026-02-18T13:29:29","modified_gmt":"2026-02-18T12:29:29","slug":"economia","status":"publish","type":"page","link":"https:\/\/agora.xtec.cat\/escolaelvapor\/economia\/","title":{"rendered":"Economia"},"content":{"rendered":"<p style=\"text-align: left;\"><strong>APORTACIONS DE LES FAM\u00cdLIES<\/strong><\/p>\n<p><a href=\"https:\/\/drive.google.com\/file\/d\/1Ds2Ehnc37lmVZifZbaEvk2NSOEuzScTw\/view?usp=sharing\"><img loading=\"lazy\" decoding=\"async\" class=\"size-medium wp-image-9641 alignleft\" src=\"https:\/\/agora.xtec.cat\/escolaelvapor\/wp-content\/uploads\/usu2181\/2025\/03\/Captura-9-236x300.png\" alt=\"\" width=\"236\" height=\"300\" srcset=\"https:\/\/agora.xtec.cat\/escolaelvapor\/wp-content\/uploads\/usu2181\/2025\/03\/Captura-9-236x300.png 236w, https:\/\/agora.xtec.cat\/escolaelvapor\/wp-content\/uploads\/usu2181\/2025\/03\/Captura-9.png 544w\" sizes=\"auto, (max-width: 236px) 100vw, 236px\" \/><\/a><\/p>\n<p>&nbsp;<\/p>\n<p>&nbsp;<\/p>\n<p>&nbsp;<\/p>\n<p>&nbsp;<\/p>\n<p>&nbsp;<\/p>\n<p>&nbsp;<\/p>\n<p>&nbsp;<\/p>\n<p>&nbsp;<\/p>\n<p style=\"text-align: left;\"><strong>EXERCICIS PRESSUPOSTARIS<\/strong><\/p>\n<p>&nbsp;<\/p>\n<ul style=\"list-style-type: circle;\">\n<li><a href=\"https:\/\/drive.google.com\/file\/d\/1n90THDybROZ1bS2TLnMU524jpwdzZd63\/view?usp=sharing\">LIQUIDACI\u00d3 DEL PRESSUPOST_EXERCICI 2025<\/a><\/li>\n<li><a href=\"https:\/\/drive.google.com\/file\/d\/10Nl8jaJ0kIpTiPvQn0EV5hDwyrkssDPe\/view?usp=sharing\">PRESSUPOST_ EXERCICI 2026<\/a><\/li>\n<\/ul>\n<p>&nbsp;<\/p>\n<ul style=\"list-style-type: circle;\">\n<li><a href=\"https:\/\/drive.google.com\/file\/d\/15-kZ-gWMBowb29q_seKdMAzXe1fmPJUH\/view?usp=sharing\">LIQUIDACI\u00d3 DEL PRESSUPOST_EXERCICI 2024<\/a><\/li>\n<li><a href=\"https:\/\/drive.google.com\/file\/d\/1YfLH1cmn5joj0ArXLf_1HfXhVFAQ9P3G\/view?usp=sharing\">PRESSUPOST_EXERCICI 2025<\/a><\/li>\n<\/ul>\n<p>&nbsp;<\/p>\n<ul style=\"list-style-type: circle;\">\n<li><a href=\"https:\/\/drive.google.com\/file\/d\/17SVnjf7vBE06PgDpOedHmZVNyaKO5LV0\/view?usp=sharing\">LIQUIDACI\u00d3 DEL PRESSUPOST_EXERCICI 2023<\/a><\/li>\n<li><a href=\"https:\/\/drive.google.com\/file\/d\/1g8tBzicRwpQOY55UsQfyVfShCQhksVjL\/view?usp=sharing\">PRESSUPOST_EXERCICI 2024<\/a><\/li>\n<\/ul>\n<p>&nbsp;<\/p>\n<ul style=\"list-style-type: circle;\">\n<li><a href=\"https:\/\/drive.google.com\/file\/d\/1_rvITKGVAxQpUrUa7oj4kdh8PdNJTuuu\/view?usp=sharing\">LIQUIDACI\u00d3 DEL PRESSUPOST_EXERCICI 2022<\/a><\/li>\n<li><a href=\"https:\/\/drive.google.com\/file\/d\/1olCzSQw-ceoyTVXJFkyCbcNwFmE1Ckiy\/view?usp=sharing\">PRESSUPOST_EXERCICI 2023<\/a><\/li>\n<\/ul>\n<p>&nbsp;<\/p>\n<ul style=\"list-style-type: circle;\">\n<li><a href=\"https:\/\/drive.google.com\/file\/d\/1B4HR6hvd-LMLpYHWEJMN8jaF5UteulYf\/view?usp=sharing\">LIQUIDACI\u00d3 DEL PRESSUPOST_EXERCICI 2021<\/a><\/li>\n<li><a href=\"https:\/\/drive.google.com\/file\/d\/16ebRLMCMBWY7IwK970KuSGi3olP2W2B9\/view?usp=sharing\">PRESSUPOST_EXERCICI 2022<\/a><\/li>\n<\/ul>\n<p>&nbsp;<\/p>\n<ul style=\"list-style-type: circle;\">\n<li><a href=\"https:\/\/drive.google.com\/file\/d\/1qCzqmvJKxCz_REAyq4LJEKMia5IpND1t\/view?usp=sharing\">LIQUIDACI\u00d3 DEL PRESSUPOST_EXERCICI 2020<\/a><\/li>\n<li><a href=\"https:\/\/drive.google.com\/file\/d\/1g1xL2oZT-JyheA54ckeWG6LOibhJFdpc\/view?usp=sharing\">PRESSUPOST_EXERCICI 2021<\/a><\/li>\n<\/ul>\n<p>&nbsp;<\/p>\n<p>&nbsp;<\/p>\n<p>&nbsp;<\/p>\n","protected":false},"excerpt":{"rendered":"<p>APORTACIONS DE LES FAM\u00cdLIES &nbsp; &nbsp; &nbsp; &nbsp; &nbsp; &nbsp; &nbsp; &nbsp; EXERCICIS PRESSUPOSTARIS &nbsp; LIQUIDACI\u00d3 DEL PRESSUPOST_EXERCICI 2025 PRESSUPOST_ EXERCICI 2026 &nbsp; LIQUIDACI\u00d3 DEL PRESSUPOST_EXERCICI 2024 PRESSUPOST_EXERCICI 2025 &nbsp; LIQUIDACI\u00d3 DEL PRESSUPOST_EXERCICI 2023 PRESSUPOST_EXERCICI 2024 &nbsp; LIQUIDACI\u00d3 DEL PRESSUPOST_EXERCICI 2022 PRESSUPOST_EXERCICI 2023 &nbsp; LIQUIDACI\u00d3 DEL PRESSUPOST_EXERCICI 2021 PRESSUPOST_EXERCICI 2022 &nbsp; LIQUIDACI\u00d3 DEL PRESSUPOST_EXERCICI 2020 [&hellip;]<\/p>\n","protected":false},"author":1,"featured_media":0,"parent":0,"menu_order":0,"comment_status":"closed","ping_status":"closed","template":"","meta":{"_bbp_topic_count":0,"_bbp_reply_count":0,"_bbp_total_topic_count":0,"_bbp_total_reply_count":0,"_bbp_voice_count":0,"_bbp_anonymous_reply_count":0,"_bbp_topic_count_hidden":0,"_bbp_reply_count_hidden":0,"_bbp_forum_subforum_count":0,"site-sidebar-layout":"default","site-content-layout":"","ast-site-content-layout":"default","site-content-style":"default","site-sidebar-style":"default","ast-global-header-display":"","ast-banner-title-visibility":"","ast-main-header-display":"","ast-hfb-above-header-display":"","ast-hfb-below-header-display":"","ast-hfb-mobile-header-display":"","site-post-title":"","ast-breadcrumbs-content":"","ast-featured-img":"","footer-sml-layout":"","theme-transparent-header-meta":"default","adv-header-id-meta":"","stick-header-meta":"","header-above-stick-meta":"","header-main-stick-meta":"","header-below-stick-meta":"","astra-migrate-meta-layouts":"set","ast-page-background-enabled":"default","ast-page-background-meta":{"desktop":{"background-color":"var(--ast-global-color-4)","background-image":"","background-repeat":"repeat","background-position":"center center","background-size":"auto","background-attachment":"scroll","background-type":"","background-media":"","overlay-type":"","overlay-color":"","overlay-opacity":"","overlay-gradient":""},"tablet":{"background-color":"","background-image":"","background-repeat":"repeat","background-position":"center center","background-size":"auto","background-attachment":"scroll","background-type":"","background-media":"","overlay-type":"","overlay-color":"","overlay-opacity":"","overlay-gradient":""},"mobile":{"background-color":"","background-image":"","background-repeat":"repeat","background-position":"center center","background-size":"auto","background-attachment":"scroll","background-type":"","background-media":"","overlay-type":"","overlay-color":"","overlay-opacity":"","overlay-gradient":""}},"ast-content-background-meta":{"desktop":{"background-color":"var(--ast-global-color-5)","background-image":"","background-repeat":"repeat","background-position":"center center","background-size":"auto","background-attachment":"scroll","background-type":"","background-media":"","overlay-type":"","overlay-color":"","overlay-opacity":"","overlay-gradient":""},"tablet":{"background-color":"var(--ast-global-color-5)","background-image":"","background-repeat":"repeat","background-position":"center center","background-size":"auto","background-attachment":"scroll","background-type":"","background-media":"","overlay-type":"","overlay-color":"","overlay-opacity":"","overlay-gradient":""},"mobile":{"background-color":"var(--ast-global-color-5)","background-image":"","background-repeat":"repeat","background-position":"center center","background-size":"auto","background-attachment":"scroll","background-type":"","background-media":"","overlay-type":"","overlay-color":"","overlay-opacity":"","overlay-gradient":""}},"footnotes":""},"class_list":["post-2065","page","type-page","status-publish","hentry"],"post_mailing_queue_ids":[],"_links":{"self":[{"href":"https:\/\/agora.xtec.cat\/escolaelvapor\/wp-json\/wp\/v2\/pages\/2065","targetHints":{"allow":["GET"]}}],"collection":[{"href":"https:\/\/agora.xtec.cat\/escolaelvapor\/wp-json\/wp\/v2\/pages"}],"about":[{"href":"https:\/\/agora.xtec.cat\/escolaelvapor\/wp-json\/wp\/v2\/types\/page"}],"author":[{"embeddable":true,"href":"https:\/\/agora.xtec.cat\/escolaelvapor\/wp-json\/wp\/v2\/users\/1"}],"replies":[{"embeddable":true,"href":"https:\/\/agora.xtec.cat\/escolaelvapor\/wp-json\/wp\/v2\/comments?post=2065"}],"version-history":[{"count":6,"href":"https:\/\/agora.xtec.cat\/escolaelvapor\/wp-json\/wp\/v2\/pages\/2065\/revisions"}],"predecessor-version":[{"id":9786,"href":"https:\/\/agora.xtec.cat\/escolaelvapor\/wp-json\/wp\/v2\/pages\/2065\/revisions\/9786"}],"wp:attachment":[{"href":"https:\/\/agora.xtec.cat\/escolaelvapor\/wp-json\/wp\/v2\/media?parent=2065"}],"curies":[{"name":"wp","href":"https:\/\/api.w.org\/{rel}","templated":true}]}}