{"id":952,"date":"2017-02-07T13:02:17","date_gmt":"2017-02-07T12:02:17","guid":{"rendered":"http:\/\/blocs.xtec.cat\/escolaelturobiguesiriells\/?page_id=852"},"modified":"2024-03-02T22:41:57","modified_gmt":"2024-03-02T21:41:57","slug":"lecxit","status":"publish","type":"page","link":"https:\/\/agora.xtec.cat\/escolaelturobiguesiriells\/projectes\/lecxit\/","title":{"rendered":"LECXIT"},"content":{"rendered":"<p><a href=\"https:\/\/drive.google.com\/file\/d\/1z_IhPUq_fH8pHagBJh7IyquoeF3iw_lT\/view?usp=sharing\"><img loading=\"lazy\" decoding=\"async\" class=\"size-full wp-image-855 alignleft\" src=\"http:\/\/agora.xtec.cat\/escolaelturobiguesiriells\/wp-content\/uploads\/usu1576\/2017\/02\/imatges.png\" alt=\"imatges\" width=\"225\" height=\"225\" \/><br \/>\n<\/a><\/p>\n<p><strong><span style=\"color: #99cc00;\">Qu\u00e8 \u00e9s LECXIT?<\/span><\/strong><br \/>\nLECXIT vol millorar la comprensi\u00f3 lectora dels infants involucrant escoles, fam\u00edlies i voluntariat.<\/p>\n<p>LECXIT \u00e9s un programa que t\u00e9 per objectiu incrementar l&#8217;\u00e8xit educatiu dels infants a trav\u00e9s del treball per la millora de la seva comprensi\u00f3 lectora. La clau del programa est\u00e0 en treballar de forma l\u00fadica i amena gr\u00e0cies al voluntariat i a la implicaci\u00f3 de l&#8217;entorn dels nens i nenes que hi participen. El projecte es va iniciar el curs 2011-2012 amb una participaci\u00f3 de 10 escoles i en els seg\u00fcents cursos el nombre de centres no ha parat de cr\u00e9ixer.<\/p>\n<p>A l\u2019escola El Tur\u00f3 vam iniciar el LECXIT el curs\u00a0 2015-16, encoratjats pel nostre LIC de zona, el Sr. Josep Vila, del Departament d\u2019Educaci\u00f3. Va ser ell qui ens present\u00e0 aquest projecte, que va ser ideat per la Fundaci\u00f3 Bofill. Per engegar-lo vam tenir la col\u00b7laboraci\u00f3 de l\u2019AMPA del centre, l\u2019Ajuntament de Bigues i Riells i la Biblioteca municipal.<\/p>\n<p>LECXIT \u00e9s \u00a0un projecte extraescolar de lectura amb voluntaris. A la nostra escola l\u2019adrecem als\/les alumnes de 4t, 5\u00e8 i 6\u00e8. Actualment,\u00a0 el voluntariat es coordina des de la biblioteca municipal. El LECXIT es realitza a la biblioteca de Bigues i Riells del Fai. LECXIT va tenir molt bona acollida entre els\/les alumnes, mestres i fam\u00edlies i s\u2019ha valorat molt b\u00e9 per tots els sectors. Hem gaudit tots de les cloendes d\u2019escola a les quals han assistit la majoria de fam\u00edlies i molts membres de la Comunitat Educativa.<\/p>\n<p>Volem agrair des de l\u2019escola El Tur\u00f3 a tothom que fa possible el projecte de fer gaudir de la lectura als nostres i les nostres alumnes i especialment al voluntariat, ja que sense aquest el projecte no seria possible. Tamb\u00e9 els nostres agra\u00efments a la biblioteca municipal, que posa a disposici\u00f3 el seu fons cultural pels nostres nous lectors.<\/p>\n<p><a href=\"https:\/\/photos.app.goo.gl\/BBfZFEuFTMeD23x37\"><img loading=\"lazy\" decoding=\"async\" class=\"aligncenter size-full wp-image-1632\" src=\"https:\/\/agora.xtec.cat\/escolaelturobiguesiriells\/wp-content\/uploads\/usu1576\/2018\/11\/DSC00190.jpg\" alt=\"\" width=\"640\" height=\"480\" srcset=\"https:\/\/agora.xtec.cat\/escolaelturobiguesiriells\/wp-content\/uploads\/usu1576\/2018\/11\/DSC00190.jpg 640w, https:\/\/agora.xtec.cat\/escolaelturobiguesiriells\/wp-content\/uploads\/usu1576\/2018\/11\/DSC00190-300x225.jpg 300w, https:\/\/agora.xtec.cat\/escolaelturobiguesiriells\/wp-content\/uploads\/usu1576\/2018\/11\/DSC00190-200x150.jpg 200w\" sizes=\"auto, (max-width: 640px) 100vw, 640px\" \/><\/a><\/p>\n","protected":false},"excerpt":{"rendered":"<p>Qu\u00e8 \u00e9s LECXIT? LECXIT vol millorar la comprensi\u00f3 lectora dels infants involucrant escoles, fam\u00edlies i voluntariat. LECXIT \u00e9s un programa que t\u00e9 per objectiu incrementar l&#8217;\u00e8xit educatiu dels infants a trav\u00e9s del treball per la millora de la seva comprensi\u00f3 lectora. La clau del programa est\u00e0 en treballar de forma l\u00fadica i amena gr\u00e0cies al [&hellip;]<\/p>\n","protected":false},"author":1,"featured_media":0,"parent":203,"menu_order":0,"comment_status":"closed","ping_status":"closed","template":"page-templates\/side-menu.php","meta":{"_bbp_topic_count":0,"_bbp_reply_count":0,"_bbp_total_topic_count":0,"_bbp_total_reply_count":0,"_bbp_voice_count":0,"_bbp_anonymous_reply_count":0,"_bbp_topic_count_hidden":0,"_bbp_reply_count_hidden":0,"_bbp_forum_subforum_count":0,"site-sidebar-layout":"default","site-content-layout":"","ast-site-content-layout":"","site-content-style":"default","site-sidebar-style":"default","ast-global-header-display":"","ast-banner-title-visibility":"","ast-main-header-display":"","ast-hfb-above-header-display":"","ast-hfb-below-header-display":"","ast-hfb-mobile-header-display":"","site-post-title":"","ast-breadcrumbs-content":"","ast-featured-img":"","footer-sml-layout":"","theme-transparent-header-meta":"","adv-header-id-meta":"","stick-header-meta":"","header-above-stick-meta":"","header-main-stick-meta":"","header-below-stick-meta":"","astra-migrate-meta-layouts":"default","ast-page-background-enabled":"default","ast-page-background-meta":{"desktop":{"background-color":"var(--ast-global-color-4)","background-image":"","background-repeat":"repeat","background-position":"center center","background-size":"auto","background-attachment":"scroll","background-type":"","background-media":"","overlay-type":"","overlay-color":"","overlay-opacity":"","overlay-gradient":""},"tablet":{"background-color":"","background-image":"","background-repeat":"repeat","background-position":"center center","background-size":"auto","background-attachment":"scroll","background-type":"","background-media":"","overlay-type":"","overlay-color":"","overlay-opacity":"","overlay-gradient":""},"mobile":{"background-color":"","background-image":"","background-repeat":"repeat","background-position":"center center","background-size":"auto","background-attachment":"scroll","background-type":"","background-media":"","overlay-type":"","overlay-color":"","overlay-opacity":"","overlay-gradient":""}},"ast-content-background-meta":{"desktop":{"background-color":"var(--ast-global-color-5)","background-image":"","background-repeat":"repeat","background-position":"center center","background-size":"auto","background-attachment":"scroll","background-type":"","background-media":"","overlay-type":"","overlay-color":"","overlay-opacity":"","overlay-gradient":""},"tablet":{"background-color":"var(--ast-global-color-5)","background-image":"","background-repeat":"repeat","background-position":"center center","background-size":"auto","background-attachment":"scroll","background-type":"","background-media":"","overlay-type":"","overlay-color":"","overlay-opacity":"","overlay-gradient":""},"mobile":{"background-color":"var(--ast-global-color-5)","background-image":"","background-repeat":"repeat","background-position":"center center","background-size":"auto","background-attachment":"scroll","background-type":"","background-media":"","overlay-type":"","overlay-color":"","overlay-opacity":"","overlay-gradient":""}},"footnotes":""},"class_list":["post-952","page","type-page","status-publish","hentry"],"post_mailing_queue_ids":[],"_links":{"self":[{"href":"https:\/\/agora.xtec.cat\/escolaelturobiguesiriells\/wp-json\/wp\/v2\/pages\/952","targetHints":{"allow":["GET"]}}],"collection":[{"href":"https:\/\/agora.xtec.cat\/escolaelturobiguesiriells\/wp-json\/wp\/v2\/pages"}],"about":[{"href":"https:\/\/agora.xtec.cat\/escolaelturobiguesiriells\/wp-json\/wp\/v2\/types\/page"}],"author":[{"embeddable":true,"href":"https:\/\/agora.xtec.cat\/escolaelturobiguesiriells\/wp-json\/wp\/v2\/users\/1"}],"replies":[{"embeddable":true,"href":"https:\/\/agora.xtec.cat\/escolaelturobiguesiriells\/wp-json\/wp\/v2\/comments?post=952"}],"version-history":[{"count":6,"href":"https:\/\/agora.xtec.cat\/escolaelturobiguesiriells\/wp-json\/wp\/v2\/pages\/952\/revisions"}],"predecessor-version":[{"id":7692,"href":"https:\/\/agora.xtec.cat\/escolaelturobiguesiriells\/wp-json\/wp\/v2\/pages\/952\/revisions\/7692"}],"up":[{"embeddable":true,"href":"https:\/\/agora.xtec.cat\/escolaelturobiguesiriells\/wp-json\/wp\/v2\/pages\/203"}],"wp:attachment":[{"href":"https:\/\/agora.xtec.cat\/escolaelturobiguesiriells\/wp-json\/wp\/v2\/media?parent=952"}],"curies":[{"name":"wp","href":"https:\/\/api.w.org\/{rel}","templated":true}]}}