{"id":821,"date":"2014-01-10T14:32:36","date_gmt":"2014-01-10T13:32:36","guid":{"rendered":"http:\/\/blocs.xtec.cat\/escolaelturobiguesiriells\/?page_id=127"},"modified":"2024-07-31T16:05:03","modified_gmt":"2024-07-31T14:05:03","slug":"situacio","status":"publish","type":"page","link":"https:\/\/agora.xtec.cat\/escolaelturobiguesiriells\/escola-2\/situacio\/","title":{"rendered":"Situaci\u00f3"},"content":{"rendered":"<p><a href=\"https:\/\/goo.gl\/maps\/cJiMuvDMkEB2\" target=\"_blank\" rel=\"noopener\">CLIQUEU AQU\u00cd PER SABER COM ARRIBAR A LA NOSTRA ESCOLA<\/a>.<\/p>\n<p style=\"text-align: justify;\">El poble: <strong>Bigues i Riells<\/strong>\u00a0\u00e9s un\u00a0<a href=\"https:\/\/ca.wikipedia.org\/wiki\/Municipi\">municipi<\/a>\u00a0 format per dos pobles, situat \u00a0al sector nord-oest de la <a href=\"https:\/\/ca.wikipedia.org\/wiki\/Comarca\">comarca<\/a>\u00a0al\u00a0<a href=\"https:\/\/ca.wikipedia.org\/wiki\/Vall%C3%A8s_Oriental\">Vall\u00e8s Oriental<\/a>. Actualment t\u00e9 la capitalitat a Bigues. Tres s\u00f3n les unitats b\u00e0siques que formen el terme: el territori del poble de\u00a0<a href=\"https:\/\/ca.wikipedia.org\/wiki\/Bigues_(poble_del_Vall%C3%A8s)\">Bigues<\/a>, el del de\u00a0<a href=\"https:\/\/ca.wikipedia.org\/wiki\/Riells_del_Fai\">Riells del Fai<\/a>,\u00a0i el de l&#8217;antiga parr\u00f2quia de\u00a0<a href=\"https:\/\/ca.wikipedia.org\/wiki\/Sant_Mateu_de_Montbui\">Sant Mateu de Montbui<\/a>. Bigues i Riells\u00a0t\u00e9 una extensi\u00f3 de 28,6\u00a0km\u00b2, una altitud de 280 m, i 8.858 habitants (2018). Est\u00e0 ubicat en un entorn privilegiat, envoltat de bosc, al peu dels cingles del Bert\u00ed i situat a banda i banda del riu\u00a0<a href=\"https:\/\/ca.wikipedia.org\/wiki\/El_Tenes\">Tenes<\/a>, eix vertebral del terme, que el travessa de nord-oest a sud-est, creant al seu pas la Vall del Tenes. Pertany al terme municipal l&#8217;antic monestir benedict\u00ed de\u00a0<a href=\"https:\/\/ca.wikipedia.org\/wiki\/Sant_Miquel_del_Fai\">Sant Miquel del Fai<\/a>. L\u2019acc\u00e9s al municipi es pot efectuar per dues vies principals: carretera local BP 1432 des de l\u2019Ametlla del Vall\u00e8s, o des de Sant Feliu de Codines, i la BV 1602 des de Santa Eul\u00e0lia de Ron\u00e7ana. Bigues i Riells es troba a 40km de Vic, a 35km de Barcelona i a 15km de Granollers. No tenim tren, i la mobilitat es planteja amb autobusos de l\u00ednea. discrecional de Sagal\u00e8s.<\/p>\n<p><img loading=\"lazy\" decoding=\"async\" class=\"aligncenter size-medium wp-image-2201\" src=\"https:\/\/agora.xtec.cat\/escolaelturobiguesiriells\/wp-content\/uploads\/usu1576\/2019\/03\/PICT1249-225x300.jpg\" alt=\"\" width=\"225\" height=\"300\" srcset=\"https:\/\/agora.xtec.cat\/escolaelturobiguesiriells\/wp-content\/uploads\/usu1576\/2019\/03\/PICT1249-225x300.jpg 225w, https:\/\/agora.xtec.cat\/escolaelturobiguesiriells\/wp-content\/uploads\/usu1576\/2019\/03\/PICT1249-768x1024.jpg 768w, https:\/\/agora.xtec.cat\/escolaelturobiguesiriells\/wp-content\/uploads\/usu1576\/2019\/03\/PICT1249.jpg 1944w\" sizes=\"auto, (max-width: 225px) 100vw, 225px\" \/><\/p>\n<p><img loading=\"lazy\" decoding=\"async\" class=\"aligncenter size-medium wp-image-2200\" src=\"https:\/\/agora.xtec.cat\/escolaelturobiguesiriells\/wp-content\/uploads\/usu1576\/2019\/03\/MVC-014F-300x225.jpg\" alt=\"\" width=\"300\" height=\"225\" srcset=\"https:\/\/agora.xtec.cat\/escolaelturobiguesiriells\/wp-content\/uploads\/usu1576\/2019\/03\/MVC-014F-300x225.jpg 300w, https:\/\/agora.xtec.cat\/escolaelturobiguesiriells\/wp-content\/uploads\/usu1576\/2019\/03\/MVC-014F-200x150.jpg 200w, https:\/\/agora.xtec.cat\/escolaelturobiguesiriells\/wp-content\/uploads\/usu1576\/2019\/03\/MVC-014F.jpg 640w\" sizes=\"auto, (max-width: 300px) 100vw, 300px\" \/><\/p>\n<p><img loading=\"lazy\" decoding=\"async\" class=\"aligncenter size-medium wp-image-2199\" src=\"https:\/\/agora.xtec.cat\/escolaelturobiguesiriells\/wp-content\/uploads\/usu1576\/2019\/03\/Bigues_i_Riells._Bigues._El_Tur\u00f3_de_Bigues-300x225.jpg\" alt=\"\" width=\"300\" height=\"225\" srcset=\"https:\/\/agora.xtec.cat\/escolaelturobiguesiriells\/wp-content\/uploads\/usu1576\/2019\/03\/Bigues_i_Riells._Bigues._El_Tur\u00f3_de_Bigues-300x225.jpg 300w, https:\/\/agora.xtec.cat\/escolaelturobiguesiriells\/wp-content\/uploads\/usu1576\/2019\/03\/Bigues_i_Riells._Bigues._El_Tur\u00f3_de_Bigues-768x576.jpg 768w, https:\/\/agora.xtec.cat\/escolaelturobiguesiriells\/wp-content\/uploads\/usu1576\/2019\/03\/Bigues_i_Riells._Bigues._El_Tur\u00f3_de_Bigues-1024x768.jpg 1024w, https:\/\/agora.xtec.cat\/escolaelturobiguesiriells\/wp-content\/uploads\/usu1576\/2019\/03\/Bigues_i_Riells._Bigues._El_Tur\u00f3_de_Bigues-200x150.jpg 200w\" sizes=\"auto, (max-width: 300px) 100vw, 300px\" \/><\/p>\n","protected":false},"excerpt":{"rendered":"<p>CLIQUEU AQU\u00cd PER SABER COM ARRIBAR A LA NOSTRA ESCOLA. El poble: Bigues i Riells\u00a0\u00e9s un\u00a0municipi\u00a0 format per dos pobles, situat \u00a0al sector nord-oest de la comarca\u00a0al\u00a0Vall\u00e8s Oriental. Actualment t\u00e9 la capitalitat a Bigues. Tres s\u00f3n les unitats b\u00e0siques que formen el terme: el territori del poble de\u00a0Bigues, el del de\u00a0Riells del Fai,\u00a0i el de [&hellip;]<\/p>\n","protected":false},"author":1,"featured_media":0,"parent":123,"menu_order":2,"comment_status":"open","ping_status":"closed","template":"page-templates\/side-menu.php","meta":{"_bbp_topic_count":0,"_bbp_reply_count":0,"_bbp_total_topic_count":0,"_bbp_total_reply_count":0,"_bbp_voice_count":0,"_bbp_anonymous_reply_count":0,"_bbp_topic_count_hidden":0,"_bbp_reply_count_hidden":0,"_bbp_forum_subforum_count":0,"site-sidebar-layout":"default","site-content-layout":"","ast-site-content-layout":"","site-content-style":"default","site-sidebar-style":"default","ast-global-header-display":"","ast-banner-title-visibility":"","ast-main-header-display":"","ast-hfb-above-header-display":"","ast-hfb-below-header-display":"","ast-hfb-mobile-header-display":"","site-post-title":"","ast-breadcrumbs-content":"","ast-featured-img":"","footer-sml-layout":"","theme-transparent-header-meta":"","adv-header-id-meta":"","stick-header-meta":"","header-above-stick-meta":"","header-main-stick-meta":"","header-below-stick-meta":"","astra-migrate-meta-layouts":"default","ast-page-background-enabled":"default","ast-page-background-meta":{"desktop":{"background-color":"var(--ast-global-color-4)","background-image":"","background-repeat":"repeat","background-position":"center center","background-size":"auto","background-attachment":"scroll","background-type":"","background-media":"","overlay-type":"","overlay-color":"","overlay-opacity":"","overlay-gradient":""},"tablet":{"background-color":"","background-image":"","background-repeat":"repeat","background-position":"center center","background-size":"auto","background-attachment":"scroll","background-type":"","background-media":"","overlay-type":"","overlay-color":"","overlay-opacity":"","overlay-gradient":""},"mobile":{"background-color":"","background-image":"","background-repeat":"repeat","background-position":"center center","background-size":"auto","background-attachment":"scroll","background-type":"","background-media":"","overlay-type":"","overlay-color":"","overlay-opacity":"","overlay-gradient":""}},"ast-content-background-meta":{"desktop":{"background-color":"var(--ast-global-color-5)","background-image":"","background-repeat":"repeat","background-position":"center center","background-size":"auto","background-attachment":"scroll","background-type":"","background-media":"","overlay-type":"","overlay-color":"","overlay-opacity":"","overlay-gradient":""},"tablet":{"background-color":"var(--ast-global-color-5)","background-image":"","background-repeat":"repeat","background-position":"center center","background-size":"auto","background-attachment":"scroll","background-type":"","background-media":"","overlay-type":"","overlay-color":"","overlay-opacity":"","overlay-gradient":""},"mobile":{"background-color":"var(--ast-global-color-5)","background-image":"","background-repeat":"repeat","background-position":"center center","background-size":"auto","background-attachment":"scroll","background-type":"","background-media":"","overlay-type":"","overlay-color":"","overlay-opacity":"","overlay-gradient":""}},"footnotes":""},"class_list":["post-821","page","type-page","status-publish","hentry"],"post_mailing_queue_ids":[],"_links":{"self":[{"href":"https:\/\/agora.xtec.cat\/escolaelturobiguesiriells\/wp-json\/wp\/v2\/pages\/821","targetHints":{"allow":["GET"]}}],"collection":[{"href":"https:\/\/agora.xtec.cat\/escolaelturobiguesiriells\/wp-json\/wp\/v2\/pages"}],"about":[{"href":"https:\/\/agora.xtec.cat\/escolaelturobiguesiriells\/wp-json\/wp\/v2\/types\/page"}],"author":[{"embeddable":true,"href":"https:\/\/agora.xtec.cat\/escolaelturobiguesiriells\/wp-json\/wp\/v2\/users\/1"}],"replies":[{"embeddable":true,"href":"https:\/\/agora.xtec.cat\/escolaelturobiguesiriells\/wp-json\/wp\/v2\/comments?post=821"}],"version-history":[{"count":5,"href":"https:\/\/agora.xtec.cat\/escolaelturobiguesiriells\/wp-json\/wp\/v2\/pages\/821\/revisions"}],"predecessor-version":[{"id":7944,"href":"https:\/\/agora.xtec.cat\/escolaelturobiguesiriells\/wp-json\/wp\/v2\/pages\/821\/revisions\/7944"}],"up":[{"embeddable":true,"href":"https:\/\/agora.xtec.cat\/escolaelturobiguesiriells\/wp-json\/wp\/v2\/pages\/123"}],"wp:attachment":[{"href":"https:\/\/agora.xtec.cat\/escolaelturobiguesiriells\/wp-json\/wp\/v2\/media?parent=821"}],"curies":[{"name":"wp","href":"https:\/\/api.w.org\/{rel}","templated":true}]}}