{"id":820,"date":"2014-01-10T14:32:12","date_gmt":"2014-01-10T13:32:12","guid":{"rendered":"http:\/\/blocs.xtec.cat\/escolaelturobiguesiriells\/?page_id=125"},"modified":"2025-03-12T21:17:19","modified_gmt":"2025-03-12T20:17:19","slug":"historia","status":"publish","type":"page","link":"https:\/\/agora.xtec.cat\/escolaelturobiguesiriells\/escola-2\/historia\/","title":{"rendered":"Hist\u00f2ria"},"content":{"rendered":"<p><img loading=\"lazy\" decoding=\"async\" class=\"aligncenter size-full wp-image-1218\" src=\"http:\/\/agora.xtec.cat\/escolaelturobiguesiriells\/wp-content\/uploads\/usu1576\/2018\/02\/IMG_7163.jpg\" alt=\"\" width=\"3264\" height=\"2448\" srcset=\"https:\/\/agora.xtec.cat\/escolaelturobiguesiriells\/wp-content\/uploads\/usu1576\/2018\/02\/IMG_7163.jpg 3264w, https:\/\/agora.xtec.cat\/escolaelturobiguesiriells\/wp-content\/uploads\/usu1576\/2018\/02\/IMG_7163-300x225.jpg 300w, https:\/\/agora.xtec.cat\/escolaelturobiguesiriells\/wp-content\/uploads\/usu1576\/2018\/02\/IMG_7163-768x576.jpg 768w, https:\/\/agora.xtec.cat\/escolaelturobiguesiriells\/wp-content\/uploads\/usu1576\/2018\/02\/IMG_7163-1024x768.jpg 1024w, https:\/\/agora.xtec.cat\/escolaelturobiguesiriells\/wp-content\/uploads\/usu1576\/2018\/02\/IMG_7163-200x150.jpg 200w\" sizes=\"auto, (max-width: 3264px) 100vw, 3264px\" \/><\/p>\n<p>L&#8217;escola <span style=\"font-size: large;\">El Tur\u00f3<\/span> es diu aix\u00ed des que es va inaugurar l&#8217;edifici de l&#8217;Escola Graduada Mixta a dalt del carrer Catalunya, al barri del Tur\u00f3, l&#8217;any 1977, segons el BOE de l&#8217;\u00e8poca.<\/p>\n<p>Molt a prop, sota l&#8217;edifici dels Amics de la Uni\u00f3, avui abandonat i mig enderrocat, hi havia hagut una escola unit\u00e0ria de nens i una escola unit\u00e0ria de nenes. Li deien els galliners ja que havien ocupat uns antics galliners.<\/p>\n<p>En aquells anys, i des dels primers temps d&#8217;ocupaci\u00f3 humana a Bigues, es concentrava tota la vida del poble en aquell indret per ser un lloc estrat\u00e8gic des d&#8217;on es divisava el vessant de la muntanya que va a morir al riu Tenes.<\/p>\n<p>El barri de la Sagrera era el nucli on la gent es trobava a les misses de diumenge, a les noces, als batejos, als enterraments&#8230; Hi havia la parr\u00f2quia de Sant Pere i Sant Pau de Bigues, l&#8217;Ajuntament, la Masia de Ca l&#8217;Adzet, que cedia la seva sala pels balls de festa major, l&#8217;escola&#8230; Fins i tot un carro amb el peix aparcava regularment a la pla\u00e7a de l&#8217;esgl\u00e9sia per vendre els seus productes.<\/p>\n<p>\u00c9s per aix\u00f2 que la gent gran encara diuen \u201cvaig dalt a Bigues\u201d, referint-se a aquest lloc.<\/p>\n<p>Ja des de llavors, la hist\u00f2ria de l&#8217;escola Tur\u00f3 \u00e9s la hist\u00f2ria dels canvis i les adaptacions darrera de l&#8217;ocupaci\u00f3 d&#8217;espais necessaris per a donar servei de qualitat als i a les alumnes del poble. En diferents moments, es van repartir alumnes a Riells, a l&#8217; antic parvulari i antic casal d&#8217;avis, i a punt vam ser d&#8217;anar a Santa Eul\u00e0lia amb alguns nivells.<\/p>\n<p>L&#8217;any 1989 s&#8217;inaugur\u00e0 l&#8217;actual escola El TUR\u00d3 pel Conseller Laporta. L&#8217;escola ja no era al barri del Tur\u00f3, ni tampoc al tur\u00f3 de cap muntanya, i mentre es constru\u00efa, ja s&#8217;havia quedat petita davant la demanda de matr\u00edcula.<\/p>\n<p>Ara l&#8217;escola s&#8217;establia als terrenys de Can Badell, per\u00f2 aviat es tornaria a ocupar l&#8217;escola antiga del Tur\u00f3 i es posarien v\u00e0ries cargoleres ocupant el que avui \u00e9s l&#8217;edifici 3.<\/p>\n<p>L&#8217;escola es va anar ampliant des de finals dels anys noranta del segle passat fins el 2009, l&#8217;any de cobertura de la pista 2 per part de l&#8217;Ajuntament.<\/p>\n<p>En fer les obres d&#8217;ampliaci\u00f3 de l&#8217;edifici 3, l&#8217;any 2006-2007, redescobr\u00edrem les restes d&#8217;una f\u00e0brica de cer\u00e0mica ibera, el forn de la qual era a Can Granada. De Bigues sortien c\u00e0ntirs que s&#8217;embarcaven a Premi\u00e0 de Mar cap a It\u00e0lia.<\/p>\n<p><span style=\"color: #0000ff;\">EL CURS 1977<\/span><\/p>\n<p>Es publica al BOE la creaci\u00f3 de l&#8217;Escola El Tur\u00f3 i a partir d&#8217;aquesta data es fusiona l&#8217;escola de nens i la de nenes i es converteix en escola graduada mixta.<\/p>\n<p><span style=\"color: #0000ff;\">EL CURS 1989<\/span><\/p>\n<p>S&#8217;inaugura l&#8217;escola als actuals terrenys de Can Badell.<em id=\"__mceDel\"><em id=\"__mceDel\"><i><br \/>\n<\/i><\/em><\/em><\/p>\n<p><span style=\"color: #0000ff;\">EL CURS 2000-01<\/span><\/p>\n<p>Nom\u00e9s hi ha dos cursos triplicats: P3 i 1r<em id=\"__mceDel\"><em id=\"__mceDel\"><i><br \/>\n<\/i><\/em><\/em><\/p>\n<p><span style=\"color: #0000ff;\">EL CURS 2002-2003<\/span><\/p>\n<p>A l&#8217;inici de la nova ampliaci\u00f3, apareixen restes iberes a l&#8217;antic pati d&#8217;Educaci\u00f3 Infantil. Els alumnes de quart aprofitaren per treballar aquesta descoberta.<em id=\"__mceDel\"><em id=\"__mceDel\"><i><br \/>\n<\/i><\/em><\/em><\/p>\n<p><span style=\"color: #0000ff;\">EL CURS 2003-04<\/span><\/p>\n<p>Nom\u00e9s queden 3r i 5\u00e8 doblats, la resta de nivells ja s\u00f3n de tres l\u00ednies.<br \/>\nL&#8217;escola s&#8217;amplia amb l&#8217;edifici 2 i fem l&#8217;acte de posar \u201cla primera pedra\u201d.<em id=\"__mceDel\"><em id=\"__mceDel\"><i><br \/>\n<\/i><\/em><\/em><\/p>\n<p><span style=\"color: #0000ff;\">EL CURS 2004-2005<\/span><\/p>\n<p>Tenim un P3 quadruplicat&#8230; Al setembre comen\u00e7ar\u00e0 la segona escola del municipi i tornarem a ser tres l\u00ednies a P3.<\/p>\n<p><span style=\"color: #0000ff;\">EL CURS 2006-2007<\/span><br \/>\nS&#8217;amplia el tercer edifici de l&#8217;escola, el menjador escolar i es renova la cuina. Es construeixen els vestidors i el magatzem nous.<br \/>\nTamb\u00e9 s&#8217;amplia en una segona pista el pati escolar.<em id=\"__mceDel\"><em id=\"__mceDel\"><em id=\"__mceDel\"><i><br \/>\n<\/i><\/em><\/em><\/em><\/p>\n<p><span style=\"color: #0000ff;\">EL CURS 2008-2009<\/span><br \/>\nTenim un 3r quadruplicat que marxar\u00e0 a 6\u00e8 el curs 2011-2012.<br \/>\nEs cobreix per part de l&#8217;Ajuntament la segona pista constru\u00efda el 2006-2007. Es converteix aix\u00ed en una pista coberta que funcionar\u00e0 en horari lectiu pel centre i com un segon pavell\u00f3 municipal en horari extraescolar. A partir d&#8217;aleshores es dir\u00e0 &#8220;pista 2 coberta&#8221; o el &#8220;globus&#8221;.<\/p>\n<p><span style=\"color: #0000ff;\">EL CURS 2010-2011<\/span><\/p>\n<p>Aquest curs som tres l\u00ednies de P3 a 5\u00e8, quatre l\u00ednies a 6\u00e8 i una USEE (Unitat\u00a0 de Suport d\u2019Educaci\u00f3 Especial).<\/p>\n<p><span style=\"color: #0000ff;\">EL CURS 2011-2012<\/span><\/p>\n<p>Aquest curs fem la festa de comiat de les quatre l\u00ednies de 6\u00e8.<\/p>\n<p>Es renova el distintiu d\u2019Escola Verda de la Generalitat.<\/p>\n<p><span style=\"color: #0000ff;\">EL CURS 2012-2013<\/span><\/p>\n<p>Aquest curs som tres l\u00ednies de P3 a 6\u00e8 i una USEE.<\/p>\n<p><span style=\"color: #0000ff;\">EL CURS 2013-2014<\/span><\/p>\n<p>Va ser el primer curs en que, per primer cop en molts anys, nom\u00e9s vam tenir una l\u00ednea de P3, aix\u00f2 s\u00ed, amb 29 alumnes.\u00a0 Aquesta l\u00ednia es recuperaria i es tornaria a duplicar quan els alumnes arribessin a primer nivell.<\/p>\n<p><span style=\"color: #0000ff;\">EL CURS 2014-2015<\/span><\/p>\n<p>Vam celebrar amb una gran festa els 25 anys de l\u2019escola El Tur\u00f3 a l\u2019ubicaci\u00f3 dels terrenys de Can Badell.<\/p>\n<p><span style=\"color: #0000ff;\">EL CURS 2015-2016<\/span><\/p>\n<p>L\u2019estiu de 2016, el Departament d\u2019Ensenyament ens duplic\u00e0 la l\u00ednia que havia pujat \u00fanica des de P3.\u00a0 El mes de setembre comen\u00e7aren dos primers.<\/p>\n<p>Presentant la s\u00edntesi del treball fet en aquest \u00e0mbit, es renov\u00e0 el distintiu d\u2019Escola Verda de la Generalitat.<\/p>\n<p><span style=\"color: #0000ff;\">EL CURS 2016-2017<\/span><\/p>\n<p>El Departament d\u2019Ensenyament, consider\u00e0 que la nostra USEE, que funcionava des del curs 2007-2008, com un recurs de zona, ha de traslladar-se a La Garriga, on hi ha continu\u00eftat pels alumnes amb un IES i amb USEE tamb\u00e9. A partir del curs seg\u00fcent, amb el nou decret d\u2019Inclusi\u00f3,\u00a0 aquestes USEE es diran SIEI.<\/p>\n<p><span style=\"color: #0000ff;\">EL CURS 2017-2018<\/span><\/p>\n<p>La l\u00ednia \u00fanica de P3 arriba a Educaci\u00f3 Prim\u00e0ria i \u00e9s la primera vegada en molts anys que nom\u00e9s tenim un primer de prim\u00e0ria.<\/p>\n<p><span style=\"color: #0000ff;\">EL CURS 2018-2019<\/span><\/p>\n<p>Aquest curs tenim una l\u00ednia a P3, P4, P5 i 1r, dues l\u00ednies a 3r, 4t i 5\u00e8, i tres l\u00ednies a 6\u00e8.<\/p>\n<p>Presentant la s\u00edntesi del treball fet en aquest \u00e0mbit, es renov\u00e0 el distintiu d\u2019Escola Verda de la Generalitat.<\/p>\n<p><span style=\"color: #0000ff;\">CURS 2019-2020<\/span><\/p>\n<p>El 13 de mar\u00e7 de 2020 es decreta el tancament de les escoles a causa de la COVID19. En un principi hav\u00edem de tancar per 15 dies, per\u00f2 el nombre de contangis pel coronavirus arreu del pa\u00eds i, en general de tot el m\u00f3n, va fer que l&#8217;ensenyament presencial no fos possible pel que quedava de curs. Tant El Tur\u00f3 com altres escoles d&#8217;arreu del territori ens vam haver de reinventar tot apostant per una educaci\u00f3 a dist\u00e0ncia sense perdre de vista el seguiment emocional tant de l&#8217;alumnat com de les fam\u00edlies. L&#8217;equip docent va fer un gran esfor\u00e7 perqu\u00e8 aix\u00f2 fos possible.<\/p>\n<p>Es van haver de cancel\u00b7lar activitats com la Cant\u00e0nia, col\u00f2nies a la majoria de nivells i el comiat dels m\u00e9s grans de l&#8217;escola, que passarien a l&#8217;institut sense haver tingut l&#8217;escalf de la comunitat educativa de l&#8217;escola.<\/p>\n<p>Aquest curs escolar no vam poder renovar el distintiu d&#8217;Escola Verda.<\/p>\n<p><span style=\"color: #3366ff;\">CURS 2020 -2021<\/span><\/p>\n<p>Canvia la direcci\u00f3 de l&#8217;escola, en qu\u00e8 es renova la totalitat de l&#8217;equip directiu.<\/p>\n<p>Iniciem el curs amb mesures COVID. Per indicacions del Departament d&#8217;Educaci\u00f3 i del Departament de Salut, hem de tenir grups bombolla i seguir un pla exhaustiu de neteja. Cada vegada que hi ha un cas de covid cal confinar el grup i els i les mestres que han tingut contacte. \u00c9s un curs dif\u00edcil on es prioritza la seguretat per davant de tot.<\/p>\n<p>Es recupera el distintiu d&#8217;Escola Verda.<\/p>\n<p>Inaugurem R\u00e0dio El Tur\u00f3.<\/p>\n<p>Formem part per primera vegada del projecte d&#8217;emprenedoria escolar CUEME.<\/p>\n<p>Aquest curs entrem a formar part del projecte d&#8217;innovaci\u00f3 &#8220;PACTE&#8221;, o conegut tamb\u00e9 per &#8220;Laboratori de Transformaci\u00f3 Educativa&#8221; amb l&#8217;objectiu d&#8217;avan\u00e7ar cap a nous reptes.<\/p>\n<p>S&#8217;inicia l&#8217;Estrat\u00e8gia Digial de Centre.<\/p>\n<p><span style=\"color: #3366ff;\">CURS 21-22<\/span><\/p>\n<p>Aquest curs es comen\u00e7a amb normalitat.<\/p>\n<p>Continuem dintre del programa d&#8217;innovaci\u00f3 PACTE.<\/p>\n<p>Ens engresquem a formar part del programa ERASMUS+ coordinat pel CRP i en el que formen part tamb\u00e9 altres centres de la zona. Gr\u00e0cies a aquest projecte, dues mestres de l&#8217;escola poden viatjar a Finl\u00e0ndia i It\u00e0lia per tal d&#8217;omplir una motxilla de coneixements que aportaran posteriorment a la nostra escola.<\/p>\n<p><span style=\"color: #3366ff;\">CURS 22-23<\/span><\/p>\n<p>Presentem el nostre projecte ERASMUS+ i \u00e9s acceptat, per\u00f2 quedem en llista d&#8217;espera per poder dur-lo a terme.<\/p>\n<p><span style=\"color: #3366ff;\">CURS 23-24<\/span><\/p>\n<p>La nostra escola \u00e9s d&#8217;una l\u00ednia en la seva totalitat.<\/p>\n<p>Iniciem el projecte de patis coeducatius, inclusius i sostenibles en el que hi participa tota la comunitat educativa.<\/p>\n<p><span style=\"color: #3366ff;\">CURS 25-26<\/span><\/p>\n<p>El projecte patis es fa m\u00e9s visible ja que els vestim amb divertides estructures i nous espais de joc.<\/p>\n<p>S&#8217;instal\u00b7len panells interactius digitals a totes les aules ordin\u00e0ries (tutories), que \u00e9s possible gr\u00e0cies al fons europeu MRR.<\/p>\n<p>Es constitueix el Comit\u00e8 Ambiental, que treballar\u00e0 i vetllar\u00e0 per ser m\u00e9s sostenibles. En formen part alumnes des d&#8217;I5 fins a 6\u00e8, la conserge, una representant de fam\u00edlies, la coordinadora d&#8217;Escola Verda i la Directora.<\/p>\n<p>Els Serveis Educatius de la zona s&#8217;instal\u00b7len en un passad\u00eds de l&#8217;edifici 2, concretament a sota d&#8217;educaci\u00f3 infantil (pis -1). El pis on est\u00e0 ubicada l&#8217;escola municipal de m\u00fasica passa a ser d&#8217;\u00fas per activitats organitzades per l&#8217;ajuntament.<\/p>\n<p>&nbsp;<\/p>\n<p>&nbsp;<\/p>\n","protected":false},"excerpt":{"rendered":"<p>L&#8217;escola El Tur\u00f3 es diu aix\u00ed des que es va inaugurar l&#8217;edifici de l&#8217;Escola Graduada Mixta a dalt del carrer Catalunya, al barri del Tur\u00f3, l&#8217;any 1977, segons el BOE de l&#8217;\u00e8poca. Molt a prop, sota l&#8217;edifici dels Amics de la Uni\u00f3, avui abandonat i mig enderrocat, hi havia hagut una escola unit\u00e0ria de nens [&hellip;]<\/p>\n","protected":false},"author":1,"featured_media":0,"parent":123,"menu_order":0,"comment_status":"open","ping_status":"closed","template":"page-templates\/side-menu.php","meta":{"_bbp_topic_count":0,"_bbp_reply_count":0,"_bbp_total_topic_count":0,"_bbp_total_reply_count":0,"_bbp_voice_count":0,"_bbp_anonymous_reply_count":0,"_bbp_topic_count_hidden":0,"_bbp_reply_count_hidden":0,"_bbp_forum_subforum_count":0,"site-sidebar-layout":"default","site-content-layout":"","ast-site-content-layout":"","site-content-style":"default","site-sidebar-style":"default","ast-global-header-display":"","ast-banner-title-visibility":"","ast-main-header-display":"","ast-hfb-above-header-display":"","ast-hfb-below-header-display":"","ast-hfb-mobile-header-display":"","site-post-title":"","ast-breadcrumbs-content":"","ast-featured-img":"","footer-sml-layout":"","theme-transparent-header-meta":"","adv-header-id-meta":"","stick-header-meta":"","header-above-stick-meta":"","header-main-stick-meta":"","header-below-stick-meta":"","astra-migrate-meta-layouts":"default","ast-page-background-enabled":"default","ast-page-background-meta":{"desktop":{"background-color":"var(--ast-global-color-4)","background-image":"","background-repeat":"repeat","background-position":"center center","background-size":"auto","background-attachment":"scroll","background-type":"","background-media":"","overlay-type":"","overlay-color":"","overlay-opacity":"","overlay-gradient":""},"tablet":{"background-color":"","background-image":"","background-repeat":"repeat","background-position":"center center","background-size":"auto","background-attachment":"scroll","background-type":"","background-media":"","overlay-type":"","overlay-color":"","overlay-opacity":"","overlay-gradient":""},"mobile":{"background-color":"","background-image":"","background-repeat":"repeat","background-position":"center center","background-size":"auto","background-attachment":"scroll","background-type":"","background-media":"","overlay-type":"","overlay-color":"","overlay-opacity":"","overlay-gradient":""}},"ast-content-background-meta":{"desktop":{"background-color":"var(--ast-global-color-5)","background-image":"","background-repeat":"repeat","background-position":"center center","background-size":"auto","background-attachment":"scroll","background-type":"","background-media":"","overlay-type":"","overlay-color":"","overlay-opacity":"","overlay-gradient":""},"tablet":{"background-color":"var(--ast-global-color-5)","background-image":"","background-repeat":"repeat","background-position":"center center","background-size":"auto","background-attachment":"scroll","background-type":"","background-media":"","overlay-type":"","overlay-color":"","overlay-opacity":"","overlay-gradient":""},"mobile":{"background-color":"var(--ast-global-color-5)","background-image":"","background-repeat":"repeat","background-position":"center center","background-size":"auto","background-attachment":"scroll","background-type":"","background-media":"","overlay-type":"","overlay-color":"","overlay-opacity":"","overlay-gradient":""}},"footnotes":""},"class_list":["post-820","page","type-page","status-publish","hentry"],"post_mailing_queue_ids":[],"_links":{"self":[{"href":"https:\/\/agora.xtec.cat\/escolaelturobiguesiriells\/wp-json\/wp\/v2\/pages\/820","targetHints":{"allow":["GET"]}}],"collection":[{"href":"https:\/\/agora.xtec.cat\/escolaelturobiguesiriells\/wp-json\/wp\/v2\/pages"}],"about":[{"href":"https:\/\/agora.xtec.cat\/escolaelturobiguesiriells\/wp-json\/wp\/v2\/types\/page"}],"author":[{"embeddable":true,"href":"https:\/\/agora.xtec.cat\/escolaelturobiguesiriells\/wp-json\/wp\/v2\/users\/1"}],"replies":[{"embeddable":true,"href":"https:\/\/agora.xtec.cat\/escolaelturobiguesiriells\/wp-json\/wp\/v2\/comments?post=820"}],"version-history":[{"count":6,"href":"https:\/\/agora.xtec.cat\/escolaelturobiguesiriells\/wp-json\/wp\/v2\/pages\/820\/revisions"}],"predecessor-version":[{"id":8232,"href":"https:\/\/agora.xtec.cat\/escolaelturobiguesiriells\/wp-json\/wp\/v2\/pages\/820\/revisions\/8232"}],"up":[{"embeddable":true,"href":"https:\/\/agora.xtec.cat\/escolaelturobiguesiriells\/wp-json\/wp\/v2\/pages\/123"}],"wp:attachment":[{"href":"https:\/\/agora.xtec.cat\/escolaelturobiguesiriells\/wp-json\/wp\/v2\/media?parent=820"}],"curies":[{"name":"wp","href":"https:\/\/api.w.org\/{rel}","templated":true}]}}