{"id":3586,"date":"2020-03-27T20:10:07","date_gmt":"2020-03-27T19:10:07","guid":{"rendered":"http:\/\/agora.xtec.cat\/escolaelturobiguesiriells\/?page_id=3586"},"modified":"2024-05-21T22:03:22","modified_gmt":"2024-05-21T20:03:22","slug":"eap","status":"publish","type":"page","link":"https:\/\/agora.xtec.cat\/escolaelturobiguesiriells\/eap\/","title":{"rendered":"EAP"},"content":{"rendered":"<header class=\"entry-header\">\n<h1 class=\"entry-title\"><span style=\"font-size: 18pt;\">EAP<\/span><\/h1>\n<\/header>\n<div class=\"entry-content\">\n<h5 align=\"justify\"><strong>Equip d\u2019Atenci\u00f3 Psicopedag\u00f2gica<\/strong><\/h5>\n<div class=\"nav-menu nav-menu-style-1\">\n<div class=\"navigationImatge\"><\/div>\n<div style=\"text-align: justify;\"><\/div>\n<div><\/div>\n<\/div>\n<p style=\"text-align: justify;\">Els EAP s\u00f3n equips de professionals que orienten i assessoren al professorat, als centres educatius i a les fam\u00edlies en la resposta a la diversitat de l&#8217;alumnat, treballant conjuntament per atendre els i les alumnes que presenten necessitats educatives especials.<\/p>\n<p style=\"text-align: justify;\">Els EAP formen part dels\u00a0serveis educatius de zona\u00a0(SEZ) conjuntament amb els centres de recursos pedag\u00f2gics (CRP) i els equips d\u2019assessorament en llengua, interculturalitat i cohesi\u00f3 social (ELIC).<\/p>\n<h5 style=\"text-align: justify;\"><strong>Destinataris<\/strong><\/h5>\n<p style=\"text-align: justify;\">Els destinataris s\u00f3n els centres educatius, els equips directius, el professorat i altres professionals implicats en l\u2019atenci\u00f3 a l\u2019alumnat amb dificultats o amb necessitats educatives especials, l\u2019alumnat i les seves fam\u00edlies.<\/p>\n<h5 style=\"text-align: justify;\"><strong>Objectius<\/strong><\/h5>\n<ul style=\"text-align: justify;\">\n<li>Identificar i avaluar les necessitats educatives especials de l\u2019alumnat i fer la proposta d\u2019escolaritzaci\u00f3, en col\u00b7laboraci\u00f3 amb els serveis educatius espec\u00edfics quan s\u2019escaigui.<\/li>\n<li>Assessorar el professorat i les fam\u00edlies en la resposta educativa a l\u2019alumnat amb necessitats educatives especials, en col\u00b7laboraci\u00f3 amb els docents especialitzats i els serveis educatius espec\u00edfics.<\/li>\n<li>Assessorar els equips docents, l\u2019alumnat i les fam\u00edlies sobre aspectes d\u2019orientaci\u00f3 personal, educativa i professional.<\/li>\n<li>Donar suport als centres educatius en la millora de l\u2019atenci\u00f3 a la diversitat i la inclusi\u00f3.<\/li>\n<li>Col\u00b7laborar conjuntament amb els altres equips del servei educatiu de zona i els espec\u00edfics per tal de promoure activitats d\u2019intercanvi i de formaci\u00f3 del professorat.<\/li>\n<li>Col\u00b7laborar amb els serveis socials i sanitaris de l\u2019\u00e0mbit territorial d\u2019actuaci\u00f3, per tal d\u2019oferir una atenci\u00f3 coordinada als alumnes i fam\u00edlies que ho necessitin.<\/li>\n<\/ul>\n<p style=\"text-align: justify;\">\n<\/div>\n","protected":false},"excerpt":{"rendered":"<p>EAP Equip d\u2019Atenci\u00f3 Psicopedag\u00f2gica Els EAP s\u00f3n equips de professionals que orienten i assessoren al professorat, als centres educatius i a les fam\u00edlies en la resposta a la diversitat de l&#8217;alumnat, treballant conjuntament per atendre els i les alumnes que presenten necessitats educatives especials. Els EAP formen part dels\u00a0serveis educatius de zona\u00a0(SEZ) conjuntament amb els [&hellip;]<\/p>\n","protected":false},"author":1,"featured_media":0,"parent":0,"menu_order":0,"comment_status":"closed","ping_status":"closed","template":"","meta":{"_bbp_topic_count":0,"_bbp_reply_count":0,"_bbp_total_topic_count":0,"_bbp_total_reply_count":0,"_bbp_voice_count":0,"_bbp_anonymous_reply_count":0,"_bbp_topic_count_hidden":0,"_bbp_reply_count_hidden":0,"_bbp_forum_subforum_count":0,"site-sidebar-layout":"default","site-content-layout":"","ast-site-content-layout":"","site-content-style":"default","site-sidebar-style":"default","ast-global-header-display":"","ast-banner-title-visibility":"","ast-main-header-display":"","ast-hfb-above-header-display":"","ast-hfb-below-header-display":"","ast-hfb-mobile-header-display":"","site-post-title":"","ast-breadcrumbs-content":"","ast-featured-img":"","footer-sml-layout":"","theme-transparent-header-meta":"","adv-header-id-meta":"","stick-header-meta":"","header-above-stick-meta":"","header-main-stick-meta":"","header-below-stick-meta":"","astra-migrate-meta-layouts":"default","ast-page-background-enabled":"default","ast-page-background-meta":{"desktop":{"background-color":"var(--ast-global-color-4)","background-image":"","background-repeat":"repeat","background-position":"center center","background-size":"auto","background-attachment":"scroll","background-type":"","background-media":"","overlay-type":"","overlay-color":"","overlay-opacity":"","overlay-gradient":""},"tablet":{"background-color":"","background-image":"","background-repeat":"repeat","background-position":"center center","background-size":"auto","background-attachment":"scroll","background-type":"","background-media":"","overlay-type":"","overlay-color":"","overlay-opacity":"","overlay-gradient":""},"mobile":{"background-color":"","background-image":"","background-repeat":"repeat","background-position":"center center","background-size":"auto","background-attachment":"scroll","background-type":"","background-media":"","overlay-type":"","overlay-color":"","overlay-opacity":"","overlay-gradient":""}},"ast-content-background-meta":{"desktop":{"background-color":"var(--ast-global-color-5)","background-image":"","background-repeat":"repeat","background-position":"center center","background-size":"auto","background-attachment":"scroll","background-type":"","background-media":"","overlay-type":"","overlay-color":"","overlay-opacity":"","overlay-gradient":""},"tablet":{"background-color":"var(--ast-global-color-5)","background-image":"","background-repeat":"repeat","background-position":"center center","background-size":"auto","background-attachment":"scroll","background-type":"","background-media":"","overlay-type":"","overlay-color":"","overlay-opacity":"","overlay-gradient":""},"mobile":{"background-color":"var(--ast-global-color-5)","background-image":"","background-repeat":"repeat","background-position":"center center","background-size":"auto","background-attachment":"scroll","background-type":"","background-media":"","overlay-type":"","overlay-color":"","overlay-opacity":"","overlay-gradient":""}},"footnotes":""},"class_list":["post-3586","page","type-page","status-publish","hentry"],"post_mailing_queue_ids":[],"_links":{"self":[{"href":"https:\/\/agora.xtec.cat\/escolaelturobiguesiriells\/wp-json\/wp\/v2\/pages\/3586","targetHints":{"allow":["GET"]}}],"collection":[{"href":"https:\/\/agora.xtec.cat\/escolaelturobiguesiriells\/wp-json\/wp\/v2\/pages"}],"about":[{"href":"https:\/\/agora.xtec.cat\/escolaelturobiguesiriells\/wp-json\/wp\/v2\/types\/page"}],"author":[{"embeddable":true,"href":"https:\/\/agora.xtec.cat\/escolaelturobiguesiriells\/wp-json\/wp\/v2\/users\/1"}],"replies":[{"embeddable":true,"href":"https:\/\/agora.xtec.cat\/escolaelturobiguesiriells\/wp-json\/wp\/v2\/comments?post=3586"}],"version-history":[{"count":4,"href":"https:\/\/agora.xtec.cat\/escolaelturobiguesiriells\/wp-json\/wp\/v2\/pages\/3586\/revisions"}],"predecessor-version":[{"id":7882,"href":"https:\/\/agora.xtec.cat\/escolaelturobiguesiriells\/wp-json\/wp\/v2\/pages\/3586\/revisions\/7882"}],"wp:attachment":[{"href":"https:\/\/agora.xtec.cat\/escolaelturobiguesiriells\/wp-json\/wp\/v2\/media?parent=3586"}],"curies":[{"name":"wp","href":"https:\/\/api.w.org\/{rel}","templated":true}]}}