{"id":146,"date":"2014-01-10T14:43:05","date_gmt":"2014-01-10T13:43:05","guid":{"rendered":"http:\/\/blocs.xtec.cat\/escolaelturobiguesiriells\/?page_id=146"},"modified":"2026-01-24T16:18:50","modified_gmt":"2026-01-24T15:18:50","slug":"consell-escolar","status":"publish","type":"page","link":"https:\/\/agora.xtec.cat\/escolaelturobiguesiriells\/escola-2\/consell-escolar\/","title":{"rendered":"Consell Escolar"},"content":{"rendered":"<p><!-- [if gte mso 9]><span data-mce-type=\"bookmark\" style=\"display: inline-block; width: 0px; overflow: hidden; line-height: 0;\" class=\"mce_SELRES_start\"><\/span><span data-mce-type=\"bookmark\" style=\"display: inline-block; width: 0px; overflow: hidden; line-height: 0;\" class=\"mce_SELRES_start\"><\/span><xml>\n<w:WordDocument>\n<w:View>Normal<\/w:View>\n<w:Zoom>0<\/w:Zoom>\n<w:HyphenationZone>21<\/w:HyphenationZone>\n<w:PunctuationKerning\/>\n<w:ValidateAgainstSchemas\/>\n<w:SaveIfXMLInvalid>false<\/w:SaveIfXMLInvalid>\n<w:IgnoreMixedContent>false<\/w:IgnoreMixedContent>\n<w:AlwaysShowPlaceholderText>false<\/w:AlwaysShowPlaceholderText>\n<w:Compatibility>\n<w:BreakWrappedTables\/>\n<w:SnapToGridInCell\/>\n<w:WrapTextWithPunct\/>\n<w:UseAsianBreakRules\/>\n<w:DontGrowAutofit\/>\n<\/w:Compatibility>\n<w:BrowserLevel>MicrosoftInternetExplorer4<\/w:BrowserLevel>\n<\/w:WordDocument>\n<\/xml><![endif]--><\/p>\n<p><!-- [if gte mso 9]><xml>\n<w:LatentStyles DefLockedState=\"false\" LatentStyleCount=\"156\">\n<\/w:LatentStyles>\n<\/xml><![endif]--><!-- [if gte mso 10]>\n\n\n\n<style>\n \/* Style Definitions *\/<br \/>table.MsoNormalTable<br \/>{mso-style-name:\"Tabla normal\";<br \/>mso-tstyle-rowband-size:0;<br \/>mso-tstyle-colband-size:0;<br \/>mso-style-noshow:yes;<br \/>mso-style-parent:\"\";<br \/>mso-padding-alt:0cm 5.4pt 0cm 5.4pt;<br \/>mso-para-margin:0cm;<br \/>mso-para-margin-bottom:.0001pt;<br \/>mso-pagination:widow-orphan;<br \/>font-size:10.0pt;<br \/>font-family:\"Times New Roman\";<br \/>mso-ansi-language:#0400;<br \/>mso-fareast-language:#0400;<br \/>mso-bidi-language:#0400;}<br \/><\/style>\n\n<![endif]--><\/p>\n<p>El consell escolar del centre \u00e9s l&#8217;<strong>\u00f2rgan col\u00b7legiat de participaci\u00f3<\/strong> de la comunitat escolar en el govern del centre. En el consell escolar hi ha representats tots els col\u00b7lectius que intervenen en la comunitat educativa.<\/p>\n<p>La funci\u00f3 principal del consell escolar \u00e9s participar en la presa de decisions en relaci\u00f3 amb aquells temes importants per al funcionament i l&#8217;organitzaci\u00f3 del centre: el projecte educatiu, la programaci\u00f3 general, la gesti\u00f3 econ\u00f2mica, etc.<\/p>\n<p>Els membres del consell escolar s\u00f3n elegits per un per\u00edode de quatre anys i es renoven per meitats cada dos anys.<\/p>\n<p><span style=\"font-size: 12pt; background-color: #00fff7; color: #000000;\">Podeu consultar els acords del Consell Escolar clicant <strong><a href=\"https:\/\/sites.google.com\/a\/xtec.cat\/documents-el-turo\/consell-escolar-informa\" target=\"_blank\" rel=\"noopener\">AQU\u00cd<\/a>.<\/strong><\/span><\/p>\n<p><span style=\"background-color: #00ffff; color: #000000;\">Podeu accedir al document amb les comissions clicant <a href=\"https:\/\/docs.google.com\/document\/d\/1j-gosYdfLvyFFx9Iv5f-YZIWJKdFgdSkOPdYX2-971M\/edit?usp=sharing\" target=\"_blank\" rel=\"noopener\"><strong>AQU<\/strong><strong>\u00cd<\/strong><\/a><\/span><\/p>\n<p><span style=\"color: #3366ff;\"><strong>CONSELL ESCOLAR CONSTITU\u00cfT EL DIA 11\/12\/23<\/strong><\/span><\/p>\n<p><strong><span style=\"color: #ff3c00;\">Sector mestres:<\/span><\/strong><\/p>\n<p><span style=\"color: #000000;\">Carme Larruy<\/span><\/p>\n<p><span style=\"color: #000000;\">Carolina Garrido<\/span><\/p>\n<p><span style=\"color: #000000;\">Carme Mas<\/span><\/p>\n<p><span style=\"color: #000000;\">Mireia Su\u00f1er<br \/>\n<\/span><\/p>\n<p><span style=\"color: #000000;\">Miriam Farr\u00e9<\/span><\/p>\n<p><strong><span style=\"color: #ff3c00;\">Sector de mares i pares:<\/span><\/strong><\/p>\n<p><span style=\"color: #000000;\">Carolina Arag\u00f3n<\/span><\/p>\n<p><span style=\"color: #000000;\">Cristina C\u00e1rdenas<\/span><\/p>\n<p><span style=\"color: #000000;\">Ferran Serra<\/span><\/p>\n<p><span style=\"color: #000000;\">Livia Navas<\/span><\/p>\n<p>Helena Corrig\u00fcelas<\/p>\n<p><span style=\"color: #0000ff;\"><strong><span style=\"color: #ff3c00;\">Ajuntament<\/span><span style=\"color: #ff3c00;\">: <\/span><\/strong><\/span><span style=\"color: #000000;\">Eva Mart\u00ednez<\/span><\/p>\n<p><span style=\"color: #0000ff;\"><strong><span style=\"color: #ff3c00;\">Personal de Serveis<\/span><span style=\"color: #ff3c00;\">:<\/span><\/strong><\/span> Esther Gutierrez<\/p>\n<p><span style=\"color: #0000ff;\"><strong><span style=\"color: #ff3c00;\">Secret\u00e0ria<\/span><span style=\"color: #ff3c00;\">:<\/span><\/strong><\/span> Elena Zapater<span style=\"color: #000000;\"><br \/>\n<\/span><\/p>\n<p><span style=\"color: #0000ff;\"><strong><span style=\"color: #ff3c00;\">Cap d\u2019Estudis<\/span><span style=\"color: #ff3c00;\">:<\/span><\/strong><\/span> Montse Monserrat<span style=\"color: #000000;\"><br \/>\n<\/span><\/p>\n<p><span style=\"color: #0000ff;\"><strong><span style=\"color: #ff3c00;\">President<\/span><span style=\"color: #ff3c00;\">:<\/span><\/strong><\/span> Albiol Minguell<span style=\"color: #000000;\"><br \/>\n<\/span><\/p>\n","protected":false},"excerpt":{"rendered":"<p>El consell escolar del centre \u00e9s l&#8217;\u00f2rgan col\u00b7legiat de participaci\u00f3 de la comunitat escolar en el govern del centre. En el consell escolar hi ha representats tots els col\u00b7lectius que intervenen en la comunitat educativa. La funci\u00f3 principal del consell escolar \u00e9s participar en la presa de decisions en relaci\u00f3 amb aquells temes importants per [&hellip;]<\/p>\n","protected":false},"author":1,"featured_media":0,"parent":123,"menu_order":2,"comment_status":"open","ping_status":"closed","template":"","meta":{"_bbp_topic_count":0,"_bbp_reply_count":0,"_bbp_total_topic_count":0,"_bbp_total_reply_count":0,"_bbp_voice_count":0,"_bbp_anonymous_reply_count":0,"_bbp_topic_count_hidden":0,"_bbp_reply_count_hidden":0,"_bbp_forum_subforum_count":0,"site-sidebar-layout":"default","site-content-layout":"","ast-site-content-layout":"default","site-content-style":"default","site-sidebar-style":"default","ast-global-header-display":"","ast-banner-title-visibility":"","ast-main-header-display":"","ast-hfb-above-header-display":"","ast-hfb-below-header-display":"","ast-hfb-mobile-header-display":"","site-post-title":"","ast-breadcrumbs-content":"","ast-featured-img":"","footer-sml-layout":"","theme-transparent-header-meta":"default","adv-header-id-meta":"","stick-header-meta":"","header-above-stick-meta":"","header-main-stick-meta":"","header-below-stick-meta":"","astra-migrate-meta-layouts":"set","ast-page-background-enabled":"default","ast-page-background-meta":{"desktop":{"background-color":"var(--ast-global-color-4)","background-image":"","background-repeat":"repeat","background-position":"center center","background-size":"auto","background-attachment":"scroll","background-type":"","background-media":"","overlay-type":"","overlay-color":"","overlay-opacity":"","overlay-gradient":""},"tablet":{"background-color":"","background-image":"","background-repeat":"repeat","background-position":"center center","background-size":"auto","background-attachment":"scroll","background-type":"","background-media":"","overlay-type":"","overlay-color":"","overlay-opacity":"","overlay-gradient":""},"mobile":{"background-color":"","background-image":"","background-repeat":"repeat","background-position":"center center","background-size":"auto","background-attachment":"scroll","background-type":"","background-media":"","overlay-type":"","overlay-color":"","overlay-opacity":"","overlay-gradient":""}},"ast-content-background-meta":{"desktop":{"background-color":"var(--ast-global-color-5)","background-image":"","background-repeat":"repeat","background-position":"center center","background-size":"auto","background-attachment":"scroll","background-type":"","background-media":"","overlay-type":"","overlay-color":"","overlay-opacity":"","overlay-gradient":""},"tablet":{"background-color":"var(--ast-global-color-5)","background-image":"","background-repeat":"repeat","background-position":"center center","background-size":"auto","background-attachment":"scroll","background-type":"","background-media":"","overlay-type":"","overlay-color":"","overlay-opacity":"","overlay-gradient":""},"mobile":{"background-color":"var(--ast-global-color-5)","background-image":"","background-repeat":"repeat","background-position":"center center","background-size":"auto","background-attachment":"scroll","background-type":"","background-media":"","overlay-type":"","overlay-color":"","overlay-opacity":"","overlay-gradient":""}},"footnotes":""},"class_list":["post-146","page","type-page","status-publish","hentry"],"post_mailing_queue_ids":[],"_links":{"self":[{"href":"https:\/\/agora.xtec.cat\/escolaelturobiguesiriells\/wp-json\/wp\/v2\/pages\/146","targetHints":{"allow":["GET"]}}],"collection":[{"href":"https:\/\/agora.xtec.cat\/escolaelturobiguesiriells\/wp-json\/wp\/v2\/pages"}],"about":[{"href":"https:\/\/agora.xtec.cat\/escolaelturobiguesiriells\/wp-json\/wp\/v2\/types\/page"}],"author":[{"embeddable":true,"href":"https:\/\/agora.xtec.cat\/escolaelturobiguesiriells\/wp-json\/wp\/v2\/users\/1"}],"replies":[{"embeddable":true,"href":"https:\/\/agora.xtec.cat\/escolaelturobiguesiriells\/wp-json\/wp\/v2\/comments?post=146"}],"version-history":[{"count":7,"href":"https:\/\/agora.xtec.cat\/escolaelturobiguesiriells\/wp-json\/wp\/v2\/pages\/146\/revisions"}],"predecessor-version":[{"id":8768,"href":"https:\/\/agora.xtec.cat\/escolaelturobiguesiriells\/wp-json\/wp\/v2\/pages\/146\/revisions\/8768"}],"up":[{"embeddable":true,"href":"https:\/\/agora.xtec.cat\/escolaelturobiguesiriells\/wp-json\/wp\/v2\/pages\/123"}],"wp:attachment":[{"href":"https:\/\/agora.xtec.cat\/escolaelturobiguesiriells\/wp-json\/wp\/v2\/media?parent=146"}],"curies":[{"name":"wp","href":"https:\/\/api.w.org\/{rel}","templated":true}]}}