{"id":84,"date":"2014-09-18T14:11:31","date_gmt":"2014-09-18T13:11:31","guid":{"rendered":"http:\/\/agora.xtec.cat\/escolaelsvinyals\/?page_id=84"},"modified":"2019-03-27T15:42:06","modified_gmt":"2019-03-27T14:42:06","slug":"activitats-extraescolars","status":"publish","type":"page","link":"https:\/\/agora.xtec.cat\/escolaelsvinyals\/serveis\/activitats-extraescolars\/","title":{"rendered":"Activitats extraescolars"},"content":{"rendered":"<p>La Comissi\u00f3 d&#8217;Extraescolars \u00e9s l&#8217;encarregada de gestionar les diferents activitats que es realizen fora de l&#8217;horari lectiu (migdies i tardes al finalitzar l&#8217;escola).<\/p>\n<p>A continuaci\u00f3 us detallem la <span style=\"text-decoration: underline;\"><strong>proposta per al curs 2019-2020<\/strong><\/span><span style=\"font-family: inherit; font-size: 1em;\">:<\/span><\/p>\n<p>QUADRE RESUM (penjar el del nou curs)<\/p>\n<p>DOSSIER INFORMATIU (penjar el del nou curs)<\/p>\n<p><strong>INSCRIPCI\u00d3<\/strong>:\u00a0(pendent penjar)<\/p>\n<p><strong>BAIXES I\/O MODIFICACI\u00d3 DE DADES BANC\u00c0RIES<\/strong>: Enviar un mail a <a href=\"mailto:extraescolars.vinyals@gmail.com\">extraescolars.vinyals@gmail.com<\/a><\/p>\n<p>&nbsp;<\/p>\n<p>Alguns avantatges significatius de les activitats extraescolars s\u00f3n:<\/p>\n<ul>\n<li>Asseguren atenci\u00f3 i protecci\u00f3 als infants quan l&#8217;escola ha tancat i la fam\u00edlia no se&#8217;n pot fer c\u00e0rrec encara.<\/li>\n<li>La possibilitat de socialitzaci\u00f3: \u00e9s a dir, l&#8217;oportunitat d&#8217;aprendre, d&#8217;altres maneres i amb altres persones, normes, valors i pautes socials.<\/li>\n<li>Trobar nous amics.<\/li>\n<li>La relaci\u00f3 amb nous referents: noves persones de qui aprendre coses, de qui rebre orientacions.<\/li>\n<li>La possibilitat de descobrir nous interessos i habilitats.<\/li>\n<\/ul>\n<p>Si voleu saber m\u00e9s sobre &#8220;Activitats Extraescolars&#8221;, podeu clicar a l&#8217;enlla\u00e7 de la Generalitat\u00a0 <a href=\"http:\/\/familiaiescola.gencat.cat\/ca\/escolaritat\/lleure-activitats-extraescolars\/activitats-extraescolars\/\">http:\/\/familiaiescola.gencat.cat\/ca\/escolaritat\/lleure-activitats-extraescolars\/activitats-extraescolars\/\u00a0<\/a><\/p>\n<p>&nbsp;<\/p>\n","protected":false},"excerpt":{"rendered":"<p>La Comissi\u00f3 d&#8217;Extraescolars \u00e9s l&#8217;encarregada de gestionar les diferents activitats que es realizen fora de l&#8217;horari lectiu (migdies i tardes al finalitzar l&#8217;escola). A continuaci\u00f3 us detallem la proposta per al curs 2019-2020: QUADRE RESUM (penjar el del nou curs) DOSSIER INFORMATIU (penjar el del nou curs) INSCRIPCI\u00d3:\u00a0(pendent penjar) BAIXES I\/O MODIFICACI\u00d3 DE DADES BANC\u00c0RIES: [&hellip;]<\/p>\n","protected":false},"author":1,"featured_media":0,"parent":66,"menu_order":20,"comment_status":"closed","ping_status":"closed","template":"page-templates\/side-menu.php","meta":{"_bbp_topic_count":0,"_bbp_reply_count":0,"_bbp_total_topic_count":0,"_bbp_total_reply_count":0,"_bbp_voice_count":0,"_bbp_anonymous_reply_count":0,"_bbp_topic_count_hidden":0,"_bbp_reply_count_hidden":0,"_bbp_forum_subforum_count":0,"site-sidebar-layout":"default","site-content-layout":"","ast-site-content-layout":"","site-content-style":"default","site-sidebar-style":"default","ast-global-header-display":"","ast-banner-title-visibility":"","ast-main-header-display":"","ast-hfb-above-header-display":"","ast-hfb-below-header-display":"","ast-hfb-mobile-header-display":"","site-post-title":"","ast-breadcrumbs-content":"","ast-featured-img":"","footer-sml-layout":"","theme-transparent-header-meta":"","adv-header-id-meta":"","stick-header-meta":"","header-above-stick-meta":"","header-main-stick-meta":"","header-below-stick-meta":"","astra-migrate-meta-layouts":"default","ast-page-background-enabled":"default","ast-page-background-meta":{"desktop":{"background-color":"var(--ast-global-color-4)","background-image":"","background-repeat":"repeat","background-position":"center center","background-size":"auto","background-attachment":"scroll","background-type":"","background-media":"","overlay-type":"","overlay-color":"","overlay-opacity":"","overlay-gradient":""},"tablet":{"background-color":"","background-image":"","background-repeat":"repeat","background-position":"center center","background-size":"auto","background-attachment":"scroll","background-type":"","background-media":"","overlay-type":"","overlay-color":"","overlay-opacity":"","overlay-gradient":""},"mobile":{"background-color":"","background-image":"","background-repeat":"repeat","background-position":"center center","background-size":"auto","background-attachment":"scroll","background-type":"","background-media":"","overlay-type":"","overlay-color":"","overlay-opacity":"","overlay-gradient":""}},"ast-content-background-meta":{"desktop":{"background-color":"var(--ast-global-color-5)","background-image":"","background-repeat":"repeat","background-position":"center center","background-size":"auto","background-attachment":"scroll","background-type":"","background-media":"","overlay-type":"","overlay-color":"","overlay-opacity":"","overlay-gradient":""},"tablet":{"background-color":"var(--ast-global-color-5)","background-image":"","background-repeat":"repeat","background-position":"center center","background-size":"auto","background-attachment":"scroll","background-type":"","background-media":"","overlay-type":"","overlay-color":"","overlay-opacity":"","overlay-gradient":""},"mobile":{"background-color":"var(--ast-global-color-5)","background-image":"","background-repeat":"repeat","background-position":"center center","background-size":"auto","background-attachment":"scroll","background-type":"","background-media":"","overlay-type":"","overlay-color":"","overlay-opacity":"","overlay-gradient":""}},"footnotes":""},"class_list":["post-84","page","type-page","status-publish","hentry"],"post_mailing_queue_ids":[],"_links":{"self":[{"href":"https:\/\/agora.xtec.cat\/escolaelsvinyals\/wp-json\/wp\/v2\/pages\/84","targetHints":{"allow":["GET"]}}],"collection":[{"href":"https:\/\/agora.xtec.cat\/escolaelsvinyals\/wp-json\/wp\/v2\/pages"}],"about":[{"href":"https:\/\/agora.xtec.cat\/escolaelsvinyals\/wp-json\/wp\/v2\/types\/page"}],"author":[{"embeddable":true,"href":"https:\/\/agora.xtec.cat\/escolaelsvinyals\/wp-json\/wp\/v2\/users\/1"}],"replies":[{"embeddable":true,"href":"https:\/\/agora.xtec.cat\/escolaelsvinyals\/wp-json\/wp\/v2\/comments?post=84"}],"version-history":[{"count":2,"href":"https:\/\/agora.xtec.cat\/escolaelsvinyals\/wp-json\/wp\/v2\/pages\/84\/revisions"}],"predecessor-version":[{"id":10838,"href":"https:\/\/agora.xtec.cat\/escolaelsvinyals\/wp-json\/wp\/v2\/pages\/84\/revisions\/10838"}],"up":[{"embeddable":true,"href":"https:\/\/agora.xtec.cat\/escolaelsvinyals\/wp-json\/wp\/v2\/pages\/66"}],"wp:attachment":[{"href":"https:\/\/agora.xtec.cat\/escolaelsvinyals\/wp-json\/wp\/v2\/media?parent=84"}],"curies":[{"name":"wp","href":"https:\/\/api.w.org\/{rel}","templated":true}]}}