{"id":73,"date":"2014-09-18T14:01:51","date_gmt":"2014-09-18T13:01:51","guid":{"rendered":"http:\/\/agora.xtec.cat\/escolaelsvinyals\/?page_id=73"},"modified":"2026-04-06T10:46:57","modified_gmt":"2026-04-06T08:46:57","slug":"menjador-escolar","status":"publish","type":"page","link":"https:\/\/agora.xtec.cat\/escolaelsvinyals\/serveis\/menjador-escolar\/","title":{"rendered":"Menjador escolar"},"content":{"rendered":"\n<p>MEN\u00da DE L&#8217;ABRIL<\/p>\n\n\n\n<figure class=\"wp-block-image aligncenter size-large\"><a href=\"https:\/\/agora.xtec.cat\/escolaelsvinyals\/wp-content\/uploads\/usu13\/2026\/04\/image.png\"><img loading=\"lazy\" decoding=\"async\" width=\"717\" height=\"1024\" src=\"https:\/\/agora.xtec.cat\/escolaelsvinyals\/wp-content\/uploads\/usu13\/2026\/04\/image-717x1024.png\" alt=\"\" class=\"wp-image-17873\" srcset=\"https:\/\/agora.xtec.cat\/escolaelsvinyals\/wp-content\/uploads\/usu13\/2026\/04\/image-717x1024.png 717w, https:\/\/agora.xtec.cat\/escolaelsvinyals\/wp-content\/uploads\/usu13\/2026\/04\/image-210x300.png 210w, https:\/\/agora.xtec.cat\/escolaelsvinyals\/wp-content\/uploads\/usu13\/2026\/04\/image-768x1097.png 768w, https:\/\/agora.xtec.cat\/escolaelsvinyals\/wp-content\/uploads\/usu13\/2026\/04\/image.png 1055w\" sizes=\"auto, (max-width: 717px) 100vw, 717px\" \/><\/a><\/figure>\n\n\n<p><a href=\"https:\/\/tresmes.com\/#menusmensuals\">ALTRES MEN\u00daS<\/a><\/p>\n<p><img loading=\"lazy\" decoding=\"async\" class=\"aligncenter size-full wp-image-17214\" src=\"https:\/\/agora.xtec.cat\/escolaelsvinyals\/wp-content\/uploads\/usu13\/2025\/09\/images-1.png\" alt=\"\" width=\"267\" height=\"189\" \/><\/p>\n<h3 style=\"text-align: left;\"><span style=\"color: #ff0000;\">ATENCI\u00d3, INFORMACI\u00d3 DEL MENJADOR: La inscripci\u00f3 per a nous usuaris estar\u00e0 oberta del 15 de juliol a l\u20191 de setembre.<\/span><\/h3>\n<p style=\"text-align: center;\"><strong><span style=\"color: #ff0000;\">AQU\u00cd TENIU M\u00c9S INFORMACI\u00d3 DEL MENJADOR DE L&#8217;ESCOLA PER AL CURS VINENT<\/span><\/strong><\/p>\n<p><a href=\"https:\/\/drive.google.com\/file\/d\/11uV5118UxHrIFZZfTQOf68FgR9mg6uMB\/view?usp=sharing\">Qu\u00e8 fan els vostres fills i filles al menjador (I3, I4 i I5) i informacions importants<\/a><\/p>\n<p><a href=\"https:\/\/drive.google.com\/file\/d\/1iKD2qxLsXSRlEM0Z_rwzpJaQFrNqgWT2\/view?usp=sharing\">Inscripcions curs 25-26<\/a><\/p>\n<p><a href=\"https:\/\/drive.google.com\/file\/d\/1qhKzhbx42_QxOBLi96tEtZ0xJssr_BiZ\/view?usp=sharing\">Inscripcions, renovacions i preus<\/a><\/p>\n<p>La Comissi\u00f3 de Menjador gestiona aquest servei, subcontractat a l&#8217;empresa Tresmes Ecoactiva S.L., la qual ja porta uns quants anys a Els Vinyals.<\/p>\n<p>A l\u2019escola tenim un menjador amb una capacitat per XXX alumnes. Com que es queden a dinar al voltant de XXX, s&#8217;organitzen en dos torns:<\/p>\n<ul>\n<li>1r torn &#8211;&gt; P3-P4-P5-1r<\/li>\n<li>2n torn &#8211;&gt; 2n-3r-4t-5\u00e8-6\u00e8<\/li>\n<\/ul>\n<p><strong>INSCRIPCI\u00d3 I ASSIST\u00c8NCIA:<\/strong><\/p>\n<ul>\n<li>Omplir l&#8217;inscripci\u00f3 online a trav\u00e9s de la web\u00a0<a href=\"https:\/\/tresmes.com\/\">https:\/\/tresmes.com\/<\/a><\/li>\n<li>Cal avisar al coordinador (Luisa) els matins de 9 a 9:30 a la secretaria de l&#8217;escola o al telefon 644.33.08.51, tant de l&#8217;assist\u00e8ncia espor\u00e0dica, com de la no assist\u00e8ncia per als fixes.<\/li>\n<\/ul>\n<p><strong>PREUS:<\/strong><\/p>\n<ul>\n<li><span style=\"text-decoration: underline;\">Assist\u00e8ncia fixa<\/span> (m\u00ednim 3 dies \/ setmana):\u00a0 \u00a07,54 \u20ac<\/li>\n<li><span style=\"text-decoration: underline;\">Assist\u00e8ncia espor\u00e0dica<\/span>: 8,29 \u20ac\/dia<\/li>\n<\/ul>\n<p>Els pagaments es fan mitjan\u00e7ant domiciliaci\u00f3 banc\u00e0ria.<\/p>\n<p>Els alumnes fixos que avisin\u00a0<strong><u>anticipadament la no assist\u00e8ncia (abans de les 9:30h)\u00a0<\/u><\/strong>se\u2019ls retornar\u00e0 la quantitat de 3,20 \u20ac (en concepte d\u2019absentisme) corresponent al dinar del dia.<\/p>\n<p><a href=\"https:\/\/drive.google.com\/open?id=0B4sXtR99mpH1UkJNbElUMVlZNjQ\">BUIDATGE ENQUESTA A LES FAM\u00cdLIES &#8211; Servei de menjador<\/a><\/p>\n<p><a href=\"https:\/\/drive.google.com\/open?id=0B4sXtR99mpH1NVhONnhWQkJlS2M\">ACOMPANYAR ELS \u00c0PATS DELS INFANTS &#8211; Consells per a menjadors escolars i fam\u00edlies<\/a><\/p>\n<p><a href=\"https:\/\/drive.google.com\/file\/d\/1n2xl7Lp83FuEhOb6RS9QWEvm95Qc2z5P\/view?usp=sharing\">REVISTA DEL SEGON TRIMESTRE<\/a><\/p>\n<p><a href=\"https:\/\/tresmes.com\/PDF\/MG.pdf\"><img loading=\"lazy\" decoding=\"async\" class=\"aligncenter wp-image-15805\" src=\"https:\/\/agora.xtec.cat\/escolaelsvinyals\/wp-content\/uploads\/usu13\/2023\/11\/Captura-de-pantalla-2023-11-30-155230.jpg\" alt=\"\" width=\"361\" height=\"405\" srcset=\"https:\/\/agora.xtec.cat\/escolaelsvinyals\/wp-content\/uploads\/usu13\/2023\/11\/Captura-de-pantalla-2023-11-30-155230.jpg 690w, https:\/\/agora.xtec.cat\/escolaelsvinyals\/wp-content\/uploads\/usu13\/2023\/11\/Captura-de-pantalla-2023-11-30-155230-267x300.jpg 267w\" sizes=\"auto, (max-width: 361px) 100vw, 361px\" \/><\/a><\/p>\n<p><a href=\"https:\/\/www.youtube.com\/watch?v=fQcDZdQXeSE\">V\u00eddeo xerrada 2-12-21, men\u00fas escolars.\u00a0<\/a><\/p>\n<p><div class=\"ast-oembed-container \" style=\"height: 100%;\"><iframe loading=\"lazy\" title=\"V\u00eddeo xerrada 2-12-21, men\u00fas escolars.\" width=\"500\" height=\"281\" src=\"https:\/\/www.youtube.com\/embed\/fQcDZdQXeSE?feature=oembed\" frameborder=\"0\" allow=\"accelerometer; autoplay; clipboard-write; encrypted-media; gyroscope; picture-in-picture; web-share\" referrerpolicy=\"strict-origin-when-cross-origin\" allowfullscreen><\/iframe><\/div><\/p>\n<p><!--a=1--><\/p>\n<p><!--a=1--><\/p>\n<p><!--a=1--><\/p>\n<p><!--a=1--><\/p>\n<p><!--a=1--><\/p>\n<p><!----comment node----><!--a=1--><\/p>\n<p><!--a=1--><\/p>\n\n\n<p><\/p>\n","protected":false},"excerpt":{"rendered":"<p>MEN\u00da DE L&#8217;ABRIL ALTRES MEN\u00daS ATENCI\u00d3, INFORMACI\u00d3 DEL MENJADOR: La inscripci\u00f3 per a nous usuaris estar\u00e0 oberta del 15 de juliol a l\u20191 de setembre. AQU\u00cd TENIU M\u00c9S INFORMACI\u00d3 DEL MENJADOR DE L&#8217;ESCOLA PER AL CURS VINENT Qu\u00e8 fan els vostres fills i filles al menjador (I3, I4 i I5) i informacions importants Inscripcions curs [&hellip;]<\/p>\n","protected":false},"author":1,"featured_media":0,"parent":66,"menu_order":30,"comment_status":"closed","ping_status":"closed","template":"","meta":{"_bbp_topic_count":0,"_bbp_reply_count":0,"_bbp_total_topic_count":0,"_bbp_total_reply_count":0,"_bbp_voice_count":0,"_bbp_anonymous_reply_count":0,"_bbp_topic_count_hidden":0,"_bbp_reply_count_hidden":0,"_bbp_forum_subforum_count":0,"site-sidebar-layout":"default","site-content-layout":"","ast-site-content-layout":"default","site-content-style":"default","site-sidebar-style":"default","ast-global-header-display":"","ast-banner-title-visibility":"","ast-main-header-display":"","ast-hfb-above-header-display":"","ast-hfb-below-header-display":"","ast-hfb-mobile-header-display":"","site-post-title":"","ast-breadcrumbs-content":"","ast-featured-img":"","footer-sml-layout":"","theme-transparent-header-meta":"","adv-header-id-meta":"","stick-header-meta":"","header-above-stick-meta":"","header-main-stick-meta":"","header-below-stick-meta":"","astra-migrate-meta-layouts":"set","ast-page-background-enabled":"default","ast-page-background-meta":{"desktop":{"background-color":"var(--ast-global-color-4)","background-image":"","background-repeat":"repeat","background-position":"center center","background-size":"auto","background-attachment":"scroll","background-type":"","background-media":"","overlay-type":"","overlay-color":"","overlay-opacity":"","overlay-gradient":""},"tablet":{"background-color":"","background-image":"","background-repeat":"repeat","background-position":"center center","background-size":"auto","background-attachment":"scroll","background-type":"","background-media":"","overlay-type":"","overlay-color":"","overlay-opacity":"","overlay-gradient":""},"mobile":{"background-color":"","background-image":"","background-repeat":"repeat","background-position":"center center","background-size":"auto","background-attachment":"scroll","background-type":"","background-media":"","overlay-type":"","overlay-color":"","overlay-opacity":"","overlay-gradient":""}},"ast-content-background-meta":{"desktop":{"background-color":"var(--ast-global-color-5)","background-image":"","background-repeat":"repeat","background-position":"center center","background-size":"auto","background-attachment":"scroll","background-type":"","background-media":"","overlay-type":"","overlay-color":"","overlay-opacity":"","overlay-gradient":""},"tablet":{"background-color":"var(--ast-global-color-5)","background-image":"","background-repeat":"repeat","background-position":"center center","background-size":"auto","background-attachment":"scroll","background-type":"","background-media":"","overlay-type":"","overlay-color":"","overlay-opacity":"","overlay-gradient":""},"mobile":{"background-color":"var(--ast-global-color-5)","background-image":"","background-repeat":"repeat","background-position":"center center","background-size":"auto","background-attachment":"scroll","background-type":"","background-media":"","overlay-type":"","overlay-color":"","overlay-opacity":"","overlay-gradient":""}},"footnotes":""},"class_list":["post-73","page","type-page","status-publish","hentry"],"post_mailing_queue_ids":[],"_links":{"self":[{"href":"https:\/\/agora.xtec.cat\/escolaelsvinyals\/wp-json\/wp\/v2\/pages\/73","targetHints":{"allow":["GET"]}}],"collection":[{"href":"https:\/\/agora.xtec.cat\/escolaelsvinyals\/wp-json\/wp\/v2\/pages"}],"about":[{"href":"https:\/\/agora.xtec.cat\/escolaelsvinyals\/wp-json\/wp\/v2\/types\/page"}],"author":[{"embeddable":true,"href":"https:\/\/agora.xtec.cat\/escolaelsvinyals\/wp-json\/wp\/v2\/users\/1"}],"replies":[{"embeddable":true,"href":"https:\/\/agora.xtec.cat\/escolaelsvinyals\/wp-json\/wp\/v2\/comments?post=73"}],"version-history":[{"count":6,"href":"https:\/\/agora.xtec.cat\/escolaelsvinyals\/wp-json\/wp\/v2\/pages\/73\/revisions"}],"predecessor-version":[{"id":17874,"href":"https:\/\/agora.xtec.cat\/escolaelsvinyals\/wp-json\/wp\/v2\/pages\/73\/revisions\/17874"}],"up":[{"embeddable":true,"href":"https:\/\/agora.xtec.cat\/escolaelsvinyals\/wp-json\/wp\/v2\/pages\/66"}],"wp:attachment":[{"href":"https:\/\/agora.xtec.cat\/escolaelsvinyals\/wp-json\/wp\/v2\/media?parent=73"}],"curies":[{"name":"wp","href":"https:\/\/api.w.org\/{rel}","templated":true}]}}