{"id":288,"date":"2016-06-06T11:37:30","date_gmt":"2016-06-06T10:37:30","guid":{"rendered":"http:\/\/agora.xtec.cat\/escolaelsvinyals\/?page_id=288"},"modified":"2025-09-12T16:33:10","modified_gmt":"2025-09-12T14:33:10","slug":"personal-docent","status":"publish","type":"page","link":"https:\/\/agora.xtec.cat\/escolaelsvinyals\/lescola\/personal-docent\/","title":{"rendered":"Personal docent"},"content":{"rendered":"\n<figure class=\"wp-block-table alignleft\" style=\"font-size:14px\"><table class=\"has-fixed-layout\"><tbody><tr><td class=\"has-text-align-center\" data-align=\"center\" colspan=\"3\">\n<h2><strong>EQUIP DIRECTIU<\/strong><\/h2>\n<p>correu de l&#8217;escola: <a href=\"mailto:a8060952@xtec.cat\">a8060952@xtec.cat<\/a><\/p>\n<\/td><\/tr><tr><td class=\"has-text-align-center\" data-align=\"center\"><strong>DIRECTORA<\/strong><\/td><td class=\"has-text-align-center\" data-align=\"center\"><a href=\"https:\/\/drive.google.com\/file\/d\/1MfO3idFeAWWoUyDoaw6r2lziTSoapyLJ\/view?usp=sharing\">ANNA RUSI\u00d1OL<\/a><\/td><td class=\"has-text-align-center\" data-align=\"center\"><a href=\"annarusinol@elsvinyals.cat\">annarusinol@elsvinyals.cat<\/a><\/td><\/tr><tr><td class=\"has-text-align-center\" data-align=\"center\"><strong>CAP D&#8217;ESTUDIS<\/strong><\/td><td class=\"has-text-align-center\" data-align=\"center\"><a href=\"https:\/\/drive.google.com\/file\/d\/1gGZ0N2GzBidil4LQvwzl0ncYjBiZG6kR\/view?usp=sharing\">MARTA LLOVET<\/a><\/td><td class=\"has-text-align-center\" data-align=\"center\"><a href=\"martallovet@elsvinyals.cat\">martallovet@elsvinyals.cat<\/a><\/td><\/tr><tr><td class=\"has-text-align-center\" data-align=\"center\"><strong>SECRET\u00c0RIA<\/strong><\/td><td class=\"has-text-align-center\" data-align=\"center\">MONTSE DURAN<\/td><td class=\"has-text-align-center\" data-align=\"center\"><a href=\"montseduran@elsvinyals.cat\">montseduran@elsvinyals.cat<\/a><\/td><\/tr><\/tbody><\/table><\/figure>\n\n\n\n<h3 class=\"wp-block-heading\">&nbsp;<\/h3>\n\n\n\n<figure style=\"font-size:14px\" class=\"wp-block-table\"><table class=\"has-fixed-layout\"><tbody><tr><td class=\"has-text-align-center\" data-align=\"center\" colspan=\"3\">\n<h3><strong>EDUCACI\u00d3 INFANTIL<\/strong><\/h3>\n<\/td><\/tr><tr><td class=\"has-text-align-center\" data-align=\"center\">\n<p style=\"margin-bottom: 0.0001pt;\"><strong><span style=\"font-size: 12pt; font-family: Verdana, sans-serif;\">3 anys<\/span><\/strong><\/p>\n<p><strong>PILOTES<\/strong><\/p>\n<\/td><td class=\"has-text-align-center\" data-align=\"center\">N\u00daRIA GIL<\/td><td class=\"has-text-align-center\" data-align=\"center\"><a href=\"mailto:nuriagil@elsvinyals.cat\">nuriagil@elsvinyals.cat<\/a><\/td><\/tr><tr><td class=\"has-text-align-center\" data-align=\"center\">\n<p style=\"margin-bottom: 0.0001pt;\"><strong><span style=\"font-size: 12pt; font-family: Verdana, sans-serif;\">4 anys<\/span><\/strong><\/p>\n<p><strong>PATINETS<\/strong><\/p>\n<\/td><td class=\"has-text-align-center\" data-align=\"center\">LAURA GARC\u00cdA<\/td><td class=\"has-text-align-center\" data-align=\"center\"><a style=\"font-size: revert; font-family: inherit; font-weight: inherit; background-color: rgba(0, 0, 0, 0);\" href=\"mailto:lauragarcia@elsvinyals.cat\">lauragarcia@elsvinyals.cat<\/a><\/td><\/tr><tr><td class=\"has-text-align-center\" data-align=\"center\">\n<p style=\"margin-bottom: 0.0001pt;\"><strong><span style=\"font-size: 12pt; font-family: Verdana, sans-serif;\">5 anys<\/span><\/strong><\/p>\n<p><strong>BICICLETES<\/strong><\/p>\n<\/td><td class=\"has-text-align-center\" data-align=\"center\">AMPARO SOLIVERES<\/td><td class=\"has-text-align-center\" data-align=\"center\"><a href=\"mailto:amparosoliveres@elsvinyals.cat\">amparosoliveres@elsvinyals.cat<\/a><\/td><\/tr><\/tbody><\/table><\/figure>\n\n\n\n<figure style=\"font-size:14px\" class=\"wp-block-table\"><table class=\"has-fixed-layout\"><tbody><tr><td class=\"has-text-align-center\" data-align=\"center\" colspan=\"3\">\n<h3><strong>EDUCACI\u00d3 PRIM\u00c0RIA<\/strong><\/h3>\n<\/td><\/tr><tr><td class=\"has-text-align-center\" data-align=\"center\">\n<p style=\"margin-bottom: 0.0001pt;\"><strong><span style=\"font-size: 12pt; font-family: Verdana, sans-serif;\">1r<\/span><\/strong><\/p>\n<p><strong>PARX\u00cdS<\/strong><\/p>\n<\/td><td class=\"has-text-align-center\" data-align=\"center\"><span style=\"font-size: 12pt; font-family: Verdana, sans-serif;\">CARME GONZ\u00c1LEZ<\/span><\/td><td class=\"has-text-align-center\" data-align=\"center\"><a href=\"mailto:carmegonzalez@elsvinyals.cat\">carmegonzalez@elsvinyals.cat<\/a><\/td><\/tr><tr><td class=\"has-text-align-center\" data-align=\"center\">\n<p style=\"margin-bottom: 0.0001pt;\"><strong><span style=\"font-size: 12pt; font-family: Verdana, sans-serif;\">2n<\/span><\/strong><\/p>\n<p><strong>D\u00d2MINO<\/strong><\/p>\n<\/td><td class=\"has-text-align-center\" data-align=\"center\"><span style=\"font-size: 12pt; font-family: Verdana, sans-serif;\">ROSA DELGADO<\/span><\/td><td class=\"has-text-align-center\" data-align=\"center\"><a href=\"rosadelgado@elsvinyals.cat\">rosadelgado@elsvinyals.cat<\/a><\/td><\/tr><tr><td class=\"has-text-align-center\" data-align=\"center\">\n<p style=\"margin-bottom: 0.0001pt;\"><strong><span style=\"font-size: 12pt; font-family: Verdana, sans-serif;\">3r&nbsp;<\/span><\/strong><\/p>\n<p><strong>DAMES<\/strong><\/p>\n<\/td><td class=\"has-text-align-center\" data-align=\"center\"><span style=\"font-size: 12pt; font-family: Verdana, sans-serif;\"><span style=\"font-size: 12pt; font-family: Verdana,sans-serif;\">LOLI GIM\u00c9NEZ<\/span><\/span><\/td><td class=\"has-text-align-center\" data-align=\"center\"><a href=\"mailto:loligimenez@elsvinyals.cat\">loligimenez@elsvinyals.cat<\/a><\/td><\/tr><tr><td class=\"has-text-align-center\" data-align=\"center\">\n<p style=\"margin-bottom: 0.0001pt;\"><strong><span style=\"font-size: 12pt; font-family: Verdana, sans-serif;\">4t<\/span><\/strong><\/p>\n<p><strong>MONOPOLY<\/strong><\/p>\n<\/td><td class=\"has-text-align-center\" data-align=\"center\">RAQUEL MOLINA<\/td><td class=\"has-text-align-center\" data-align=\"center\"><a href=\"mailto:raquelmolina@elsvinyals.cat\">raquelmolina@elsvinyals.cat<\/a><\/td><\/tr><tr><td class=\"has-text-align-center\" data-align=\"center\">\n<p style=\"margin-bottom: 0.0001pt;\"><strong><span style=\"font-size: 12pt; font-family: Verdana, sans-serif;\">5\u00e8<\/span><\/strong><\/p>\n<p><strong>ESCACS<\/strong><\/p>\n<\/td><td class=\"has-text-align-center\" data-align=\"center\"><span style=\"font-family: Verdana, sans-serif;\"><span style=\"font-size: 16px;\">&nbsp;<\/span><\/span><span style=\"font-family: Verdana, sans-serif;\"><span style=\"font-size: 16px;\">MARTA LLOVET<\/span><\/span><\/td><td class=\"has-text-align-center\" data-align=\"center\"><a href=\"mailto:martallovet@elsvinyals.cat\">martallovet@elsvinyals.cat<\/a><\/td><\/tr><tr><td class=\"has-text-align-center\" data-align=\"center\">\n<p style=\"margin-bottom: 0.0001pt;\"><strong><span style=\"font-size: 12pt; font-family: Verdana, sans-serif;\">6\u00e8<\/span><\/strong><\/p>\n<p><strong>TRIVIAL<\/strong><\/p>\n<\/td><td class=\"has-text-align-center\" data-align=\"center\"><span style=\"font-size: 12pt; font-family: Verdana, sans-serif;\"><span style=\"font-size: 12pt; font-family: Verdana,sans-serif;\">MIQUEL J. P\u00c9REZ<\/span><\/span><\/td><td class=\"has-text-align-center\" data-align=\"center\"><a href=\"mailto:miqueljperez@elsvinyals.cat\">miqueljperez@elsvinyals.cat<\/a><\/td><\/tr><\/tbody><\/table><\/figure>\n\n\n\n<figure style=\"font-size:14px\" class=\"wp-block-table\"><table class=\"has-fixed-layout\"><tbody><tr><td class=\"has-text-align-center\" data-align=\"center\" colspan=\"3\">\n<h3 style=\"text-align: center;\"><strong>ESPECIALITATS<\/strong><\/h3>\n<\/td><\/tr><tr><td class=\"has-text-align-center\" data-align=\"center\"><strong><span style=\"font-size: 12pt; font-family: Verdana, sans-serif;\">Angl\u00e8s<\/span><\/strong><\/td><td class=\"has-text-align-center\" data-align=\"center\">\n<p style=\"margin-bottom: 0.0001pt; text-align: center;\"><span style=\"font-size: 12pt; font-family: Verdana, sans-serif;\">GEMMA L\u00d3PEZ<\/span><\/p>\n<p style=\"margin-bottom: 0.0001pt; text-align: center;\"><span style=\"font-size: 12pt; font-family: Verdana, sans-serif;\">ANA JAVIERRE<\/span><\/p>\n<\/td><td class=\"has-text-align-center\" data-align=\"center\"><a href=\"gemmalopez@elsvinyals.cat\">gemmalopez@elsvinyals.cat<\/a><br><br><a href=\"mailto:anajavierre@elsvinyals.cat\">anajavierre@elsvinyals.cat<\/a><\/td><\/tr><tr><td class=\"has-text-align-center\" data-align=\"center\"><strong><span style=\"font-size: 12pt; font-family: Verdana, sans-serif;\">Educaci\u00f3 Musical<\/span><\/strong><\/td><td class=\"has-text-align-center\" data-align=\"center\"><span style=\"font-size: 12pt; font-family: verdana,geneva;\">&nbsp;MARTA TORRENT<\/span><\/td><td class=\"has-text-align-center\" data-align=\"center\"><a href=\"martatorrent@elsvinyals.cat\">martatorrent@elsvinyals.cat<\/a><\/td><\/tr><tr><td class=\"has-text-align-center\" data-align=\"center\"><strong><span style=\"font-size: 12pt; font-family: Verdana, sans-serif;\">Educaci\u00f3 F\u00edsica<\/span><\/strong><\/td><td class=\"has-text-align-center\" data-align=\"center\"><span style=\"font-family: Verdana, sans-serif;\"><span style=\"font-size: 16px;\">MARTA TERMES<\/span><\/span><\/td><td class=\"has-text-align-center\" data-align=\"center\"><a href=\"martatermes@elsvinyals.cat\">martatermes@elsvinyals.cat<\/a><\/td><\/tr><tr><td class=\"has-text-align-center\" data-align=\"center\"><strong><span style=\"font-size: 12pt; font-family: Verdana, sans-serif;\">Educaci\u00f3 Especial<\/span><\/strong><\/td><td class=\"has-text-align-center\" data-align=\"center\">\n<p style=\"margin-bottom: 0.0001pt;\"><span style=\"font-size: 12pt; font-family: Verdana, sans-serif;\">&nbsp;<\/span><span style=\"font-size: 12pt; font-family: Verdana, sans-serif;\">ASUN GONZ\u00c1LEZ<\/span><\/p>\n<\/td><td class=\"has-text-align-center\" data-align=\"center\"><a href=\"asungonzalez@elsvinyals.cat\">asungonzalez@elsvinyals.cat<\/a><\/td><\/tr><tr><td class=\"has-text-align-center\" data-align=\"center\">\n<pre><strong><span style=\"font-size: 12pt; font-family: Verdana, sans-serif;\">Codoc\u00e8ncia Infantil<\/span><\/strong><\/pre>\n<\/td><td class=\"has-text-align-center\" data-align=\"center\"><span style=\"font-size: 12pt; font-family: Verdana, sans-serif;\">CARLOTA OLIVA<\/span><\/td><td class=\"has-text-align-center\" data-align=\"center\"><a href=\"mailto:carlotaoliva@elsvinyals.cat\">carlotaoliva@elsvinyals.cat<\/a><\/td><\/tr><tr><td class=\"has-text-align-center\" data-align=\"center\">\n<pre><strong><span style=\"font-size: 12pt; font-family: Verdana, sans-serif;\">Codoc\u00e8ncia Infantil<\/span><\/strong><\/pre>\n<\/td><td class=\"has-text-align-center\" data-align=\"center\"><span style=\"font-size: 12pt; font-family: Verdana, sans-serif;\">ASUN GONZ\u00c1LEZ<\/span><\/td><td class=\"has-text-align-center\" data-align=\"center\"><a href=\"mailto:asungonzalez@elsvinyals.cat\">asungonzalez@elsvinyals.cat<\/a><\/td><\/tr><tr><td class=\"has-text-align-center\" data-align=\"center\">\n<pre><strong><span style=\"font-size: 12pt; font-family: Verdana, sans-serif;\">Codoc\u00e8ncia \nBloc 1<\/span><\/strong><\/pre>\n<\/td><td class=\"has-text-align-center\" data-align=\"center\"><span style=\"font-size: 12pt; font-family: Verdana, sans-serif;\">J\u00daLIA COSTA<\/span><\/td><td class=\"has-text-align-center\" data-align=\"center\"><a href=\"mailto:juliacosta@elsvinyals.cat\">juliacosta@elsvinyals.cat<\/a><\/td><\/tr><tr><td class=\"has-text-align-center\" data-align=\"center\">\n<pre><strong><span style=\"font-size: 12pt; font-family: Verdana, sans-serif;\">Codoc\u00e8ncia \nBloc 1<\/span><\/strong><\/pre>\n<\/td><td class=\"has-text-align-center\" data-align=\"center\"><span style=\"font-size: 12pt; font-family: Verdana, sans-serif;\">ANNA RUSI\u00d1OL<\/span><\/td><td class=\"has-text-align-center\" data-align=\"center\"><a href=\"mailto:annarusinol@elsvinyals.cat\">annarusinol@elsvinyals.cat<\/a><\/td><\/tr><tr><td class=\"has-text-align-center\" data-align=\"center\">\n<pre><strong><span style=\"font-size: 12pt; font-family: Verdana, sans-serif;\">Codoc\u00e8ncia \nBloc 1<\/span><\/strong><\/pre>\n<\/td><td class=\"has-text-align-center\" data-align=\"center\"><span style=\"font-size: 12pt; font-family: Verdana, sans-serif;\">NOELIA<\/span><\/td><td class=\"has-text-align-center\" data-align=\"center\"><a href=\"mailto:noeliamorales@elsvinyals.cat\">noeliamorales@elsvinyals.cat<\/a><\/td><\/tr><tr><td class=\"has-text-align-center\" data-align=\"center\">\n<pre><strong><span style=\"font-size: 12pt; font-family: Verdana, sans-serif;\">Codoc\u00e8ncia \nBloc 2<\/span><\/strong><\/pre>\n<\/td><td class=\"has-text-align-center\" data-align=\"center\"><span style=\"font-size: 12pt; font-family: Verdana, sans-serif;\">GEMMA L\u00d3PEZ<\/span><\/td><td class=\"has-text-align-center\" data-align=\"center\"><a href=\"gemmalopez@elsvinyals.cat\">gemmalopez@elsvinyals.cat<\/a><\/td><\/tr><tr><td class=\"has-text-align-center\" data-align=\"center\">\n<pre><strong><span style=\"font-size: 12pt; font-family: Verdana, sans-serif;\">Codoc\u00e8ncia \nBloc 2<\/span><\/strong><\/pre>\n<\/td><td class=\"has-text-align-center\" data-align=\"center\"><span style=\"font-size: 12pt; font-family: Verdana, sans-serif;\">ORIOL PUJOL<\/span><\/td><td class=\"has-text-align-center\" data-align=\"center\"><a href=\"mailto:oriolpujol@elsvinyals.cat\">oriolpujol@elsvinyals.cat<\/a><\/td><\/tr><tr><td class=\"has-text-align-center\" data-align=\"center\">\n<pre><strong><span style=\"font-size: 12pt; font-family: Verdana, sans-serif;\">Codoc\u00e8ncia \nBloc 2<\/span><\/strong><\/pre>\n<\/td><td class=\"has-text-align-center\" data-align=\"center\"><span style=\"font-size: 12pt; font-family: Verdana, sans-serif;\">ROGER MART\u00cdNEZ<\/span><\/td><td class=\"has-text-align-center\" data-align=\"center\">\n<p style=\"text-align: center;\"><a href=\"mailto:rogermartinez@elsvinyals.cat\">rogermartinez@elsvinyals.cat<\/a><\/p>\n<\/td><\/tr><tr><td class=\"has-text-align-center\" data-align=\"center\">\n<pre><strong><span style=\"font-size: 12pt; font-family: Verdana, sans-serif;\">Codoc\u00e8ncia \nBloc 2<\/span><\/strong><\/pre>\n<\/td><td class=\"has-text-align-center\" data-align=\"center\"><span style=\"font-size: 12pt; font-family: Verdana, sans-serif;\">MARTA TERMES<\/span><\/td><td class=\"has-text-align-center\" data-align=\"center\">\n<p style=\"text-align: center;\"><a href=\"martatermes@elsvinyals.cat\">martatermes@elsvinyals.cat<\/a><\/p>\n<\/td><\/tr><\/tbody><\/table><\/figure>\n\n\n\n<figure style=\"font-size:14px\" class=\"wp-block-table\"><table class=\"has-fixed-layout\"><tbody><tr><td class=\"has-text-align-center\" data-align=\"center\" colspan=\"3\">\n<h3 style=\"text-align: center;\">EQUIP PSICOPEDAG\u00d2GIC<\/h3>\n<\/td><\/tr><tr><td class=\"has-text-align-center\" data-align=\"center\"><strong><span style=\"font-size: 12pt; font-family: Verdana, sans-serif;\">Vetlladora<\/span><\/strong><\/td><td class=\"has-text-align-center\" data-align=\"center\"><span style=\"font-size: 12pt; font-family: Verdana, sans-serif;\">YOLANDA A\u00d1EZ<\/span><\/td><td class=\"has-text-align-center\" data-align=\"center\"><a href=\"mailto:yolandaanez@elsvinyals.cat\">yolandaanez@elsvinyals.cat<\/a><\/td><\/tr><tr><td class=\"has-text-align-center\" data-align=\"center\"><strong><span style=\"font-size: 12pt; font-family: Verdana, sans-serif;\">TEI<\/span><\/strong><\/td><td class=\"has-text-align-center\" data-align=\"center\"><span style=\"font-size: 12pt; font-family: Verdana, sans-serif;\">LIDIA IBORRA<\/span><\/td><td class=\"has-text-align-center\" data-align=\"center\"><a href=\"lidiaiborra@elsvinyals.cat\">lidiaiborra@elsvinyals.cat<\/a><\/td><\/tr><tr><td class=\"has-text-align-center\" data-align=\"center\"><strong><span style=\"font-size: 12pt; font-family: Verdana, sans-serif;\">Psicopedagoga Ajuntament<\/span><\/strong><\/td><td class=\"has-text-align-center\" data-align=\"center\">JORDINA BOSCH<\/td><td class=\"has-text-align-center\" data-align=\"center\"><a href=\"jordinabosch@elsvinyals.cat\">jordinabosch@elsvinyals.cat<\/a><\/td><\/tr><tr><td class=\"has-text-align-center\" data-align=\"center\"><strong><span style=\"font-size: 12pt; font-family: Verdana, sans-serif;\">Equip d&#8217;Assessorament Psicopedag\u00f2gic (EAP)<\/span><\/strong><\/td><td class=\"has-text-align-center\" data-align=\"center\"><span style=\"font-size: 12pt; font-family: Verdana, sans-serif;\">M\u00d2NICA PEREJIL<\/span><\/td><td class=\"has-text-align-center\" data-align=\"center\">&nbsp;<\/td><\/tr><tr><td class=\"has-text-align-center\" data-align=\"center\"><strong><span style=\"font-size: 12pt; font-family: Verdana, sans-serif;\">Creda<\/span><\/strong><\/td><td class=\"has-text-align-center\" data-align=\"center\"><span style=\"font-size: 12pt; font-family: Verdana, sans-serif;\">MARI MART\u00cdNEZ<\/span><\/td><td class=\"has-text-align-center\" data-align=\"center\">&nbsp;<\/td><\/tr><\/tbody><\/table><\/figure>\n","protected":false},"excerpt":{"rendered":"<p>EQUIP DIRECTIU correu de l&#8217;escola: a8060952@xtec.cat DIRECTORA ANNA RUSI\u00d1OL annarusinol@elsvinyals.cat CAP D&#8217;ESTUDIS MARTA LLOVET martallovet@elsvinyals.cat SECRET\u00c0RIA MONTSE DURAN montseduran@elsvinyals.cat &nbsp; EDUCACI\u00d3 INFANTIL 3 anys PILOTES N\u00daRIA GIL nuriagil@elsvinyals.cat 4 anys PATINETS LAURA GARC\u00cdA lauragarcia@elsvinyals.cat 5 anys BICICLETES AMPARO SOLIVERES amparosoliveres@elsvinyals.cat EDUCACI\u00d3 PRIM\u00c0RIA 1r PARX\u00cdS CARME GONZ\u00c1LEZ carmegonzalez@elsvinyals.cat 2n D\u00d2MINO ROSA DELGADO rosadelgado@elsvinyals.cat 3r&nbsp; DAMES LOLI [&hellip;]<\/p>\n","protected":false},"author":1,"featured_media":0,"parent":22,"menu_order":60,"comment_status":"closed","ping_status":"closed","template":"","meta":{"_bbp_topic_count":0,"_bbp_reply_count":0,"_bbp_total_topic_count":0,"_bbp_total_reply_count":0,"_bbp_voice_count":0,"_bbp_anonymous_reply_count":0,"_bbp_topic_count_hidden":0,"_bbp_reply_count_hidden":0,"_bbp_forum_subforum_count":0,"site-sidebar-layout":"default","site-content-layout":"","ast-site-content-layout":"default","site-content-style":"default","site-sidebar-style":"default","ast-global-header-display":"","ast-banner-title-visibility":"","ast-main-header-display":"","ast-hfb-above-header-display":"","ast-hfb-below-header-display":"","ast-hfb-mobile-header-display":"","site-post-title":"","ast-breadcrumbs-content":"","ast-featured-img":"","footer-sml-layout":"","theme-transparent-header-meta":"","adv-header-id-meta":"","stick-header-meta":"","header-above-stick-meta":"","header-main-stick-meta":"","header-below-stick-meta":"","astra-migrate-meta-layouts":"set","ast-page-background-enabled":"default","ast-page-background-meta":{"desktop":{"background-color":"var(--ast-global-color-4)","background-image":"","background-repeat":"repeat","background-position":"center center","background-size":"auto","background-attachment":"scroll","background-type":"","background-media":"","overlay-type":"","overlay-color":"","overlay-opacity":"","overlay-gradient":""},"tablet":{"background-color":"","background-image":"","background-repeat":"repeat","background-position":"center center","background-size":"auto","background-attachment":"scroll","background-type":"","background-media":"","overlay-type":"","overlay-color":"","overlay-opacity":"","overlay-gradient":""},"mobile":{"background-color":"","background-image":"","background-repeat":"repeat","background-position":"center center","background-size":"auto","background-attachment":"scroll","background-type":"","background-media":"","overlay-type":"","overlay-color":"","overlay-opacity":"","overlay-gradient":""}},"ast-content-background-meta":{"desktop":{"background-color":"var(--ast-global-color-5)","background-image":"","background-repeat":"repeat","background-position":"center center","background-size":"auto","background-attachment":"scroll","background-type":"","background-media":"","overlay-type":"","overlay-color":"","overlay-opacity":"","overlay-gradient":""},"tablet":{"background-color":"var(--ast-global-color-5)","background-image":"","background-repeat":"repeat","background-position":"center center","background-size":"auto","background-attachment":"scroll","background-type":"","background-media":"","overlay-type":"","overlay-color":"","overlay-opacity":"","overlay-gradient":""},"mobile":{"background-color":"var(--ast-global-color-5)","background-image":"","background-repeat":"repeat","background-position":"center center","background-size":"auto","background-attachment":"scroll","background-type":"","background-media":"","overlay-type":"","overlay-color":"","overlay-opacity":"","overlay-gradient":""}},"footnotes":""},"class_list":["post-288","page","type-page","status-publish","hentry"],"post_mailing_queue_ids":[],"_links":{"self":[{"href":"https:\/\/agora.xtec.cat\/escolaelsvinyals\/wp-json\/wp\/v2\/pages\/288","targetHints":{"allow":["GET"]}}],"collection":[{"href":"https:\/\/agora.xtec.cat\/escolaelsvinyals\/wp-json\/wp\/v2\/pages"}],"about":[{"href":"https:\/\/agora.xtec.cat\/escolaelsvinyals\/wp-json\/wp\/v2\/types\/page"}],"author":[{"embeddable":true,"href":"https:\/\/agora.xtec.cat\/escolaelsvinyals\/wp-json\/wp\/v2\/users\/1"}],"replies":[{"embeddable":true,"href":"https:\/\/agora.xtec.cat\/escolaelsvinyals\/wp-json\/wp\/v2\/comments?post=288"}],"version-history":[{"count":6,"href":"https:\/\/agora.xtec.cat\/escolaelsvinyals\/wp-json\/wp\/v2\/pages\/288\/revisions"}],"predecessor-version":[{"id":17237,"href":"https:\/\/agora.xtec.cat\/escolaelsvinyals\/wp-json\/wp\/v2\/pages\/288\/revisions\/17237"}],"up":[{"embeddable":true,"href":"https:\/\/agora.xtec.cat\/escolaelsvinyals\/wp-json\/wp\/v2\/pages\/22"}],"wp:attachment":[{"href":"https:\/\/agora.xtec.cat\/escolaelsvinyals\/wp-json\/wp\/v2\/media?parent=288"}],"curies":[{"name":"wp","href":"https:\/\/api.w.org\/{rel}","templated":true}]}}