{"id":286,"date":"2016-06-06T11:36:15","date_gmt":"2016-06-06T10:36:15","guid":{"rendered":"http:\/\/agora.xtec.cat\/escolaelsvinyals\/?page_id=286"},"modified":"2023-11-23T10:10:53","modified_gmt":"2023-11-23T09:10:53","slug":"secretaria","status":"publish","type":"page","link":"https:\/\/agora.xtec.cat\/escolaelsvinyals\/lescola\/secretaria\/","title":{"rendered":"Secretaria"},"content":{"rendered":"<p style=\"line-height: normal;\"><strong><span style=\"text-decoration: underline;\"><span style=\"font-size: 13.5pt; font-family: 'Comic Sans MS'; color: #00b050; text-decoration: underline;\">TROBADES FAM\u00cdLIES \u2013 ESCOLA<\/span><\/span><\/strong><\/p>\n<p style=\"margin-bottom: 0.0001pt; line-height: normal;\"><span style=\"font-size: 12pt; font-family: 'Comic Sans MS';\">Durant el curs el dia d\u2019 atenci\u00f3 a fam\u00edlies per tots els nivells ser\u00e0 :<\/span><\/p>\n<p style=\"line-height: normal;\"><strong><span style=\"font-size: 12pt; font-family: 'Comic Sans MS';\">DIVENDRES DE 12:30 a 13:30 h.<\/span><\/strong><\/p>\n<p style=\"line-height: normal;\"><strong><span style=\"text-decoration: underline;\"><span style=\"font-size: 13.5pt; font-family: 'Comic Sans MS'; color: #00b050; text-decoration: underline;\">QUOTA DE MATERIAL SOCIALITZAT<\/span><\/span><\/strong><\/p>\n<p style=\"text-align: justify; line-height: normal;\"><span style=\"font-size: 12pt; font-family: 'Comic Sans MS';\">Els\/les alumnes del centre disposaran de tot el material necessari per realitzar les diferents tasques al llarg del curs escolar.<br \/>\n<\/span><\/p>\n<p style=\"text-align: justify; line-height: normal;\"><span style=\"font-size: 12pt; font-family: 'Comic Sans MS';\">A m\u00e9s de la quota de material socialitzat tamb\u00e9 es cobraran les activitats de cinema, teatre i m\u00fasica.<\/span><\/p>\n<p style=\"text-align: justify; line-height: normal;\"><span style=\"font-size: 12pt; font-family: 'Comic Sans MS';\">Les sortides i col\u00f2nies i altres activitats que es realitzin durant el curs es pagaran cada vegada que es realitzi l&#8217;activitat, amb uns dies d&#8217;antelaci\u00f3. <span style=\"text-decoration: underline;\"><strong>L&#8217;alumne que no hagi fet el pagament dins el termini establert, no podr\u00e0 assistir a la sortida.<\/strong><\/span><br \/>\n<\/span><\/p>\n<p style=\"line-height: normal;\"><strong><span style=\"text-decoration: underline;\"><span style=\"font-size: 13.5pt; font-family: 'Comic Sans MS'; color: #00b050; text-decoration: underline;\">MENJADOR<\/span><\/span><\/strong><\/p>\n<p style=\"margin-bottom: 0.0001pt; text-align: justify; line-height: normal;\"><span style=\"font-size: 12pt; font-family: 'Comic Sans MS';\">La gesti\u00f3 del menjador la fa l\u2019empresa 3+EDUCA. Els infants que utilitzin aquest servei de forma eventual hauran d\u2019avisar el coordinador de menjador de l&#8217;escola abans de les 9:30 del mateix dia. Si s&#8217;avisa amb m\u00e9s antelaci\u00f3 millor.\u00a0<\/span><\/p>\n<p style=\"margin-bottom: 0.0001pt; text-align: justify; line-height: normal;\"><span style=\"font-size: 12pt; font-family: 'Comic Sans MS';\">El preu del men\u00fa pels usuaris fixos \u00e9s de <strong><span style=\"text-decoration: underline;\">6,91<\/span><\/strong> \u20ac i pels eventuals de <strong><span style=\"text-decoration: underline;\">7,60<\/span><\/strong> \u20ac.<br \/>\n<\/span><\/p>\n","protected":false},"excerpt":{"rendered":"<p>TROBADES FAM\u00cdLIES \u2013 ESCOLA Durant el curs el dia d\u2019 atenci\u00f3 a fam\u00edlies per tots els nivells ser\u00e0 : DIVENDRES DE 12:30 a 13:30 h. QUOTA DE MATERIAL SOCIALITZAT Els\/les alumnes del centre disposaran de tot el material necessari per realitzar les diferents tasques al llarg del curs escolar. A m\u00e9s de la quota de [&hellip;]<\/p>\n","protected":false},"author":1,"featured_media":0,"parent":22,"menu_order":80,"comment_status":"closed","ping_status":"closed","template":"page-templates\/side-menu.php","meta":{"_bbp_topic_count":0,"_bbp_reply_count":0,"_bbp_total_topic_count":0,"_bbp_total_reply_count":0,"_bbp_voice_count":0,"_bbp_anonymous_reply_count":0,"_bbp_topic_count_hidden":0,"_bbp_reply_count_hidden":0,"_bbp_forum_subforum_count":0,"site-sidebar-layout":"default","site-content-layout":"","ast-site-content-layout":"","site-content-style":"default","site-sidebar-style":"default","ast-global-header-display":"","ast-banner-title-visibility":"","ast-main-header-display":"","ast-hfb-above-header-display":"","ast-hfb-below-header-display":"","ast-hfb-mobile-header-display":"","site-post-title":"","ast-breadcrumbs-content":"","ast-featured-img":"","footer-sml-layout":"","theme-transparent-header-meta":"","adv-header-id-meta":"","stick-header-meta":"","header-above-stick-meta":"","header-main-stick-meta":"","header-below-stick-meta":"","astra-migrate-meta-layouts":"default","ast-page-background-enabled":"default","ast-page-background-meta":{"desktop":{"background-color":"var(--ast-global-color-4)","background-image":"","background-repeat":"repeat","background-position":"center center","background-size":"auto","background-attachment":"scroll","background-type":"","background-media":"","overlay-type":"","overlay-color":"","overlay-opacity":"","overlay-gradient":""},"tablet":{"background-color":"","background-image":"","background-repeat":"repeat","background-position":"center center","background-size":"auto","background-attachment":"scroll","background-type":"","background-media":"","overlay-type":"","overlay-color":"","overlay-opacity":"","overlay-gradient":""},"mobile":{"background-color":"","background-image":"","background-repeat":"repeat","background-position":"center center","background-size":"auto","background-attachment":"scroll","background-type":"","background-media":"","overlay-type":"","overlay-color":"","overlay-opacity":"","overlay-gradient":""}},"ast-content-background-meta":{"desktop":{"background-color":"var(--ast-global-color-5)","background-image":"","background-repeat":"repeat","background-position":"center center","background-size":"auto","background-attachment":"scroll","background-type":"","background-media":"","overlay-type":"","overlay-color":"","overlay-opacity":"","overlay-gradient":""},"tablet":{"background-color":"var(--ast-global-color-5)","background-image":"","background-repeat":"repeat","background-position":"center center","background-size":"auto","background-attachment":"scroll","background-type":"","background-media":"","overlay-type":"","overlay-color":"","overlay-opacity":"","overlay-gradient":""},"mobile":{"background-color":"var(--ast-global-color-5)","background-image":"","background-repeat":"repeat","background-position":"center center","background-size":"auto","background-attachment":"scroll","background-type":"","background-media":"","overlay-type":"","overlay-color":"","overlay-opacity":"","overlay-gradient":""}},"footnotes":""},"class_list":["post-286","page","type-page","status-publish","hentry"],"post_mailing_queue_ids":[],"_links":{"self":[{"href":"https:\/\/agora.xtec.cat\/escolaelsvinyals\/wp-json\/wp\/v2\/pages\/286","targetHints":{"allow":["GET"]}}],"collection":[{"href":"https:\/\/agora.xtec.cat\/escolaelsvinyals\/wp-json\/wp\/v2\/pages"}],"about":[{"href":"https:\/\/agora.xtec.cat\/escolaelsvinyals\/wp-json\/wp\/v2\/types\/page"}],"author":[{"embeddable":true,"href":"https:\/\/agora.xtec.cat\/escolaelsvinyals\/wp-json\/wp\/v2\/users\/1"}],"replies":[{"embeddable":true,"href":"https:\/\/agora.xtec.cat\/escolaelsvinyals\/wp-json\/wp\/v2\/comments?post=286"}],"version-history":[{"count":4,"href":"https:\/\/agora.xtec.cat\/escolaelsvinyals\/wp-json\/wp\/v2\/pages\/286\/revisions"}],"predecessor-version":[{"id":15782,"href":"https:\/\/agora.xtec.cat\/escolaelsvinyals\/wp-json\/wp\/v2\/pages\/286\/revisions\/15782"}],"up":[{"embeddable":true,"href":"https:\/\/agora.xtec.cat\/escolaelsvinyals\/wp-json\/wp\/v2\/pages\/22"}],"wp:attachment":[{"href":"https:\/\/agora.xtec.cat\/escolaelsvinyals\/wp-json\/wp\/v2\/media?parent=286"}],"curies":[{"name":"wp","href":"https:\/\/api.w.org\/{rel}","templated":true}]}}